{"id":20735,"date":"2023-12-15T05:28:21","date_gmt":"2023-12-15T11:28:21","guid":{"rendered":"https:\/\/dev-journalismcourses.pantheonsite.io\/product\/desinformacao-e-fact-checking-em-tempos-de-covid-19-na-america-latina-e-no-caribe-de-15-de-fevereiro-a-14-de-marco-de-2021\/"},"modified":"2024-06-06T11:54:57","modified_gmt":"2024-06-06T16:54:57","slug":"desinformacao-e-fact-checking-em-tempos-de-covid-19-na-america-latina-e-no-caribe","status":"publish","type":"product","link":"https:\/\/journalismcourses.org\/pt-br\/product\/desinformacao-e-fact-checking-em-tempos-de-covid-19-na-america-latina-e-no-caribe\/","title":{"rendered":"Desinforma\u00e7\u00e3o e fact-checking em tempos de COVID-19 na Am\u00e9rica Latina e no Caribe (de 15 de fevereiro a 14 de mar\u00e7o de 2021)"},"content":{"rendered":"","protected":false},"excerpt":{"rendered":"","protected":false},"featured_media":20941,"template":"","meta":{"_acf_changed":false,"footnotes":""},"pt-course-category":[],"display-in-hero-carousel":[],"course-category":[],"language":[376],"display-in-featured-section":[],"product_brand":[],"product_cat":[369],"product_tag":[],"wf_product_folders":[383],"class_list":{"0":"post-20735","1":"product","2":"type-product","3":"status-publish","4":"has-post-thumbnail","6":"language-portuguese","7":"product_cat-cursos-online","9":"first","10":"instock","11":"downloadable","12":"virtual","13":"purchasable","14":"product-type-simple"},"acf":[],"yoast_head":"<!-- This site is optimized with the Yoast SEO Premium plugin v22.9 (Yoast SEO v27.3) - https:\/\/yoast.com\/product\/yoast-seo-premium-wordpress\/ -->\n<title>Desinforma\u00e7\u00e3o e fact-checking em tempos de COVID-19 na Am\u00e9rica Latina e no Caribe (de 15 de fevereiro a 14 de mar\u00e7o de 2021) - Journalism Courses by Knight Center<\/title>\n<meta name=\"robots\" content=\"index, follow, max-snippet:-1, max-image-preview:large, max-video-preview:-1\" \/>\n<link rel=\"canonical\" href=\"https:\/\/journalismcourses.org\/pt-br\/product\/desinformacao-e-fact-checking-em-tempos-de-covid-19-na-america-latina-e-no-caribe\/\" \/>\n<meta property=\"og:locale\" content=\"pt_BR\" \/>\n<meta property=\"og:type\" content=\"article\" \/>\n<meta property=\"og:title\" content=\"Desinforma\u00e7\u00e3o e fact-checking em tempos de COVID-19 na Am\u00e9rica Latina e no Caribe (de 15 de fevereiro a 14 de mar\u00e7o de 2021)\" \/>\n<meta property=\"og:url\" content=\"https:\/\/journalismcourses.org\/pt-br\/product\/desinformacao-e-fact-checking-em-tempos-de-covid-19-na-america-latina-e-no-caribe\/\" \/>\n<meta property=\"og:site_name\" content=\"Journalism Courses by Knight Center\" \/>\n<meta property=\"article:modified_time\" content=\"2024-06-06T16:54:57+00:00\" \/>\n<meta property=\"og:image\" content=\"http:\/\/journalismcourses.org\/wp-content\/uploads\/2023\/12\/20200402PHT76411-pl.jpg\" \/>\n\t<meta property=\"og:image:width\" content=\"1156\" \/>\n\t<meta property=\"og:image:height\" content=\"564\" \/>\n\t<meta property=\"og:image:type\" content=\"image\/jpeg\" \/>\n<meta name=\"twitter:card\" content=\"summary_large_image\" \/>\n<script type=\"application\/ld+json\" class=\"yoast-schema-graph\">{\"@context\":\"https:\\\/\\\/schema.org\",\"@graph\":[{\"@type\":\"WebPage\",\"@id\":\"https:\\\/\\\/journalismcourses.org\\\/pt-br\\\/product\\\/desinformacao-e-fact-checking-em-tempos-de-covid-19-na-america-latina-e-no-caribe\\\/\",\"url\":\"https:\\\/\\\/journalismcourses.org\\\/pt-br\\\/product\\\/desinformacao-e-fact-checking-em-tempos-de-covid-19-na-america-latina-e-no-caribe\\\/\",\"name\":\"Desinforma\u00e7\u00e3o e fact-checking em tempos de COVID-19 na Am\u00e9rica Latina e no Caribe (de 15 de fevereiro a 14 de mar\u00e7o de 2021) - Journalism Courses by Knight Center\",\"isPartOf\":{\"@id\":\"https:\\\/\\\/journalismcourses.org\\\/pt-br\\\/#website\"},\"primaryImageOfPage\":{\"@id\":\"https:\\\/\\\/journalismcourses.org\\\/pt-br\\\/product\\\/desinformacao-e-fact-checking-em-tempos-de-covid-19-na-america-latina-e-no-caribe\\\/#primaryimage\"},\"image\":{\"@id\":\"https:\\\/\\\/journalismcourses.org\\\/pt-br\\\/product\\\/desinformacao-e-fact-checking-em-tempos-de-covid-19-na-america-latina-e-no-caribe\\\/#primaryimage\"},\"thumbnailUrl\":\"https:\\\/\\\/journalismcourses.org\\\/wp-content\\\/uploads\\\/2023\\\/12\\\/20200402PHT76411-pl.jpg\",\"datePublished\":\"2023-12-15T11:28:21+00:00\",\"dateModified\":\"2024-06-06T16:54:57+00:00\",\"breadcrumb\":{\"@id\":\"https:\\\/\\\/journalismcourses.org\\\/pt-br\\\/product\\\/desinformacao-e-fact-checking-em-tempos-de-covid-19-na-america-latina-e-no-caribe\\\/#breadcrumb\"},\"inLanguage\":\"pt-BR\",\"potentialAction\":[{\"@type\":\"ReadAction\",\"target\":[\"https:\\\/\\\/journalismcourses.org\\\/pt-br\\\/product\\\/desinformacao-e-fact-checking-em-tempos-de-covid-19-na-america-latina-e-no-caribe\\\/\"]}]},{\"@type\":\"ImageObject\",\"inLanguage\":\"pt-BR\",\"@id\":\"https:\\\/\\\/journalismcourses.org\\\/pt-br\\\/product\\\/desinformacao-e-fact-checking-em-tempos-de-covid-19-na-america-latina-e-no-caribe\\\/#primaryimage\",\"url\":\"https:\\\/\\\/journalismcourses.org\\\/wp-content\\\/uploads\\\/2023\\\/12\\\/20200402PHT76411-pl.jpg\",\"contentUrl\":\"https:\\\/\\\/journalismcourses.org\\\/wp-content\\\/uploads\\\/2023\\\/12\\\/20200402PHT76411-pl.jpg\",\"width\":1156,\"height\":564},{\"@type\":\"BreadcrumbList\",\"@id\":\"https:\\\/\\\/journalismcourses.org\\\/pt-br\\\/product\\\/desinformacao-e-fact-checking-em-tempos-de-covid-19-na-america-latina-e-no-caribe\\\/#breadcrumb\",\"itemListElement\":[{\"@type\":\"ListItem\",\"position\":1,\"name\":\"Home\",\"item\":\"https:\\\/\\\/journalismcourses.org\\\/pt-br\\\/\"},{\"@type\":\"ListItem\",\"position\":2,\"name\":\"Loja\",\"item\":\"https:\\\/\\\/journalismcourses.org\\\/pt-br\\\/loja\\\/\"},{\"@type\":\"ListItem\",\"position\":3,\"name\":\"Desinforma\u00e7\u00e3o e fact-checking em tempos de COVID-19 na Am\u00e9rica Latina e no Caribe (de 15 de fevereiro a 14 de mar\u00e7o de 2021)\"}]},{\"@type\":\"WebSite\",\"@id\":\"https:\\\/\\\/journalismcourses.org\\\/pt-br\\\/#website\",\"url\":\"https:\\\/\\\/journalismcourses.org\\\/pt-br\\\/\",\"name\":\"Journalism Courses by Knight Center\",\"description\":\"Online courses for journalists\",\"potentialAction\":[{\"@type\":\"SearchAction\",\"target\":{\"@type\":\"EntryPoint\",\"urlTemplate\":\"https:\\\/\\\/journalismcourses.org\\\/pt-br\\\/?s={search_term_string}\"},\"query-input\":{\"@type\":\"PropertyValueSpecification\",\"valueRequired\":true,\"valueName\":\"search_term_string\"}}],\"inLanguage\":\"pt-BR\"}]}<\/script>\n<!-- \/ Yoast SEO Premium plugin. -->","yoast_head_json":{"title":"Desinforma\u00e7\u00e3o e fact-checking em tempos de COVID-19 na Am\u00e9rica Latina e no Caribe (de 15 de fevereiro a 14 de mar\u00e7o de 2021) - Journalism Courses by Knight Center","robots":{"index":"index","follow":"follow","max-snippet":"max-snippet:-1","max-image-preview":"max-image-preview:large","max-video-preview":"max-video-preview:-1"},"canonical":"https:\/\/journalismcourses.org\/pt-br\/product\/desinformacao-e-fact-checking-em-tempos-de-covid-19-na-america-latina-e-no-caribe\/","og_locale":"pt_BR","og_type":"article","og_title":"Desinforma\u00e7\u00e3o e fact-checking em tempos de COVID-19 na Am\u00e9rica Latina e no Caribe (de 15 de fevereiro a 14 de mar\u00e7o de 2021)","og_url":"https:\/\/journalismcourses.org\/pt-br\/product\/desinformacao-e-fact-checking-em-tempos-de-covid-19-na-america-latina-e-no-caribe\/","og_site_name":"Journalism Courses by Knight Center","article_modified_time":"2024-06-06T16:54:57+00:00","og_image":[{"width":1156,"height":564,"url":"http:\/\/journalismcourses.org\/wp-content\/uploads\/2023\/12\/20200402PHT76411-pl.jpg","type":"image\/jpeg"}],"twitter_card":"summary_large_image","schema":{"@context":"https:\/\/schema.org","@graph":[{"@type":"WebPage","@id":"https:\/\/journalismcourses.org\/pt-br\/product\/desinformacao-e-fact-checking-em-tempos-de-covid-19-na-america-latina-e-no-caribe\/","url":"https:\/\/journalismcourses.org\/pt-br\/product\/desinformacao-e-fact-checking-em-tempos-de-covid-19-na-america-latina-e-no-caribe\/","name":"Desinforma\u00e7\u00e3o e fact-checking em tempos de COVID-19 na Am\u00e9rica Latina e no Caribe (de 15 de fevereiro a 14 de mar\u00e7o de 2021) - Journalism Courses by Knight Center","isPartOf":{"@id":"https:\/\/journalismcourses.org\/pt-br\/#website"},"primaryImageOfPage":{"@id":"https:\/\/journalismcourses.org\/pt-br\/product\/desinformacao-e-fact-checking-em-tempos-de-covid-19-na-america-latina-e-no-caribe\/#primaryimage"},"image":{"@id":"https:\/\/journalismcourses.org\/pt-br\/product\/desinformacao-e-fact-checking-em-tempos-de-covid-19-na-america-latina-e-no-caribe\/#primaryimage"},"thumbnailUrl":"https:\/\/journalismcourses.org\/wp-content\/uploads\/2023\/12\/20200402PHT76411-pl.jpg","datePublished":"2023-12-15T11:28:21+00:00","dateModified":"2024-06-06T16:54:57+00:00","breadcrumb":{"@id":"https:\/\/journalismcourses.org\/pt-br\/product\/desinformacao-e-fact-checking-em-tempos-de-covid-19-na-america-latina-e-no-caribe\/#breadcrumb"},"inLanguage":"pt-BR","potentialAction":[{"@type":"ReadAction","target":["https:\/\/journalismcourses.org\/pt-br\/product\/desinformacao-e-fact-checking-em-tempos-de-covid-19-na-america-latina-e-no-caribe\/"]}]},{"@type":"ImageObject","inLanguage":"pt-BR","@id":"https:\/\/journalismcourses.org\/pt-br\/product\/desinformacao-e-fact-checking-em-tempos-de-covid-19-na-america-latina-e-no-caribe\/#primaryimage","url":"https:\/\/journalismcourses.org\/wp-content\/uploads\/2023\/12\/20200402PHT76411-pl.jpg","contentUrl":"https:\/\/journalismcourses.org\/wp-content\/uploads\/2023\/12\/20200402PHT76411-pl.jpg","width":1156,"height":564},{"@type":"BreadcrumbList","@id":"https:\/\/journalismcourses.org\/pt-br\/product\/desinformacao-e-fact-checking-em-tempos-de-covid-19-na-america-latina-e-no-caribe\/#breadcrumb","itemListElement":[{"@type":"ListItem","position":1,"name":"Home","item":"https:\/\/journalismcourses.org\/pt-br\/"},{"@type":"ListItem","position":2,"name":"Loja","item":"https:\/\/journalismcourses.org\/pt-br\/loja\/"},{"@type":"ListItem","position":3,"name":"Desinforma\u00e7\u00e3o e fact-checking em tempos de COVID-19 na Am\u00e9rica Latina e no Caribe (de 15 de fevereiro a 14 de mar\u00e7o de 2021)"}]},{"@type":"WebSite","@id":"https:\/\/journalismcourses.org\/pt-br\/#website","url":"https:\/\/journalismcourses.org\/pt-br\/","name":"Journalism Courses by Knight Center","description":"Online courses for journalists","potentialAction":[{"@type":"SearchAction","target":{"@type":"EntryPoint","urlTemplate":"https:\/\/journalismcourses.org\/pt-br\/?s={search_term_string}"},"query-input":{"@type":"PropertyValueSpecification","valueRequired":true,"valueName":"search_term_string"}}],"inLanguage":"pt-BR"}]}},"_links":{"self":[{"href":"https:\/\/journalismcourses.org\/pt-br\/wp-json\/wp\/v2\/product\/20735","targetHints":{"allow":["GET"]}}],"collection":[{"href":"https:\/\/journalismcourses.org\/pt-br\/wp-json\/wp\/v2\/product"}],"about":[{"href":"https:\/\/journalismcourses.org\/pt-br\/wp-json\/wp\/v2\/types\/product"}],"version-history":[{"count":1,"href":"https:\/\/journalismcourses.org\/pt-br\/wp-json\/wp\/v2\/product\/20735\/revisions"}],"predecessor-version":[{"id":26608,"href":"https:\/\/journalismcourses.org\/pt-br\/wp-json\/wp\/v2\/product\/20735\/revisions\/26608"}],"wp:featuredmedia":[{"embeddable":true,"href":"https:\/\/journalismcourses.org\/pt-br\/wp-json\/wp\/v2\/media\/20941"}],"wp:attachment":[{"href":"https:\/\/journalismcourses.org\/pt-br\/wp-json\/wp\/v2\/media?parent=20735"}],"wp:term":[{"taxonomy":"pt-course-category","embeddable":true,"href":"https:\/\/journalismcourses.org\/pt-br\/wp-json\/wp\/v2\/pt-course-category?post=20735"},{"taxonomy":"display-in-hero-carousel","embeddable":true,"href":"https:\/\/journalismcourses.org\/pt-br\/wp-json\/wp\/v2\/display-in-hero-carousel?post=20735"},{"taxonomy":"course-category","embeddable":true,"href":"https:\/\/journalismcourses.org\/pt-br\/wp-json\/wp\/v2\/course-category?post=20735"},{"taxonomy":"language","embeddable":true,"href":"https:\/\/journalismcourses.org\/pt-br\/wp-json\/wp\/v2\/language?post=20735"},{"taxonomy":"display-in-featured-section","embeddable":true,"href":"https:\/\/journalismcourses.org\/pt-br\/wp-json\/wp\/v2\/display-in-featured-section?post=20735"},{"taxonomy":"product_brand","embeddable":true,"href":"https:\/\/journalismcourses.org\/pt-br\/wp-json\/wp\/v2\/product_brand?post=20735"},{"taxonomy":"product_cat","embeddable":true,"href":"https:\/\/journalismcourses.org\/pt-br\/wp-json\/wp\/v2\/product_cat?post=20735"},{"taxonomy":"product_tag","embeddable":true,"href":"https:\/\/journalismcourses.org\/pt-br\/wp-json\/wp\/v2\/product_tag?post=20735"},{"taxonomy":"wf_product_folders","embeddable":true,"href":"https:\/\/journalismcourses.org\/pt-br\/wp-json\/wp\/v2\/wf_product_folders?post=20735"}],"curies":[{"name":"wp","href":"https:\/\/api.w.org\/{rel}","templated":true}]}}