{"id":20727,"date":"2023-12-15T05:28:19","date_gmt":"2023-12-15T11:28:19","guid":{"rendered":"https:\/\/dev-journalismcourses.pantheonsite.io\/product\/periodismo-de-internet-y-tecnologia-como-cubrir-sus-impactos-mas-alla-de-los-gadgets-del-27-de-julio-al-23-de-agosto-de-2020\/"},"modified":"2024-06-14T11:14:58","modified_gmt":"2024-06-14T16:14:58","slug":"periodismo-de-internet-y-tecnologia-como-cubrir-sus-impactos-mas-alla-de-los-gadgets-del-27-de-julio-al-23-de-agosto-de-2020","status":"publish","type":"product","link":"https:\/\/journalismcourses.org\/pt-br\/product\/periodismo-de-internet-y-tecnologia-como-cubrir-sus-impactos-mas-alla-de-los-gadgets-del-27-de-julio-al-23-de-agosto-de-2020\/","title":{"rendered":"Periodismo de internet y tecnolog\u00eda: c\u00f3mo cubrir sus impactos m\u00e1s all\u00e1 de los gadgets"},"content":{"rendered":"","protected":false},"excerpt":{"rendered":"","protected":false},"featured_media":20935,"template":"","meta":{"_acf_changed":false,"footnotes":""},"pt-course-category":[],"display-in-hero-carousel":[],"course-category":[393],"language":[377],"display-in-featured-section":[],"product_brand":[],"product_cat":[371],"product_tag":[],"wf_product_folders":[381],"class_list":{"0":"post-20727","1":"product","2":"type-product","3":"status-publish","4":"has-post-thumbnail","6":"course-category-ai-technology","7":"language-spanish","8":"product_cat-self-directedcourses","10":"first","11":"instock","12":"downloadable","13":"virtual","14":"purchasable","15":"product-type-simple"},"acf":[],"yoast_head":"<!-- This site is optimized with the Yoast SEO Premium plugin v22.9 (Yoast SEO v27.3) - https:\/\/yoast.com\/product\/yoast-seo-premium-wordpress\/ -->\n<title>Periodismo de internet y tecnolog\u00eda: c\u00f3mo cubrir sus impactos m\u00e1s all\u00e1 de los gadgets - Journalism Courses by Knight Center<\/title>\n<meta name=\"robots\" content=\"index, follow, max-snippet:-1, max-image-preview:large, max-video-preview:-1\" \/>\n<link rel=\"canonical\" href=\"https:\/\/journalismcourses.org\/pt-br\/product\/periodismo-de-internet-y-tecnologia-como-cubrir-sus-impactos-mas-alla-de-los-gadgets-del-27-de-julio-al-23-de-agosto-de-2020\/\" \/>\n<meta property=\"og:locale\" content=\"pt_BR\" \/>\n<meta property=\"og:type\" content=\"article\" \/>\n<meta property=\"og:title\" content=\"Periodismo de internet y tecnolog\u00eda: c\u00f3mo cubrir sus impactos m\u00e1s all\u00e1 de los gadgets\" \/>\n<meta property=\"og:url\" content=\"https:\/\/journalismcourses.org\/pt-br\/product\/periodismo-de-internet-y-tecnologia-como-cubrir-sus-impactos-mas-alla-de-los-gadgets-del-27-de-julio-al-23-de-agosto-de-2020\/\" \/>\n<meta property=\"og:site_name\" content=\"Journalism Courses by Knight Center\" \/>\n<meta property=\"article:modified_time\" content=\"2024-06-14T16:14:58+00:00\" \/>\n<meta property=\"og:image\" content=\"https:\/\/journalismcourses.org\/wp-content\/uploads\/2023\/12\/iStock-177232985-copia.jpg\" \/>\n\t<meta property=\"og:image:width\" content=\"2560\" \/>\n\t<meta property=\"og:image:height\" content=\"1700\" \/>\n\t<meta property=\"og:image:type\" content=\"image\/jpeg\" \/>\n<meta name=\"twitter:card\" content=\"summary_large_image\" \/>\n<script type=\"application\/ld+json\" class=\"yoast-schema-graph\">{\"@context\":\"https:\\\/\\\/schema.org\",\"@graph\":[{\"@type\":\"WebPage\",\"@id\":\"https:\\\/\\\/journalismcourses.org\\\/pt-br\\\/product\\\/periodismo-de-internet-y-tecnologia-como-cubrir-sus-impactos-mas-alla-de-los-gadgets-del-27-de-julio-al-23-de-agosto-de-2020\\\/\",\"url\":\"https:\\\/\\\/journalismcourses.org\\\/pt-br\\\/product\\\/periodismo-de-internet-y-tecnologia-como-cubrir-sus-impactos-mas-alla-de-los-gadgets-del-27-de-julio-al-23-de-agosto-de-2020\\\/\",\"name\":\"Periodismo de internet y tecnolog\u00eda: c\u00f3mo cubrir sus impactos m\u00e1s all\u00e1 de los gadgets - Journalism Courses by Knight Center\",\"isPartOf\":{\"@id\":\"https:\\\/\\\/journalismcourses.org\\\/pt-br\\\/#website\"},\"primaryImageOfPage\":{\"@id\":\"https:\\\/\\\/journalismcourses.org\\\/pt-br\\\/product\\\/periodismo-de-internet-y-tecnologia-como-cubrir-sus-impactos-mas-alla-de-los-gadgets-del-27-de-julio-al-23-de-agosto-de-2020\\\/#primaryimage\"},\"image\":{\"@id\":\"https:\\\/\\\/journalismcourses.org\\\/pt-br\\\/product\\\/periodismo-de-internet-y-tecnologia-como-cubrir-sus-impactos-mas-alla-de-los-gadgets-del-27-de-julio-al-23-de-agosto-de-2020\\\/#primaryimage\"},\"thumbnailUrl\":\"https:\\\/\\\/journalismcourses.org\\\/wp-content\\\/uploads\\\/2023\\\/12\\\/iStock-177232985-copia.jpg\",\"datePublished\":\"2023-12-15T11:28:19+00:00\",\"dateModified\":\"2024-06-14T16:14:58+00:00\",\"breadcrumb\":{\"@id\":\"https:\\\/\\\/journalismcourses.org\\\/pt-br\\\/product\\\/periodismo-de-internet-y-tecnologia-como-cubrir-sus-impactos-mas-alla-de-los-gadgets-del-27-de-julio-al-23-de-agosto-de-2020\\\/#breadcrumb\"},\"inLanguage\":\"pt-BR\",\"potentialAction\":[{\"@type\":\"ReadAction\",\"target\":[\"https:\\\/\\\/journalismcourses.org\\\/pt-br\\\/product\\\/periodismo-de-internet-y-tecnologia-como-cubrir-sus-impactos-mas-alla-de-los-gadgets-del-27-de-julio-al-23-de-agosto-de-2020\\\/\"]}]},{\"@type\":\"ImageObject\",\"inLanguage\":\"pt-BR\",\"@id\":\"https:\\\/\\\/journalismcourses.org\\\/pt-br\\\/product\\\/periodismo-de-internet-y-tecnologia-como-cubrir-sus-impactos-mas-alla-de-los-gadgets-del-27-de-julio-al-23-de-agosto-de-2020\\\/#primaryimage\",\"url\":\"https:\\\/\\\/journalismcourses.org\\\/wp-content\\\/uploads\\\/2023\\\/12\\\/iStock-177232985-copia.jpg\",\"contentUrl\":\"https:\\\/\\\/journalismcourses.org\\\/wp-content\\\/uploads\\\/2023\\\/12\\\/iStock-177232985-copia.jpg\",\"width\":2560,\"height\":1700,\"caption\":\"girl with a laptop sitting on newspapers\"},{\"@type\":\"BreadcrumbList\",\"@id\":\"https:\\\/\\\/journalismcourses.org\\\/pt-br\\\/product\\\/periodismo-de-internet-y-tecnologia-como-cubrir-sus-impactos-mas-alla-de-los-gadgets-del-27-de-julio-al-23-de-agosto-de-2020\\\/#breadcrumb\",\"itemListElement\":[{\"@type\":\"ListItem\",\"position\":1,\"name\":\"Home\",\"item\":\"https:\\\/\\\/journalismcourses.org\\\/pt-br\\\/\"},{\"@type\":\"ListItem\",\"position\":2,\"name\":\"Loja\",\"item\":\"https:\\\/\\\/journalismcourses.org\\\/pt-br\\\/loja\\\/\"},{\"@type\":\"ListItem\",\"position\":3,\"name\":\"Periodismo de internet y tecnolog\u00eda: c\u00f3mo cubrir sus impactos m\u00e1s all\u00e1 de los gadgets\"}]},{\"@type\":\"WebSite\",\"@id\":\"https:\\\/\\\/journalismcourses.org\\\/pt-br\\\/#website\",\"url\":\"https:\\\/\\\/journalismcourses.org\\\/pt-br\\\/\",\"name\":\"Journalism Courses by Knight Center\",\"description\":\"Online courses for journalists\",\"potentialAction\":[{\"@type\":\"SearchAction\",\"target\":{\"@type\":\"EntryPoint\",\"urlTemplate\":\"https:\\\/\\\/journalismcourses.org\\\/pt-br\\\/?s={search_term_string}\"},\"query-input\":{\"@type\":\"PropertyValueSpecification\",\"valueRequired\":true,\"valueName\":\"search_term_string\"}}],\"inLanguage\":\"pt-BR\"}]}<\/script>\n<!-- \/ Yoast SEO Premium plugin. -->","yoast_head_json":{"title":"Periodismo de internet y tecnolog\u00eda: c\u00f3mo cubrir sus impactos m\u00e1s all\u00e1 de los gadgets - Journalism Courses by Knight Center","robots":{"index":"index","follow":"follow","max-snippet":"max-snippet:-1","max-image-preview":"max-image-preview:large","max-video-preview":"max-video-preview:-1"},"canonical":"https:\/\/journalismcourses.org\/pt-br\/product\/periodismo-de-internet-y-tecnologia-como-cubrir-sus-impactos-mas-alla-de-los-gadgets-del-27-de-julio-al-23-de-agosto-de-2020\/","og_locale":"pt_BR","og_type":"article","og_title":"Periodismo de internet y tecnolog\u00eda: c\u00f3mo cubrir sus impactos m\u00e1s all\u00e1 de los gadgets","og_url":"https:\/\/journalismcourses.org\/pt-br\/product\/periodismo-de-internet-y-tecnologia-como-cubrir-sus-impactos-mas-alla-de-los-gadgets-del-27-de-julio-al-23-de-agosto-de-2020\/","og_site_name":"Journalism Courses by Knight Center","article_modified_time":"2024-06-14T16:14:58+00:00","og_image":[{"width":2560,"height":1700,"url":"https:\/\/journalismcourses.org\/wp-content\/uploads\/2023\/12\/iStock-177232985-copia.jpg","type":"image\/jpeg"}],"twitter_card":"summary_large_image","schema":{"@context":"https:\/\/schema.org","@graph":[{"@type":"WebPage","@id":"https:\/\/journalismcourses.org\/pt-br\/product\/periodismo-de-internet-y-tecnologia-como-cubrir-sus-impactos-mas-alla-de-los-gadgets-del-27-de-julio-al-23-de-agosto-de-2020\/","url":"https:\/\/journalismcourses.org\/pt-br\/product\/periodismo-de-internet-y-tecnologia-como-cubrir-sus-impactos-mas-alla-de-los-gadgets-del-27-de-julio-al-23-de-agosto-de-2020\/","name":"Periodismo de internet y tecnolog\u00eda: c\u00f3mo cubrir sus impactos m\u00e1s all\u00e1 de los gadgets - Journalism Courses by Knight Center","isPartOf":{"@id":"https:\/\/journalismcourses.org\/pt-br\/#website"},"primaryImageOfPage":{"@id":"https:\/\/journalismcourses.org\/pt-br\/product\/periodismo-de-internet-y-tecnologia-como-cubrir-sus-impactos-mas-alla-de-los-gadgets-del-27-de-julio-al-23-de-agosto-de-2020\/#primaryimage"},"image":{"@id":"https:\/\/journalismcourses.org\/pt-br\/product\/periodismo-de-internet-y-tecnologia-como-cubrir-sus-impactos-mas-alla-de-los-gadgets-del-27-de-julio-al-23-de-agosto-de-2020\/#primaryimage"},"thumbnailUrl":"https:\/\/journalismcourses.org\/wp-content\/uploads\/2023\/12\/iStock-177232985-copia.jpg","datePublished":"2023-12-15T11:28:19+00:00","dateModified":"2024-06-14T16:14:58+00:00","breadcrumb":{"@id":"https:\/\/journalismcourses.org\/pt-br\/product\/periodismo-de-internet-y-tecnologia-como-cubrir-sus-impactos-mas-alla-de-los-gadgets-del-27-de-julio-al-23-de-agosto-de-2020\/#breadcrumb"},"inLanguage":"pt-BR","potentialAction":[{"@type":"ReadAction","target":["https:\/\/journalismcourses.org\/pt-br\/product\/periodismo-de-internet-y-tecnologia-como-cubrir-sus-impactos-mas-alla-de-los-gadgets-del-27-de-julio-al-23-de-agosto-de-2020\/"]}]},{"@type":"ImageObject","inLanguage":"pt-BR","@id":"https:\/\/journalismcourses.org\/pt-br\/product\/periodismo-de-internet-y-tecnologia-como-cubrir-sus-impactos-mas-alla-de-los-gadgets-del-27-de-julio-al-23-de-agosto-de-2020\/#primaryimage","url":"https:\/\/journalismcourses.org\/wp-content\/uploads\/2023\/12\/iStock-177232985-copia.jpg","contentUrl":"https:\/\/journalismcourses.org\/wp-content\/uploads\/2023\/12\/iStock-177232985-copia.jpg","width":2560,"height":1700,"caption":"girl with a laptop sitting on newspapers"},{"@type":"BreadcrumbList","@id":"https:\/\/journalismcourses.org\/pt-br\/product\/periodismo-de-internet-y-tecnologia-como-cubrir-sus-impactos-mas-alla-de-los-gadgets-del-27-de-julio-al-23-de-agosto-de-2020\/#breadcrumb","itemListElement":[{"@type":"ListItem","position":1,"name":"Home","item":"https:\/\/journalismcourses.org\/pt-br\/"},{"@type":"ListItem","position":2,"name":"Loja","item":"https:\/\/journalismcourses.org\/pt-br\/loja\/"},{"@type":"ListItem","position":3,"name":"Periodismo de internet y tecnolog\u00eda: c\u00f3mo cubrir sus impactos m\u00e1s all\u00e1 de los gadgets"}]},{"@type":"WebSite","@id":"https:\/\/journalismcourses.org\/pt-br\/#website","url":"https:\/\/journalismcourses.org\/pt-br\/","name":"Journalism Courses by Knight Center","description":"Online courses for journalists","potentialAction":[{"@type":"SearchAction","target":{"@type":"EntryPoint","urlTemplate":"https:\/\/journalismcourses.org\/pt-br\/?s={search_term_string}"},"query-input":{"@type":"PropertyValueSpecification","valueRequired":true,"valueName":"search_term_string"}}],"inLanguage":"pt-BR"}]}},"_links":{"self":[{"href":"https:\/\/journalismcourses.org\/pt-br\/wp-json\/wp\/v2\/product\/20727","targetHints":{"allow":["GET"]}}],"collection":[{"href":"https:\/\/journalismcourses.org\/pt-br\/wp-json\/wp\/v2\/product"}],"about":[{"href":"https:\/\/journalismcourses.org\/pt-br\/wp-json\/wp\/v2\/types\/product"}],"version-history":[{"count":2,"href":"https:\/\/journalismcourses.org\/pt-br\/wp-json\/wp\/v2\/product\/20727\/revisions"}],"predecessor-version":[{"id":27881,"href":"https:\/\/journalismcourses.org\/pt-br\/wp-json\/wp\/v2\/product\/20727\/revisions\/27881"}],"wp:featuredmedia":[{"embeddable":true,"href":"https:\/\/journalismcourses.org\/pt-br\/wp-json\/wp\/v2\/media\/20935"}],"wp:attachment":[{"href":"https:\/\/journalismcourses.org\/pt-br\/wp-json\/wp\/v2\/media?parent=20727"}],"wp:term":[{"taxonomy":"pt-course-category","embeddable":true,"href":"https:\/\/journalismcourses.org\/pt-br\/wp-json\/wp\/v2\/pt-course-category?post=20727"},{"taxonomy":"display-in-hero-carousel","embeddable":true,"href":"https:\/\/journalismcourses.org\/pt-br\/wp-json\/wp\/v2\/display-in-hero-carousel?post=20727"},{"taxonomy":"course-category","embeddable":true,"href":"https:\/\/journalismcourses.org\/pt-br\/wp-json\/wp\/v2\/course-category?post=20727"},{"taxonomy":"language","embeddable":true,"href":"https:\/\/journalismcourses.org\/pt-br\/wp-json\/wp\/v2\/language?post=20727"},{"taxonomy":"display-in-featured-section","embeddable":true,"href":"https:\/\/journalismcourses.org\/pt-br\/wp-json\/wp\/v2\/display-in-featured-section?post=20727"},{"taxonomy":"product_brand","embeddable":true,"href":"https:\/\/journalismcourses.org\/pt-br\/wp-json\/wp\/v2\/product_brand?post=20727"},{"taxonomy":"product_cat","embeddable":true,"href":"https:\/\/journalismcourses.org\/pt-br\/wp-json\/wp\/v2\/product_cat?post=20727"},{"taxonomy":"product_tag","embeddable":true,"href":"https:\/\/journalismcourses.org\/pt-br\/wp-json\/wp\/v2\/product_tag?post=20727"},{"taxonomy":"wf_product_folders","embeddable":true,"href":"https:\/\/journalismcourses.org\/pt-br\/wp-json\/wp\/v2\/wf_product_folders?post=20727"}],"curies":[{"name":"wp","href":"https:\/\/api.w.org\/{rel}","templated":true}]}}