{"id":9462,"date":"2021-03-10T17:35:51","date_gmt":"2021-03-10T23:35:51","guid":{"rendered":"https:\/\/dev-journalismcourses.pantheonsite.io\/?page_id=9462"},"modified":"2022-09-12T12:12:38","modified_gmt":"2022-09-12T17:12:38","slug":"eventos","status":"publish","type":"page","link":"https:\/\/journalismcourses.org\/pt-br\/eventos\/","title":{"rendered":"Eventos"},"content":{"rendered":"<p><img fetchpriority=\"high\" decoding=\"async\" class=\"size-medium wp-image-16626 alignleft\" src=\"https:\/\/dev-journalismcourses.pantheonsite.io\/wp-content\/uploads\/2022\/08\/UT-Knight-Center-Event-Opening-Slide.ai_-300x169.png\" alt=\"UT Knight Center Conferencia Latinoamericana sobre Diversidad en el Periodismo\" width=\"300\" height=\"169\" srcset=\"https:\/\/journalismcourses.org\/wp-content\/uploads\/2022\/08\/UT-Knight-Center-Event-Opening-Slide.ai_-300x169.png 300w, https:\/\/journalismcourses.org\/wp-content\/uploads\/2022\/08\/UT-Knight-Center-Event-Opening-Slide.ai_-1024x576.png 1024w, https:\/\/journalismcourses.org\/wp-content\/uploads\/2022\/08\/UT-Knight-Center-Event-Opening-Slide.ai_-768x432.png 768w, https:\/\/journalismcourses.org\/wp-content\/uploads\/2022\/08\/UT-Knight-Center-Event-Opening-Slide.ai_.png 1536w\" sizes=\"(max-width: 300px) 100vw, 300px\" \/><strong><a href=\"https:\/\/dev-journalismcourses.pantheonsite.io\/pt-br\/news\/centro-knight-anuncia-segunda-conferencia-latino-americana-sobre-diversidade-no-jornalismo-com-evento-virtual-em-9-e-10-de-setembro\/\">Centro Knight anuncia Segunda Confer\u00eancia Latino-Americana sobre Diversidade no Jornalismo, com evento virtual em 9 e 10 de setembro<\/a><\/strong><\/p>\n<p>O Centro Knight para o Jornalismo nas Am\u00e9ricas sediar\u00e1 a\u00a0<a href=\"https:\/\/dev-journalismcourses.pantheonsite.io\/es\/conferencia\/\" target=\"_blank\" rel=\"noopener\">Segunda Confer\u00eancia Latino-Americana sobre Diversidade no Jornalismo<\/a>. O programa DEI \u00e9 patrocinado pela Google News Initiative<a href=\"https:\/\/dev-journalismcourses.pantheonsite.io\/pt-br\/news\/centro-knight-anuncia-segunda-conferencia-latino-americana-sobre-diversidade-no-jornalismo-com-evento-virtual-em-9-e-10-de-setembro\/\">&#8230;<\/a><\/p>\n<p>&nbsp;<\/p>\n<p>&nbsp;<\/p>\n<p><a href=\"https:\/\/dev-journalismcourses.pantheonsite.io\/pt-br\/news\/centro-knight-lanca-ebook-sobre-seguranca-do-jornalista-na-america-latina-e-caribe-durante-webinar\/\"><img decoding=\"async\" class=\"alignleft wp-image-16027 size-medium\" src=\"https:\/\/dev-journalismcourses.pantheonsite.io\/wp-content\/uploads\/2022\/07\/GMDF-ESP-FINAL-300x169.png\" alt=\"Protecci\u00f3n de periodistas: seguridad y justicia en Am\u00e9rica Latina y el Caribe\" width=\"300\" height=\"169\" srcset=\"https:\/\/journalismcourses.org\/wp-content\/uploads\/2022\/07\/GMDF-ESP-FINAL-300x169.png 300w, https:\/\/journalismcourses.org\/wp-content\/uploads\/2022\/07\/GMDF-ESP-FINAL-1024x576.png 1024w, https:\/\/journalismcourses.org\/wp-content\/uploads\/2022\/07\/GMDF-ESP-FINAL-768x432.png 768w, https:\/\/journalismcourses.org\/wp-content\/uploads\/2022\/07\/GMDF-ESP-FINAL-1536x864.png 1536w, https:\/\/journalismcourses.org\/wp-content\/uploads\/2022\/07\/GMDF-ESP-FINAL.png 1920w\" sizes=\"(max-width: 300px) 100vw, 300px\" \/><\/a><a href=\"https:\/\/dev-journalismcourses.pantheonsite.io\/pt-br\/news\/centro-knight-lanca-ebook-sobre-seguranca-do-jornalista-na-america-latina-e-caribe-durante-webinar\/\"><strong><span style=\"font-size: 14pt;\">Centro Knight lan\u00e7a ebook sobre seguran\u00e7a do jornalista na Am\u00e9rica Latina e Caribe durante webinar<\/span><\/strong><\/a><br \/>\nJunte-se ao Centro Knight para o Jornalismo nas Am\u00e9ricas ter\u00e7a-feira, 2 de agosto, <a href=\"https:\/\/dev-journalismcourses.pantheonsite.io\/es\/course\/proteccion-de-periodistas-seguridad-y-justicia-en-america-latina-y-el-caribe\/\">para um webinar gratuito<\/a>, pois lan\u00e7amos um ebook multil\u00edngue gratuito sobre seguran\u00e7a do jornalista na Am\u00e9rica Latina e no Caribe<a href=\"https:\/\/dev-journalismcourses.pantheonsite.io\/pt-br\/news\/centro-knight-lanca-ebook-sobre-seguranca-do-jornalista-na-america-latina-e-caribe-durante-webinar\/\">&#8230;<\/a><\/p>\n<p>&nbsp;<\/p>\n<p><img decoding=\"async\" class=\"wp-image-13674 size-medium alignleft\" src=\"https:\/\/dev-journalismcourses.pantheonsite.io\/wp-content\/uploads\/2022\/01\/Webinar-507-340-banner-300x201.jpg\" alt=\"Webinar 507 340 banner\" width=\"300\" height=\"201\" srcset=\"https:\/\/journalismcourses.org\/wp-content\/uploads\/2022\/01\/Webinar-507-340-banner-300x201.jpg 300w, https:\/\/journalismcourses.org\/wp-content\/uploads\/2022\/01\/Webinar-507-340-banner-1024x687.jpg 1024w, https:\/\/journalismcourses.org\/wp-content\/uploads\/2022\/01\/Webinar-507-340-banner-768x515.jpg 768w, https:\/\/journalismcourses.org\/wp-content\/uploads\/2022\/01\/Webinar-507-340-banner-1536x1030.jpg 1536w, https:\/\/journalismcourses.org\/wp-content\/uploads\/2022\/01\/Webinar-507-340-banner.jpg 2000w\" sizes=\"(max-width: 300px) 100vw, 300px\" \/><a style=\"font-size: 14pt;\" href=\"https:\/\/dev-journalismcourses.pantheonsite.io\/pt-br\/eventos\/webinar-como-aprimorar-a-cobertura-da-covid-19\/\"><strong>Variantes, vacinas e medicamentos: o que os jornalistas precisam saber para melhorar a cobertura da COVID-19<\/strong><\/a><\/p>\n<p>O Centro Knight uniu for\u00e7as com a UNESCO e a OMS para oferecer outra grande oportunidade para jornalistas de todo o mundo que desejam melhorar sua cobertura da pandemia de COVID-19. Reunimos um excelente grupo de jornalistas cient\u00edficos, cientistas e outros especialistas que oferecer\u00e3o um webinar de tr\u00eas horas<a href=\"https:\/\/dev-journalismcourses.pantheonsite.io\/pt-br\/eventos\/webinar-como-aprimorar-a-cobertura-da-covid-19\/\">&#8230;<\/a><\/p>\n<p>&nbsp;<\/p>\n<p><a href=\"https:\/\/dev-journalismcourses.pantheonsite.io\/pt-br\/eventos\/webinar-edicao-em-jornalismo-cientifico\/\"><img loading=\"lazy\" decoding=\"async\" class=\"alignleft wp-image-12752 size-medium\" src=\"https:\/\/dev-journalismcourses.pantheonsite.io\/wp-content\/uploads\/2021\/11\/Featured-Image-Science-Journalism-Manual-in-PT-300x201.png\" alt=\"Featured Image Science Journalism Manual in PT\" width=\"300\" height=\"201\" srcset=\"https:\/\/journalismcourses.org\/wp-content\/uploads\/2021\/11\/Featured-Image-Science-Journalism-Manual-in-PT-300x201.png 300w, https:\/\/journalismcourses.org\/wp-content\/uploads\/2021\/11\/Featured-Image-Science-Journalism-Manual-in-PT.png 507w\" sizes=\"(max-width: 300px) 100vw, 300px\" \/><\/a><\/p>\n<p class=\"single-title\"><span style=\"font-size: 14pt;\"><a href=\"https:\/\/dev-journalismcourses.pantheonsite.io\/pt-br\/news\/webinar-de-lancamento-da-edicao-brasileira-de-manual-de-edicao-cientifica-para-jornalistas\/\"><strong>Edi\u00e7\u00e3o brasileira de manual de edi\u00e7\u00e3o de ci\u00eancia para jornalistas ser\u00e1 lan\u00e7ado durante webinar<\/strong><\/a><\/span><\/p>\n<p>Na sexta-feira, 5 de novembro, o Centro Knight para o Jornalismo nas Am\u00e9ricas e o Instituto Serrapilheira, do Brasil, publicar\u00e3o a tradu\u00e7\u00e3o para o portugu\u00eas do KSJ Science Editing Handbook durante um <a href=\"https:\/\/dev-journalismcourses.pantheonsite.io\/pt-br\/eventos\/webinar-edicao-em-jornalismo-cientifico\/\">webinar especial&#8230;<\/a><\/p>\n<p>&nbsp;<\/p>\n<p><img loading=\"lazy\" decoding=\"async\" class=\"size-medium wp-image-12412 alignleft\" src=\"https:\/\/dev-journalismcourses.pantheonsite.io\/wp-content\/uploads\/2021\/10\/PT-Featured-Webinar-LLILAS-Knight-300x201.png\" alt=\"PT Featured Webinar LLILAS Knight\" width=\"300\" height=\"201\" srcset=\"https:\/\/journalismcourses.org\/wp-content\/uploads\/2021\/10\/PT-Featured-Webinar-LLILAS-Knight-300x201.png 300w, https:\/\/journalismcourses.org\/wp-content\/uploads\/2021\/10\/PT-Featured-Webinar-LLILAS-Knight.png 507w\" sizes=\"(max-width: 300px) 100vw, 300px\" \/><\/p>\n<p class=\"single-title\"><strong><a href=\"https:\/\/dev-journalismcourses.pantheonsite.io\/pt-br\/news\/jornalismo-em-tempos-de-polarizacao-e-desinformacao-na-america-latina-inscreva-se-para-um-webinar-gratuito-em-ingles-espanhol-e-portugues\/\"><span style=\"font-size: 14pt;\">\u2018Jornalismo em tempos de polariza\u00e7\u00e3o e desinforma\u00e7\u00e3o na Am\u00e9rica Latina\u2019: Inscreva-se para um webinar gratuito em ingl\u00eas, espanhol e portugu\u00eas<\/span><\/a><\/strong><\/p>\n<p>LLILAS Benson Cole\u00e7\u00f5es e Estudos Latino-Americanos e o\u00a0Centro Knight para o Jornalismo nas Am\u00e9ricas da Universidade do Texas em Austin v\u00e3o realizar um webinar sobre polariza\u00e7\u00e3o, desinforma\u00e7\u00e3o e o papel da imprensa na prote\u00e7\u00e3o da democracia e da liberdade de express\u00e3o na regi\u00e3o<a href=\"https:\/\/dev-journalismcourses.pantheonsite.io\/pt-br\/eventos\/webinar-polarizacao-desinformacao-america-latina\/\">&#8230;<\/a><\/p>\n<p>&nbsp;<\/p>\n<p><img loading=\"lazy\" decoding=\"async\" class=\"wp-image-9444 size-medium alignleft\" src=\"https:\/\/dev-journalismcourses.pantheonsite.io\/wp-content\/uploads\/2021\/03\/isoj_new-300x223.png\" alt=\"isoj2021logo_new\" width=\"300\" height=\"223\" srcset=\"https:\/\/journalismcourses.org\/wp-content\/uploads\/2021\/03\/isoj_new-300x223.png 300w, https:\/\/journalismcourses.org\/wp-content\/uploads\/2021\/03\/isoj_new.png 408w\" sizes=\"(max-width: 300px) 100vw, 300px\" \/><strong><a href=\"https:\/\/dev-journalismcourses.pantheonsite.io\/pt-br\/news\/inscricoes-ja-estao-abertas-para-o-isoj-online-2021-inscreva-se-agora-para-a-principal-conferencia-de-jornalismo-online\/\"><span style=\"font-size: 14pt;\">Inscri\u00e7\u00f5es j\u00e1 est\u00e3o abertas para o ISOJ Online 2021. Inscreva-se agora para a principal confer\u00eancia de jornalismo online<\/span><\/a><\/strong><\/p>\n<p>Pela segunda vez em seus 22 anos de hist\u00f3ria, o Simp\u00f3sio Internacional de Jornalismo Online ser\u00e1 realizado virtualmente de 26 a 30 de abril de 2021, patrocinado pela Knight Foundation e Google News Initiative. As inscri\u00e7\u00f5es para ISOJ, a principal confer\u00eancia global de jornalismo online, agora est\u00e3o dispon\u00edveis gratuitamente<a href=\"https:\/\/dev-journalismcourses.pantheonsite.io\/pt-br\/news\/inscricoes-ja-estao-abertas-para-o-isoj-online-2021-inscreva-se-agora-para-a-principal-conferencia-de-jornalismo-online\/\">&#8230;<\/a><\/p>\n<p>&nbsp;<\/p>\n<p><img loading=\"lazy\" decoding=\"async\" class=\"size-medium wp-image-9490 alignleft\" src=\"https:\/\/dev-journalismcourses.pantheonsite.io\/wp-content\/uploads\/2021\/03\/Featured-Image-Diversity-webinar-300x201.png\" alt=\"Featured Image Diversity webinar\" width=\"300\" height=\"201\" srcset=\"https:\/\/journalismcourses.org\/wp-content\/uploads\/2021\/03\/Featured-Image-Diversity-webinar-300x201.png 300w, https:\/\/journalismcourses.org\/wp-content\/uploads\/2021\/03\/Featured-Image-Diversity-webinar.png 507w\" sizes=\"(max-width: 300px) 100vw, 300px\" \/><strong><a href=\"https:\/\/dev-journalismcourses.pantheonsite.io\/pt-br\/news\/centro-knight-abre-inscricoes-para-a-primeira-conferencia-latino-americana-sobre-diversidade-no-jornalismo\/\"><span style=\"font-size: 14pt;\">Centro Knight abre inscri\u00e7\u00f5es para a Primeira Confer\u00eancia Latino-americana sobre Diversidade no Jornalismo<\/span><\/a><\/strong><\/p>\n<p>Centro Knight para o Jornalismo nas Am\u00e9ricas realizar\u00e1 a Primeira Confer\u00eancia Latino-Americana sobre Diversidade no Jornalismo em 26 e 27 de mar\u00e7o. O evento \u00e9 totalmente gratuito e online, com duas sess\u00f5es por dia sobre temas como g\u00eanero, orienta\u00e7\u00e3o sexual, quest\u00f5es raciais e \u00e9tnicas e defici\u00eancia<a href=\"https:\/\/dev-journalismcourses.pantheonsite.io\/pt-br\/news\/centro-knight-abre-inscricoes-para-a-primeira-conferencia-latino-americana-sobre-diversidade-no-jornalismo\/\">&#8230;<\/a><\/p>\n<p>&nbsp;<\/p>\n<p data-wp-editing=\"1\"><img loading=\"lazy\" decoding=\"async\" class=\"wp-image-9103 size-medium alignleft\" src=\"https:\/\/dev-journalismcourses.pantheonsite.io\/wp-content\/uploads\/2021\/02\/MOOC-vaccines_flyer_PO-300x133.jpg\" alt=\"vaccine_po\" width=\"300\" height=\"133\" srcset=\"https:\/\/journalismcourses.org\/wp-content\/uploads\/2021\/02\/MOOC-vaccines_flyer_PO-300x133.jpg 300w, https:\/\/journalismcourses.org\/wp-content\/uploads\/2021\/02\/MOOC-vaccines_flyer_PO-768x341.jpg 768w, https:\/\/journalismcourses.org\/wp-content\/uploads\/2021\/02\/MOOC-vaccines_flyer_PO.jpg 900w\" sizes=\"(max-width: 300px) 100vw, 300px\" \/><a href=\"https:\/\/dev-journalismcourses.pantheonsite.io\/pt-br\/covid-19-webinar-recordings\/\" target=\"_blank\" rel=\"noopener\"><strong><span style=\"font-size: 12pt;\"><span style=\"font-size: 14pt;\">Cobertura da vacina COVID-19 &#8211; Grava\u00e7\u00f5es do Webinar<\/span><\/span><\/strong><\/a><\/p>\n<p>Este webinar multil\u00edngue, &#8220;Cobertura da vacina COVID-19: O que os jornalistas precisam de saber&#8221;, oferece as melhores pr\u00e1ticas para jornalistas que cobrem as vacinas, especialmente no que diz respeito \u00e0 distribui\u00e7\u00e3o e \u00e0 ci\u00eancia por tr\u00e1s das vacinas.<a href=\"https:\/\/dev-journalismcourses.pantheonsite.io\/pt-br\/covid-19-webinar-recordings\/\" target=\"_blank\" rel=\"noopener\">&#8230;<\/a><\/p>\n<p>&nbsp;<\/p>\n","protected":false},"excerpt":{"rendered":"<p>Centro Knight anuncia Segunda Confer\u00eancia Latino-Americana sobre Diversidade no Jornalismo, com evento virtual em 9 e 10 de setembro O Centro Knight para o Jornalismo nas Am\u00e9ricas sediar\u00e1 a\u00a0Segunda Confer\u00eancia Latino-Americana sobre Diversidade no Jornalismo. O programa DEI \u00e9 patrocinado pela Google News Initiative&#8230; &nbsp; &nbsp; Centro Knight lan\u00e7a ebook sobre seguran\u00e7a do jornalista na [&hellip;]<\/p>\n","protected":false},"author":1,"featured_media":0,"parent":0,"menu_order":76,"comment_status":"closed","ping_status":"closed","template":"","meta":{"_acf_changed":false,"productId":0,"courseId":0,"footnotes":""},"wf_page_folders":[],"class_list":["post-9462","page","type-page","status-publish","hentry"],"acf":[],"yoast_head":"<!-- This site is optimized with the Yoast SEO Premium plugin v22.9 (Yoast SEO v27.3) - https:\/\/yoast.com\/product\/yoast-seo-premium-wordpress\/ -->\n<title>Eventos - Journalism Courses by Knight Center<\/title>\n<meta name=\"robots\" content=\"index, follow, max-snippet:-1, max-image-preview:large, max-video-preview:-1\" \/>\n<link rel=\"canonical\" href=\"https:\/\/journalismcourses.org\/pt-br\/eventos\/\" \/>\n<meta property=\"og:locale\" content=\"pt_BR\" \/>\n<meta property=\"og:type\" content=\"article\" \/>\n<meta property=\"og:title\" content=\"Eventos\" \/>\n<meta property=\"og:description\" content=\"Centro Knight anuncia Segunda Confer\u00eancia Latino-Americana sobre Diversidade no Jornalismo, com evento virtual em 9 e 10 de setembro O Centro Knight para o Jornalismo nas Am\u00e9ricas sediar\u00e1 a\u00a0Segunda Confer\u00eancia Latino-Americana sobre Diversidade no Jornalismo. O programa DEI \u00e9 patrocinado pela Google News Initiative&#8230; &nbsp; &nbsp; Centro Knight lan\u00e7a ebook sobre seguran\u00e7a do jornalista na [&hellip;]\" \/>\n<meta property=\"og:url\" content=\"https:\/\/journalismcourses.org\/pt-br\/eventos\/\" \/>\n<meta property=\"og:site_name\" content=\"Journalism Courses by Knight Center\" \/>\n<meta property=\"article:modified_time\" content=\"2022-09-12T17:12:38+00:00\" \/>\n<meta property=\"og:image\" content=\"https:\/\/dev-journalismcourses.pantheonsite.io\/wp-content\/uploads\/2022\/08\/UT-Knight-Center-Event-Opening-Slide.ai_-300x169.png\" \/>\n<meta name=\"twitter:card\" content=\"summary_large_image\" \/>\n<meta name=\"twitter:label1\" content=\"Est. reading time\" \/>\n\t<meta name=\"twitter:data1\" content=\"2 minutos\" \/>\n<script type=\"application\/ld+json\" class=\"yoast-schema-graph\">{\"@context\":\"https:\\\/\\\/schema.org\",\"@graph\":[{\"@type\":\"WebPage\",\"@id\":\"https:\\\/\\\/journalismcourses.org\\\/pt-br\\\/eventos\\\/\",\"url\":\"https:\\\/\\\/journalismcourses.org\\\/pt-br\\\/eventos\\\/\",\"name\":\"Eventos - Journalism Courses by Knight Center\",\"isPartOf\":{\"@id\":\"https:\\\/\\\/journalismcourses.org\\\/pt-br\\\/#website\"},\"primaryImageOfPage\":{\"@id\":\"https:\\\/\\\/journalismcourses.org\\\/pt-br\\\/eventos\\\/#primaryimage\"},\"image\":{\"@id\":\"https:\\\/\\\/journalismcourses.org\\\/pt-br\\\/eventos\\\/#primaryimage\"},\"thumbnailUrl\":\"https:\\\/\\\/dev-journalismcourses.pantheonsite.io\\\/wp-content\\\/uploads\\\/2022\\\/08\\\/UT-Knight-Center-Event-Opening-Slide.ai_-300x169.png\",\"datePublished\":\"2021-03-10T23:35:51+00:00\",\"dateModified\":\"2022-09-12T17:12:38+00:00\",\"breadcrumb\":{\"@id\":\"https:\\\/\\\/journalismcourses.org\\\/pt-br\\\/eventos\\\/#breadcrumb\"},\"inLanguage\":\"pt-BR\",\"potentialAction\":[{\"@type\":\"ReadAction\",\"target\":[\"https:\\\/\\\/journalismcourses.org\\\/pt-br\\\/eventos\\\/\"]}]},{\"@type\":\"ImageObject\",\"inLanguage\":\"pt-BR\",\"@id\":\"https:\\\/\\\/journalismcourses.org\\\/pt-br\\\/eventos\\\/#primaryimage\",\"url\":\"https:\\\/\\\/dev-journalismcourses.pantheonsite.io\\\/wp-content\\\/uploads\\\/2022\\\/08\\\/UT-Knight-Center-Event-Opening-Slide.ai_-300x169.png\",\"contentUrl\":\"https:\\\/\\\/dev-journalismcourses.pantheonsite.io\\\/wp-content\\\/uploads\\\/2022\\\/08\\\/UT-Knight-Center-Event-Opening-Slide.ai_-300x169.png\"},{\"@type\":\"BreadcrumbList\",\"@id\":\"https:\\\/\\\/journalismcourses.org\\\/pt-br\\\/eventos\\\/#breadcrumb\",\"itemListElement\":[{\"@type\":\"ListItem\",\"position\":1,\"name\":\"Home\",\"item\":\"https:\\\/\\\/journalismcourses.org\\\/pt-br\\\/\"},{\"@type\":\"ListItem\",\"position\":2,\"name\":\"Eventos\"}]},{\"@type\":\"WebSite\",\"@id\":\"https:\\\/\\\/journalismcourses.org\\\/pt-br\\\/#website\",\"url\":\"https:\\\/\\\/journalismcourses.org\\\/pt-br\\\/\",\"name\":\"Journalism Courses by Knight Center\",\"description\":\"Online courses for journalists\",\"potentialAction\":[{\"@type\":\"SearchAction\",\"target\":{\"@type\":\"EntryPoint\",\"urlTemplate\":\"https:\\\/\\\/journalismcourses.org\\\/pt-br\\\/?s={search_term_string}\"},\"query-input\":{\"@type\":\"PropertyValueSpecification\",\"valueRequired\":true,\"valueName\":\"search_term_string\"}}],\"inLanguage\":\"pt-BR\"}]}<\/script>\n<!-- \/ Yoast SEO Premium plugin. -->","yoast_head_json":{"title":"Eventos - Journalism Courses by Knight Center","robots":{"index":"index","follow":"follow","max-snippet":"max-snippet:-1","max-image-preview":"max-image-preview:large","max-video-preview":"max-video-preview:-1"},"canonical":"https:\/\/journalismcourses.org\/pt-br\/eventos\/","og_locale":"pt_BR","og_type":"article","og_title":"Eventos","og_description":"Centro Knight anuncia Segunda Confer\u00eancia Latino-Americana sobre Diversidade no Jornalismo, com evento virtual em 9 e 10 de setembro O Centro Knight para o Jornalismo nas Am\u00e9ricas sediar\u00e1 a\u00a0Segunda Confer\u00eancia Latino-Americana sobre Diversidade no Jornalismo. O programa DEI \u00e9 patrocinado pela Google News Initiative&#8230; &nbsp; &nbsp; Centro Knight lan\u00e7a ebook sobre seguran\u00e7a do jornalista na [&hellip;]","og_url":"https:\/\/journalismcourses.org\/pt-br\/eventos\/","og_site_name":"Journalism Courses by Knight Center","article_modified_time":"2022-09-12T17:12:38+00:00","og_image":[{"url":"https:\/\/dev-journalismcourses.pantheonsite.io\/wp-content\/uploads\/2022\/08\/UT-Knight-Center-Event-Opening-Slide.ai_-300x169.png","type":"","width":"","height":""}],"twitter_card":"summary_large_image","twitter_misc":{"Est. reading time":"2 minutos"},"schema":{"@context":"https:\/\/schema.org","@graph":[{"@type":"WebPage","@id":"https:\/\/journalismcourses.org\/pt-br\/eventos\/","url":"https:\/\/journalismcourses.org\/pt-br\/eventos\/","name":"Eventos - Journalism Courses by Knight Center","isPartOf":{"@id":"https:\/\/journalismcourses.org\/pt-br\/#website"},"primaryImageOfPage":{"@id":"https:\/\/journalismcourses.org\/pt-br\/eventos\/#primaryimage"},"image":{"@id":"https:\/\/journalismcourses.org\/pt-br\/eventos\/#primaryimage"},"thumbnailUrl":"https:\/\/dev-journalismcourses.pantheonsite.io\/wp-content\/uploads\/2022\/08\/UT-Knight-Center-Event-Opening-Slide.ai_-300x169.png","datePublished":"2021-03-10T23:35:51+00:00","dateModified":"2022-09-12T17:12:38+00:00","breadcrumb":{"@id":"https:\/\/journalismcourses.org\/pt-br\/eventos\/#breadcrumb"},"inLanguage":"pt-BR","potentialAction":[{"@type":"ReadAction","target":["https:\/\/journalismcourses.org\/pt-br\/eventos\/"]}]},{"@type":"ImageObject","inLanguage":"pt-BR","@id":"https:\/\/journalismcourses.org\/pt-br\/eventos\/#primaryimage","url":"https:\/\/dev-journalismcourses.pantheonsite.io\/wp-content\/uploads\/2022\/08\/UT-Knight-Center-Event-Opening-Slide.ai_-300x169.png","contentUrl":"https:\/\/dev-journalismcourses.pantheonsite.io\/wp-content\/uploads\/2022\/08\/UT-Knight-Center-Event-Opening-Slide.ai_-300x169.png"},{"@type":"BreadcrumbList","@id":"https:\/\/journalismcourses.org\/pt-br\/eventos\/#breadcrumb","itemListElement":[{"@type":"ListItem","position":1,"name":"Home","item":"https:\/\/journalismcourses.org\/pt-br\/"},{"@type":"ListItem","position":2,"name":"Eventos"}]},{"@type":"WebSite","@id":"https:\/\/journalismcourses.org\/pt-br\/#website","url":"https:\/\/journalismcourses.org\/pt-br\/","name":"Journalism Courses by Knight Center","description":"Online courses for journalists","potentialAction":[{"@type":"SearchAction","target":{"@type":"EntryPoint","urlTemplate":"https:\/\/journalismcourses.org\/pt-br\/?s={search_term_string}"},"query-input":{"@type":"PropertyValueSpecification","valueRequired":true,"valueName":"search_term_string"}}],"inLanguage":"pt-BR"}]}},"_links":{"self":[{"href":"https:\/\/journalismcourses.org\/pt-br\/wp-json\/wp\/v2\/pages\/9462","targetHints":{"allow":["GET"]}}],"collection":[{"href":"https:\/\/journalismcourses.org\/pt-br\/wp-json\/wp\/v2\/pages"}],"about":[{"href":"https:\/\/journalismcourses.org\/pt-br\/wp-json\/wp\/v2\/types\/page"}],"author":[{"embeddable":true,"href":"https:\/\/journalismcourses.org\/pt-br\/wp-json\/wp\/v2\/users\/1"}],"replies":[{"embeddable":true,"href":"https:\/\/journalismcourses.org\/pt-br\/wp-json\/wp\/v2\/comments?post=9462"}],"version-history":[{"count":29,"href":"https:\/\/journalismcourses.org\/pt-br\/wp-json\/wp\/v2\/pages\/9462\/revisions"}],"predecessor-version":[{"id":16747,"href":"https:\/\/journalismcourses.org\/pt-br\/wp-json\/wp\/v2\/pages\/9462\/revisions\/16747"}],"wp:attachment":[{"href":"https:\/\/journalismcourses.org\/pt-br\/wp-json\/wp\/v2\/media?parent=9462"}],"wp:term":[{"taxonomy":"wf_page_folders","embeddable":true,"href":"https:\/\/journalismcourses.org\/pt-br\/wp-json\/wp\/v2\/wf_page_folders?post=9462"}],"curies":[{"name":"wp","href":"https:\/\/api.w.org\/{rel}","templated":true}]}}