{"id":838,"date":"2020-02-05T07:20:02","date_gmt":"2020-02-05T07:20:02","guid":{"rendered":"https:\/\/live-journalismcourses.pantheonsite.io\/home\/"},"modified":"2024-02-13T07:05:47","modified_gmt":"2024-02-13T13:05:47","slug":"home","status":"publish","type":"page","link":"https:\/\/journalismcourses.org\/pt-br\/home\/","title":{"rendered":"Home"},"content":{"rendered":"\t\t<div data-elementor-type=\"wp-page\" data-elementor-id=\"838\" class=\"elementor elementor-838 elementor-284\" data-elementor-post-type=\"page\">\n\t\t\t\t<div class=\"elementor-element elementor-element-7e57faf8 e-flex e-con-boxed e-con e-parent\" data-id=\"7e57faf8\" data-element_type=\"container\" data-e-type=\"container\">\n\t\t\t\t\t<div class=\"e-con-inner\">\n\t\t\t\t<div class=\"elementor-element elementor-element-582901ce elementor-widget elementor-widget-text-editor\" data-id=\"582901ce\" data-element_type=\"widget\" data-e-type=\"widget\" data-widget_type=\"text-editor.default\">\n\t\t\t\t<div class=\"elementor-widget-container\">\n\t\t\t\t\t\t\t\t\tBem-vindos a Journalism Courses, o programa trilingue de ensino \u00e0 dist\u00e2ncia do Centro Knight para o Jornalismo nas Am\u00e9ricas, da Faculdade Moody de Comunica\u00e7\u00e3o, na Universidade do Texas em Austin. Voc\u00ea vai encontrar aqui uma variedade de oportunidades de\u00a0 capacita\u00e7\u00e3o, de cursos online a e-books e guias para ajudar jornalistas a melhorar suas habilidades e se adaptar ao novo ecossistema midi\u00e1tico criado pela revolu\u00e7\u00e3o digital. O Centro Knight \u00e9 o l\u00edder mundial em cursos online massivos para jornalistas, oferecidos em ingl\u00eas, portugu\u00eas e espanhol. Chegamos a mais de 300.000 alunos com os nossos cursos online massivos (MOOC) desde 2012, e nosso programa pioneiro de ensino \u00e0 dist\u00e2ncia come\u00e7ou em 2003. Para saber mais sobre Journalism Courses, visita a p\u00e1gina &#8220;<a href=\"https:\/\/live-journalismcourses.pantheonsite.io\/pt-br\/sobre\/\">Sobre N\u00f3s<\/a>&#8220;.\r\n\r\n<span style=\"color: #ffffff;\">BLANK<\/span>\t\t\t\t\t\t\t\t<\/div>\n\t\t\t\t<\/div>\n\t\t\t\t\t<\/div>\n\t\t\t\t<\/div>\n\t\t<div class=\"elementor-element elementor-element-2757d50 e-con-full e-flex e-con e-parent\" data-id=\"2757d50\" data-element_type=\"container\" data-e-type=\"container\">\n\t\t\t\t<div class=\"woocommerce elementor-element elementor-element-e66ad35 elementor-grid-1 elementor-grid-tablet-1 elementor-grid-mobile-1 elementor-widget elementor-widget-loop-grid\" data-id=\"e66ad35\" data-element_type=\"widget\" data-e-type=\"widget\" data-settings=\"{&quot;_skin&quot;:&quot;product&quot;,&quot;template_id&quot;:21977,&quot;columns&quot;:1,&quot;columns_tablet&quot;:1,&quot;columns_mobile&quot;:&quot;1&quot;,&quot;edit_handle_selector&quot;:&quot;[data-elementor-type=\\&quot;loop-item\\&quot;]&quot;,&quot;row_gap&quot;:{&quot;unit&quot;:&quot;px&quot;,&quot;size&quot;:&quot;&quot;,&quot;sizes&quot;:[]},&quot;row_gap_tablet&quot;:{&quot;unit&quot;:&quot;px&quot;,&quot;size&quot;:&quot;&quot;,&quot;sizes&quot;:[]},&quot;row_gap_mobile&quot;:{&quot;unit&quot;:&quot;px&quot;,&quot;size&quot;:&quot;&quot;,&quot;sizes&quot;:[]}}\" data-widget_type=\"loop-grid.product\">\n\t\t\t\t<div class=\"elementor-widget-container\">\n\t\t\t\t\t\t\t<div class=\"elementor-loop-container elementor-grid\" role=\"list\">\n\t\t<style id=\"loop-dynamic-21977\">.e-loop-item-89739 .elementor-element.elementor-element-edce414:not(.elementor-motion-effects-element-type-background), .e-loop-item-89739 .elementor-element.elementor-element-edce414 > .elementor-motion-effects-container > .elementor-motion-effects-layer{background-image:url(\"https:\/\/journalismcourses.org\/wp-content\/uploads\/2026\/03\/jkuuoj-4v30.jpg\");}<\/style><style id=\"loop-21977\">.elementor-21977 .elementor-element.elementor-element-edce414{--display:flex;--min-height:571px;--flex-direction:row;--container-widget-width:initial;--container-widget-height:100%;--container-widget-flex-grow:1;--container-widget-align-self:stretch;--flex-wrap-mobile:wrap;--overlay-opacity:0.73;--padding-top:150px;--padding-bottom:0px;--padding-left:0px;--padding-right:0px;}.elementor-21977 .elementor-element.elementor-element-edce414:not(.elementor-motion-effects-element-type-background), .elementor-21977 .elementor-element.elementor-element-edce414 > .elementor-motion-effects-container > .elementor-motion-effects-layer{background-color:#F3F2F2;background-position:center center;background-size:cover;}.elementor-21977 .elementor-element.elementor-element-edce414::before, .elementor-21977 .elementor-element.elementor-element-edce414 > .elementor-background-video-container::before, .elementor-21977 .elementor-element.elementor-element-edce414 > .e-con-inner > .elementor-background-video-container::before, .elementor-21977 .elementor-element.elementor-element-edce414 > .elementor-background-slideshow::before, .elementor-21977 .elementor-element.elementor-element-edce414 > .e-con-inner > .elementor-background-slideshow::before, .elementor-21977 .elementor-element.elementor-element-edce414 > .elementor-motion-effects-container > .elementor-motion-effects-layer::before{--background-overlay:'';background-color:#333F48;}.elementor-21977 .elementor-element.elementor-element-5382270{--display:flex;--justify-content:center;--padding-top:0px;--padding-bottom:0px;--padding-left:00px;--padding-right:50px;}.elementor-21977 .elementor-element.elementor-element-5382270.e-con{--flex-grow:0;--flex-shrink:0;}.elementor-widget-heading .elementor-heading-title{font-family:var( --e-global-typography-primary-font-family ), Sans-serif;font-weight:var( --e-global-typography-primary-font-weight );}.elementor-21977 .elementor-element.elementor-element-5801afc .elementor-heading-title{font-family:\"Libre Franklin\", Sans-serif;font-size:16px;font-weight:600;color:#FFFFFF;}.elementor-21977 .elementor-element.elementor-element-b7336d7 .elementor-heading-title{font-family:\"Libre Franklin\", Sans-serif;font-size:52px;font-weight:800;color:#FFFFFF;}.elementor-21977 .elementor-element.elementor-element-b7336d7{width:var( --container-widget-width, 121.881% );max-width:121.881%;--container-widget-width:121.881%;--container-widget-flex-grow:0;}.elementor-21977 .elementor-element.elementor-element-b7336d7.elementor-element{--flex-grow:0;--flex-shrink:0;}.elementor-widget-text-editor{font-family:var( --e-global-typography-text-font-family ), Sans-serif;font-weight:var( --e-global-typography-text-font-weight );}.elementor-21977 .elementor-element.elementor-element-b9409a7{font-family:\"Roboto\", Sans-serif;font-size:17px;font-weight:400;color:#FFFFFF;}.elementor-21977 .elementor-element.elementor-element-b9409a7 > .elementor-widget-container{padding:30px 150px 0px 0px;}.elementor-widget-button .elementor-button{font-family:var( --e-global-typography-accent-font-family ), Sans-serif;font-weight:var( --e-global-typography-accent-font-weight );}.elementor-21977 .elementor-element.elementor-element-f4d5d97 .elementor-button{font-family:\"Libre Franklin\", Sans-serif;font-weight:700;fill:#000000;color:#000000;background-color:#FFFFFF;padding:20px 35px 20px 35px;}.elementor-21977 .elementor-element.elementor-element-f4d5d97 > .elementor-widget-container{padding:30px 0px 0px 0px;}.elementor-21977 .elementor-element.elementor-element-c6752b7{--display:flex;--min-height:123px;--justify-content:flex-end;--margin-top:0px;--margin-bottom:0px;--margin-left:0px;--margin-right:0px;}.elementor-widget-image .widget-image-caption{font-family:var( --e-global-typography-text-font-family ), Sans-serif;font-weight:var( --e-global-typography-text-font-weight );}.elementor-21977 .elementor-element.elementor-element-1412b03{text-align:start;}.elementor-21977 .elementor-element.elementor-element-1412b03 img{width:70%;}.elementor-21977 .elementor-element.elementor-element-1412b03 > .elementor-widget-container{padding:50px 0px 40px 0px;}.elementor-21977 .elementor-element.elementor-element-3673fba{--display:flex;--min-height:476px;--justify-content:flex-end;--padding-top:0px;--padding-bottom:0px;--padding-left:0px;--padding-right:0px;}.elementor-21977 .elementor-element.elementor-element-3673fba.e-con{--align-self:center;}@media(min-width:768px){.elementor-21977 .elementor-element.elementor-element-edce414{--content-width:1350px;}.elementor-21977 .elementor-element.elementor-element-5382270{--width:53.082%;}}@media(max-width:1024px) and (min-width:768px){.elementor-21977 .elementor-element.elementor-element-5382270{--width:402.695px;}}@media(max-width:1024px){.elementor-21977 .elementor-element.elementor-element-edce414{--padding-top:30px;--padding-bottom:30px;--padding-left:30px;--padding-right:30px;}.elementor-21977 .elementor-element.elementor-element-b7336d7 .elementor-heading-title{font-size:28px;}.elementor-21977 .elementor-element.elementor-element-b9409a7{font-size:14px;}.elementor-21977 .elementor-element.elementor-element-1412b03 img{width:89%;}}@media(max-width:767px){.elementor-21977 .elementor-element.elementor-element-edce414{--min-height:440px;--justify-content:center;--padding-top:20px;--padding-bottom:20px;--padding-left:20px;--padding-right:20px;}.elementor-21977 .elementor-element.elementor-element-5382270{--padding-top:0px;--padding-bottom:0px;--padding-left:0px;--padding-right:0px;}.elementor-21977 .elementor-element.elementor-element-5801afc .elementor-heading-title{font-size:14px;}.elementor-21977 .elementor-element.elementor-element-5801afc > .elementor-widget-container{margin:50px 0px 0px 0px;}.elementor-21977 .elementor-element.elementor-element-b7336d7 .elementor-heading-title{font-size:26px;line-height:1.3em;}.elementor-21977 .elementor-element.elementor-element-b7336d7 > .elementor-widget-container{padding:0px 0px 0px 0px;}.elementor-21977 .elementor-element.elementor-element-b9409a7{font-size:13px;}.elementor-21977 .elementor-element.elementor-element-1412b03 img{width:90%;}}<\/style>\t\t<div data-elementor-type=\"loop-item\" data-elementor-id=\"21977\" class=\"elementor elementor-21977 elementor-20497 elementor-20497 e-loop-item e-loop-item-89739 post-89739 product type-product status-publish has-post-thumbnail display-in-hero-carousel-hero course-category-ai-technology language-english display-in-featured-section-yes product_cat-online-courses product_tag-featured product_tag-header product_tag-hero product_tag-home first instock downloadable virtual purchasable product-type-simple\" data-elementor-post-type=\"elementor_library\" data-custom-edit-handle=\"1\">\n\t\t\t<div class=\"elementor-element elementor-element-edce414 e-flex e-con-boxed e-con e-parent\" data-id=\"edce414\" data-element_type=\"container\" data-e-type=\"container\" data-settings=\"{&quot;background_background&quot;:&quot;classic&quot;}\">\n\t\t\t\t\t<div class=\"e-con-inner\">\n\t\t<div class=\"elementor-element elementor-element-5382270 e-con-full e-flex e-con e-child\" data-id=\"5382270\" data-element_type=\"container\" data-e-type=\"container\" data-settings=\"{&quot;background_background&quot;:&quot;classic&quot;}\">\n\t\t\t\t<div class=\"elementor-element elementor-element-5801afc elementor-widget elementor-widget-heading\" data-id=\"5801afc\" data-element_type=\"widget\" data-e-type=\"widget\" data-widget_type=\"heading.default\">\n\t\t\t\t<div class=\"elementor-widget-container\">\n\t\t\t\t\t<h2 class=\"elementor-heading-title elementor-size-default\">April 13 - May 10, 2026 <\/h2>\t\t\t\t<\/div>\n\t\t\t\t<\/div>\n\t\t\t\t<div class=\"elementor-element elementor-element-b7336d7 elementor-widget__width-initial elementor-widget elementor-widget-heading\" data-id=\"b7336d7\" data-element_type=\"widget\" data-e-type=\"widget\" data-widget_type=\"heading.default\">\n\t\t\t\t<div class=\"elementor-widget-container\">\n\t\t\t\t\t<h2 class=\"elementor-heading-title elementor-size-default\">Advanced Prompt Engineering for Journalists<\/h2>\t\t\t\t<\/div>\n\t\t\t\t<\/div>\n\t\t\t\t<div class=\"elementor-element elementor-element-f4d5d97 elementor-align-left elementor-widget elementor-widget-button\" data-id=\"f4d5d97\" data-element_type=\"widget\" data-e-type=\"widget\" data-widget_type=\"button.default\">\n\t\t\t\t<div class=\"elementor-widget-container\">\n\t\t\t\t\t\t\t\t\t<div class=\"elementor-button-wrapper\">\n\t\t\t\t\t<a class=\"elementor-button elementor-button-link elementor-size-sm\" href=\"https:\/\/journalismcourses.org\/pt-br\/product\/advanced-prompt-engineering-for-journalists\/\">\n\t\t\t\t\t\t<span class=\"elementor-button-content-wrapper\">\n\t\t\t\t\t\t\t\t\t<span class=\"elementor-button-text\">Inscreva-se agora<\/span>\n\t\t\t\t\t<\/span>\n\t\t\t\t\t<\/a>\n\t\t\t\t<\/div>\n\t\t\t\t\t\t\t\t<\/div>\n\t\t\t\t<\/div>\n\t\t<div class=\"elementor-element elementor-element-c6752b7 e-flex e-con-boxed e-con e-child\" data-id=\"c6752b7\" data-element_type=\"container\" data-e-type=\"container\">\n\t\t\t\t\t<div class=\"e-con-inner\">\n\t\t<!-- hidden widget 89739-1412b03 -->\t\t\t<\/div>\n\t\t\t\t<\/div>\n\t\t\t\t<\/div>\n\t\t<div class=\"elementor-element elementor-element-3673fba elementor-hidden-mobile e-flex e-con-boxed e-con e-child\" data-id=\"3673fba\" data-element_type=\"container\" data-e-type=\"container\">\n\t\t\t\t\t<div class=\"e-con-inner\">\n\t\t\t\t\t<\/div>\n\t\t\t\t<\/div>\n\t\t\t\t\t<\/div>\n\t\t\t\t<\/div>\n\t\t\t\t<\/div>\n\t\t\t\t<\/div>\n\t\t\n\t\t\t\t\t\t<\/div>\n\t\t\t\t<\/div>\n\t\t\t\t<\/div>\n\t\t\t\t<\/div>\n\t\t","protected":false},"excerpt":{"rendered":"<p>Bem-vindos a Journalism Courses, o programa trilingue de ensino \u00e0 dist\u00e2ncia do Centro Knight para o Jornalismo nas Am\u00e9ricas, da Faculdade Moody de Comunica\u00e7\u00e3o, na Universidade do Texas em Austin. Voc\u00ea vai encontrar aqui uma variedade de oportunidades de\u00a0 capacita\u00e7\u00e3o, de cursos online a e-books e guias para ajudar jornalistas a melhorar suas habilidades e [&hellip;]<\/p>\n","protected":false},"author":2,"featured_media":0,"parent":0,"menu_order":121,"comment_status":"closed","ping_status":"closed","template":"elementor_header_footer","meta":{"_acf_changed":false,"productId":0,"courseId":0,"footnotes":""},"wf_page_folders":[],"class_list":["post-838","page","type-page","status-publish","hentry"],"acf":[],"yoast_head":"<!-- This site is optimized with the Yoast SEO Premium plugin v22.9 (Yoast SEO v27.3) - https:\/\/yoast.com\/product\/yoast-seo-premium-wordpress\/ -->\n<title>Home - Journalism Courses<\/title>\n<meta name=\"description\" content=\"This is an online training platform of the Knight Center for Journalism in the Americas at the University of Texas at Austin.\" \/>\n<meta name=\"robots\" content=\"index, follow, max-snippet:-1, max-image-preview:large, max-video-preview:-1\" \/>\n<link rel=\"canonical\" href=\"https:\/\/journalismcourses.org\/pt-br\/home\/\" \/>\n<meta property=\"og:locale\" content=\"pt_BR\" \/>\n<meta property=\"og:type\" content=\"article\" \/>\n<meta property=\"og:title\" content=\"Home\" \/>\n<meta property=\"og:description\" content=\"This is an online training platform of the Knight Center for Journalism in the Americas at the University of Texas at Austin.\" \/>\n<meta property=\"og:url\" content=\"https:\/\/journalismcourses.org\/pt-br\/home\/\" \/>\n<meta property=\"og:site_name\" content=\"Journalism Courses by Knight Center\" \/>\n<meta property=\"article:modified_time\" content=\"2024-02-13T13:05:47+00:00\" \/>\n<meta name=\"twitter:card\" content=\"summary_large_image\" \/>\n<meta name=\"twitter:label1\" content=\"Est. reading time\" \/>\n\t<meta name=\"twitter:data1\" content=\"1 minuto\" \/>\n<script type=\"application\/ld+json\" class=\"yoast-schema-graph\">{\"@context\":\"https:\\\/\\\/schema.org\",\"@graph\":[{\"@type\":\"WebPage\",\"@id\":\"https:\\\/\\\/journalismcourses.org\\\/pt-br\\\/home\\\/\",\"url\":\"https:\\\/\\\/journalismcourses.org\\\/pt-br\\\/home\\\/\",\"name\":\"Home - Journalism Courses\",\"isPartOf\":{\"@id\":\"https:\\\/\\\/journalismcourses.org\\\/pt-br\\\/#website\"},\"datePublished\":\"2020-02-05T07:20:02+00:00\",\"dateModified\":\"2024-02-13T13:05:47+00:00\",\"description\":\"This is an online training platform of the Knight Center for Journalism in the Americas at the University of Texas at Austin.\",\"breadcrumb\":{\"@id\":\"https:\\\/\\\/journalismcourses.org\\\/pt-br\\\/home\\\/#breadcrumb\"},\"inLanguage\":\"pt-BR\",\"potentialAction\":[{\"@type\":\"ReadAction\",\"target\":[\"https:\\\/\\\/journalismcourses.org\\\/pt-br\\\/home\\\/\"]}]},{\"@type\":\"BreadcrumbList\",\"@id\":\"https:\\\/\\\/journalismcourses.org\\\/pt-br\\\/home\\\/#breadcrumb\",\"itemListElement\":[{\"@type\":\"ListItem\",\"position\":1,\"name\":\"Home\",\"item\":\"https:\\\/\\\/journalismcourses.org\\\/pt-br\\\/\"},{\"@type\":\"ListItem\",\"position\":2,\"name\":\"Home\"}]},{\"@type\":\"WebSite\",\"@id\":\"https:\\\/\\\/journalismcourses.org\\\/pt-br\\\/#website\",\"url\":\"https:\\\/\\\/journalismcourses.org\\\/pt-br\\\/\",\"name\":\"Journalism Courses by Knight Center\",\"description\":\"Online courses for journalists\",\"potentialAction\":[{\"@type\":\"SearchAction\",\"target\":{\"@type\":\"EntryPoint\",\"urlTemplate\":\"https:\\\/\\\/journalismcourses.org\\\/pt-br\\\/?s={search_term_string}\"},\"query-input\":{\"@type\":\"PropertyValueSpecification\",\"valueRequired\":true,\"valueName\":\"search_term_string\"}}],\"inLanguage\":\"pt-BR\"}]}<\/script>\n<!-- \/ Yoast SEO Premium plugin. -->","yoast_head_json":{"title":"Home - Journalism Courses","description":"This is an online training platform of the Knight Center for Journalism in the Americas at the University of Texas at Austin.","robots":{"index":"index","follow":"follow","max-snippet":"max-snippet:-1","max-image-preview":"max-image-preview:large","max-video-preview":"max-video-preview:-1"},"canonical":"https:\/\/journalismcourses.org\/pt-br\/home\/","og_locale":"pt_BR","og_type":"article","og_title":"Home","og_description":"This is an online training platform of the Knight Center for Journalism in the Americas at the University of Texas at Austin.","og_url":"https:\/\/journalismcourses.org\/pt-br\/home\/","og_site_name":"Journalism Courses by Knight Center","article_modified_time":"2024-02-13T13:05:47+00:00","twitter_card":"summary_large_image","twitter_misc":{"Est. reading time":"1 minuto"},"schema":{"@context":"https:\/\/schema.org","@graph":[{"@type":"WebPage","@id":"https:\/\/journalismcourses.org\/pt-br\/home\/","url":"https:\/\/journalismcourses.org\/pt-br\/home\/","name":"Home - Journalism Courses","isPartOf":{"@id":"https:\/\/journalismcourses.org\/pt-br\/#website"},"datePublished":"2020-02-05T07:20:02+00:00","dateModified":"2024-02-13T13:05:47+00:00","description":"This is an online training platform of the Knight Center for Journalism in the Americas at the University of Texas at Austin.","breadcrumb":{"@id":"https:\/\/journalismcourses.org\/pt-br\/home\/#breadcrumb"},"inLanguage":"pt-BR","potentialAction":[{"@type":"ReadAction","target":["https:\/\/journalismcourses.org\/pt-br\/home\/"]}]},{"@type":"BreadcrumbList","@id":"https:\/\/journalismcourses.org\/pt-br\/home\/#breadcrumb","itemListElement":[{"@type":"ListItem","position":1,"name":"Home","item":"https:\/\/journalismcourses.org\/pt-br\/"},{"@type":"ListItem","position":2,"name":"Home"}]},{"@type":"WebSite","@id":"https:\/\/journalismcourses.org\/pt-br\/#website","url":"https:\/\/journalismcourses.org\/pt-br\/","name":"Journalism Courses by Knight Center","description":"Online courses for journalists","potentialAction":[{"@type":"SearchAction","target":{"@type":"EntryPoint","urlTemplate":"https:\/\/journalismcourses.org\/pt-br\/?s={search_term_string}"},"query-input":{"@type":"PropertyValueSpecification","valueRequired":true,"valueName":"search_term_string"}}],"inLanguage":"pt-BR"}]}},"_links":{"self":[{"href":"https:\/\/journalismcourses.org\/pt-br\/wp-json\/wp\/v2\/pages\/838","targetHints":{"allow":["GET"]}}],"collection":[{"href":"https:\/\/journalismcourses.org\/pt-br\/wp-json\/wp\/v2\/pages"}],"about":[{"href":"https:\/\/journalismcourses.org\/pt-br\/wp-json\/wp\/v2\/types\/page"}],"author":[{"embeddable":true,"href":"https:\/\/journalismcourses.org\/pt-br\/wp-json\/wp\/v2\/users\/2"}],"replies":[{"embeddable":true,"href":"https:\/\/journalismcourses.org\/pt-br\/wp-json\/wp\/v2\/comments?post=838"}],"version-history":[{"count":163,"href":"https:\/\/journalismcourses.org\/pt-br\/wp-json\/wp\/v2\/pages\/838\/revisions"}],"predecessor-version":[{"id":21644,"href":"https:\/\/journalismcourses.org\/pt-br\/wp-json\/wp\/v2\/pages\/838\/revisions\/21644"}],"wp:attachment":[{"href":"https:\/\/journalismcourses.org\/pt-br\/wp-json\/wp\/v2\/media?parent=838"}],"wp:term":[{"taxonomy":"wf_page_folders","embeddable":true,"href":"https:\/\/journalismcourses.org\/pt-br\/wp-json\/wp\/v2\/wf_page_folders?post=838"}],"curies":[{"name":"wp","href":"https:\/\/api.w.org\/{rel}","templated":true}]}}