{"id":636,"date":"2020-03-24T12:12:21","date_gmt":"2020-03-24T12:12:21","guid":{"rendered":"https:\/\/live-journalismcourses.pantheonsite.io\/?page_id=636"},"modified":"2020-06-20T17:33:47","modified_gmt":"2020-06-20T22:33:47","slug":"sobre","status":"publish","type":"page","link":"https:\/\/journalismcourses.org\/pt-br\/sobre\/","title":{"rendered":"Sobre N\u00f3s"},"content":{"rendered":"<p>O Centro Knight oferece cursos on-line desde 2003 e come\u00e7ou a expandir seu programa de ensino \u00e0 dist\u00e2ncia com o lan\u00e7amento de seu primeiro MOOC em outubro de 2012. Desde ent\u00e3o, os MOOCs do Centro atingiram mais de 210.000 estudantes de 200 pa\u00edses e territ\u00f3rios. Inicialmente, o programa foi focado em aulas online para pequenos grupos de jornalistas, principalmente da Am\u00e9rica Latina e do Caribe. Mais tarde, o Centro Knight come\u00e7ou a oferecer cursos online abertos e massivos (MOOCs, por suas iniciais em ingl\u00eas), desenvolvendo o primeiro programa MOOC do mundo especializado no treinamento em jornalismo.<\/p>\n<p>Os MOOCs s\u00e3o gratuitos e os participantes que cumprirem os requisitos m\u00ednimos de participa\u00e7\u00e3o podem receber um certificado, mediante o pagamento de uma taxa. O Centro Knight tamb\u00e9m oferece cursos online mais avan\u00e7ados, a baixo custo, para grupos menores de estudantes. Mantemos as taxas o mais baixo poss\u00edvel, em um esfor\u00e7o para disponibilizar nossos cursos para o maior n\u00famero poss\u00edvel de pessoas.<\/p>\n<p>Nossos cursos abrangem uma variedade de t\u00f3picos, incluindo t\u00e9cnicas de jornalismo digital, fact-checking, jornalismo\/visualiza\u00e7\u00e3o de dados e muito mais. Nossos cursos duram de quatro a seis semanas. Eles s\u00e3o realizados totalmente online e ministrados por alguns dos jornalistas e treinadores de jornalismo mais respeitados e experientes do mundo. Os cursos aproveitam ao m\u00e1ximo a multim\u00eddia; eles incluem aulas em v\u00eddeo, f\u00f3runs de discuss\u00e3o, apresenta\u00e7\u00f5es de \u00e1udio, question\u00e1rios de corre\u00e7\u00e3o autom\u00e1tica e outras tecnologias de aprendizado colaborativo. Nossos instrutores especializados fornecem uma experi\u00eancia de aprendizagem de qualidade para jornalistas que buscam aprimorar suas habilidades e cidad\u00e3os que desejam se envolver mais em temas sobre\u00a0 jornalismo e democracia.<\/p>\n<p>Os cursos oferecidos na plataforma Journalism Courses s\u00e3o ass\u00edncronos, para que os participantes possam fazer login nos dias e hor\u00e1rios que forem mais convenientes para eles. Cada curso, no entanto, \u00e9 aberto apenas por um per\u00edodo espec\u00edfico de tempo e o acesso a ele \u00e9 restrito a estudantes registrados.<\/p>\n<p>O Centro Knight oferece cursos online em ingl\u00eas, espanhol e portugu\u00eas. Consulte este site frequentemente para ver nossos cursos e recursos mais recentes.<\/p>\n<p>Para obter mais informa\u00e7\u00f5es sobre os MOOCs do Centro Knight e como eles funcionam, consulte nossa se\u00e7\u00e3o de perguntas freq\u00fcentes.<\/p>\n<p>&nbsp;<\/p>\n","protected":false},"excerpt":{"rendered":"<p>O Centro Knight oferece cursos on-line desde 2003 e come\u00e7ou a expandir seu programa de ensino \u00e0 dist\u00e2ncia com o lan\u00e7amento de seu primeiro MOOC em outubro de 2012. Desde ent\u00e3o, os MOOCs do Centro atingiram mais de 210.000 estudantes de 200 pa\u00edses e territ\u00f3rios. Inicialmente, o programa foi focado em aulas online para pequenos [&hellip;]<\/p>\n","protected":false},"author":2,"featured_media":0,"parent":0,"menu_order":112,"comment_status":"closed","ping_status":"closed","template":"elementor_header_footer","meta":{"_acf_changed":false,"productId":0,"courseId":0,"footnotes":""},"wf_page_folders":[],"class_list":["post-636","page","type-page","status-publish","hentry"],"acf":[],"yoast_head":"<!-- This site is optimized with the Yoast SEO Premium plugin v22.9 (Yoast SEO v27.2) - https:\/\/yoast.com\/product\/yoast-seo-premium-wordpress\/ -->\n<title>Sobre N\u00f3s - Journalism Courses by Knight Center<\/title>\n<meta name=\"robots\" content=\"index, follow, max-snippet:-1, max-image-preview:large, max-video-preview:-1\" \/>\n<link rel=\"canonical\" href=\"https:\/\/journalismcourses.org\/pt-br\/sobre\/\" \/>\n<meta property=\"og:locale\" content=\"pt_BR\" \/>\n<meta property=\"og:type\" content=\"article\" \/>\n<meta property=\"og:title\" content=\"Sobre N\u00f3s\" \/>\n<meta property=\"og:description\" content=\"O Centro Knight oferece cursos on-line desde 2003 e come\u00e7ou a expandir seu programa de ensino \u00e0 dist\u00e2ncia com o lan\u00e7amento de seu primeiro MOOC em outubro de 2012. Desde ent\u00e3o, os MOOCs do Centro atingiram mais de 210.000 estudantes de 200 pa\u00edses e territ\u00f3rios. Inicialmente, o programa foi focado em aulas online para pequenos [&hellip;]\" \/>\n<meta property=\"og:url\" content=\"https:\/\/journalismcourses.org\/pt-br\/sobre\/\" \/>\n<meta property=\"og:site_name\" content=\"Journalism Courses by Knight Center\" \/>\n<meta property=\"article:modified_time\" content=\"2020-06-20T22:33:47+00:00\" \/>\n<meta name=\"twitter:card\" content=\"summary_large_image\" \/>\n<meta name=\"twitter:label1\" content=\"Est. reading time\" \/>\n\t<meta name=\"twitter:data1\" content=\"2 minutos\" \/>\n<script type=\"application\/ld+json\" class=\"yoast-schema-graph\">{\"@context\":\"https:\/\/schema.org\",\"@graph\":[{\"@type\":\"WebPage\",\"@id\":\"https:\/\/journalismcourses.org\/pt-br\/sobre\/\",\"url\":\"https:\/\/journalismcourses.org\/pt-br\/sobre\/\",\"name\":\"Sobre N\u00f3s - Journalism Courses by Knight Center\",\"isPartOf\":{\"@id\":\"https:\/\/journalismcourses.org\/pt-br\/#website\"},\"datePublished\":\"2020-03-24T12:12:21+00:00\",\"dateModified\":\"2020-06-20T22:33:47+00:00\",\"breadcrumb\":{\"@id\":\"https:\/\/journalismcourses.org\/pt-br\/sobre\/#breadcrumb\"},\"inLanguage\":\"pt-BR\",\"potentialAction\":[{\"@type\":\"ReadAction\",\"target\":[\"https:\/\/journalismcourses.org\/pt-br\/sobre\/\"]}]},{\"@type\":\"BreadcrumbList\",\"@id\":\"https:\/\/journalismcourses.org\/pt-br\/sobre\/#breadcrumb\",\"itemListElement\":[{\"@type\":\"ListItem\",\"position\":1,\"name\":\"Home\",\"item\":\"https:\/\/journalismcourses.org\/pt-br\/\"},{\"@type\":\"ListItem\",\"position\":2,\"name\":\"Sobre N\u00f3s\"}]},{\"@type\":\"WebSite\",\"@id\":\"https:\/\/journalismcourses.org\/pt-br\/#website\",\"url\":\"https:\/\/journalismcourses.org\/pt-br\/\",\"name\":\"Journalism Courses by Knight Center\",\"description\":\"Online courses for journalists\",\"potentialAction\":[{\"@type\":\"SearchAction\",\"target\":{\"@type\":\"EntryPoint\",\"urlTemplate\":\"https:\/\/journalismcourses.org\/pt-br\/?s={search_term_string}\"},\"query-input\":{\"@type\":\"PropertyValueSpecification\",\"valueRequired\":true,\"valueName\":\"search_term_string\"}}],\"inLanguage\":\"pt-BR\"}]}<\/script>\n<!-- \/ Yoast SEO Premium plugin. -->","yoast_head_json":{"title":"Sobre N\u00f3s - Journalism Courses by Knight Center","robots":{"index":"index","follow":"follow","max-snippet":"max-snippet:-1","max-image-preview":"max-image-preview:large","max-video-preview":"max-video-preview:-1"},"canonical":"https:\/\/journalismcourses.org\/pt-br\/sobre\/","og_locale":"pt_BR","og_type":"article","og_title":"Sobre N\u00f3s","og_description":"O Centro Knight oferece cursos on-line desde 2003 e come\u00e7ou a expandir seu programa de ensino \u00e0 dist\u00e2ncia com o lan\u00e7amento de seu primeiro MOOC em outubro de 2012. Desde ent\u00e3o, os MOOCs do Centro atingiram mais de 210.000 estudantes de 200 pa\u00edses e territ\u00f3rios. Inicialmente, o programa foi focado em aulas online para pequenos [&hellip;]","og_url":"https:\/\/journalismcourses.org\/pt-br\/sobre\/","og_site_name":"Journalism Courses by Knight Center","article_modified_time":"2020-06-20T22:33:47+00:00","twitter_card":"summary_large_image","twitter_misc":{"Est. reading time":"2 minutos"},"schema":{"@context":"https:\/\/schema.org","@graph":[{"@type":"WebPage","@id":"https:\/\/journalismcourses.org\/pt-br\/sobre\/","url":"https:\/\/journalismcourses.org\/pt-br\/sobre\/","name":"Sobre N\u00f3s - Journalism Courses by Knight Center","isPartOf":{"@id":"https:\/\/journalismcourses.org\/pt-br\/#website"},"datePublished":"2020-03-24T12:12:21+00:00","dateModified":"2020-06-20T22:33:47+00:00","breadcrumb":{"@id":"https:\/\/journalismcourses.org\/pt-br\/sobre\/#breadcrumb"},"inLanguage":"pt-BR","potentialAction":[{"@type":"ReadAction","target":["https:\/\/journalismcourses.org\/pt-br\/sobre\/"]}]},{"@type":"BreadcrumbList","@id":"https:\/\/journalismcourses.org\/pt-br\/sobre\/#breadcrumb","itemListElement":[{"@type":"ListItem","position":1,"name":"Home","item":"https:\/\/journalismcourses.org\/pt-br\/"},{"@type":"ListItem","position":2,"name":"Sobre N\u00f3s"}]},{"@type":"WebSite","@id":"https:\/\/journalismcourses.org\/pt-br\/#website","url":"https:\/\/journalismcourses.org\/pt-br\/","name":"Journalism Courses by Knight Center","description":"Online courses for journalists","potentialAction":[{"@type":"SearchAction","target":{"@type":"EntryPoint","urlTemplate":"https:\/\/journalismcourses.org\/pt-br\/?s={search_term_string}"},"query-input":{"@type":"PropertyValueSpecification","valueRequired":true,"valueName":"search_term_string"}}],"inLanguage":"pt-BR"}]}},"_links":{"self":[{"href":"https:\/\/journalismcourses.org\/pt-br\/wp-json\/wp\/v2\/pages\/636","targetHints":{"allow":["GET"]}}],"collection":[{"href":"https:\/\/journalismcourses.org\/pt-br\/wp-json\/wp\/v2\/pages"}],"about":[{"href":"https:\/\/journalismcourses.org\/pt-br\/wp-json\/wp\/v2\/types\/page"}],"author":[{"embeddable":true,"href":"https:\/\/journalismcourses.org\/pt-br\/wp-json\/wp\/v2\/users\/2"}],"replies":[{"embeddable":true,"href":"https:\/\/journalismcourses.org\/pt-br\/wp-json\/wp\/v2\/comments?post=636"}],"version-history":[{"count":9,"href":"https:\/\/journalismcourses.org\/pt-br\/wp-json\/wp\/v2\/pages\/636\/revisions"}],"predecessor-version":[{"id":2476,"href":"https:\/\/journalismcourses.org\/pt-br\/wp-json\/wp\/v2\/pages\/636\/revisions\/2476"}],"wp:attachment":[{"href":"https:\/\/journalismcourses.org\/pt-br\/wp-json\/wp\/v2\/media?parent=636"}],"wp:term":[{"taxonomy":"wf_page_folders","embeddable":true,"href":"https:\/\/journalismcourses.org\/pt-br\/wp-json\/wp\/v2\/wf_page_folders?post=636"}],"curies":[{"name":"wp","href":"https:\/\/api.w.org\/{rel}","templated":true}]}}