{"id":632,"date":"2020-03-24T12:11:43","date_gmt":"2020-03-24T12:11:43","guid":{"rendered":"https:\/\/live-journalismcourses.pantheonsite.io\/?page_id=632"},"modified":"2020-09-14T09:42:00","modified_gmt":"2020-09-14T14:42:00","slug":"donate","status":"publish","type":"page","link":"https:\/\/journalismcourses.org\/pt-br\/donate\/","title":{"rendered":"Donate"},"content":{"rendered":"<p>Obrigado por seu apoio ao Centro Knight de Jornalismo nas Am\u00e9ricas.<\/p>\n<p>A sua doa\u00e7\u00e3o nos ajuda a treinar jornalistas do mundo inteiro para que eles se mantenham atualizados com a revolu\u00e7\u00e3o digital. tamb\u00e9m nos ajuda a monitorar e escrever sobre jornalismo e liberdade de express\u00e3o na Am\u00e9rica Latina e no Caribe, assim como oferecer confer\u00eancias e palestras sobre a profiss\u00e3o.<\/p>\n<p>Por favor visite a <strong><a href=\"https:\/\/utdirect.utexas.edu\/apps\/utgiving\/online\/nlogon\/?menu=COKN\">p\u00e1gina de doa\u00e7\u00f5es<\/a> <\/strong>da Universidade do Texas e fa\u00e7a a sua. \u00a0Obrigado! Thank you! \u00a1Gracias!<\/p>\n","protected":false},"excerpt":{"rendered":"<p>Obrigado por seu apoio ao Centro Knight de Jornalismo nas Am\u00e9ricas. A sua doa\u00e7\u00e3o nos ajuda a treinar jornalistas do mundo inteiro para que eles se mantenham atualizados com a revolu\u00e7\u00e3o digital. tamb\u00e9m nos ajuda a monitorar e escrever sobre jornalismo e liberdade de express\u00e3o na Am\u00e9rica Latina e no Caribe, assim como oferecer confer\u00eancias [&hellip;]<\/p>\n","protected":false},"author":2,"featured_media":0,"parent":0,"menu_order":101,"comment_status":"closed","ping_status":"closed","template":"","meta":{"_acf_changed":false,"productId":0,"courseId":0,"footnotes":""},"wf_page_folders":[],"class_list":["post-632","page","type-page","status-publish","hentry"],"acf":[],"yoast_head":"<!-- This site is optimized with the Yoast SEO Premium plugin v22.9 (Yoast SEO v27.3) - https:\/\/yoast.com\/product\/yoast-seo-premium-wordpress\/ -->\n<title>Donate - Journalism Courses by Knight Center<\/title>\n<meta name=\"robots\" content=\"index, follow, max-snippet:-1, max-image-preview:large, max-video-preview:-1\" \/>\n<link rel=\"canonical\" href=\"https:\/\/journalismcourses.org\/pt-br\/donate\/\" \/>\n<meta property=\"og:locale\" content=\"pt_BR\" \/>\n<meta property=\"og:type\" content=\"article\" \/>\n<meta property=\"og:title\" content=\"Donate\" \/>\n<meta property=\"og:description\" content=\"Obrigado por seu apoio ao Centro Knight de Jornalismo nas Am\u00e9ricas. A sua doa\u00e7\u00e3o nos ajuda a treinar jornalistas do mundo inteiro para que eles se mantenham atualizados com a revolu\u00e7\u00e3o digital. tamb\u00e9m nos ajuda a monitorar e escrever sobre jornalismo e liberdade de express\u00e3o na Am\u00e9rica Latina e no Caribe, assim como oferecer confer\u00eancias [&hellip;]\" \/>\n<meta property=\"og:url\" content=\"https:\/\/journalismcourses.org\/pt-br\/donate\/\" \/>\n<meta property=\"og:site_name\" content=\"Journalism Courses by Knight Center\" \/>\n<meta property=\"article:modified_time\" content=\"2020-09-14T14:42:00+00:00\" \/>\n<meta name=\"twitter:card\" content=\"summary_large_image\" \/>\n<script type=\"application\/ld+json\" class=\"yoast-schema-graph\">{\"@context\":\"https:\\\/\\\/schema.org\",\"@graph\":[{\"@type\":\"WebPage\",\"@id\":\"https:\\\/\\\/journalismcourses.org\\\/pt-br\\\/donate\\\/\",\"url\":\"https:\\\/\\\/journalismcourses.org\\\/pt-br\\\/donate\\\/\",\"name\":\"Donate - Journalism Courses by Knight Center\",\"isPartOf\":{\"@id\":\"https:\\\/\\\/journalismcourses.org\\\/pt-br\\\/#website\"},\"datePublished\":\"2020-03-24T12:11:43+00:00\",\"dateModified\":\"2020-09-14T14:42:00+00:00\",\"breadcrumb\":{\"@id\":\"https:\\\/\\\/journalismcourses.org\\\/pt-br\\\/donate\\\/#breadcrumb\"},\"inLanguage\":\"pt-BR\",\"potentialAction\":[{\"@type\":\"ReadAction\",\"target\":[\"https:\\\/\\\/journalismcourses.org\\\/pt-br\\\/donate\\\/\"]}]},{\"@type\":\"BreadcrumbList\",\"@id\":\"https:\\\/\\\/journalismcourses.org\\\/pt-br\\\/donate\\\/#breadcrumb\",\"itemListElement\":[{\"@type\":\"ListItem\",\"position\":1,\"name\":\"Home\",\"item\":\"https:\\\/\\\/journalismcourses.org\\\/pt-br\\\/\"},{\"@type\":\"ListItem\",\"position\":2,\"name\":\"Donate\"}]},{\"@type\":\"WebSite\",\"@id\":\"https:\\\/\\\/journalismcourses.org\\\/pt-br\\\/#website\",\"url\":\"https:\\\/\\\/journalismcourses.org\\\/pt-br\\\/\",\"name\":\"Journalism Courses by Knight Center\",\"description\":\"Online courses for journalists\",\"potentialAction\":[{\"@type\":\"SearchAction\",\"target\":{\"@type\":\"EntryPoint\",\"urlTemplate\":\"https:\\\/\\\/journalismcourses.org\\\/pt-br\\\/?s={search_term_string}\"},\"query-input\":{\"@type\":\"PropertyValueSpecification\",\"valueRequired\":true,\"valueName\":\"search_term_string\"}}],\"inLanguage\":\"pt-BR\"}]}<\/script>\n<!-- \/ Yoast SEO Premium plugin. -->","yoast_head_json":{"title":"Donate - Journalism Courses by Knight Center","robots":{"index":"index","follow":"follow","max-snippet":"max-snippet:-1","max-image-preview":"max-image-preview:large","max-video-preview":"max-video-preview:-1"},"canonical":"https:\/\/journalismcourses.org\/pt-br\/donate\/","og_locale":"pt_BR","og_type":"article","og_title":"Donate","og_description":"Obrigado por seu apoio ao Centro Knight de Jornalismo nas Am\u00e9ricas. A sua doa\u00e7\u00e3o nos ajuda a treinar jornalistas do mundo inteiro para que eles se mantenham atualizados com a revolu\u00e7\u00e3o digital. tamb\u00e9m nos ajuda a monitorar e escrever sobre jornalismo e liberdade de express\u00e3o na Am\u00e9rica Latina e no Caribe, assim como oferecer confer\u00eancias [&hellip;]","og_url":"https:\/\/journalismcourses.org\/pt-br\/donate\/","og_site_name":"Journalism Courses by Knight Center","article_modified_time":"2020-09-14T14:42:00+00:00","twitter_card":"summary_large_image","schema":{"@context":"https:\/\/schema.org","@graph":[{"@type":"WebPage","@id":"https:\/\/journalismcourses.org\/pt-br\/donate\/","url":"https:\/\/journalismcourses.org\/pt-br\/donate\/","name":"Donate - Journalism Courses by Knight Center","isPartOf":{"@id":"https:\/\/journalismcourses.org\/pt-br\/#website"},"datePublished":"2020-03-24T12:11:43+00:00","dateModified":"2020-09-14T14:42:00+00:00","breadcrumb":{"@id":"https:\/\/journalismcourses.org\/pt-br\/donate\/#breadcrumb"},"inLanguage":"pt-BR","potentialAction":[{"@type":"ReadAction","target":["https:\/\/journalismcourses.org\/pt-br\/donate\/"]}]},{"@type":"BreadcrumbList","@id":"https:\/\/journalismcourses.org\/pt-br\/donate\/#breadcrumb","itemListElement":[{"@type":"ListItem","position":1,"name":"Home","item":"https:\/\/journalismcourses.org\/pt-br\/"},{"@type":"ListItem","position":2,"name":"Donate"}]},{"@type":"WebSite","@id":"https:\/\/journalismcourses.org\/pt-br\/#website","url":"https:\/\/journalismcourses.org\/pt-br\/","name":"Journalism Courses by Knight Center","description":"Online courses for journalists","potentialAction":[{"@type":"SearchAction","target":{"@type":"EntryPoint","urlTemplate":"https:\/\/journalismcourses.org\/pt-br\/?s={search_term_string}"},"query-input":{"@type":"PropertyValueSpecification","valueRequired":true,"valueName":"search_term_string"}}],"inLanguage":"pt-BR"}]}},"_links":{"self":[{"href":"https:\/\/journalismcourses.org\/pt-br\/wp-json\/wp\/v2\/pages\/632","targetHints":{"allow":["GET"]}}],"collection":[{"href":"https:\/\/journalismcourses.org\/pt-br\/wp-json\/wp\/v2\/pages"}],"about":[{"href":"https:\/\/journalismcourses.org\/pt-br\/wp-json\/wp\/v2\/types\/page"}],"author":[{"embeddable":true,"href":"https:\/\/journalismcourses.org\/pt-br\/wp-json\/wp\/v2\/users\/2"}],"replies":[{"embeddable":true,"href":"https:\/\/journalismcourses.org\/pt-br\/wp-json\/wp\/v2\/comments?post=632"}],"version-history":[{"count":2,"href":"https:\/\/journalismcourses.org\/pt-br\/wp-json\/wp\/v2\/pages\/632\/revisions"}],"predecessor-version":[{"id":5408,"href":"https:\/\/journalismcourses.org\/pt-br\/wp-json\/wp\/v2\/pages\/632\/revisions\/5408"}],"wp:attachment":[{"href":"https:\/\/journalismcourses.org\/pt-br\/wp-json\/wp\/v2\/media?parent=632"}],"wp:term":[{"taxonomy":"wf_page_folders","embeddable":true,"href":"https:\/\/journalismcourses.org\/pt-br\/wp-json\/wp\/v2\/wf_page_folders?post=632"}],"curies":[{"name":"wp","href":"https:\/\/api.w.org\/{rel}","templated":true}]}}