{"id":14358,"date":"2022-02-14T11:53:22","date_gmt":"2022-02-14T17:53:22","guid":{"rendered":"https:\/\/dev-journalismcourses.pantheonsite.io\/?page_id=14358"},"modified":"2022-05-13T10:15:39","modified_gmt":"2022-05-13T15:15:39","slug":"cursos-e-recursos-sobre-a-covid-19","status":"publish","type":"page","link":"https:\/\/journalismcourses.org\/pt-br\/cursos-e-recursos-sobre-a-covid-19\/","title":{"rendered":"Cursos e Recursos sobre a COVID-19"},"content":{"rendered":"<p style=\"text-align: center;\"><span style=\"font-weight: 400;\">Seja bem-vindo(a) \u00e0 nossa se\u00e7\u00e3o especial para ajudar jornalistas de todo o mundo a aprimorar sua cobertura da pandemia da COVID-19. Aqui, voc\u00ea pode encontrar uma variedade de recursos, incluindo briefings regionais, cursos online autodirigidos e grava\u00e7\u00f5es de webinars em v\u00e1rios idiomas. Este hub online de cursos e recursos faz parte de um esfor\u00e7o de assist\u00eancia a jornalistas que come\u00e7ou em 2020, imediatamente ap\u00f3s a pandemia ser declarada. O programa\u00a0 de Cursos de Jornalismo do Centro Knight trabalhou com ag\u00eancias da ONU \u2013 especificamente a UNESCO, o Programa das Na\u00e7\u00f5es Unidas para o Desenvolvimento e a Organiza\u00e7\u00e3o Mundial da Sa\u00fade \u2013 para produzir recursos sobre a COVID-19 para jornalistas, incluindo cursos online abertos massivos, cursos autodirigidos e webinars em uma variedade de idiomas. J\u00e1 beneficiou milhares de jornalistas em todo o mundo.<\/span><\/p>\n<p style=\"text-align: center;\"><strong>Este \u00e9 um espa\u00e7o multil\u00edngue, portanto, na se\u00e7\u00e3o abaixo, use a pesquisa e o filtro para encontrar cursos e webinars em seu idioma espec\u00edfico. Nesta p\u00e1gina, voc\u00ea tamb\u00e9m pode encontrar uma s\u00e9rie de briefings especiais escritos por jornalistas de ci\u00eancia e sa\u00fade sobre a cobertura da COVID-19 no Sul Global. Os links para os briefings est\u00e3o abaixo dos cursos e webinars (clique no bot\u00e3o Ver Mais Briefings para ver artigos em v\u00e1rios idiomas).<\/strong><\/p>\n<p>&nbsp;<\/p>\n<div class=\"su-row\">\n<div class=\"su-column su-column-size-1-3\"><div class=\"su-column-inner su-u-clearfix su-u-trim\">\n<div class=\"su-button-center\"><a href=\"#hub-middle-section\" class=\"su-button su-button-style-default\" style=\"color:#FFFFFF;background-color:#ef742d;border-color:#c05d24;border-radius:7px\" target=\"_self\"><span style=\"color:#FFFFFF;padding:0px 20px;font-size:16px;line-height:32px;border-color:#f49e6c;border-radius:7px;text-shadow:none\"> Cursos e Webinars<\/span><\/a><\/div>\n<\/div><\/div>\n<div class=\"su-column su-column-size-1-3\"><div class=\"su-column-inner su-u-clearfix su-u-trim\">\n<div class=\"su-button-center\"><a href=\"#brief-section\" class=\"su-button su-button-style-default\" style=\"color:#FFFFFF;background-color:#ef742d;border-color:#c05d24;border-radius:7px\" target=\"_self\"><span style=\"color:#FFFFFF;padding:0px 20px;font-size:16px;line-height:32px;border-color:#f49e6c;border-radius:7px;text-shadow:none\"> Briefings<\/span><\/a><\/div>\n<\/div><\/div>\n<div class=\"su-column su-column-size-1-3\"><div class=\"su-column-inner su-u-clearfix su-u-trim\">\n<div class=\"su-button-center\"><a href=\"#hub-bottom-content-section\" class=\"su-button su-button-style-default\" style=\"color:#FFFFFF;background-color:#ef742d;border-color:#c05d24;border-radius:7px\" target=\"_self\"><span style=\"color:#FFFFFF;padding:0px 20px;font-size:16px;line-height:32px;border-color:#f49e6c;border-radius:7px;text-shadow:none\"> Outros Recursos<\/span><\/a><\/div>\n<\/div><\/div>\n<\/div>\n","protected":false},"excerpt":{"rendered":"<p>Seja bem-vindo(a) \u00e0 nossa se\u00e7\u00e3o especial para ajudar jornalistas de todo o mundo a aprimorar sua cobertura da pandemia da COVID-19. Aqui, voc\u00ea pode encontrar uma variedade de recursos, incluindo briefings regionais, cursos online autodirigidos e grava\u00e7\u00f5es de webinars em v\u00e1rios idiomas. Este hub online de cursos e recursos faz parte de um esfor\u00e7o de [&hellip;]<\/p>\n","protected":false},"author":2,"featured_media":0,"parent":0,"menu_order":1,"comment_status":"closed","ping_status":"closed","template":"","meta":{"_acf_changed":false,"productId":0,"courseId":0,"footnotes":""},"wf_page_folders":[],"class_list":["post-14358","page","type-page","status-publish","hentry"],"acf":[],"yoast_head":"<!-- This site is optimized with the Yoast SEO Premium plugin v22.9 (Yoast SEO v27.3) - https:\/\/yoast.com\/product\/yoast-seo-premium-wordpress\/ -->\n<title>Cursos e Recursos sobre a COVID-19 - Journalism Courses by Knight Center<\/title>\n<meta name=\"robots\" content=\"index, follow, max-snippet:-1, max-image-preview:large, max-video-preview:-1\" \/>\n<link rel=\"canonical\" href=\"https:\/\/journalismcourses.org\/pt-br\/cursos-e-recursos-sobre-a-covid-19\/\" \/>\n<meta property=\"og:locale\" content=\"pt_BR\" \/>\n<meta property=\"og:type\" content=\"article\" \/>\n<meta property=\"og:title\" content=\"Cursos e Recursos sobre a COVID-19\" \/>\n<meta property=\"og:description\" content=\"Seja bem-vindo(a) \u00e0 nossa se\u00e7\u00e3o especial para ajudar jornalistas de todo o mundo a aprimorar sua cobertura da pandemia da COVID-19. Aqui, voc\u00ea pode encontrar uma variedade de recursos, incluindo briefings regionais, cursos online autodirigidos e grava\u00e7\u00f5es de webinars em v\u00e1rios idiomas. Este hub online de cursos e recursos faz parte de um esfor\u00e7o de [&hellip;]\" \/>\n<meta property=\"og:url\" content=\"https:\/\/journalismcourses.org\/pt-br\/cursos-e-recursos-sobre-a-covid-19\/\" \/>\n<meta property=\"og:site_name\" content=\"Journalism Courses by Knight Center\" \/>\n<meta property=\"article:modified_time\" content=\"2022-05-13T15:15:39+00:00\" \/>\n<meta name=\"twitter:card\" content=\"summary_large_image\" \/>\n<meta name=\"twitter:label1\" content=\"Est. reading time\" \/>\n\t<meta name=\"twitter:data1\" content=\"1 minuto\" \/>\n<script type=\"application\/ld+json\" class=\"yoast-schema-graph\">{\"@context\":\"https:\\\/\\\/schema.org\",\"@graph\":[{\"@type\":\"WebPage\",\"@id\":\"https:\\\/\\\/journalismcourses.org\\\/pt-br\\\/cursos-e-recursos-sobre-a-covid-19\\\/\",\"url\":\"https:\\\/\\\/journalismcourses.org\\\/pt-br\\\/cursos-e-recursos-sobre-a-covid-19\\\/\",\"name\":\"Cursos e Recursos sobre a COVID-19 - Journalism Courses by Knight Center\",\"isPartOf\":{\"@id\":\"https:\\\/\\\/journalismcourses.org\\\/pt-br\\\/#website\"},\"datePublished\":\"2022-02-14T17:53:22+00:00\",\"dateModified\":\"2022-05-13T15:15:39+00:00\",\"breadcrumb\":{\"@id\":\"https:\\\/\\\/journalismcourses.org\\\/pt-br\\\/cursos-e-recursos-sobre-a-covid-19\\\/#breadcrumb\"},\"inLanguage\":\"pt-BR\",\"potentialAction\":[{\"@type\":\"ReadAction\",\"target\":[\"https:\\\/\\\/journalismcourses.org\\\/pt-br\\\/cursos-e-recursos-sobre-a-covid-19\\\/\"]}]},{\"@type\":\"BreadcrumbList\",\"@id\":\"https:\\\/\\\/journalismcourses.org\\\/pt-br\\\/cursos-e-recursos-sobre-a-covid-19\\\/#breadcrumb\",\"itemListElement\":[{\"@type\":\"ListItem\",\"position\":1,\"name\":\"Home\",\"item\":\"https:\\\/\\\/journalismcourses.org\\\/pt-br\\\/\"},{\"@type\":\"ListItem\",\"position\":2,\"name\":\"Cursos e Recursos sobre a COVID-19\"}]},{\"@type\":\"WebSite\",\"@id\":\"https:\\\/\\\/journalismcourses.org\\\/pt-br\\\/#website\",\"url\":\"https:\\\/\\\/journalismcourses.org\\\/pt-br\\\/\",\"name\":\"Journalism Courses by Knight Center\",\"description\":\"Online courses for journalists\",\"potentialAction\":[{\"@type\":\"SearchAction\",\"target\":{\"@type\":\"EntryPoint\",\"urlTemplate\":\"https:\\\/\\\/journalismcourses.org\\\/pt-br\\\/?s={search_term_string}\"},\"query-input\":{\"@type\":\"PropertyValueSpecification\",\"valueRequired\":true,\"valueName\":\"search_term_string\"}}],\"inLanguage\":\"pt-BR\"}]}<\/script>\n<!-- \/ Yoast SEO Premium plugin. -->","yoast_head_json":{"title":"Cursos e Recursos sobre a COVID-19 - Journalism Courses by Knight Center","robots":{"index":"index","follow":"follow","max-snippet":"max-snippet:-1","max-image-preview":"max-image-preview:large","max-video-preview":"max-video-preview:-1"},"canonical":"https:\/\/journalismcourses.org\/pt-br\/cursos-e-recursos-sobre-a-covid-19\/","og_locale":"pt_BR","og_type":"article","og_title":"Cursos e Recursos sobre a COVID-19","og_description":"Seja bem-vindo(a) \u00e0 nossa se\u00e7\u00e3o especial para ajudar jornalistas de todo o mundo a aprimorar sua cobertura da pandemia da COVID-19. Aqui, voc\u00ea pode encontrar uma variedade de recursos, incluindo briefings regionais, cursos online autodirigidos e grava\u00e7\u00f5es de webinars em v\u00e1rios idiomas. Este hub online de cursos e recursos faz parte de um esfor\u00e7o de [&hellip;]","og_url":"https:\/\/journalismcourses.org\/pt-br\/cursos-e-recursos-sobre-a-covid-19\/","og_site_name":"Journalism Courses by Knight Center","article_modified_time":"2022-05-13T15:15:39+00:00","twitter_card":"summary_large_image","twitter_misc":{"Est. reading time":"1 minuto"},"schema":{"@context":"https:\/\/schema.org","@graph":[{"@type":"WebPage","@id":"https:\/\/journalismcourses.org\/pt-br\/cursos-e-recursos-sobre-a-covid-19\/","url":"https:\/\/journalismcourses.org\/pt-br\/cursos-e-recursos-sobre-a-covid-19\/","name":"Cursos e Recursos sobre a COVID-19 - Journalism Courses by Knight Center","isPartOf":{"@id":"https:\/\/journalismcourses.org\/pt-br\/#website"},"datePublished":"2022-02-14T17:53:22+00:00","dateModified":"2022-05-13T15:15:39+00:00","breadcrumb":{"@id":"https:\/\/journalismcourses.org\/pt-br\/cursos-e-recursos-sobre-a-covid-19\/#breadcrumb"},"inLanguage":"pt-BR","potentialAction":[{"@type":"ReadAction","target":["https:\/\/journalismcourses.org\/pt-br\/cursos-e-recursos-sobre-a-covid-19\/"]}]},{"@type":"BreadcrumbList","@id":"https:\/\/journalismcourses.org\/pt-br\/cursos-e-recursos-sobre-a-covid-19\/#breadcrumb","itemListElement":[{"@type":"ListItem","position":1,"name":"Home","item":"https:\/\/journalismcourses.org\/pt-br\/"},{"@type":"ListItem","position":2,"name":"Cursos e Recursos sobre a COVID-19"}]},{"@type":"WebSite","@id":"https:\/\/journalismcourses.org\/pt-br\/#website","url":"https:\/\/journalismcourses.org\/pt-br\/","name":"Journalism Courses by Knight Center","description":"Online courses for journalists","potentialAction":[{"@type":"SearchAction","target":{"@type":"EntryPoint","urlTemplate":"https:\/\/journalismcourses.org\/pt-br\/?s={search_term_string}"},"query-input":{"@type":"PropertyValueSpecification","valueRequired":true,"valueName":"search_term_string"}}],"inLanguage":"pt-BR"}]}},"_links":{"self":[{"href":"https:\/\/journalismcourses.org\/pt-br\/wp-json\/wp\/v2\/pages\/14358","targetHints":{"allow":["GET"]}}],"collection":[{"href":"https:\/\/journalismcourses.org\/pt-br\/wp-json\/wp\/v2\/pages"}],"about":[{"href":"https:\/\/journalismcourses.org\/pt-br\/wp-json\/wp\/v2\/types\/page"}],"author":[{"embeddable":true,"href":"https:\/\/journalismcourses.org\/pt-br\/wp-json\/wp\/v2\/users\/2"}],"replies":[{"embeddable":true,"href":"https:\/\/journalismcourses.org\/pt-br\/wp-json\/wp\/v2\/comments?post=14358"}],"version-history":[{"count":17,"href":"https:\/\/journalismcourses.org\/pt-br\/wp-json\/wp\/v2\/pages\/14358\/revisions"}],"predecessor-version":[{"id":15280,"href":"https:\/\/journalismcourses.org\/pt-br\/wp-json\/wp\/v2\/pages\/14358\/revisions\/15280"}],"wp:attachment":[{"href":"https:\/\/journalismcourses.org\/pt-br\/wp-json\/wp\/v2\/media?parent=14358"}],"wp:term":[{"taxonomy":"wf_page_folders","embeddable":true,"href":"https:\/\/journalismcourses.org\/pt-br\/wp-json\/wp\/v2\/wf_page_folders?post=14358"}],"curies":[{"name":"wp","href":"https:\/\/api.w.org\/{rel}","templated":true}]}}