{"id":12698,"date":"2021-11-02T10:19:38","date_gmt":"2021-11-02T15:19:38","guid":{"rendered":"https:\/\/dev-journalismcourses.pantheonsite.io\/?page_id=12698"},"modified":"2021-11-05T10:42:02","modified_gmt":"2021-11-05T15:42:02","slug":"webinar-edicao-em-jornalismo-cientifico","status":"publish","type":"page","link":"https:\/\/journalismcourses.org\/pt-br\/eventos\/webinar-edicao-em-jornalismo-cientifico\/","title":{"rendered":"WEBINAR: Edi\u00e7\u00e3o em Jornalismo Cient\u00edfico"},"content":{"rendered":"<p><img fetchpriority=\"high\" decoding=\"async\" class=\"aligncenter wp-image-12699 size-large\" src=\"https:\/\/test-journalismcourses.pantheonsite.io\/wp-content\/uploads\/2021\/11\/Banner-for-Science-Journalism-Manual-2-1024x576.png\" alt=\"Banner for Science Journalism Manual-2\" width=\"1024\" height=\"576\" srcset=\"https:\/\/journalismcourses.org\/wp-content\/uploads\/2021\/11\/Banner-for-Science-Journalism-Manual-2-1024x576.png 1024w, https:\/\/journalismcourses.org\/wp-content\/uploads\/2021\/11\/Banner-for-Science-Journalism-Manual-2-300x169.png 300w, https:\/\/journalismcourses.org\/wp-content\/uploads\/2021\/11\/Banner-for-Science-Journalism-Manual-2-768x432.png 768w, https:\/\/journalismcourses.org\/wp-content\/uploads\/2021\/11\/Banner-for-Science-Journalism-Manual-2-1536x864.png 1536w, https:\/\/journalismcourses.org\/wp-content\/uploads\/2021\/11\/Banner-for-Science-Journalism-Manual-2.png 1920w\" sizes=\"(max-width: 1024px) 100vw, 1024px\" \/><\/p>\n<h1 style=\"text-align: center;\"><span style=\"color: #000000; font-size: 24pt;\">EDI\u00c7\u00c3O EM JORNALISMO CIENT\u00cdFICO<\/span><\/h1>\n<p style=\"text-align: center;\"><strong>Webinar de lan\u00e7amento do Manual de Edi\u00e7\u00e3o do programa KSJ do MIT<\/strong><\/p>\n<p style=\"text-align: center;\">5 de novembro de 2021, 12:00 &#8211; 13:00 <a href=\"https:\/\/www.timeanddate.com\/worldclock\/converter.html?iso=20211105T150000&amp;p1=45\">Hor\u00e1rio de Bras\u00edlia<\/a><\/p>\n<p style=\"text-align: center;\"><a href=\"https:\/\/utexas.zoom.us\/j\/93958671747\"><strong>Clique aqui<\/strong><\/a> para participar no Zoom (n\u00e3o precisa inscri\u00e7\u00e3o pr\u00e9via)<\/p>\n<p style=\"text-align: center;\">A live tamb\u00e9m estar\u00e1 no <a href=\"https:\/\/www.youtube.com\/c\/KnightCenterCourses\">canal do Centro Knight no YouTube<\/a><\/p>\n<p style=\"text-align: center;\"><a href=\"https:\/\/test-journalismcourses.pantheonsite.io\/pt-br\/ebook\/manual-de-edicao-em-jornalismo-cientifico\/\"><strong>Aqui est\u00e1 o link<\/strong><\/a> para baixar o Manual de Edi\u00e7\u00e3o em Jornalismo Cient\u00edfico.<\/p>\n<p>&nbsp;<\/p>\n<p>Na sexta-feira, 5 de novembro, o Centro Knight para o Jornalismo nas Am\u00e9ricas e o Instituto Serrapilheira, do Brasil, publicar\u00e3o a tradu\u00e7\u00e3o para o portugu\u00eas do KSJ Science Editing Handbook durante um webinar especial.<\/p>\n<p>A equipe de quatro jornalistas cient\u00edficos brasileiros que trabalharam na tradu\u00e7\u00e3o e adapta\u00e7\u00e3o do manual para a vers\u00e3o em portugu\u00eas vai discutir os destaques do livro e sua utilidade para jornalistas que cobrem temas de ci\u00eancia e sa\u00fade. Eles tamb\u00e9m v\u00e3o discutir a situa\u00e7\u00e3o atual da cobertura de ci\u00eancia e sa\u00fade pelos jornalistas brasileiros.<\/p>\n<hr \/>\n<h3 style=\"text-align: center;\"><span style=\"color: #000000;\"><strong>ORADORES<\/strong><\/span><\/h3>\n<hr \/>\n<h3><span style=\"color: #000000;\"><b>Thiago Medaglia<\/b><\/span><\/h3>\n<p style=\"font-weight: 500;\"><span style=\"color: #000000;\"><img decoding=\"async\" class=\"wp-image-11753 size-medium alignleft\" style=\"border-radius: 150px;\" src=\"https:\/\/test-journalismcourses.pantheonsite.io\/wp-content\/uploads\/2021\/08\/Thiago_Medaglia_KSJ_Headshot-300x300.jpeg\" alt=\"Thiago Medaglia\" width=\"300\" height=\"300\" srcset=\"https:\/\/journalismcourses.org\/wp-content\/uploads\/2021\/08\/Thiago_Medaglia_KSJ_Headshot.jpeg 300w, https:\/\/journalismcourses.org\/wp-content\/uploads\/2021\/08\/Thiago_Medaglia_KSJ_Headshot-150x150.jpeg 150w\" sizes=\"(max-width: 300px) 100vw, 300px\" \/><b><\/b><\/span><\/p>\n<p><span style=\"color: #000000;\">Thiago Medaglia \u00e9 um jornalista brasileiro especializado em ci\u00eancia e meio ambiente, al\u00e9m de escritor e fundador da Ambiental Media (<a style=\"color: #000000;\" href=\"https:\/\/ambiental.media\/\">https:\/\/ambiental.media\/<\/a>). Ex-editor no InfoAmazonia.Org e na Mongabay, rep\u00f3rter independente da revista National Geographic Brasil, onde j\u00e1 trabalhou como editor (2010-2013). Fellow do Centro Internacional para Jornalistas no programa &#8220;Um caminho digital para o empreendedorismo na Am\u00e9rica Latina&#8221; (ICFJ, 2015); p\u00f3s-graduado em Jornalismo Empreendedor pela City University de Nova York (Cuny, 2016); palestrante nas duas \u00faltimas edi\u00e7\u00f5es da Confer\u00eancia Mundial de Jornalismo Cient\u00edfico (WCSJ, 2017, 2019); bolsista do Programa Knight de Jornalismo Cient\u00edfico do MIT (KSJ-MIT, 2020); bolsista do Instituto Serrapilheira com a Ambiental Media (2021); e atualmente estudante de mestrado no Departamento de Hist\u00f3ria da Ci\u00eancia em Harvard.<\/span><\/p>\n<p><strong><a href=\"https:\/\/twitter.com\/thiagomedaglia\">@thiagomedaglia<\/a><\/strong><\/p>\n<hr \/>\n<h3><span style=\"color: #000000;\"><b>Andr\u00e9 Biernath<\/b><\/span><\/h3>\n<p style=\"font-weight: 500;\"><span style=\"color: #000000;\"><img decoding=\"async\" class=\"wp-image-10888 size-medium alignleft\" style=\"border-radius: 150px;\" src=\"https:\/\/test-journalismcourses.pantheonsite.io\/wp-content\/uploads\/2021\/05\/Andre-Biernath-300x300.jpg\" alt=\"Andre Biernath\" width=\"300\" height=\"300\" srcset=\"https:\/\/journalismcourses.org\/wp-content\/uploads\/2021\/05\/Andre-Biernath-300x300.jpg 300w, https:\/\/journalismcourses.org\/wp-content\/uploads\/2021\/05\/Andre-Biernath-150x150.jpg 150w, https:\/\/journalismcourses.org\/wp-content\/uploads\/2021\/05\/Andre-Biernath.jpg 400w\" sizes=\"(max-width: 300px) 100vw, 300px\" \/><b><\/b><\/span><\/p>\n<p><span style=\"color: #000000;\">Andr\u00e9 Biernath \u00e9 jornalista de sa\u00fade e ci\u00eancia e atualmente trabalha como rep\u00f3rter da BBC News Brasil, em S\u00e3o Paulo.<\/span><\/p>\n<p><span style=\"color: #000000;\">Trabalhou entre fevereiro de 2011 e setembro de 2020 em Veja Sa\u00fade, publica\u00e7\u00e3o da Editora Abril, onde foi estagi\u00e1rio, rep\u00f3rter e rep\u00f3rter especial. Pela publica\u00e7\u00e3o, cobriu mais de 100 congressos cient\u00edficos nacionais e internacionais, foi co-autor de dois livros e finalista em 11 pr\u00eamios de jornalismo.<\/span><\/p>\n<p><span style=\"color: #000000;\">Entre as premia\u00e7\u00f5es, destacam-se o Pr\u00eamio de Jornalismo \u201cFique em Casa\u201d &#8211; Funda\u00e7\u00e3o Merck 2020, o Pr\u00eamio Longevidade de Jornalismo da Bradesco Seguros 2018, Pr\u00eamio de Jornalismo Sociedade Brasileira de Reumatologia\/Pfizer 2017, o Pr\u00eamio Abril de Jornalismo 2017, a Medalha de Bronze em Infografia no Malofiej 25 e o Pr\u00eamio Medtronic de Jornalismo 2011.<\/span><\/p>\n<p><span style=\"color: #000000;\">O jornalista \u00e9 um dos fundadores e foi o primeiro presidente eleito da Rede Brasileira de Jornalistas e Comunicadores de Ci\u00eancia (RedeComCi\u00eancia) entre os anos de 2019 e 2020.<\/span><\/p>\n<p><strong><a href=\"https:\/\/twitter.com\/andre_biernath\">@andre_biernath<\/a><\/strong><\/p>\n<hr \/>\n<h3 class=\"iw\"><span class=\"qu\" style=\"color: #000000;\" tabindex=\"-1\" role=\"gridcell\" translate=\"no\"><span class=\"gD\" data-hovercard-id=\"meghie@gmail.com\" data-hovercard-owner-id=\"114\">Meghie Rodrigues<\/span><\/span><\/h3>\n<p style=\"font-weight: 500;\"><span style=\"color: #000000;\"><img loading=\"lazy\" decoding=\"async\" class=\"wp-image-12709 size-medium alignleft\" style=\"border-radius: 150px;\" src=\"https:\/\/test-journalismcourses.pantheonsite.io\/wp-content\/uploads\/2021\/11\/meghie-300x300.jpg\" alt=\"Meghie Rodrigues\" width=\"300\" height=\"300\" srcset=\"https:\/\/journalismcourses.org\/wp-content\/uploads\/2021\/11\/meghie-300x300.jpg 300w, https:\/\/journalismcourses.org\/wp-content\/uploads\/2021\/11\/meghie-150x150.jpg 150w, https:\/\/journalismcourses.org\/wp-content\/uploads\/2021\/11\/meghie.jpg 400w\" sizes=\"(max-width: 300px) 100vw, 300px\" \/><b><\/b><\/span><\/p>\n<p><span style=\"color: #000000;\">Meghie Rodrigues \u00e9 jornalista freelancer e vice-presidente da Rede Brasileira de Jornalistas e Comunicadores de Ci\u00eancia (RedeComCi\u00eancia). Cobre ci\u00eancia e meio ambiente para a m\u00eddia especializada brasileira e estrangeira &#8211; dentre os ve\u00edculos com os quais colabora est\u00e3o Nature, Thomson Reuters Foundation, Eos, Scientific American e SciDev.Net. Atualmente, tamb\u00e9m pesquisa desinforma\u00e7\u00e3o sobre mudan\u00e7as clim\u00e1ticas em seu doutorado na Universidade Estadual de Campinas (Unicamp).<\/span><\/p>\n<p><strong><a href=\"https:\/\/twitter.com\/meghier\">@meghier<\/a><\/strong><\/p>\n<p>&nbsp;<\/p>\n<hr \/>\n<h3 class=\"iw\"><span class=\"qu\" style=\"color: #000000;\" tabindex=\"-1\" role=\"gridcell\" translate=\"no\"><span class=\"gD\" data-hovercard-id=\"meghie@gmail.com\" data-hovercard-owner-id=\"114\">Juliane Duarte<\/span><\/span><\/h3>\n<p style=\"font-weight: 500;\"><span style=\"color: #000000;\"><img loading=\"lazy\" decoding=\"async\" class=\"wp-image-12720 size-medium alignleft\" style=\"border-radius: 150px;\" src=\"https:\/\/test-journalismcourses.pantheonsite.io\/wp-content\/uploads\/2021\/11\/Juliane-Duarte-300x300.png\" alt=\"Juliane Duarte\" width=\"300\" height=\"300\" srcset=\"https:\/\/journalismcourses.org\/wp-content\/uploads\/2021\/11\/Juliane-Duarte.png 300w, https:\/\/journalismcourses.org\/wp-content\/uploads\/2021\/11\/Juliane-Duarte-150x150.png 150w\" sizes=\"(max-width: 300px) 100vw, 300px\" \/><b><\/b><\/span><\/p>\n<p>Juliane Duarte atua na interface entre comunica\u00e7\u00e3o de ci\u00eancia, sustentabilidade e assuntos p\u00fablicos (<i>public affairs<\/i>). Soma experi\u00eancia em divulga\u00e7\u00e3o cient\u00edfica e estrat\u00e9gias digitais com projetos direcionados ao p\u00fablico geral e imprensa, especialmente, desenvolvidos enquanto\u00a0coordenadora da \u00e1rea de\u00a0comunica\u00e7\u00e3o do Instituto de Ci\u00eancias Biom\u00e9dicas da Universidade de S\u00e3o Paulo, de 2011 a 2018, e diretora de comunica\u00e7\u00e3o da Rede Brasileira de Jornalistas e Comunicadores de Ci\u00eancia, entre os anos de 2018 e 2020.<i>\u00a0<\/i>Na \u00e1rea de sustentabilidade, j\u00e1 atendeu organiza\u00e7\u00f5es como Natura (2021) e Hospital A.C.Camargo <i>Cancer Center <\/i>(2020) como consultora corporativa para gest\u00e3o de indicadores, m\u00e9tricas e processos de relato com base em agendas e padr\u00f5es globais, como\u00a0 Agenda 2030, GRI, SBTi e SASB. \u00c9 formada em Comunica\u00e7\u00e3o Social &#8211; Rela\u00e7\u00f5es P\u00fablicas e Mestre em Ci\u00eancias da Comunica\u00e7\u00e3o pela Universidade de S\u00e3o Paulo (USP), bem como professora convidada da Escola de Comunica\u00e7\u00f5es e Artes (ECA) e pesquisadora do Observat\u00f3rio de Comunica\u00e7\u00e3o, Responsabilidade Social e Sustentabilidade\u00a0da USP.<\/p>\n<p>&nbsp;<\/p>\n<hr \/>\n<h3 class=\"iw\"><span class=\"qu\" style=\"color: #000000;\" tabindex=\"-1\" role=\"gridcell\" translate=\"no\"><span class=\"gD\" data-hovercard-id=\"meghie@gmail.com\" data-hovercard-owner-id=\"114\">Mariana Lenharo<\/span><\/span><\/h3>\n<p style=\"font-weight: 500;\"><span style=\"color: #000000;\"><img loading=\"lazy\" decoding=\"async\" class=\"wp-image-12729 size-medium alignleft\" style=\"border-radius: 150px;\" src=\"https:\/\/test-journalismcourses.pantheonsite.io\/wp-content\/uploads\/2021\/11\/Mariana-Lenharo-300x300.png\" alt=\"Mariana Lenharo\" width=\"300\" height=\"300\" srcset=\"https:\/\/journalismcourses.org\/wp-content\/uploads\/2021\/11\/Mariana-Lenharo.png 300w, https:\/\/journalismcourses.org\/wp-content\/uploads\/2021\/11\/Mariana-Lenharo-150x150.png 150w\" sizes=\"(max-width: 300px) 100vw, 300px\" \/><b><\/b><\/span><\/p>\n<p>Mariana Lenharo \u00e9 uma jornalista com mais de 10 anos de experi\u00eancia na cobertura de sa\u00fade e ci\u00eancia. Tendo reportado sobre uma ampla gama de temas, incluindo astrof\u00edsica, neuroci\u00eancia e mudan\u00e7as clim\u00e1ticas, desenvolveu um interesse especial por sa\u00fade p\u00fablica e medicina baseada em evid\u00eancias. Depois de ter atuado em reda\u00e7\u00f5es de publica\u00e7\u00f5es como o Estado de S\u00e3o Paulo, Folha de S.Paulo e G1, Mariana se estabeleceu como jornalista freelancer, com mat\u00e9rias publicadas em ve\u00edculos brasileiros e internacionais como Scientific American, Elemental, Undark e BBC News Brasil. \u00c9 bacharel em Jornalismo pela Universidade de S\u00e3o Paulo (USP) e mestre em jornalismo cient\u00edfico pela Columbia University.<\/p>\n<p><strong><a href=\"https:\/\/twitter.com\/marilenharo\">@marilenharo<\/a><\/strong><\/p>\n","protected":false},"excerpt":{"rendered":"<p>EDI\u00c7\u00c3O EM JORNALISMO CIENT\u00cdFICO Webinar de lan\u00e7amento do Manual de Edi\u00e7\u00e3o do programa KSJ do MIT 5 de novembro de 2021, 12:00 &#8211; 13:00 Hor\u00e1rio de Bras\u00edlia Clique aqui para participar no Zoom (n\u00e3o precisa inscri\u00e7\u00e3o pr\u00e9via) A live tamb\u00e9m estar\u00e1 no canal do Centro Knight no YouTube Aqui est\u00e1 o link para baixar o [&hellip;]<\/p>\n","protected":false},"author":3,"featured_media":0,"parent":9462,"menu_order":0,"comment_status":"closed","ping_status":"closed","template":"","meta":{"_acf_changed":false,"productId":0,"courseId":0,"footnotes":""},"wf_page_folders":[],"class_list":["post-12698","page","type-page","status-publish","hentry"],"acf":[],"yoast_head":"<!-- This site is optimized with the Yoast SEO Premium plugin v22.9 (Yoast SEO v27.3) - https:\/\/yoast.com\/product\/yoast-seo-premium-wordpress\/ -->\n<title>WEBINAR: Edi\u00e7\u00e3o em Jornalismo Cient\u00edfico - Journalism Courses by Knight Center<\/title>\n<meta name=\"robots\" content=\"index, follow, max-snippet:-1, max-image-preview:large, max-video-preview:-1\" \/>\n<link rel=\"canonical\" href=\"https:\/\/journalismcourses.org\/pt-br\/eventos\/webinar-edicao-em-jornalismo-cientifico\/\" \/>\n<meta property=\"og:locale\" content=\"pt_BR\" \/>\n<meta property=\"og:type\" content=\"article\" \/>\n<meta property=\"og:title\" content=\"WEBINAR: Edi\u00e7\u00e3o em Jornalismo Cient\u00edfico\" \/>\n<meta property=\"og:description\" content=\"EDI\u00c7\u00c3O EM JORNALISMO CIENT\u00cdFICO Webinar de lan\u00e7amento do Manual de Edi\u00e7\u00e3o do programa KSJ do MIT 5 de novembro de 2021, 12:00 &#8211; 13:00 Hor\u00e1rio de Bras\u00edlia Clique aqui para participar no Zoom (n\u00e3o precisa inscri\u00e7\u00e3o pr\u00e9via) A live tamb\u00e9m estar\u00e1 no canal do Centro Knight no YouTube Aqui est\u00e1 o link para baixar o [&hellip;]\" \/>\n<meta property=\"og:url\" content=\"https:\/\/journalismcourses.org\/pt-br\/eventos\/webinar-edicao-em-jornalismo-cientifico\/\" \/>\n<meta property=\"og:site_name\" content=\"Journalism Courses by Knight Center\" \/>\n<meta property=\"article:modified_time\" content=\"2021-11-05T15:42:02+00:00\" \/>\n<meta property=\"og:image\" content=\"https:\/\/test-journalismcourses.pantheonsite.io\/wp-content\/uploads\/2021\/11\/Banner-for-Science-Journalism-Manual-2-1024x576.png\" \/>\n<meta name=\"twitter:card\" content=\"summary_large_image\" \/>\n<meta name=\"twitter:label1\" content=\"Est. reading time\" \/>\n\t<meta name=\"twitter:data1\" content=\"4 minutos\" \/>\n<script type=\"application\/ld+json\" class=\"yoast-schema-graph\">{\"@context\":\"https:\\\/\\\/schema.org\",\"@graph\":[{\"@type\":\"WebPage\",\"@id\":\"https:\\\/\\\/journalismcourses.org\\\/pt-br\\\/eventos\\\/webinar-edicao-em-jornalismo-cientifico\\\/\",\"url\":\"https:\\\/\\\/journalismcourses.org\\\/pt-br\\\/eventos\\\/webinar-edicao-em-jornalismo-cientifico\\\/\",\"name\":\"WEBINAR: Edi\u00e7\u00e3o em Jornalismo Cient\u00edfico - Journalism Courses by Knight Center\",\"isPartOf\":{\"@id\":\"https:\\\/\\\/journalismcourses.org\\\/pt-br\\\/#website\"},\"primaryImageOfPage\":{\"@id\":\"https:\\\/\\\/journalismcourses.org\\\/pt-br\\\/eventos\\\/webinar-edicao-em-jornalismo-cientifico\\\/#primaryimage\"},\"image\":{\"@id\":\"https:\\\/\\\/journalismcourses.org\\\/pt-br\\\/eventos\\\/webinar-edicao-em-jornalismo-cientifico\\\/#primaryimage\"},\"thumbnailUrl\":\"https:\\\/\\\/test-journalismcourses.pantheonsite.io\\\/wp-content\\\/uploads\\\/2021\\\/11\\\/Banner-for-Science-Journalism-Manual-2-1024x576.png\",\"datePublished\":\"2021-11-02T15:19:38+00:00\",\"dateModified\":\"2021-11-05T15:42:02+00:00\",\"breadcrumb\":{\"@id\":\"https:\\\/\\\/journalismcourses.org\\\/pt-br\\\/eventos\\\/webinar-edicao-em-jornalismo-cientifico\\\/#breadcrumb\"},\"inLanguage\":\"pt-BR\",\"potentialAction\":[{\"@type\":\"ReadAction\",\"target\":[\"https:\\\/\\\/journalismcourses.org\\\/pt-br\\\/eventos\\\/webinar-edicao-em-jornalismo-cientifico\\\/\"]}]},{\"@type\":\"ImageObject\",\"inLanguage\":\"pt-BR\",\"@id\":\"https:\\\/\\\/journalismcourses.org\\\/pt-br\\\/eventos\\\/webinar-edicao-em-jornalismo-cientifico\\\/#primaryimage\",\"url\":\"https:\\\/\\\/test-journalismcourses.pantheonsite.io\\\/wp-content\\\/uploads\\\/2021\\\/11\\\/Banner-for-Science-Journalism-Manual-2-1024x576.png\",\"contentUrl\":\"https:\\\/\\\/test-journalismcourses.pantheonsite.io\\\/wp-content\\\/uploads\\\/2021\\\/11\\\/Banner-for-Science-Journalism-Manual-2-1024x576.png\"},{\"@type\":\"BreadcrumbList\",\"@id\":\"https:\\\/\\\/journalismcourses.org\\\/pt-br\\\/eventos\\\/webinar-edicao-em-jornalismo-cientifico\\\/#breadcrumb\",\"itemListElement\":[{\"@type\":\"ListItem\",\"position\":1,\"name\":\"Home\",\"item\":\"https:\\\/\\\/journalismcourses.org\\\/pt-br\\\/\"},{\"@type\":\"ListItem\",\"position\":2,\"name\":\"Eventos\",\"item\":\"https:\\\/\\\/journalismcourses.org\\\/pt-br\\\/eventos\\\/\"},{\"@type\":\"ListItem\",\"position\":3,\"name\":\"WEBINAR: Edi\u00e7\u00e3o em Jornalismo Cient\u00edfico\"}]},{\"@type\":\"WebSite\",\"@id\":\"https:\\\/\\\/journalismcourses.org\\\/pt-br\\\/#website\",\"url\":\"https:\\\/\\\/journalismcourses.org\\\/pt-br\\\/\",\"name\":\"Journalism Courses by Knight Center\",\"description\":\"Online courses for journalists\",\"potentialAction\":[{\"@type\":\"SearchAction\",\"target\":{\"@type\":\"EntryPoint\",\"urlTemplate\":\"https:\\\/\\\/journalismcourses.org\\\/pt-br\\\/?s={search_term_string}\"},\"query-input\":{\"@type\":\"PropertyValueSpecification\",\"valueRequired\":true,\"valueName\":\"search_term_string\"}}],\"inLanguage\":\"pt-BR\"}]}<\/script>\n<!-- \/ Yoast SEO Premium plugin. -->","yoast_head_json":{"title":"WEBINAR: Edi\u00e7\u00e3o em Jornalismo Cient\u00edfico - Journalism Courses by Knight Center","robots":{"index":"index","follow":"follow","max-snippet":"max-snippet:-1","max-image-preview":"max-image-preview:large","max-video-preview":"max-video-preview:-1"},"canonical":"https:\/\/journalismcourses.org\/pt-br\/eventos\/webinar-edicao-em-jornalismo-cientifico\/","og_locale":"pt_BR","og_type":"article","og_title":"WEBINAR: Edi\u00e7\u00e3o em Jornalismo Cient\u00edfico","og_description":"EDI\u00c7\u00c3O EM JORNALISMO CIENT\u00cdFICO Webinar de lan\u00e7amento do Manual de Edi\u00e7\u00e3o do programa KSJ do MIT 5 de novembro de 2021, 12:00 &#8211; 13:00 Hor\u00e1rio de Bras\u00edlia Clique aqui para participar no Zoom (n\u00e3o precisa inscri\u00e7\u00e3o pr\u00e9via) A live tamb\u00e9m estar\u00e1 no canal do Centro Knight no YouTube Aqui est\u00e1 o link para baixar o [&hellip;]","og_url":"https:\/\/journalismcourses.org\/pt-br\/eventos\/webinar-edicao-em-jornalismo-cientifico\/","og_site_name":"Journalism Courses by Knight Center","article_modified_time":"2021-11-05T15:42:02+00:00","og_image":[{"url":"https:\/\/test-journalismcourses.pantheonsite.io\/wp-content\/uploads\/2021\/11\/Banner-for-Science-Journalism-Manual-2-1024x576.png","type":"","width":"","height":""}],"twitter_card":"summary_large_image","twitter_misc":{"Est. reading time":"4 minutos"},"schema":{"@context":"https:\/\/schema.org","@graph":[{"@type":"WebPage","@id":"https:\/\/journalismcourses.org\/pt-br\/eventos\/webinar-edicao-em-jornalismo-cientifico\/","url":"https:\/\/journalismcourses.org\/pt-br\/eventos\/webinar-edicao-em-jornalismo-cientifico\/","name":"WEBINAR: Edi\u00e7\u00e3o em Jornalismo Cient\u00edfico - Journalism Courses by Knight Center","isPartOf":{"@id":"https:\/\/journalismcourses.org\/pt-br\/#website"},"primaryImageOfPage":{"@id":"https:\/\/journalismcourses.org\/pt-br\/eventos\/webinar-edicao-em-jornalismo-cientifico\/#primaryimage"},"image":{"@id":"https:\/\/journalismcourses.org\/pt-br\/eventos\/webinar-edicao-em-jornalismo-cientifico\/#primaryimage"},"thumbnailUrl":"https:\/\/test-journalismcourses.pantheonsite.io\/wp-content\/uploads\/2021\/11\/Banner-for-Science-Journalism-Manual-2-1024x576.png","datePublished":"2021-11-02T15:19:38+00:00","dateModified":"2021-11-05T15:42:02+00:00","breadcrumb":{"@id":"https:\/\/journalismcourses.org\/pt-br\/eventos\/webinar-edicao-em-jornalismo-cientifico\/#breadcrumb"},"inLanguage":"pt-BR","potentialAction":[{"@type":"ReadAction","target":["https:\/\/journalismcourses.org\/pt-br\/eventos\/webinar-edicao-em-jornalismo-cientifico\/"]}]},{"@type":"ImageObject","inLanguage":"pt-BR","@id":"https:\/\/journalismcourses.org\/pt-br\/eventos\/webinar-edicao-em-jornalismo-cientifico\/#primaryimage","url":"https:\/\/test-journalismcourses.pantheonsite.io\/wp-content\/uploads\/2021\/11\/Banner-for-Science-Journalism-Manual-2-1024x576.png","contentUrl":"https:\/\/test-journalismcourses.pantheonsite.io\/wp-content\/uploads\/2021\/11\/Banner-for-Science-Journalism-Manual-2-1024x576.png"},{"@type":"BreadcrumbList","@id":"https:\/\/journalismcourses.org\/pt-br\/eventos\/webinar-edicao-em-jornalismo-cientifico\/#breadcrumb","itemListElement":[{"@type":"ListItem","position":1,"name":"Home","item":"https:\/\/journalismcourses.org\/pt-br\/"},{"@type":"ListItem","position":2,"name":"Eventos","item":"https:\/\/journalismcourses.org\/pt-br\/eventos\/"},{"@type":"ListItem","position":3,"name":"WEBINAR: Edi\u00e7\u00e3o em Jornalismo Cient\u00edfico"}]},{"@type":"WebSite","@id":"https:\/\/journalismcourses.org\/pt-br\/#website","url":"https:\/\/journalismcourses.org\/pt-br\/","name":"Journalism Courses by Knight Center","description":"Online courses for journalists","potentialAction":[{"@type":"SearchAction","target":{"@type":"EntryPoint","urlTemplate":"https:\/\/journalismcourses.org\/pt-br\/?s={search_term_string}"},"query-input":{"@type":"PropertyValueSpecification","valueRequired":true,"valueName":"search_term_string"}}],"inLanguage":"pt-BR"}]}},"_links":{"self":[{"href":"https:\/\/journalismcourses.org\/pt-br\/wp-json\/wp\/v2\/pages\/12698","targetHints":{"allow":["GET"]}}],"collection":[{"href":"https:\/\/journalismcourses.org\/pt-br\/wp-json\/wp\/v2\/pages"}],"about":[{"href":"https:\/\/journalismcourses.org\/pt-br\/wp-json\/wp\/v2\/types\/page"}],"author":[{"embeddable":true,"href":"https:\/\/journalismcourses.org\/pt-br\/wp-json\/wp\/v2\/users\/3"}],"replies":[{"embeddable":true,"href":"https:\/\/journalismcourses.org\/pt-br\/wp-json\/wp\/v2\/comments?post=12698"}],"version-history":[{"count":23,"href":"https:\/\/journalismcourses.org\/pt-br\/wp-json\/wp\/v2\/pages\/12698\/revisions"}],"predecessor-version":[{"id":12780,"href":"https:\/\/journalismcourses.org\/pt-br\/wp-json\/wp\/v2\/pages\/12698\/revisions\/12780"}],"up":[{"embeddable":true,"href":"https:\/\/journalismcourses.org\/pt-br\/wp-json\/wp\/v2\/pages\/9462"}],"wp:attachment":[{"href":"https:\/\/journalismcourses.org\/pt-br\/wp-json\/wp\/v2\/media?parent=12698"}],"wp:term":[{"taxonomy":"wf_page_folders","embeddable":true,"href":"https:\/\/journalismcourses.org\/pt-br\/wp-json\/wp\/v2\/wf_page_folders?post=12698"}],"curies":[{"name":"wp","href":"https:\/\/api.w.org\/{rel}","templated":true}]}}