{"id":12162,"date":"2021-10-15T10:53:29","date_gmt":"2021-10-15T15:53:29","guid":{"rendered":"https:\/\/dev-journalismcourses.pantheonsite.io\/?page_id=12162"},"modified":"2021-11-19T10:59:32","modified_gmt":"2021-11-19T16:59:32","slug":"webinar-polarizacao-desinformacao-america-latina","status":"publish","type":"page","link":"https:\/\/journalismcourses.org\/pt-br\/eventos\/webinar-polarizacao-desinformacao-america-latina\/","title":{"rendered":"Webinar LLILAS Knight Center &#8211; Programa"},"content":{"rendered":"<p><img fetchpriority=\"high\" decoding=\"async\" class=\"aligncenter wp-image-12724 size-full\" src=\"https:\/\/test-journalismcourses.pantheonsite.io\/wp-content\/uploads\/2021\/11\/Portuguese-Web-Banner-2.png\" alt=\"Portuguese Web Banner-2\" width=\"1024\" height=\"576\" srcset=\"https:\/\/journalismcourses.org\/wp-content\/uploads\/2021\/11\/Portuguese-Web-Banner-2.png 1024w, https:\/\/journalismcourses.org\/wp-content\/uploads\/2021\/11\/Portuguese-Web-Banner-2-300x169.png 300w, https:\/\/journalismcourses.org\/wp-content\/uploads\/2021\/11\/Portuguese-Web-Banner-2-768x432.png 768w\" sizes=\"(max-width: 1024px) 100vw, 1024px\" \/><\/p>\n<p>&nbsp;<\/p>\n<div class=\"su-row\">\n<div class=\"su-column su-column-size-1-3\"><div class=\"su-column-inner su-u-clearfix su-u-trim\"><div class=\"su-button-center\"><a href=\"https:\/\/test-journalismcourses.pantheonsite.io\/pt-br\/eventos\/webinar-polarizacao-desinformacao-america-latina\/#programa2\" class=\"su-button su-button-style-default test\" style=\"color:#ffffff;background-color:#c36637;border-color:#9c522c;border-radius:5px\" target=\"_self\"><span style=\"color:#ffffff;padding:0px 24px;font-size:18px;line-height:36px;border-color:#d59473;border-radius:5px;text-shadow:none\"> Programa<\/span><\/a><\/div><\/div><\/div>\n<div class=\"su-column su-column-size-1-3\"><div class=\"su-column-inner su-u-clearfix su-u-trim\"><div class=\"su-button-center\"><a href=\"https:\/\/test-journalismcourses.pantheonsite.io\/pt-br\/eventos\/webinar-polarizacao-desinformacao-america-latina\/palestrantes\/\" class=\"su-button su-button-style-default test\" style=\"color:#ffffff;background-color:#c36637;border-color:#9c522c;border-radius:5px\" target=\"__blank\"><span style=\"color:#ffffff;padding:0px 24px;font-size:18px;line-height:36px;border-color:#d59473;border-radius:5px;text-shadow:none\"> Palestrantes<\/span><\/a><\/div><\/div><\/div>\n<div class=\"su-column su-column-size-1-3\"><div class=\"su-column-inner su-u-clearfix su-u-trim\"><div class=\"su-button-center\"><a href=\"https:\/\/utexas.zoom.us\/webinar\/register\/WN_imNFvQf2SyuxJmTeQ892_Q\" class=\"su-button su-button-style-default test\" style=\"color:#ffffff;background-color:#c36637;border-color:#9c522c;border-radius:5px\" target=\"__blank\"><span style=\"color:#ffffff;padding:0px 24px;font-size:18px;line-height:36px;border-color:#d59473;border-radius:5px;text-shadow:none\"> Inscreva-se<\/span><\/a><\/div><\/div><\/div>\n<\/div>\n<p>&nbsp;<\/p>\n<h1 dir=\"ltr\" style=\"text-align: center;\"><span style=\"color: #333333;\">Jornalismo em tempos de polariza\u00e7\u00e3o e desinforma\u00e7\u00e3o na Am\u00e9rica Latina<\/span><\/h1>\n<h2 style=\"text-align: center;\"><strong>9 de novembro de 2021, <a href=\"https:\/\/www.timeanddate.com\/worldclock\/converter.html?iso=20211109T200000&amp;p1=24\">14:00 &#8211; 17:00 Hor\u00e1rio Central dos EUA<\/a><\/strong><\/h2>\n<p>&nbsp;<\/p>\n<p style=\"text-align: center;\">Os v\u00eddeos do webinar est\u00e3o dispon\u00edveis em <a href=\"https:\/\/youtu.be\/BoqS7ZsJxyY\">Espanhol<\/a> e <a href=\"https:\/\/youtu.be\/a5bD8ap2Uig\">Portugu\u00eas<\/a>.<\/p>\n<p>&nbsp;<\/p>\n<p style=\"text-align: center;\"><span style=\"font-weight: 400;\">O <\/span><a href=\"https:\/\/knightcenter.utexas.edu\/pt-br\/\"><span style=\"font-weight: 400;\">Centro Knight de Jornalismo nas Am\u00e9ricas<\/span><\/a><span style=\"font-weight: 400;\"> e o <\/span><a href=\"https:\/\/llilasbenson.utexas.edu\/\"><span style=\"font-weight: 400;\">LLILAS Benson Cole\u00e7\u00f5es e Estudos Latino-Americanos <\/span><\/a><span style=\"font-weight: 400;\">da Universidade do Texas em Austin apresentam a S\u00e9rie de Palestras Harte 2021, &#8220;Jornalismo em tempos de polariza\u00e7\u00e3o e desinforma\u00e7\u00e3o na Am\u00e9rica Latina&#8221;.<\/span><\/p>\n<p style=\"text-align: center;\"><span style=\"font-weight: 400;\">Convidamos voc\u00ea a se juntar a n\u00f3s em 9 de novembro de 2021, quando jornalistas e acad\u00eamicos de toda a Am\u00e9rica Latina v\u00e3o discutir polariza\u00e7\u00e3o, desinforma\u00e7\u00e3o e o papel da imprensa na defesa da democracia e da liberdade de express\u00e3o na regi\u00e3o.<\/span><\/p>\n<p style=\"text-align: center;\"><span style=\"font-weight: 400;\">Veja o programa do webinar abaixo com mais informa\u00e7\u00f5es sobre moderadores e palestrantes para cada sess\u00e3o. O evento ser\u00e1 realizado online e ter\u00e1 tradu\u00e7\u00e3o simult\u00e2nea para o ingl\u00eas, espanhol e portugu\u00eas. Um certificado de participa\u00e7\u00e3o gratuito estar\u00e1 dispon\u00edvel para aqueles que se inscreverem e comparecerem \u00e0 maior parte do evento.<\/span><\/p>\n<p>&nbsp;<\/p>\n<h3 style=\"text-align: center;\"><a id=\"programa2\"><\/a>PROGRAMA<\/h3>\n<p>&nbsp;<\/p>\n<p><em>(*) O programa mostra a hora em Austin, Texas (Hor\u00e1rio Central dos EUA).<\/em><\/p>\n<p><b>14:00 &#8211; 14:10 SESS\u00c3O DE BOAS-VINDAS<\/b><\/p>\n<ul>\n<li><a href=\"https:\/\/test-journalismcourses.pantheonsite.io\/pt-br\/eventos\/webinar-polarizacao-desinformacao-america-latina\/palestrantes\/#adela\"><strong>Adela Pineda Franco<\/strong><\/a><span style=\"font-weight: 400;\"><strong>,<\/strong>\u00a0diretora, Instituto Teresa Lozano Long para Estudos de Am\u00e9rica Latina &#8211; LLILAS\u00a0<\/span><\/li>\n<li><a href=\"https:\/\/test-journalismcourses.pantheonsite.io\/pt-br\/eventos\/webinar-polarizacao-desinformacao-america-latina\/palestrantes\/#rosental\"><strong>Rosental Alves<\/strong><\/a><strong>,<\/strong> diretor, Centro Knight para o Jornalismo nas Am\u00e9ricas<\/li>\n<\/ul>\n<p>&nbsp;<\/p>\n<p><b>14:10 &#8211; 15:00 <em>Polariza\u00e7\u00e3o: os desafios dos jornalistas que s\u00e3o convertidos em alvos em sociedades polarizadas<\/em><\/b><\/p>\n<p><span style=\"font-weight: 400;\">Moderadora: <strong><a href=\"https:\/\/test-journalismcourses.pantheonsite.io\/pt-br\/eventos\/webinar-polarizacao-desinformacao-america-latina\/palestrantes\/#wendy\">Wendy Hunter<\/a>, <\/strong>professora, Universidade do Texas em Austin<\/span><\/p>\n<p><span style=\"font-weight: 400;\">Palestrantes: <\/span><\/p>\n<ul>\n<li><strong><a href=\"https:\/\/test-journalismcourses.pantheonsite.io\/pt-br\/eventos\/webinar-polarizacao-desinformacao-america-latina\/palestrantes\/#isabel\">Isabel Mercado<\/a>, <\/strong>jornalista e autora<span style=\"font-weight: 400;\">\u00a0(Bolivia)<\/span><\/li>\n<li><a href=\"https:\/\/test-journalismcourses.pantheonsite.io\/pt-br\/eventos\/webinar-polarizacao-desinformacao-america-latina\/palestrantes\/#romina\"><strong>Romina Mella<\/strong><\/a><span style=\"font-weight: 400;\"><strong>,<\/strong> chefe de reda\u00e7\u00e3o e jornalista de investiga\u00e7\u00e3o, IDL-Reporteros (Peru)<\/span><\/li>\n<li><a href=\"https:\/\/test-journalismcourses.pantheonsite.io\/pt-br\/eventos\/webinar-polarizacao-desinformacao-america-latina\/palestrantes\/#maria teresa\"><strong>Mar\u00eda Teresa Ronderos<\/strong><\/a>, diretora, Centro Latinoamericano de Investigaci\u00f3n Period\u00edstica &#8211; CLIP (Colombia)<\/li>\n<\/ul>\n<p>&nbsp;<\/p>\n<p><b>15:00 &#8211; 16:00 <em>Desinforma\u00e7\u00e3o: Como o jornalismo tem reagido a ondas de desinforma\u00e7\u00e3o<\/em><\/b><\/p>\n<p>Moderadora:<b>\u00a0<\/b><strong><a href=\"https:\/\/test-journalismcourses.pantheonsite.io\/pt-br\/eventos\/webinar-polarizacao-desinformacao-america-latina\/palestrantes\/#summer\">Summer Harlow<\/a>,<\/strong><span style=\"font-weight: 400;\">\u00a0professora, Universidade de Houston<\/span><\/p>\n<p>Palestrantes:<\/p>\n<ul>\n<li><strong><a href=\"https:\/\/test-journalismcourses.pantheonsite.io\/pt-br\/eventos\/webinar-polarizacao-desinformacao-america-latina\/palestrantes\/#tania\">Tania Montalvo<\/a>,\u00a0<\/strong>subdiretora editorial<span style=\"font-weight: 400;\">,<\/span><strong><span style=\"font-weight: 400;\"> Editorial Animal<\/span><\/strong> <span style=\"font-weight: 400;\">(M\u00e9xico)<\/span><\/li>\n<li><strong><a href=\"https:\/\/test-journalismcourses.pantheonsite.io\/pt-br\/eventos\/webinar-polarizacao-desinformacao-america-latina\/palestrantes\/#tai\">Tai Nalon<\/a>, <\/strong>diretora-executiva e cofundadora,\u00a0<span style=\"font-weight: 400;\">Aos Fatos (Brasil)<\/span><\/li>\n<li><strong><a href=\"https:\/\/test-journalismcourses.pantheonsite.io\/pt-br\/eventos\/webinar-polarizacao-desinformacao-america-latina\/palestrantes\/#laura\">Laura Zommer<\/a>, <\/strong>diretora-executiva e jornal\u00edstica,\u00a0<span style=\"font-weight: 400;\">Chequeado (Argentina)<\/span><\/li>\n<\/ul>\n<p><b>16:00 &#8211; 17:00 <em>Democracia e liberdade de imprensa: O papel da imprensa na defesa da democracia e da liberdade de express\u00e3o<\/em><\/b><\/p>\n<p>Moderadora:<a href=\"https:\/\/test-journalismcourses.pantheonsite.io\/pt-br\/eventos\/webinar-polarizacao-desinformacao-america-latina\/palestrantes\/#teresa\"><b> Teresa Correa, <\/b><\/a>professora, UDP Chile (Chile)<\/p>\n<p>Palestrantes:<\/p>\n<ul>\n<li><strong><a href=\"https:\/\/test-journalismcourses.pantheonsite.io\/pt-br\/eventos\/webinar-polarizacao-desinformacao-america-latina\/palestrantes\/#jennifer\">Jennifer \u00c1vila<\/a>,<\/strong> cofundadora, Contracorriente (Honduras)<\/li>\n<li><strong><a href=\"https:\/\/test-journalismcourses.pantheonsite.io\/pt-br\/eventos\/webinar-polarizacao-desinformacao-america-latina\/palestrantes\/#cesar\">C\u00e9sar Fagoaga<\/a>, <\/strong>gerente-geral, Revista Fact\u00fam e presidente, Asociaci\u00f3n de Periodistas de El Salvador &#8211; APES (El Salvador)<\/li>\n<li><strong><a href=\"https:\/\/test-journalismcourses.pantheonsite.io\/pt-br\/eventos\/webinar-polarizacao-desinformacao-america-latina\/palestrantes\/#cindy\">Cindy Regidor<\/a>,\u00a0<\/strong>jornalista<span style=\"font-weight: 400;\"> e apresentadora<\/span>, Confidencial (Nicar\u00e1gua)<\/li>\n<li><strong><a href=\"https:\/\/test-journalismcourses.pantheonsite.io\/pt-br\/eventos\/webinar-polarizacao-desinformacao-america-latina\/palestrantes\/#ewald\">Ewald Scharfenberg<\/a>, <\/strong>coeditor, Armando.info (Venezuela)<\/li>\n<\/ul>\n","protected":false},"excerpt":{"rendered":"<p>&nbsp; &nbsp; Jornalismo em tempos de polariza\u00e7\u00e3o e desinforma\u00e7\u00e3o na Am\u00e9rica Latina 9 de novembro de 2021, 14:00 &#8211; 17:00 Hor\u00e1rio Central dos EUA &nbsp; Os v\u00eddeos do webinar est\u00e3o dispon\u00edveis em Espanhol e Portugu\u00eas. &nbsp; O Centro Knight de Jornalismo nas Am\u00e9ricas e o LLILAS Benson Cole\u00e7\u00f5es e Estudos Latino-Americanos da Universidade do Texas [&hellip;]<\/p>\n","protected":false},"author":3,"featured_media":0,"parent":9462,"menu_order":34,"comment_status":"closed","ping_status":"closed","template":"","meta":{"_acf_changed":false,"productId":0,"courseId":0,"footnotes":""},"wf_page_folders":[],"class_list":["post-12162","page","type-page","status-publish","hentry"],"acf":[],"yoast_head":"<!-- This site is optimized with the Yoast SEO Premium plugin v22.9 (Yoast SEO v27.3) - https:\/\/yoast.com\/product\/yoast-seo-premium-wordpress\/ -->\n<title>Webinar LLILAS Knight Center - Programa - Journalism Courses by Knight Center<\/title>\n<meta name=\"robots\" content=\"index, follow, max-snippet:-1, max-image-preview:large, max-video-preview:-1\" \/>\n<link rel=\"canonical\" href=\"https:\/\/journalismcourses.org\/pt-br\/eventos\/webinar-polarizacao-desinformacao-america-latina\/\" \/>\n<meta property=\"og:locale\" content=\"pt_BR\" \/>\n<meta property=\"og:type\" content=\"article\" \/>\n<meta property=\"og:title\" content=\"Webinar LLILAS Knight Center - Programa\" \/>\n<meta property=\"og:description\" content=\"&nbsp; &nbsp; Jornalismo em tempos de polariza\u00e7\u00e3o e desinforma\u00e7\u00e3o na Am\u00e9rica Latina 9 de novembro de 2021, 14:00 &#8211; 17:00 Hor\u00e1rio Central dos EUA &nbsp; Os v\u00eddeos do webinar est\u00e3o dispon\u00edveis em Espanhol e Portugu\u00eas. &nbsp; O Centro Knight de Jornalismo nas Am\u00e9ricas e o LLILAS Benson Cole\u00e7\u00f5es e Estudos Latino-Americanos da Universidade do Texas [&hellip;]\" \/>\n<meta property=\"og:url\" content=\"https:\/\/journalismcourses.org\/pt-br\/eventos\/webinar-polarizacao-desinformacao-america-latina\/\" \/>\n<meta property=\"og:site_name\" content=\"Journalism Courses by Knight Center\" \/>\n<meta property=\"article:modified_time\" content=\"2021-11-19T16:59:32+00:00\" \/>\n<meta property=\"og:image\" content=\"https:\/\/test-journalismcourses.pantheonsite.io\/wp-content\/uploads\/2021\/11\/Portuguese-Web-Banner-2.png\" \/>\n<meta name=\"twitter:card\" content=\"summary_large_image\" \/>\n<meta name=\"twitter:label1\" content=\"Est. reading time\" \/>\n\t<meta name=\"twitter:data1\" content=\"3 minutos\" \/>\n<script type=\"application\/ld+json\" class=\"yoast-schema-graph\">{\"@context\":\"https:\\\/\\\/schema.org\",\"@graph\":[{\"@type\":\"WebPage\",\"@id\":\"https:\\\/\\\/journalismcourses.org\\\/pt-br\\\/eventos\\\/webinar-polarizacao-desinformacao-america-latina\\\/\",\"url\":\"https:\\\/\\\/journalismcourses.org\\\/pt-br\\\/eventos\\\/webinar-polarizacao-desinformacao-america-latina\\\/\",\"name\":\"Webinar LLILAS Knight Center - Programa - Journalism Courses by Knight Center\",\"isPartOf\":{\"@id\":\"https:\\\/\\\/journalismcourses.org\\\/pt-br\\\/#website\"},\"primaryImageOfPage\":{\"@id\":\"https:\\\/\\\/journalismcourses.org\\\/pt-br\\\/eventos\\\/webinar-polarizacao-desinformacao-america-latina\\\/#primaryimage\"},\"image\":{\"@id\":\"https:\\\/\\\/journalismcourses.org\\\/pt-br\\\/eventos\\\/webinar-polarizacao-desinformacao-america-latina\\\/#primaryimage\"},\"thumbnailUrl\":\"https:\\\/\\\/test-journalismcourses.pantheonsite.io\\\/wp-content\\\/uploads\\\/2021\\\/11\\\/Portuguese-Web-Banner-2.png\",\"datePublished\":\"2021-10-15T15:53:29+00:00\",\"dateModified\":\"2021-11-19T16:59:32+00:00\",\"breadcrumb\":{\"@id\":\"https:\\\/\\\/journalismcourses.org\\\/pt-br\\\/eventos\\\/webinar-polarizacao-desinformacao-america-latina\\\/#breadcrumb\"},\"inLanguage\":\"pt-BR\",\"potentialAction\":[{\"@type\":\"ReadAction\",\"target\":[\"https:\\\/\\\/journalismcourses.org\\\/pt-br\\\/eventos\\\/webinar-polarizacao-desinformacao-america-latina\\\/\"]}]},{\"@type\":\"ImageObject\",\"inLanguage\":\"pt-BR\",\"@id\":\"https:\\\/\\\/journalismcourses.org\\\/pt-br\\\/eventos\\\/webinar-polarizacao-desinformacao-america-latina\\\/#primaryimage\",\"url\":\"https:\\\/\\\/test-journalismcourses.pantheonsite.io\\\/wp-content\\\/uploads\\\/2021\\\/11\\\/Portuguese-Web-Banner-2.png\",\"contentUrl\":\"https:\\\/\\\/test-journalismcourses.pantheonsite.io\\\/wp-content\\\/uploads\\\/2021\\\/11\\\/Portuguese-Web-Banner-2.png\"},{\"@type\":\"BreadcrumbList\",\"@id\":\"https:\\\/\\\/journalismcourses.org\\\/pt-br\\\/eventos\\\/webinar-polarizacao-desinformacao-america-latina\\\/#breadcrumb\",\"itemListElement\":[{\"@type\":\"ListItem\",\"position\":1,\"name\":\"Home\",\"item\":\"https:\\\/\\\/journalismcourses.org\\\/pt-br\\\/\"},{\"@type\":\"ListItem\",\"position\":2,\"name\":\"Eventos\",\"item\":\"https:\\\/\\\/journalismcourses.org\\\/pt-br\\\/eventos\\\/\"},{\"@type\":\"ListItem\",\"position\":3,\"name\":\"Webinar LLILAS Knight Center &#8211; Programa\"}]},{\"@type\":\"WebSite\",\"@id\":\"https:\\\/\\\/journalismcourses.org\\\/pt-br\\\/#website\",\"url\":\"https:\\\/\\\/journalismcourses.org\\\/pt-br\\\/\",\"name\":\"Journalism Courses by Knight Center\",\"description\":\"Online courses for journalists\",\"potentialAction\":[{\"@type\":\"SearchAction\",\"target\":{\"@type\":\"EntryPoint\",\"urlTemplate\":\"https:\\\/\\\/journalismcourses.org\\\/pt-br\\\/?s={search_term_string}\"},\"query-input\":{\"@type\":\"PropertyValueSpecification\",\"valueRequired\":true,\"valueName\":\"search_term_string\"}}],\"inLanguage\":\"pt-BR\"}]}<\/script>\n<!-- \/ Yoast SEO Premium plugin. -->","yoast_head_json":{"title":"Webinar LLILAS Knight Center - Programa - Journalism Courses by Knight Center","robots":{"index":"index","follow":"follow","max-snippet":"max-snippet:-1","max-image-preview":"max-image-preview:large","max-video-preview":"max-video-preview:-1"},"canonical":"https:\/\/journalismcourses.org\/pt-br\/eventos\/webinar-polarizacao-desinformacao-america-latina\/","og_locale":"pt_BR","og_type":"article","og_title":"Webinar LLILAS Knight Center - Programa","og_description":"&nbsp; &nbsp; Jornalismo em tempos de polariza\u00e7\u00e3o e desinforma\u00e7\u00e3o na Am\u00e9rica Latina 9 de novembro de 2021, 14:00 &#8211; 17:00 Hor\u00e1rio Central dos EUA &nbsp; Os v\u00eddeos do webinar est\u00e3o dispon\u00edveis em Espanhol e Portugu\u00eas. &nbsp; O Centro Knight de Jornalismo nas Am\u00e9ricas e o LLILAS Benson Cole\u00e7\u00f5es e Estudos Latino-Americanos da Universidade do Texas [&hellip;]","og_url":"https:\/\/journalismcourses.org\/pt-br\/eventos\/webinar-polarizacao-desinformacao-america-latina\/","og_site_name":"Journalism Courses by Knight Center","article_modified_time":"2021-11-19T16:59:32+00:00","og_image":[{"url":"https:\/\/test-journalismcourses.pantheonsite.io\/wp-content\/uploads\/2021\/11\/Portuguese-Web-Banner-2.png","type":"","width":"","height":""}],"twitter_card":"summary_large_image","twitter_misc":{"Est. reading time":"3 minutos"},"schema":{"@context":"https:\/\/schema.org","@graph":[{"@type":"WebPage","@id":"https:\/\/journalismcourses.org\/pt-br\/eventos\/webinar-polarizacao-desinformacao-america-latina\/","url":"https:\/\/journalismcourses.org\/pt-br\/eventos\/webinar-polarizacao-desinformacao-america-latina\/","name":"Webinar LLILAS Knight Center - Programa - Journalism Courses by Knight Center","isPartOf":{"@id":"https:\/\/journalismcourses.org\/pt-br\/#website"},"primaryImageOfPage":{"@id":"https:\/\/journalismcourses.org\/pt-br\/eventos\/webinar-polarizacao-desinformacao-america-latina\/#primaryimage"},"image":{"@id":"https:\/\/journalismcourses.org\/pt-br\/eventos\/webinar-polarizacao-desinformacao-america-latina\/#primaryimage"},"thumbnailUrl":"https:\/\/test-journalismcourses.pantheonsite.io\/wp-content\/uploads\/2021\/11\/Portuguese-Web-Banner-2.png","datePublished":"2021-10-15T15:53:29+00:00","dateModified":"2021-11-19T16:59:32+00:00","breadcrumb":{"@id":"https:\/\/journalismcourses.org\/pt-br\/eventos\/webinar-polarizacao-desinformacao-america-latina\/#breadcrumb"},"inLanguage":"pt-BR","potentialAction":[{"@type":"ReadAction","target":["https:\/\/journalismcourses.org\/pt-br\/eventos\/webinar-polarizacao-desinformacao-america-latina\/"]}]},{"@type":"ImageObject","inLanguage":"pt-BR","@id":"https:\/\/journalismcourses.org\/pt-br\/eventos\/webinar-polarizacao-desinformacao-america-latina\/#primaryimage","url":"https:\/\/test-journalismcourses.pantheonsite.io\/wp-content\/uploads\/2021\/11\/Portuguese-Web-Banner-2.png","contentUrl":"https:\/\/test-journalismcourses.pantheonsite.io\/wp-content\/uploads\/2021\/11\/Portuguese-Web-Banner-2.png"},{"@type":"BreadcrumbList","@id":"https:\/\/journalismcourses.org\/pt-br\/eventos\/webinar-polarizacao-desinformacao-america-latina\/#breadcrumb","itemListElement":[{"@type":"ListItem","position":1,"name":"Home","item":"https:\/\/journalismcourses.org\/pt-br\/"},{"@type":"ListItem","position":2,"name":"Eventos","item":"https:\/\/journalismcourses.org\/pt-br\/eventos\/"},{"@type":"ListItem","position":3,"name":"Webinar LLILAS Knight Center &#8211; Programa"}]},{"@type":"WebSite","@id":"https:\/\/journalismcourses.org\/pt-br\/#website","url":"https:\/\/journalismcourses.org\/pt-br\/","name":"Journalism Courses by Knight Center","description":"Online courses for journalists","potentialAction":[{"@type":"SearchAction","target":{"@type":"EntryPoint","urlTemplate":"https:\/\/journalismcourses.org\/pt-br\/?s={search_term_string}"},"query-input":{"@type":"PropertyValueSpecification","valueRequired":true,"valueName":"search_term_string"}}],"inLanguage":"pt-BR"}]}},"_links":{"self":[{"href":"https:\/\/journalismcourses.org\/pt-br\/wp-json\/wp\/v2\/pages\/12162","targetHints":{"allow":["GET"]}}],"collection":[{"href":"https:\/\/journalismcourses.org\/pt-br\/wp-json\/wp\/v2\/pages"}],"about":[{"href":"https:\/\/journalismcourses.org\/pt-br\/wp-json\/wp\/v2\/types\/page"}],"author":[{"embeddable":true,"href":"https:\/\/journalismcourses.org\/pt-br\/wp-json\/wp\/v2\/users\/3"}],"replies":[{"embeddable":true,"href":"https:\/\/journalismcourses.org\/pt-br\/wp-json\/wp\/v2\/comments?post=12162"}],"version-history":[{"count":25,"href":"https:\/\/journalismcourses.org\/pt-br\/wp-json\/wp\/v2\/pages\/12162\/revisions"}],"predecessor-version":[{"id":12920,"href":"https:\/\/journalismcourses.org\/pt-br\/wp-json\/wp\/v2\/pages\/12162\/revisions\/12920"}],"up":[{"embeddable":true,"href":"https:\/\/journalismcourses.org\/pt-br\/wp-json\/wp\/v2\/pages\/9462"}],"wp:attachment":[{"href":"https:\/\/journalismcourses.org\/pt-br\/wp-json\/wp\/v2\/media?parent=12162"}],"wp:term":[{"taxonomy":"wf_page_folders","embeddable":true,"href":"https:\/\/journalismcourses.org\/pt-br\/wp-json\/wp\/v2\/wf_page_folders?post=12162"}],"curies":[{"name":"wp","href":"https:\/\/api.w.org\/{rel}","templated":true}]}}