{"id":25540,"date":"2024-04-01T09:39:31","date_gmt":"2024-04-01T14:39:31","guid":{"rendered":"https:\/\/journalismcourses.org\/product\/jornalismo-de-solucoes-novas-maneiras-de-produzir-suas-reportagens-e-atrair-audiencias\/"},"modified":"2026-02-16T10:43:20","modified_gmt":"2026-02-16T16:43:20","slug":"jornalismo-de-solucoes-novas-maneiras-de-produzir-suas-reportagens-e-atrair-audiencias","status":"publish","type":"product","link":"https:\/\/journalismcourses.org\/es\/product\/jornalismo-de-solucoes-novas-maneiras-de-produzir-suas-reportagens-e-atrair-audiencias\/","title":{"rendered":"Jornalismo de Solu\u00e7\u00f5es: Novas maneiras de produzir suas reportagens e atrair audi\u00eancias"},"content":{"rendered":"","protected":false},"excerpt":{"rendered":"","protected":false},"featured_media":27483,"template":"","meta":{"_acf_changed":false,"footnotes":""},"pt-course-category":[],"display-in-hero-carousel":[413],"course-category":[401],"language":[376],"display-in-featured-section":[373],"product_brand":[],"product_cat":[371],"product_tag":[442,411,412],"wf_product_folders":[],"class_list":{"0":"post-25540","1":"product","2":"type-product","3":"status-publish","4":"has-post-thumbnail","6":"display-in-hero-carousel-pthome","7":"course-category-investigative-journalism","8":"language-portuguese","9":"display-in-featured-section-yes","10":"product_cat-self-directedcourses","11":"product_tag-ptfeatured","12":"product_tag-pthero","13":"product_tag-pthome","15":"first","16":"instock","17":"downloadable","18":"virtual","19":"purchasable","20":"product-type-simple"},"acf":[],"yoast_head":"<!-- This site is optimized with the Yoast SEO Premium plugin v22.9 (Yoast SEO v27.3) - https:\/\/yoast.com\/product\/yoast-seo-premium-wordpress\/ -->\n<title>Jornalismo de Solu\u00e7\u00f5es: Novas maneiras de produzir suas reportagens e atrair audi\u00eancias - Journalism Courses by Knight Center<\/title>\n<meta name=\"robots\" content=\"index, follow, max-snippet:-1, max-image-preview:large, max-video-preview:-1\" \/>\n<link rel=\"canonical\" href=\"https:\/\/journalismcourses.org\/es\/product\/jornalismo-de-solucoes-novas-maneiras-de-produzir-suas-reportagens-e-atrair-audiencias\/\" \/>\n<meta property=\"og:locale\" content=\"es_ES\" \/>\n<meta property=\"og:type\" content=\"article\" \/>\n<meta property=\"og:title\" content=\"Jornalismo de Solu\u00e7\u00f5es: Novas maneiras de produzir suas reportagens e atrair audi\u00eancias\" \/>\n<meta property=\"og:url\" content=\"https:\/\/journalismcourses.org\/es\/product\/jornalismo-de-solucoes-novas-maneiras-de-produzir-suas-reportagens-e-atrair-audiencias\/\" \/>\n<meta property=\"og:site_name\" content=\"Journalism Courses by Knight Center\" \/>\n<meta property=\"article:modified_time\" content=\"2026-02-16T16:43:20+00:00\" \/>\n<meta property=\"og:image\" content=\"https:\/\/journalismcourses.org\/wp-content\/uploads\/2024\/03\/cckf4tshauw.jpg\" \/>\n\t<meta property=\"og:image:width\" content=\"1600\" \/>\n\t<meta property=\"og:image:height\" content=\"1067\" \/>\n\t<meta property=\"og:image:type\" content=\"image\/jpeg\" \/>\n<meta name=\"twitter:card\" content=\"summary_large_image\" \/>\n<meta name=\"twitter:label1\" content=\"Est. reading time\" \/>\n\t<meta name=\"twitter:data1\" content=\"3 minutos\" \/>\n<script type=\"application\/ld+json\" class=\"yoast-schema-graph\">{\"@context\":\"https:\\\/\\\/schema.org\",\"@graph\":[{\"@type\":\"WebPage\",\"@id\":\"https:\\\/\\\/journalismcourses.org\\\/es\\\/product\\\/jornalismo-de-solucoes-novas-maneiras-de-produzir-suas-reportagens-e-atrair-audiencias\\\/\",\"url\":\"https:\\\/\\\/journalismcourses.org\\\/es\\\/product\\\/jornalismo-de-solucoes-novas-maneiras-de-produzir-suas-reportagens-e-atrair-audiencias\\\/\",\"name\":\"Jornalismo de Solu\u00e7\u00f5es: Novas maneiras de produzir suas reportagens e atrair audi\u00eancias - Journalism Courses by Knight Center\",\"isPartOf\":{\"@id\":\"https:\\\/\\\/journalismcourses.org\\\/es\\\/#website\"},\"primaryImageOfPage\":{\"@id\":\"https:\\\/\\\/journalismcourses.org\\\/es\\\/product\\\/jornalismo-de-solucoes-novas-maneiras-de-produzir-suas-reportagens-e-atrair-audiencias\\\/#primaryimage\"},\"image\":{\"@id\":\"https:\\\/\\\/journalismcourses.org\\\/es\\\/product\\\/jornalismo-de-solucoes-novas-maneiras-de-produzir-suas-reportagens-e-atrair-audiencias\\\/#primaryimage\"},\"thumbnailUrl\":\"https:\\\/\\\/journalismcourses.org\\\/wp-content\\\/uploads\\\/2024\\\/03\\\/cckf4tshauw.jpg\",\"datePublished\":\"2024-04-01T14:39:31+00:00\",\"dateModified\":\"2026-02-16T16:43:20+00:00\",\"breadcrumb\":{\"@id\":\"https:\\\/\\\/journalismcourses.org\\\/es\\\/product\\\/jornalismo-de-solucoes-novas-maneiras-de-produzir-suas-reportagens-e-atrair-audiencias\\\/#breadcrumb\"},\"inLanguage\":\"es\",\"potentialAction\":[{\"@type\":\"ReadAction\",\"target\":[\"https:\\\/\\\/journalismcourses.org\\\/es\\\/product\\\/jornalismo-de-solucoes-novas-maneiras-de-produzir-suas-reportagens-e-atrair-audiencias\\\/\"]}]},{\"@type\":\"ImageObject\",\"inLanguage\":\"es\",\"@id\":\"https:\\\/\\\/journalismcourses.org\\\/es\\\/product\\\/jornalismo-de-solucoes-novas-maneiras-de-produzir-suas-reportagens-e-atrair-audiencias\\\/#primaryimage\",\"url\":\"https:\\\/\\\/journalismcourses.org\\\/wp-content\\\/uploads\\\/2024\\\/03\\\/cckf4tshauw.jpg\",\"contentUrl\":\"https:\\\/\\\/journalismcourses.org\\\/wp-content\\\/uploads\\\/2024\\\/03\\\/cckf4tshauw.jpg\",\"width\":1600,\"height\":1067},{\"@type\":\"BreadcrumbList\",\"@id\":\"https:\\\/\\\/journalismcourses.org\\\/es\\\/product\\\/jornalismo-de-solucoes-novas-maneiras-de-produzir-suas-reportagens-e-atrair-audiencias\\\/#breadcrumb\",\"itemListElement\":[{\"@type\":\"ListItem\",\"position\":1,\"name\":\"Home\",\"item\":\"https:\\\/\\\/journalismcourses.org\\\/es\\\/\"},{\"@type\":\"ListItem\",\"position\":2,\"name\":\"Loja\",\"item\":\"https:\\\/\\\/journalismcourses.org\\\/es\\\/loja\\\/\"},{\"@type\":\"ListItem\",\"position\":3,\"name\":\"Jornalismo de Solu\u00e7\u00f5es: Novas maneiras de produzir suas reportagens e atrair audi\u00eancias\"}]},{\"@type\":\"WebSite\",\"@id\":\"https:\\\/\\\/journalismcourses.org\\\/es\\\/#website\",\"url\":\"https:\\\/\\\/journalismcourses.org\\\/es\\\/\",\"name\":\"Journalism Courses by Knight Center\",\"description\":\"Online courses for journalists\",\"potentialAction\":[{\"@type\":\"SearchAction\",\"target\":{\"@type\":\"EntryPoint\",\"urlTemplate\":\"https:\\\/\\\/journalismcourses.org\\\/es\\\/?s={search_term_string}\"},\"query-input\":{\"@type\":\"PropertyValueSpecification\",\"valueRequired\":true,\"valueName\":\"search_term_string\"}}],\"inLanguage\":\"es\"}]}<\/script>\n<!-- \/ Yoast SEO Premium plugin. -->","yoast_head_json":{"title":"Jornalismo de Solu\u00e7\u00f5es: Novas maneiras de produzir suas reportagens e atrair audi\u00eancias - Journalism Courses by Knight Center","robots":{"index":"index","follow":"follow","max-snippet":"max-snippet:-1","max-image-preview":"max-image-preview:large","max-video-preview":"max-video-preview:-1"},"canonical":"https:\/\/journalismcourses.org\/es\/product\/jornalismo-de-solucoes-novas-maneiras-de-produzir-suas-reportagens-e-atrair-audiencias\/","og_locale":"es_ES","og_type":"article","og_title":"Jornalismo de Solu\u00e7\u00f5es: Novas maneiras de produzir suas reportagens e atrair audi\u00eancias","og_url":"https:\/\/journalismcourses.org\/es\/product\/jornalismo-de-solucoes-novas-maneiras-de-produzir-suas-reportagens-e-atrair-audiencias\/","og_site_name":"Journalism Courses by Knight Center","article_modified_time":"2026-02-16T16:43:20+00:00","og_image":[{"width":1600,"height":1067,"url":"https:\/\/journalismcourses.org\/wp-content\/uploads\/2024\/03\/cckf4tshauw.jpg","type":"image\/jpeg"}],"twitter_card":"summary_large_image","twitter_misc":{"Est. reading time":"3 minutos"},"schema":{"@context":"https:\/\/schema.org","@graph":[{"@type":"WebPage","@id":"https:\/\/journalismcourses.org\/es\/product\/jornalismo-de-solucoes-novas-maneiras-de-produzir-suas-reportagens-e-atrair-audiencias\/","url":"https:\/\/journalismcourses.org\/es\/product\/jornalismo-de-solucoes-novas-maneiras-de-produzir-suas-reportagens-e-atrair-audiencias\/","name":"Jornalismo de Solu\u00e7\u00f5es: Novas maneiras de produzir suas reportagens e atrair audi\u00eancias - Journalism Courses by Knight Center","isPartOf":{"@id":"https:\/\/journalismcourses.org\/es\/#website"},"primaryImageOfPage":{"@id":"https:\/\/journalismcourses.org\/es\/product\/jornalismo-de-solucoes-novas-maneiras-de-produzir-suas-reportagens-e-atrair-audiencias\/#primaryimage"},"image":{"@id":"https:\/\/journalismcourses.org\/es\/product\/jornalismo-de-solucoes-novas-maneiras-de-produzir-suas-reportagens-e-atrair-audiencias\/#primaryimage"},"thumbnailUrl":"https:\/\/journalismcourses.org\/wp-content\/uploads\/2024\/03\/cckf4tshauw.jpg","datePublished":"2024-04-01T14:39:31+00:00","dateModified":"2026-02-16T16:43:20+00:00","breadcrumb":{"@id":"https:\/\/journalismcourses.org\/es\/product\/jornalismo-de-solucoes-novas-maneiras-de-produzir-suas-reportagens-e-atrair-audiencias\/#breadcrumb"},"inLanguage":"es","potentialAction":[{"@type":"ReadAction","target":["https:\/\/journalismcourses.org\/es\/product\/jornalismo-de-solucoes-novas-maneiras-de-produzir-suas-reportagens-e-atrair-audiencias\/"]}]},{"@type":"ImageObject","inLanguage":"es","@id":"https:\/\/journalismcourses.org\/es\/product\/jornalismo-de-solucoes-novas-maneiras-de-produzir-suas-reportagens-e-atrair-audiencias\/#primaryimage","url":"https:\/\/journalismcourses.org\/wp-content\/uploads\/2024\/03\/cckf4tshauw.jpg","contentUrl":"https:\/\/journalismcourses.org\/wp-content\/uploads\/2024\/03\/cckf4tshauw.jpg","width":1600,"height":1067},{"@type":"BreadcrumbList","@id":"https:\/\/journalismcourses.org\/es\/product\/jornalismo-de-solucoes-novas-maneiras-de-produzir-suas-reportagens-e-atrair-audiencias\/#breadcrumb","itemListElement":[{"@type":"ListItem","position":1,"name":"Home","item":"https:\/\/journalismcourses.org\/es\/"},{"@type":"ListItem","position":2,"name":"Loja","item":"https:\/\/journalismcourses.org\/es\/loja\/"},{"@type":"ListItem","position":3,"name":"Jornalismo de Solu\u00e7\u00f5es: Novas maneiras de produzir suas reportagens e atrair audi\u00eancias"}]},{"@type":"WebSite","@id":"https:\/\/journalismcourses.org\/es\/#website","url":"https:\/\/journalismcourses.org\/es\/","name":"Journalism Courses by Knight Center","description":"Online courses for journalists","potentialAction":[{"@type":"SearchAction","target":{"@type":"EntryPoint","urlTemplate":"https:\/\/journalismcourses.org\/es\/?s={search_term_string}"},"query-input":{"@type":"PropertyValueSpecification","valueRequired":true,"valueName":"search_term_string"}}],"inLanguage":"es"}]}},"_links":{"self":[{"href":"https:\/\/journalismcourses.org\/es\/wp-json\/wp\/v2\/product\/25540","targetHints":{"allow":["GET"]}}],"collection":[{"href":"https:\/\/journalismcourses.org\/es\/wp-json\/wp\/v2\/product"}],"about":[{"href":"https:\/\/journalismcourses.org\/es\/wp-json\/wp\/v2\/types\/product"}],"version-history":[{"count":5,"href":"https:\/\/journalismcourses.org\/es\/wp-json\/wp\/v2\/product\/25540\/revisions"}],"predecessor-version":[{"id":85430,"href":"https:\/\/journalismcourses.org\/es\/wp-json\/wp\/v2\/product\/25540\/revisions\/85430"}],"wp:featuredmedia":[{"embeddable":true,"href":"https:\/\/journalismcourses.org\/es\/wp-json\/wp\/v2\/media\/27483"}],"wp:attachment":[{"href":"https:\/\/journalismcourses.org\/es\/wp-json\/wp\/v2\/media?parent=25540"}],"wp:term":[{"taxonomy":"pt-course-category","embeddable":true,"href":"https:\/\/journalismcourses.org\/es\/wp-json\/wp\/v2\/pt-course-category?post=25540"},{"taxonomy":"display-in-hero-carousel","embeddable":true,"href":"https:\/\/journalismcourses.org\/es\/wp-json\/wp\/v2\/display-in-hero-carousel?post=25540"},{"taxonomy":"course-category","embeddable":true,"href":"https:\/\/journalismcourses.org\/es\/wp-json\/wp\/v2\/course-category?post=25540"},{"taxonomy":"language","embeddable":true,"href":"https:\/\/journalismcourses.org\/es\/wp-json\/wp\/v2\/language?post=25540"},{"taxonomy":"display-in-featured-section","embeddable":true,"href":"https:\/\/journalismcourses.org\/es\/wp-json\/wp\/v2\/display-in-featured-section?post=25540"},{"taxonomy":"product_brand","embeddable":true,"href":"https:\/\/journalismcourses.org\/es\/wp-json\/wp\/v2\/product_brand?post=25540"},{"taxonomy":"product_cat","embeddable":true,"href":"https:\/\/journalismcourses.org\/es\/wp-json\/wp\/v2\/product_cat?post=25540"},{"taxonomy":"product_tag","embeddable":true,"href":"https:\/\/journalismcourses.org\/es\/wp-json\/wp\/v2\/product_tag?post=25540"},{"taxonomy":"wf_product_folders","embeddable":true,"href":"https:\/\/journalismcourses.org\/es\/wp-json\/wp\/v2\/wf_product_folders?post=25540"}],"curies":[{"name":"wp","href":"https:\/\/api.w.org\/{rel}","templated":true}]}}