{"id":20782,"date":"2023-12-15T05:28:29","date_gmt":"2023-12-15T11:28:29","guid":{"rendered":"https:\/\/dev-journalismcourses.pantheonsite.io\/product\/como-blindar-suas-reportagens-contra-processos-judiciais\/"},"modified":"2026-02-14T13:59:57","modified_gmt":"2026-02-14T19:59:57","slug":"como-blindar-suas-reportagens-contra-processos-judiciais","status":"publish","type":"product","link":"https:\/\/journalismcourses.org\/es\/product\/como-blindar-suas-reportagens-contra-processos-judiciais\/","title":{"rendered":"Como blindar suas reportagens contra processos judiciais"},"content":{"rendered":"","protected":false},"excerpt":{"rendered":"","protected":false},"featured_media":20860,"template":"","meta":{"_acf_changed":false,"footnotes":""},"pt-course-category":[],"display-in-hero-carousel":[],"course-category":[392],"language":[376],"display-in-featured-section":[373],"product_brand":[],"product_cat":[371],"product_tag":[442,409],"wf_product_folders":[383],"class_list":{"0":"post-20782","1":"product","2":"type-product","3":"status-publish","4":"has-post-thumbnail","6":"course-category-security-and-misinformation","7":"language-portuguese","8":"display-in-featured-section-yes","9":"product_cat-self-directedcourses","10":"product_tag-ptfeatured","11":"product_tag-ptheader","13":"first","14":"instock","15":"downloadable","16":"virtual","17":"purchasable","18":"product-type-simple"},"acf":[],"yoast_head":"<!-- This site is optimized with the Yoast SEO Premium plugin v22.9 (Yoast SEO v27.2) - https:\/\/yoast.com\/product\/yoast-seo-premium-wordpress\/ -->\n<title>Como blindar suas reportagens contra processos judiciais - Journalism Courses by Knight Center<\/title>\n<meta name=\"description\" content=\"Durante quatro m\u00f3dulos, as especialistas em quest\u00f5es de liberdade de imprensa e co-fundadoras do Tornavoz, Ta\u00eds Gasparian e M\u00f4nica Galv\u00e3o, ir\u00e3o falar sobre o regime de responsabilidade civil aplic\u00e1vel a jornalistas e seus aspectos pr\u00e1ticos, incluindo a quest\u00e3o do valor monet\u00e1rio das indeniza\u00e7\u00f5es, prescri\u00e7\u00e3o, direito \u00e0 privacidade, direito de resposta e sigilo de fonte.\" \/>\n<meta name=\"robots\" content=\"index, follow, max-snippet:-1, max-image-preview:large, max-video-preview:-1\" \/>\n<link rel=\"canonical\" href=\"https:\/\/journalismcourses.org\/es\/product\/como-blindar-suas-reportagens-contra-processos-judiciais\/\" \/>\n<meta property=\"og:locale\" content=\"es_ES\" \/>\n<meta property=\"og:type\" content=\"article\" \/>\n<meta property=\"og:title\" content=\"Como blindar suas reportagens contra processos judiciais\" \/>\n<meta property=\"og:description\" content=\"Durante quatro m\u00f3dulos, as especialistas em quest\u00f5es de liberdade de imprensa e co-fundadoras do Tornavoz, Ta\u00eds Gasparian e M\u00f4nica Galv\u00e3o, ir\u00e3o falar sobre o regime de responsabilidade civil aplic\u00e1vel a jornalistas e seus aspectos pr\u00e1ticos, incluindo a quest\u00e3o do valor monet\u00e1rio das indeniza\u00e7\u00f5es, prescri\u00e7\u00e3o, direito \u00e0 privacidade, direito de resposta e sigilo de fonte.\" \/>\n<meta property=\"og:url\" content=\"https:\/\/journalismcourses.org\/es\/product\/como-blindar-suas-reportagens-contra-processos-judiciais\/\" \/>\n<meta property=\"og:site_name\" content=\"Journalism Courses by Knight Center\" \/>\n<meta property=\"article:modified_time\" content=\"2026-02-14T19:59:57+00:00\" \/>\n<meta property=\"og:image\" content=\"https:\/\/journalismcourses.org\/wp-content\/uploads\/2023\/12\/consulta-processual-no-maranhao.jpg\" \/>\n\t<meta property=\"og:image:width\" content=\"1200\" \/>\n\t<meta property=\"og:image:height\" content=\"800\" \/>\n\t<meta property=\"og:image:type\" content=\"image\/jpeg\" \/>\n<meta name=\"twitter:card\" content=\"summary_large_image\" \/>\n<meta name=\"twitter:label1\" content=\"Est. reading time\" \/>\n\t<meta name=\"twitter:data1\" content=\"4 minutos\" \/>\n<script type=\"application\/ld+json\" class=\"yoast-schema-graph\">{\"@context\":\"https:\/\/schema.org\",\"@graph\":[{\"@type\":\"WebPage\",\"@id\":\"https:\/\/journalismcourses.org\/es\/product\/como-blindar-suas-reportagens-contra-processos-judiciais\/\",\"url\":\"https:\/\/journalismcourses.org\/es\/product\/como-blindar-suas-reportagens-contra-processos-judiciais\/\",\"name\":\"Como blindar suas reportagens contra processos judiciais - Journalism Courses by Knight Center\",\"isPartOf\":{\"@id\":\"https:\/\/journalismcourses.org\/es\/#website\"},\"primaryImageOfPage\":{\"@id\":\"https:\/\/journalismcourses.org\/es\/product\/como-blindar-suas-reportagens-contra-processos-judiciais\/#primaryimage\"},\"image\":{\"@id\":\"https:\/\/journalismcourses.org\/es\/product\/como-blindar-suas-reportagens-contra-processos-judiciais\/#primaryimage\"},\"thumbnailUrl\":\"https:\/\/journalismcourses.org\/wp-content\/uploads\/2023\/12\/consulta-processual-no-maranhao.jpg\",\"datePublished\":\"2023-12-15T11:28:29+00:00\",\"dateModified\":\"2026-02-14T19:59:57+00:00\",\"description\":\"Durante quatro m\u00f3dulos, as especialistas em quest\u00f5es de liberdade de imprensa e co-fundadoras do Tornavoz, Ta\u00eds Gasparian e M\u00f4nica Galv\u00e3o, ir\u00e3o falar sobre o regime de responsabilidade civil aplic\u00e1vel a jornalistas e seus aspectos pr\u00e1ticos, incluindo a quest\u00e3o do valor monet\u00e1rio das indeniza\u00e7\u00f5es, prescri\u00e7\u00e3o, direito \u00e0 privacidade, direito de resposta e sigilo de fonte.\",\"breadcrumb\":{\"@id\":\"https:\/\/journalismcourses.org\/es\/product\/como-blindar-suas-reportagens-contra-processos-judiciais\/#breadcrumb\"},\"inLanguage\":\"es\",\"potentialAction\":[{\"@type\":\"ReadAction\",\"target\":[\"https:\/\/journalismcourses.org\/es\/product\/como-blindar-suas-reportagens-contra-processos-judiciais\/\"]}]},{\"@type\":\"ImageObject\",\"inLanguage\":\"es\",\"@id\":\"https:\/\/journalismcourses.org\/es\/product\/como-blindar-suas-reportagens-contra-processos-judiciais\/#primaryimage\",\"url\":\"https:\/\/journalismcourses.org\/wp-content\/uploads\/2023\/12\/consulta-processual-no-maranhao.jpg\",\"contentUrl\":\"https:\/\/journalismcourses.org\/wp-content\/uploads\/2023\/12\/consulta-processual-no-maranhao.jpg\",\"width\":1200,\"height\":800},{\"@type\":\"BreadcrumbList\",\"@id\":\"https:\/\/journalismcourses.org\/es\/product\/como-blindar-suas-reportagens-contra-processos-judiciais\/#breadcrumb\",\"itemListElement\":[{\"@type\":\"ListItem\",\"position\":1,\"name\":\"Home\",\"item\":\"https:\/\/journalismcourses.org\/es\/\"},{\"@type\":\"ListItem\",\"position\":2,\"name\":\"Loja\",\"item\":\"https:\/\/journalismcourses.org\/es\/loja\/\"},{\"@type\":\"ListItem\",\"position\":3,\"name\":\"Como blindar suas reportagens contra processos judiciais\"}]},{\"@type\":\"WebSite\",\"@id\":\"https:\/\/journalismcourses.org\/es\/#website\",\"url\":\"https:\/\/journalismcourses.org\/es\/\",\"name\":\"Journalism Courses by Knight Center\",\"description\":\"Online courses for journalists\",\"potentialAction\":[{\"@type\":\"SearchAction\",\"target\":{\"@type\":\"EntryPoint\",\"urlTemplate\":\"https:\/\/journalismcourses.org\/es\/?s={search_term_string}\"},\"query-input\":{\"@type\":\"PropertyValueSpecification\",\"valueRequired\":true,\"valueName\":\"search_term_string\"}}],\"inLanguage\":\"es\"}]}<\/script>\n<!-- \/ Yoast SEO Premium plugin. -->","yoast_head_json":{"title":"Como blindar suas reportagens contra processos judiciais - Journalism Courses by Knight Center","description":"Durante quatro m\u00f3dulos, as especialistas em quest\u00f5es de liberdade de imprensa e co-fundadoras do Tornavoz, Ta\u00eds Gasparian e M\u00f4nica Galv\u00e3o, ir\u00e3o falar sobre o regime de responsabilidade civil aplic\u00e1vel a jornalistas e seus aspectos pr\u00e1ticos, incluindo a quest\u00e3o do valor monet\u00e1rio das indeniza\u00e7\u00f5es, prescri\u00e7\u00e3o, direito \u00e0 privacidade, direito de resposta e sigilo de fonte.","robots":{"index":"index","follow":"follow","max-snippet":"max-snippet:-1","max-image-preview":"max-image-preview:large","max-video-preview":"max-video-preview:-1"},"canonical":"https:\/\/journalismcourses.org\/es\/product\/como-blindar-suas-reportagens-contra-processos-judiciais\/","og_locale":"es_ES","og_type":"article","og_title":"Como blindar suas reportagens contra processos judiciais","og_description":"Durante quatro m\u00f3dulos, as especialistas em quest\u00f5es de liberdade de imprensa e co-fundadoras do Tornavoz, Ta\u00eds Gasparian e M\u00f4nica Galv\u00e3o, ir\u00e3o falar sobre o regime de responsabilidade civil aplic\u00e1vel a jornalistas e seus aspectos pr\u00e1ticos, incluindo a quest\u00e3o do valor monet\u00e1rio das indeniza\u00e7\u00f5es, prescri\u00e7\u00e3o, direito \u00e0 privacidade, direito de resposta e sigilo de fonte.","og_url":"https:\/\/journalismcourses.org\/es\/product\/como-blindar-suas-reportagens-contra-processos-judiciais\/","og_site_name":"Journalism Courses by Knight Center","article_modified_time":"2026-02-14T19:59:57+00:00","og_image":[{"width":1200,"height":800,"url":"https:\/\/journalismcourses.org\/wp-content\/uploads\/2023\/12\/consulta-processual-no-maranhao.jpg","type":"image\/jpeg"}],"twitter_card":"summary_large_image","twitter_misc":{"Est. reading time":"4 minutos"},"schema":{"@context":"https:\/\/schema.org","@graph":[{"@type":"WebPage","@id":"https:\/\/journalismcourses.org\/es\/product\/como-blindar-suas-reportagens-contra-processos-judiciais\/","url":"https:\/\/journalismcourses.org\/es\/product\/como-blindar-suas-reportagens-contra-processos-judiciais\/","name":"Como blindar suas reportagens contra processos judiciais - Journalism Courses by Knight Center","isPartOf":{"@id":"https:\/\/journalismcourses.org\/es\/#website"},"primaryImageOfPage":{"@id":"https:\/\/journalismcourses.org\/es\/product\/como-blindar-suas-reportagens-contra-processos-judiciais\/#primaryimage"},"image":{"@id":"https:\/\/journalismcourses.org\/es\/product\/como-blindar-suas-reportagens-contra-processos-judiciais\/#primaryimage"},"thumbnailUrl":"https:\/\/journalismcourses.org\/wp-content\/uploads\/2023\/12\/consulta-processual-no-maranhao.jpg","datePublished":"2023-12-15T11:28:29+00:00","dateModified":"2026-02-14T19:59:57+00:00","description":"Durante quatro m\u00f3dulos, as especialistas em quest\u00f5es de liberdade de imprensa e co-fundadoras do Tornavoz, Ta\u00eds Gasparian e M\u00f4nica Galv\u00e3o, ir\u00e3o falar sobre o regime de responsabilidade civil aplic\u00e1vel a jornalistas e seus aspectos pr\u00e1ticos, incluindo a quest\u00e3o do valor monet\u00e1rio das indeniza\u00e7\u00f5es, prescri\u00e7\u00e3o, direito \u00e0 privacidade, direito de resposta e sigilo de fonte.","breadcrumb":{"@id":"https:\/\/journalismcourses.org\/es\/product\/como-blindar-suas-reportagens-contra-processos-judiciais\/#breadcrumb"},"inLanguage":"es","potentialAction":[{"@type":"ReadAction","target":["https:\/\/journalismcourses.org\/es\/product\/como-blindar-suas-reportagens-contra-processos-judiciais\/"]}]},{"@type":"ImageObject","inLanguage":"es","@id":"https:\/\/journalismcourses.org\/es\/product\/como-blindar-suas-reportagens-contra-processos-judiciais\/#primaryimage","url":"https:\/\/journalismcourses.org\/wp-content\/uploads\/2023\/12\/consulta-processual-no-maranhao.jpg","contentUrl":"https:\/\/journalismcourses.org\/wp-content\/uploads\/2023\/12\/consulta-processual-no-maranhao.jpg","width":1200,"height":800},{"@type":"BreadcrumbList","@id":"https:\/\/journalismcourses.org\/es\/product\/como-blindar-suas-reportagens-contra-processos-judiciais\/#breadcrumb","itemListElement":[{"@type":"ListItem","position":1,"name":"Home","item":"https:\/\/journalismcourses.org\/es\/"},{"@type":"ListItem","position":2,"name":"Loja","item":"https:\/\/journalismcourses.org\/es\/loja\/"},{"@type":"ListItem","position":3,"name":"Como blindar suas reportagens contra processos judiciais"}]},{"@type":"WebSite","@id":"https:\/\/journalismcourses.org\/es\/#website","url":"https:\/\/journalismcourses.org\/es\/","name":"Journalism Courses by Knight Center","description":"Online courses for journalists","potentialAction":[{"@type":"SearchAction","target":{"@type":"EntryPoint","urlTemplate":"https:\/\/journalismcourses.org\/es\/?s={search_term_string}"},"query-input":{"@type":"PropertyValueSpecification","valueRequired":true,"valueName":"search_term_string"}}],"inLanguage":"es"}]}},"_links":{"self":[{"href":"https:\/\/journalismcourses.org\/es\/wp-json\/wp\/v2\/product\/20782","targetHints":{"allow":["GET"]}}],"collection":[{"href":"https:\/\/journalismcourses.org\/es\/wp-json\/wp\/v2\/product"}],"about":[{"href":"https:\/\/journalismcourses.org\/es\/wp-json\/wp\/v2\/types\/product"}],"version-history":[{"count":2,"href":"https:\/\/journalismcourses.org\/es\/wp-json\/wp\/v2\/product\/20782\/revisions"}],"predecessor-version":[{"id":85351,"href":"https:\/\/journalismcourses.org\/es\/wp-json\/wp\/v2\/product\/20782\/revisions\/85351"}],"wp:featuredmedia":[{"embeddable":true,"href":"https:\/\/journalismcourses.org\/es\/wp-json\/wp\/v2\/media\/20860"}],"wp:attachment":[{"href":"https:\/\/journalismcourses.org\/es\/wp-json\/wp\/v2\/media?parent=20782"}],"wp:term":[{"taxonomy":"pt-course-category","embeddable":true,"href":"https:\/\/journalismcourses.org\/es\/wp-json\/wp\/v2\/pt-course-category?post=20782"},{"taxonomy":"display-in-hero-carousel","embeddable":true,"href":"https:\/\/journalismcourses.org\/es\/wp-json\/wp\/v2\/display-in-hero-carousel?post=20782"},{"taxonomy":"course-category","embeddable":true,"href":"https:\/\/journalismcourses.org\/es\/wp-json\/wp\/v2\/course-category?post=20782"},{"taxonomy":"language","embeddable":true,"href":"https:\/\/journalismcourses.org\/es\/wp-json\/wp\/v2\/language?post=20782"},{"taxonomy":"display-in-featured-section","embeddable":true,"href":"https:\/\/journalismcourses.org\/es\/wp-json\/wp\/v2\/display-in-featured-section?post=20782"},{"taxonomy":"product_brand","embeddable":true,"href":"https:\/\/journalismcourses.org\/es\/wp-json\/wp\/v2\/product_brand?post=20782"},{"taxonomy":"product_cat","embeddable":true,"href":"https:\/\/journalismcourses.org\/es\/wp-json\/wp\/v2\/product_cat?post=20782"},{"taxonomy":"product_tag","embeddable":true,"href":"https:\/\/journalismcourses.org\/es\/wp-json\/wp\/v2\/product_tag?post=20782"},{"taxonomy":"wf_product_folders","embeddable":true,"href":"https:\/\/journalismcourses.org\/es\/wp-json\/wp\/v2\/wf_product_folders?post=20782"}],"curies":[{"name":"wp","href":"https:\/\/api.w.org\/{rel}","templated":true}]}}