{"id":20746,"date":"2023-12-15T05:28:23","date_gmt":"2023-12-15T11:28:23","guid":{"rendered":"https:\/\/dev-journalismcourses.pantheonsite.io\/product\/estrategias-de-producto-para-el-periodismo-como-alinear-contenido-audiencia-monetizacion-y-tecnologia-del-23-de-agosto-al-19-de-septiembre-de-2021\/"},"modified":"2026-02-16T11:51:29","modified_gmt":"2026-02-16T17:51:29","slug":"estrategias-de-producto-para-el-periodismo-como-alinear-contenido-audiencia-monetizacion-y-tecnologia-del-23-de-agosto-al-19-de-septiembre-de-2021","status":"publish","type":"product","link":"https:\/\/journalismcourses.org\/es\/product\/estrategias-de-producto-para-el-periodismo-como-alinear-contenido-audiencia-monetizacion-y-tecnologia-del-23-de-agosto-al-19-de-septiembre-de-2021\/","title":{"rendered":"Estrategias de producto para el periodismo: c\u00f3mo alinear contenido, audiencia, monetizaci\u00f3n y tecnolog\u00eda"},"content":{"rendered":"","protected":false},"excerpt":{"rendered":"","protected":false},"featured_media":21551,"template":"","meta":{"_acf_changed":false,"footnotes":""},"pt-course-category":[],"display-in-hero-carousel":[],"course-category":[402],"language":[377],"display-in-featured-section":[],"product_brand":[],"product_cat":[371],"product_tag":[],"wf_product_folders":[381],"class_list":{"0":"post-20746","1":"product","2":"type-product","3":"status-publish","4":"has-post-thumbnail","6":"course-category-product-management","7":"language-spanish","8":"product_cat-self-directedcourses","10":"first","11":"instock","12":"downloadable","13":"virtual","14":"purchasable","15":"product-type-simple"},"acf":[],"yoast_head":"<!-- This site is optimized with the Yoast SEO Premium plugin v22.9 (Yoast SEO v27.2) - https:\/\/yoast.com\/product\/yoast-seo-premium-wordpress\/ -->\n<title>Estrategias de producto para el periodismo: c\u00f3mo alinear contenido, audiencia, monetizaci\u00f3n y tecnolog\u00eda - Journalism Courses by Knight Center<\/title>\n<meta name=\"robots\" content=\"index, follow, max-snippet:-1, max-image-preview:large, max-video-preview:-1\" \/>\n<link rel=\"canonical\" href=\"https:\/\/journalismcourses.org\/es\/product\/estrategias-de-producto-para-el-periodismo-como-alinear-contenido-audiencia-monetizacion-y-tecnologia-del-23-de-agosto-al-19-de-septiembre-de-2021\/\" \/>\n<meta property=\"og:locale\" content=\"es_ES\" \/>\n<meta property=\"og:type\" content=\"article\" \/>\n<meta property=\"og:title\" content=\"Estrategias de producto para el periodismo: c\u00f3mo alinear contenido, audiencia, monetizaci\u00f3n y tecnolog\u00eda\" \/>\n<meta property=\"og:url\" content=\"https:\/\/journalismcourses.org\/es\/product\/estrategias-de-producto-para-el-periodismo-como-alinear-contenido-audiencia-monetizacion-y-tecnologia-del-23-de-agosto-al-19-de-septiembre-de-2021\/\" \/>\n<meta property=\"og:site_name\" content=\"Journalism Courses by Knight Center\" \/>\n<meta property=\"article:modified_time\" content=\"2026-02-16T17:51:29+00:00\" \/>\n<meta property=\"og:image\" content=\"https:\/\/journalismcourses.org\/wp-content\/uploads\/2024\/02\/vbxyfxlgpjm.jpg\" \/>\n\t<meta property=\"og:image:width\" content=\"1600\" \/>\n\t<meta property=\"og:image:height\" content=\"1067\" \/>\n\t<meta property=\"og:image:type\" content=\"image\/jpeg\" \/>\n<meta name=\"twitter:card\" content=\"summary_large_image\" \/>\n<meta name=\"twitter:label1\" content=\"Est. reading time\" \/>\n\t<meta name=\"twitter:data1\" content=\"3 minutos\" \/>\n<script type=\"application\/ld+json\" class=\"yoast-schema-graph\">{\"@context\":\"https:\/\/schema.org\",\"@graph\":[{\"@type\":\"WebPage\",\"@id\":\"https:\/\/journalismcourses.org\/es\/product\/estrategias-de-producto-para-el-periodismo-como-alinear-contenido-audiencia-monetizacion-y-tecnologia-del-23-de-agosto-al-19-de-septiembre-de-2021\/\",\"url\":\"https:\/\/journalismcourses.org\/es\/product\/estrategias-de-producto-para-el-periodismo-como-alinear-contenido-audiencia-monetizacion-y-tecnologia-del-23-de-agosto-al-19-de-septiembre-de-2021\/\",\"name\":\"Estrategias de producto para el periodismo: c\u00f3mo alinear contenido, audiencia, monetizaci\u00f3n y tecnolog\u00eda - Journalism Courses by Knight Center\",\"isPartOf\":{\"@id\":\"https:\/\/journalismcourses.org\/es\/#website\"},\"primaryImageOfPage\":{\"@id\":\"https:\/\/journalismcourses.org\/es\/product\/estrategias-de-producto-para-el-periodismo-como-alinear-contenido-audiencia-monetizacion-y-tecnologia-del-23-de-agosto-al-19-de-septiembre-de-2021\/#primaryimage\"},\"image\":{\"@id\":\"https:\/\/journalismcourses.org\/es\/product\/estrategias-de-producto-para-el-periodismo-como-alinear-contenido-audiencia-monetizacion-y-tecnologia-del-23-de-agosto-al-19-de-septiembre-de-2021\/#primaryimage\"},\"thumbnailUrl\":\"https:\/\/journalismcourses.org\/wp-content\/uploads\/2024\/02\/vbxyfxlgpjm.jpg\",\"datePublished\":\"2023-12-15T11:28:23+00:00\",\"dateModified\":\"2026-02-16T17:51:29+00:00\",\"breadcrumb\":{\"@id\":\"https:\/\/journalismcourses.org\/es\/product\/estrategias-de-producto-para-el-periodismo-como-alinear-contenido-audiencia-monetizacion-y-tecnologia-del-23-de-agosto-al-19-de-septiembre-de-2021\/#breadcrumb\"},\"inLanguage\":\"es\",\"potentialAction\":[{\"@type\":\"ReadAction\",\"target\":[\"https:\/\/journalismcourses.org\/es\/product\/estrategias-de-producto-para-el-periodismo-como-alinear-contenido-audiencia-monetizacion-y-tecnologia-del-23-de-agosto-al-19-de-septiembre-de-2021\/\"]}]},{\"@type\":\"ImageObject\",\"inLanguage\":\"es\",\"@id\":\"https:\/\/journalismcourses.org\/es\/product\/estrategias-de-producto-para-el-periodismo-como-alinear-contenido-audiencia-monetizacion-y-tecnologia-del-23-de-agosto-al-19-de-septiembre-de-2021\/#primaryimage\",\"url\":\"https:\/\/journalismcourses.org\/wp-content\/uploads\/2024\/02\/vbxyfxlgpjm.jpg\",\"contentUrl\":\"https:\/\/journalismcourses.org\/wp-content\/uploads\/2024\/02\/vbxyfxlgpjm.jpg\",\"width\":1600,\"height\":1067,\"caption\":\"five person by table watching turned on white iMac\"},{\"@type\":\"BreadcrumbList\",\"@id\":\"https:\/\/journalismcourses.org\/es\/product\/estrategias-de-producto-para-el-periodismo-como-alinear-contenido-audiencia-monetizacion-y-tecnologia-del-23-de-agosto-al-19-de-septiembre-de-2021\/#breadcrumb\",\"itemListElement\":[{\"@type\":\"ListItem\",\"position\":1,\"name\":\"Home\",\"item\":\"https:\/\/journalismcourses.org\/es\/\"},{\"@type\":\"ListItem\",\"position\":2,\"name\":\"Loja\",\"item\":\"https:\/\/journalismcourses.org\/es\/loja\/\"},{\"@type\":\"ListItem\",\"position\":3,\"name\":\"Estrategias de producto para el periodismo: c\u00f3mo alinear contenido, audiencia, monetizaci\u00f3n y tecnolog\u00eda\"}]},{\"@type\":\"WebSite\",\"@id\":\"https:\/\/journalismcourses.org\/es\/#website\",\"url\":\"https:\/\/journalismcourses.org\/es\/\",\"name\":\"Journalism Courses by Knight Center\",\"description\":\"Online courses for journalists\",\"potentialAction\":[{\"@type\":\"SearchAction\",\"target\":{\"@type\":\"EntryPoint\",\"urlTemplate\":\"https:\/\/journalismcourses.org\/es\/?s={search_term_string}\"},\"query-input\":{\"@type\":\"PropertyValueSpecification\",\"valueRequired\":true,\"valueName\":\"search_term_string\"}}],\"inLanguage\":\"es\"}]}<\/script>\n<!-- \/ Yoast SEO Premium plugin. -->","yoast_head_json":{"title":"Estrategias de producto para el periodismo: c\u00f3mo alinear contenido, audiencia, monetizaci\u00f3n y tecnolog\u00eda - Journalism Courses by Knight Center","robots":{"index":"index","follow":"follow","max-snippet":"max-snippet:-1","max-image-preview":"max-image-preview:large","max-video-preview":"max-video-preview:-1"},"canonical":"https:\/\/journalismcourses.org\/es\/product\/estrategias-de-producto-para-el-periodismo-como-alinear-contenido-audiencia-monetizacion-y-tecnologia-del-23-de-agosto-al-19-de-septiembre-de-2021\/","og_locale":"es_ES","og_type":"article","og_title":"Estrategias de producto para el periodismo: c\u00f3mo alinear contenido, audiencia, monetizaci\u00f3n y tecnolog\u00eda","og_url":"https:\/\/journalismcourses.org\/es\/product\/estrategias-de-producto-para-el-periodismo-como-alinear-contenido-audiencia-monetizacion-y-tecnologia-del-23-de-agosto-al-19-de-septiembre-de-2021\/","og_site_name":"Journalism Courses by Knight Center","article_modified_time":"2026-02-16T17:51:29+00:00","og_image":[{"width":1600,"height":1067,"url":"https:\/\/journalismcourses.org\/wp-content\/uploads\/2024\/02\/vbxyfxlgpjm.jpg","type":"image\/jpeg"}],"twitter_card":"summary_large_image","twitter_misc":{"Est. reading time":"3 minutos"},"schema":{"@context":"https:\/\/schema.org","@graph":[{"@type":"WebPage","@id":"https:\/\/journalismcourses.org\/es\/product\/estrategias-de-producto-para-el-periodismo-como-alinear-contenido-audiencia-monetizacion-y-tecnologia-del-23-de-agosto-al-19-de-septiembre-de-2021\/","url":"https:\/\/journalismcourses.org\/es\/product\/estrategias-de-producto-para-el-periodismo-como-alinear-contenido-audiencia-monetizacion-y-tecnologia-del-23-de-agosto-al-19-de-septiembre-de-2021\/","name":"Estrategias de producto para el periodismo: c\u00f3mo alinear contenido, audiencia, monetizaci\u00f3n y tecnolog\u00eda - Journalism Courses by Knight Center","isPartOf":{"@id":"https:\/\/journalismcourses.org\/es\/#website"},"primaryImageOfPage":{"@id":"https:\/\/journalismcourses.org\/es\/product\/estrategias-de-producto-para-el-periodismo-como-alinear-contenido-audiencia-monetizacion-y-tecnologia-del-23-de-agosto-al-19-de-septiembre-de-2021\/#primaryimage"},"image":{"@id":"https:\/\/journalismcourses.org\/es\/product\/estrategias-de-producto-para-el-periodismo-como-alinear-contenido-audiencia-monetizacion-y-tecnologia-del-23-de-agosto-al-19-de-septiembre-de-2021\/#primaryimage"},"thumbnailUrl":"https:\/\/journalismcourses.org\/wp-content\/uploads\/2024\/02\/vbxyfxlgpjm.jpg","datePublished":"2023-12-15T11:28:23+00:00","dateModified":"2026-02-16T17:51:29+00:00","breadcrumb":{"@id":"https:\/\/journalismcourses.org\/es\/product\/estrategias-de-producto-para-el-periodismo-como-alinear-contenido-audiencia-monetizacion-y-tecnologia-del-23-de-agosto-al-19-de-septiembre-de-2021\/#breadcrumb"},"inLanguage":"es","potentialAction":[{"@type":"ReadAction","target":["https:\/\/journalismcourses.org\/es\/product\/estrategias-de-producto-para-el-periodismo-como-alinear-contenido-audiencia-monetizacion-y-tecnologia-del-23-de-agosto-al-19-de-septiembre-de-2021\/"]}]},{"@type":"ImageObject","inLanguage":"es","@id":"https:\/\/journalismcourses.org\/es\/product\/estrategias-de-producto-para-el-periodismo-como-alinear-contenido-audiencia-monetizacion-y-tecnologia-del-23-de-agosto-al-19-de-septiembre-de-2021\/#primaryimage","url":"https:\/\/journalismcourses.org\/wp-content\/uploads\/2024\/02\/vbxyfxlgpjm.jpg","contentUrl":"https:\/\/journalismcourses.org\/wp-content\/uploads\/2024\/02\/vbxyfxlgpjm.jpg","width":1600,"height":1067,"caption":"five person by table watching turned on white iMac"},{"@type":"BreadcrumbList","@id":"https:\/\/journalismcourses.org\/es\/product\/estrategias-de-producto-para-el-periodismo-como-alinear-contenido-audiencia-monetizacion-y-tecnologia-del-23-de-agosto-al-19-de-septiembre-de-2021\/#breadcrumb","itemListElement":[{"@type":"ListItem","position":1,"name":"Home","item":"https:\/\/journalismcourses.org\/es\/"},{"@type":"ListItem","position":2,"name":"Loja","item":"https:\/\/journalismcourses.org\/es\/loja\/"},{"@type":"ListItem","position":3,"name":"Estrategias de producto para el periodismo: c\u00f3mo alinear contenido, audiencia, monetizaci\u00f3n y tecnolog\u00eda"}]},{"@type":"WebSite","@id":"https:\/\/journalismcourses.org\/es\/#website","url":"https:\/\/journalismcourses.org\/es\/","name":"Journalism Courses by Knight Center","description":"Online courses for journalists","potentialAction":[{"@type":"SearchAction","target":{"@type":"EntryPoint","urlTemplate":"https:\/\/journalismcourses.org\/es\/?s={search_term_string}"},"query-input":{"@type":"PropertyValueSpecification","valueRequired":true,"valueName":"search_term_string"}}],"inLanguage":"es"}]}},"_links":{"self":[{"href":"https:\/\/journalismcourses.org\/es\/wp-json\/wp\/v2\/product\/20746","targetHints":{"allow":["GET"]}}],"collection":[{"href":"https:\/\/journalismcourses.org\/es\/wp-json\/wp\/v2\/product"}],"about":[{"href":"https:\/\/journalismcourses.org\/es\/wp-json\/wp\/v2\/types\/product"}],"version-history":[{"count":5,"href":"https:\/\/journalismcourses.org\/es\/wp-json\/wp\/v2\/product\/20746\/revisions"}],"predecessor-version":[{"id":85450,"href":"https:\/\/journalismcourses.org\/es\/wp-json\/wp\/v2\/product\/20746\/revisions\/85450"}],"wp:featuredmedia":[{"embeddable":true,"href":"https:\/\/journalismcourses.org\/es\/wp-json\/wp\/v2\/media\/21551"}],"wp:attachment":[{"href":"https:\/\/journalismcourses.org\/es\/wp-json\/wp\/v2\/media?parent=20746"}],"wp:term":[{"taxonomy":"pt-course-category","embeddable":true,"href":"https:\/\/journalismcourses.org\/es\/wp-json\/wp\/v2\/pt-course-category?post=20746"},{"taxonomy":"display-in-hero-carousel","embeddable":true,"href":"https:\/\/journalismcourses.org\/es\/wp-json\/wp\/v2\/display-in-hero-carousel?post=20746"},{"taxonomy":"course-category","embeddable":true,"href":"https:\/\/journalismcourses.org\/es\/wp-json\/wp\/v2\/course-category?post=20746"},{"taxonomy":"language","embeddable":true,"href":"https:\/\/journalismcourses.org\/es\/wp-json\/wp\/v2\/language?post=20746"},{"taxonomy":"display-in-featured-section","embeddable":true,"href":"https:\/\/journalismcourses.org\/es\/wp-json\/wp\/v2\/display-in-featured-section?post=20746"},{"taxonomy":"product_brand","embeddable":true,"href":"https:\/\/journalismcourses.org\/es\/wp-json\/wp\/v2\/product_brand?post=20746"},{"taxonomy":"product_cat","embeddable":true,"href":"https:\/\/journalismcourses.org\/es\/wp-json\/wp\/v2\/product_cat?post=20746"},{"taxonomy":"product_tag","embeddable":true,"href":"https:\/\/journalismcourses.org\/es\/wp-json\/wp\/v2\/product_tag?post=20746"},{"taxonomy":"wf_product_folders","embeddable":true,"href":"https:\/\/journalismcourses.org\/es\/wp-json\/wp\/v2\/wf_product_folders?post=20746"}],"curies":[{"name":"wp","href":"https:\/\/api.w.org\/{rel}","templated":true}]}}