{"id":9461,"date":"2021-03-08T10:15:01","date_gmt":"2021-03-08T16:15:01","guid":{"rendered":"https:\/\/dev-journalismcourses.pantheonsite.io\/events\/"},"modified":"2022-09-12T12:09:15","modified_gmt":"2022-09-12T17:09:15","slug":"eventos","status":"publish","type":"page","link":"https:\/\/journalismcourses.org\/es\/eventos\/","title":{"rendered":"Eventos"},"content":{"rendered":"<p><a href=\"https:\/\/dev-journalismcourses.pantheonsite.io\/es\/conferencia\/\"><img fetchpriority=\"high\" decoding=\"async\" class=\"size-medium wp-image-16627 alignleft\" src=\"https:\/\/dev-journalismcourses.pantheonsite.io\/wp-content\/uploads\/2022\/08\/UT-Knight-Center-Event-Opening-Slide.ai_-300x169.png\" alt=\"UT Knight Center Conferencia Latinoamericana sobre Diversidad en el Periodismo\" width=\"300\" height=\"169\" srcset=\"https:\/\/journalismcourses.org\/wp-content\/uploads\/2022\/08\/UT-Knight-Center-Event-Opening-Slide.ai_-300x169.png 300w, https:\/\/journalismcourses.org\/wp-content\/uploads\/2022\/08\/UT-Knight-Center-Event-Opening-Slide.ai_-1024x576.png 1024w, https:\/\/journalismcourses.org\/wp-content\/uploads\/2022\/08\/UT-Knight-Center-Event-Opening-Slide.ai_-768x432.png 768w, https:\/\/journalismcourses.org\/wp-content\/uploads\/2022\/08\/UT-Knight-Center-Event-Opening-Slide.ai_.png 1536w\" sizes=\"(max-width: 300px) 100vw, 300px\" \/><\/a><strong><a href=\"https:\/\/dev-journalismcourses.pantheonsite.io\/es\/news\/el-centro-knight-anuncia-segunda-conferencia-latinoamericana-sobre-diversidad-en-el-periodismo-como-un-evento-virtual-a-celebrarse-el-9-y-10-de-septiembre\/\"><span style=\"font-size: 14pt;\">El Centro Knight anuncia Segunda Conferencia Latinoamericana sobre Diversidad en el Periodismo, un evento virtual a celebrarse el 9 y 10 de septiembre<\/span><\/a><\/strong><\/p>\n<p>Para darle continuidad a\u00a0 sus iniciativas para ayudar a los periodistas interesados en promover diversidad, equidad e inclusi\u00f3n (DEI) en las salas de redacci\u00f3n y en el periodismo en Am\u00e9rica Latina, el Centro Knight para el Periodismo en las Am\u00e9ricas realizar\u00e1 la\u00a0<a href=\"https:\/\/dev-journalismcourses.pantheonsite.io\/es\/conferencia\/\">Segunda Conferencia Latinoamericana sobre Diversidad en el Periodismo<\/a><a href=\"https:\/\/dev-journalismcourses.pantheonsite.io\/es\/news\/el-centro-knight-anuncia-segunda-conferencia-latinoamericana-sobre-diversidad-en-el-periodismo-como-un-evento-virtual-a-celebrarse-el-9-y-10-de-septiembre\/\">&#8230;<\/a><\/p>\n<p>&nbsp;<\/p>\n<p><a href=\"https:\/\/dev-journalismcourses.pantheonsite.io\/es\/course\/proteccion-de-periodistas-seguridad-y-justicia-en-america-latina-y-el-caribe\/\"><img decoding=\"async\" class=\"alignleft wp-image-16028 size-medium\" src=\"https:\/\/dev-journalismcourses.pantheonsite.io\/wp-content\/uploads\/2022\/07\/GMDF-ESP-FINAL-300x169.png\" alt=\"Protecci\u00f3n de periodistas: seguridad y justicia en Am\u00e9rica Latina y el Caribe\" width=\"300\" height=\"169\" srcset=\"https:\/\/journalismcourses.org\/wp-content\/uploads\/2022\/07\/GMDF-ESP-FINAL-300x169.png 300w, https:\/\/journalismcourses.org\/wp-content\/uploads\/2022\/07\/GMDF-ESP-FINAL-1024x576.png 1024w, https:\/\/journalismcourses.org\/wp-content\/uploads\/2022\/07\/GMDF-ESP-FINAL-768x432.png 768w, https:\/\/journalismcourses.org\/wp-content\/uploads\/2022\/07\/GMDF-ESP-FINAL-1536x864.png 1536w, https:\/\/journalismcourses.org\/wp-content\/uploads\/2022\/07\/GMDF-ESP-FINAL.png 1920w\" sizes=\"(max-width: 300px) 100vw, 300px\" \/><\/a><a href=\"https:\/\/dev-journalismcourses.pantheonsite.io\/es\/course\/proteccion-de-periodistas-seguridad-y-justicia-en-america-latina-y-el-caribe\/\"><span style=\"font-size: 14pt;\"><strong>Centro Knight lanzar\u00e1 ebook sobre seguridad de periodistas en Am\u00e9rica Latina y el Caribe durante seminario web<\/strong><\/span><\/a><\/p>\n<p>\u00danase al Centro Knight para el Periodismo en las Am\u00e9ricas el martes 2 de agosto\u00a0<a href=\"https:\/\/dev-journalismcourses.pantheonsite.io\/es\/course\/proteccion-de-periodistas-seguridad-y-justicia-en-america-latina-y-el-caribe\/\">para un seminario web gratuito<\/a> en el que lanzamos un ebook multiling\u00fce gratuito sobre la seguridad de periodistas en Am\u00e9rica Latina y el Caribe.\u00a0Expertos se reunir\u00e1n para conversar sobre la situaci\u00f3n actual de violencia contra periodistas<a href=\"https:\/\/dev-journalismcourses.pantheonsite.io\/es\/course\/proteccion-de-periodistas-seguridad-y-justicia-en-america-latina-y-el-caribe\/\">&#8230;<\/a><\/p>\n<p>&nbsp;<\/p>\n<p class=\"single-title\"><a href=\"https:\/\/dev-journalismcourses.pantheonsite.io\/es\/course\/webinar-desinformacion-en-tiempos-de-covid-19-en-america-latina-y-el-caribe\/\"><strong><span style=\"font-size: 14pt;\"><img decoding=\"async\" class=\"size-medium wp-image-15317 alignleft\" src=\"https:\/\/dev-journalismcourses.pantheonsite.io\/wp-content\/uploads\/2022\/05\/Desinformacion-COVID-19-Venezuela-300x169.jpg\" alt=\"Desinformaci\u00f3n COVID-19 Venezuela\" width=\"300\" height=\"169\" srcset=\"https:\/\/journalismcourses.org\/wp-content\/uploads\/2022\/05\/Desinformacion-COVID-19-Venezuela-300x169.jpg 300w, https:\/\/journalismcourses.org\/wp-content\/uploads\/2022\/05\/Desinformacion-COVID-19-Venezuela-1024x576.jpg 1024w, https:\/\/journalismcourses.org\/wp-content\/uploads\/2022\/05\/Desinformacion-COVID-19-Venezuela-768x432.jpg 768w, https:\/\/journalismcourses.org\/wp-content\/uploads\/2022\/05\/Desinformacion-COVID-19-Venezuela.jpg 1080w\" sizes=\"(max-width: 300px) 100vw, 300px\" \/>Se invita a periodistas venezolanos a unirse a esfuerzos de verificaci\u00f3n de hechos para desmentir la desinformaci\u00f3n sobre COVID-19<\/span><\/strong><\/a><\/p>\n<p>El Centro Knight para el Periodismo en las Am\u00e9ricas, la UNESCO y Median\u00e1lisis est\u00e1n ofreciendo un seminario web el 17 de mayo de 2022 sobre ese tema para periodistas del pa\u00eds sudamericano.<a href=\"https:\/\/us02web.zoom.us\/webinar\/register\/WN_Nh-IdanxTi6qHncZ-0bawg\">\u00a0Las inscripciones est\u00e1n abiertas para el evento<\/a>, que se lleva a cabo a las 5 p.m. Hora de Caracas.<\/p>\n<p>&nbsp;<\/p>\n<p><a href=\"https:\/\/dev-journalismcourses.pantheonsite.io\/pt-br\/eventos\/webinar-edicao-em-jornalismo-cientifico\/\"><img loading=\"lazy\" decoding=\"async\" class=\"alignleft wp-image-12754 size-medium\" src=\"https:\/\/dev-journalismcourses.pantheonsite.io\/wp-content\/uploads\/2021\/11\/Featured-Image-Science-Journalism-Manual-in-PT-300x201.png\" alt=\"Featured Image Science Journalism Manual in PT\" width=\"300\" height=\"201\" srcset=\"https:\/\/journalismcourses.org\/wp-content\/uploads\/2021\/11\/Featured-Image-Science-Journalism-Manual-in-PT-300x201.png 300w, https:\/\/journalismcourses.org\/wp-content\/uploads\/2021\/11\/Featured-Image-Science-Journalism-Manual-in-PT.png 507w\" sizes=\"(max-width: 300px) 100vw, 300px\" \/><\/a><\/p>\n<p class=\"single-title\"><strong><a href=\"https:\/\/dev-journalismcourses.pantheonsite.io\/es\/news\/version-brasilena-del-manual-de-edicion-cientifica-para-periodistas-se-lanzara-durante-webinar\/\"><span style=\"font-size: 14pt;\">Versi\u00f3n brasile\u00f1a del manual de edici\u00f3n cient\u00edfica para periodistas se lanzar\u00e1 durante webinar<\/span><\/a><\/strong><\/p>\n<p>El viernes 5 de noviembre, el Centro Knight para el Periodismo en las Am\u00e9ricas y el Instituto Serrapilheira, de Brasil, publicar\u00e1n la traducci\u00f3n al portugu\u00e9s del Manual de Edici\u00f3n Cient\u00edfica (Science Editing Handbook) de KSJ durante un <a href=\"https:\/\/dev-journalismcourses.pantheonsite.io\/pt-br\/eventos\/webinar-edicao-em-jornalismo-cientifico\/\">seminario web especial&#8230;<\/a><\/p>\n<p>&nbsp;<\/p>\n<p><img loading=\"lazy\" decoding=\"async\" class=\"size-medium wp-image-12603 alignleft\" src=\"https:\/\/dev-journalismcourses.pantheonsite.io\/wp-content\/uploads\/2021\/10\/Featured-Image-Webinar-Spanish-CORRECT-300x201.png\" alt=\"Featured Image Webinar Spanish CORRECT\" width=\"300\" height=\"201\" srcset=\"https:\/\/journalismcourses.org\/wp-content\/uploads\/2021\/10\/Featured-Image-Webinar-Spanish-CORRECT-300x201.png 300w, https:\/\/journalismcourses.org\/wp-content\/uploads\/2021\/10\/Featured-Image-Webinar-Spanish-CORRECT.png 507w\" sizes=\"(max-width: 300px) 100vw, 300px\" \/><\/p>\n<p class=\"single-title\"><a href=\"https:\/\/dev-journalismcourses.pantheonsite.io\/es\/news\/periodismo-en-tiempos-de-polarizacion-y-desinformacion-en-america-latina-inscribase-de-forma-gratuita-en-un-webinar-en-ingles-espanol-y-portugues\/\"><strong><span style=\"font-size: 14pt;\">\u201cPeriodismo en tiempos de polarizaci\u00f3n y desinformaci\u00f3n en Am\u00e9rica Latina\u201d: inscr\u00edbase de forma gratuita en un webinar en ingl\u00e9s, espa\u00f1ol y portugu\u00e9s.<\/span><\/strong><\/a><\/p>\n<p>LLILAS BENSON Colecciones y Estudios Latinoamericanos y el\u00a0Centro Knight para el Periodismo en las Am\u00e9ricas de la Universidad de Texas en Austin organizar\u00e1n un seminario web sobre polarizaci\u00f3n, desinformaci\u00f3n y el rol de la prensa en la protecci\u00f3n de la democracia y la libertad de expresi\u00f3n en la regi\u00f3n<a href=\"https:\/\/dev-journalismcourses.pantheonsite.io\/es\/eventos\/webinar-polarizacion-desinformacion-america-latina\/\">&#8230;<\/a><\/p>\n<p>&nbsp;<\/p>\n<p><img loading=\"lazy\" decoding=\"async\" class=\"wp-image-9445 size-medium alignleft\" src=\"https:\/\/dev-journalismcourses.pantheonsite.io\/wp-content\/uploads\/2021\/03\/isoj_new-300x223.png\" alt=\"isoj2021logo_new\" width=\"300\" height=\"223\" srcset=\"https:\/\/journalismcourses.org\/wp-content\/uploads\/2021\/03\/isoj_new-300x223.png 300w, https:\/\/journalismcourses.org\/wp-content\/uploads\/2021\/03\/isoj_new.png 408w\" sizes=\"(max-width: 300px) 100vw, 300px\" \/><a href=\"https:\/\/isoj.org\/registration-is-now-open-for-isoj-online-2021-sign-up-now-for-the-premier-online-journalism-conference-in-april\/\" target=\"_blank\" rel=\"noopener\"><strong><span style=\"font-size: 14pt;\">Ya est\u00e1n abiertas las inscripciones para ISOJ Online 2021. Reg\u00edstrese ahora a la principal conferencia de periodismo digital que se realiza en abril.<\/span><\/strong><\/a><\/p>\n<p>Por segunda vez en sus 22 a\u00f1os de historia, el Simposio Internacional de Periodismo Online (ISOJ) se llevar\u00e1 a cabo de manera completamente virtual del 26 al 30 de abril de 2021, patrocinado por la <a href=\"https:\/\/knightfoundation.org\/\" target=\"_blank\" rel=\"noopener\">Fundaci\u00f3n Knight<\/a> y <a href=\"https:\/\/newsinitiative.withgoogle.com\/\" target=\"_blank\" rel=\"noopener\">Google News Initiative<\/a>. La inscripci\u00f3n para ISOJ, la principal conferencia mundial de periodismo digital, ahora est\u00e1 disponible de forma gratuita<a href=\"https:\/\/dev-journalismcourses.pantheonsite.io\/es\/news\/ya-estan-abiertas-las-inscripciones-para-isoj-online-2021-registrese-ahora-a-la-principal-conferencia-de-periodismo-digital-que-se-realiza-en-abril\/\">&#8230;<\/a><\/p>\n<p>&nbsp;<\/p>\n<p><img loading=\"lazy\" decoding=\"async\" class=\"size-medium wp-image-9488 alignleft\" src=\"https:\/\/dev-journalismcourses.pantheonsite.io\/wp-content\/uploads\/2021\/03\/Featured-Image-Diversity-webinar-300x201.png\" alt=\"Featured Image Diversity webinar\" width=\"300\" height=\"201\" srcset=\"https:\/\/journalismcourses.org\/wp-content\/uploads\/2021\/03\/Featured-Image-Diversity-webinar-300x201.png 300w, https:\/\/journalismcourses.org\/wp-content\/uploads\/2021\/03\/Featured-Image-Diversity-webinar.png 507w\" sizes=\"(max-width: 300px) 100vw, 300px\" \/><\/p>\n<p><span style=\"font-size: 14pt;\"><strong><a href=\"https:\/\/dev-journalismcourses.pantheonsite.io\/conferencia\/\">Centro Knight abre inscripciones para la Primera Conferencia Latinoamericana sobre Diversidad en el Periodismo<\/a><\/strong><\/span><\/p>\n<p>El Centro Knight para el Periodismo en las Am\u00e9ricas realizar\u00e1 la Primera Conferencia Latinoamericana sobre Diversidad en el Periodismo los pr\u00f3ximos 26 y 27 de marzo. El evento es completamente gratuito y en l\u00ednea con el desarrollo de dos sesiones al d\u00eda sobre temas como g\u00e9nero, orientaci\u00f3n sexual, asuntos raciales y \u00e9tnicos, y discapacidad<a href=\"https:\/\/dev-journalismcourses.pantheonsite.io\/es\/news\/centro-knight-abre-inscripciones-para-la-primera-conferencia-latinoamericana-sobre-diversidad-en-el-periodismo\/\">&#8230;<\/a><\/p>\n<p>&nbsp;<\/p>\n<p><img loading=\"lazy\" decoding=\"async\" class=\"wp-image-9095 size-medium alignleft\" src=\"https:\/\/dev-journalismcourses.pantheonsite.io\/wp-content\/uploads\/2021\/02\/MOOC-vaccines_flyer_ES-300x133.jpg\" alt=\"vaccine_es\" width=\"300\" height=\"133\" srcset=\"https:\/\/journalismcourses.org\/wp-content\/uploads\/2021\/02\/MOOC-vaccines_flyer_ES-300x133.jpg 300w, https:\/\/journalismcourses.org\/wp-content\/uploads\/2021\/02\/MOOC-vaccines_flyer_ES-768x341.jpg 768w, https:\/\/journalismcourses.org\/wp-content\/uploads\/2021\/02\/MOOC-vaccines_flyer_ES.jpg 900w\" sizes=\"(max-width: 300px) 100vw, 300px\" \/><a href=\"https:\/\/dev-journalismcourses.pantheonsite.io\/es\/covid-19-webinar-recordings\/\" target=\"_blank\" rel=\"noopener\"><strong><span style=\"font-size: 12pt;\"><span style=\"font-size: 14pt;\">Cobertura de la vacuna COVID-19 &#8211; Grabaciones del webinar<\/span><\/span><\/strong><\/a><\/p>\n<p>Este seminario web multiling\u00fce, \u00abCobertura sobre la vacuna de la COVID-19: lo que los periodistas deben saber\u201d ofrece las mejores pr\u00e1cticas para los periodistas que cubren las vacunas, particularmente con respecto a la distribuci\u00f3n y la ciencia detr\u00e1s de las vacunas.<a href=\"https:\/\/dev-journalismcourses.pantheonsite.io\/es\/covid-19-webinar-recordings\/\" target=\"_blank\" rel=\"noopener\">&#8230;<\/a><\/p>\n<p>&nbsp;<\/p>\n","protected":false},"excerpt":{"rendered":"<p>El Centro Knight anuncia Segunda Conferencia Latinoamericana sobre Diversidad en el Periodismo, un evento virtual a celebrarse el 9 y 10 de septiembre Para darle continuidad a\u00a0 sus iniciativas para ayudar a los periodistas interesados en promover diversidad, equidad e inclusi\u00f3n (DEI) en las salas de redacci\u00f3n y en el periodismo en Am\u00e9rica Latina, el [&hellip;]<\/p>\n","protected":false},"author":1,"featured_media":0,"parent":0,"menu_order":78,"comment_status":"closed","ping_status":"closed","template":"","meta":{"_acf_changed":false,"productId":0,"courseId":0,"footnotes":""},"wf_page_folders":[],"class_list":["post-9461","page","type-page","status-publish","hentry"],"acf":[],"yoast_head":"<!-- This site is optimized with the Yoast SEO Premium plugin v22.9 (Yoast SEO v27.3) - https:\/\/yoast.com\/product\/yoast-seo-premium-wordpress\/ -->\n<title>Eventos - Journalism Courses by Knight Center<\/title>\n<meta name=\"robots\" content=\"index, follow, max-snippet:-1, max-image-preview:large, max-video-preview:-1\" \/>\n<link rel=\"canonical\" href=\"https:\/\/journalismcourses.org\/es\/eventos\/\" \/>\n<meta property=\"og:locale\" content=\"es_ES\" \/>\n<meta property=\"og:type\" content=\"article\" \/>\n<meta property=\"og:title\" content=\"Eventos\" \/>\n<meta property=\"og:description\" content=\"El Centro Knight anuncia Segunda Conferencia Latinoamericana sobre Diversidad en el Periodismo, un evento virtual a celebrarse el 9 y 10 de septiembre Para darle continuidad a\u00a0 sus iniciativas para ayudar a los periodistas interesados en promover diversidad, equidad e inclusi\u00f3n (DEI) en las salas de redacci\u00f3n y en el periodismo en Am\u00e9rica Latina, el [&hellip;]\" \/>\n<meta property=\"og:url\" content=\"https:\/\/journalismcourses.org\/es\/eventos\/\" \/>\n<meta property=\"og:site_name\" content=\"Journalism Courses by Knight Center\" \/>\n<meta property=\"article:modified_time\" content=\"2022-09-12T17:09:15+00:00\" \/>\n<meta property=\"og:image\" content=\"https:\/\/dev-journalismcourses.pantheonsite.io\/wp-content\/uploads\/2022\/08\/UT-Knight-Center-Event-Opening-Slide.ai_-300x169.png\" \/>\n<meta name=\"twitter:card\" content=\"summary_large_image\" \/>\n<meta name=\"twitter:label1\" content=\"Est. reading time\" \/>\n\t<meta name=\"twitter:data1\" content=\"3 minutos\" \/>\n<script type=\"application\/ld+json\" class=\"yoast-schema-graph\">{\"@context\":\"https:\\\/\\\/schema.org\",\"@graph\":[{\"@type\":\"WebPage\",\"@id\":\"https:\\\/\\\/journalismcourses.org\\\/es\\\/eventos\\\/\",\"url\":\"https:\\\/\\\/journalismcourses.org\\\/es\\\/eventos\\\/\",\"name\":\"Eventos - Journalism Courses by Knight Center\",\"isPartOf\":{\"@id\":\"https:\\\/\\\/journalismcourses.org\\\/es\\\/#website\"},\"primaryImageOfPage\":{\"@id\":\"https:\\\/\\\/journalismcourses.org\\\/es\\\/eventos\\\/#primaryimage\"},\"image\":{\"@id\":\"https:\\\/\\\/journalismcourses.org\\\/es\\\/eventos\\\/#primaryimage\"},\"thumbnailUrl\":\"https:\\\/\\\/dev-journalismcourses.pantheonsite.io\\\/wp-content\\\/uploads\\\/2022\\\/08\\\/UT-Knight-Center-Event-Opening-Slide.ai_-300x169.png\",\"datePublished\":\"2021-03-08T16:15:01+00:00\",\"dateModified\":\"2022-09-12T17:09:15+00:00\",\"breadcrumb\":{\"@id\":\"https:\\\/\\\/journalismcourses.org\\\/es\\\/eventos\\\/#breadcrumb\"},\"inLanguage\":\"es\",\"potentialAction\":[{\"@type\":\"ReadAction\",\"target\":[\"https:\\\/\\\/journalismcourses.org\\\/es\\\/eventos\\\/\"]}]},{\"@type\":\"ImageObject\",\"inLanguage\":\"es\",\"@id\":\"https:\\\/\\\/journalismcourses.org\\\/es\\\/eventos\\\/#primaryimage\",\"url\":\"https:\\\/\\\/dev-journalismcourses.pantheonsite.io\\\/wp-content\\\/uploads\\\/2022\\\/08\\\/UT-Knight-Center-Event-Opening-Slide.ai_-300x169.png\",\"contentUrl\":\"https:\\\/\\\/dev-journalismcourses.pantheonsite.io\\\/wp-content\\\/uploads\\\/2022\\\/08\\\/UT-Knight-Center-Event-Opening-Slide.ai_-300x169.png\"},{\"@type\":\"BreadcrumbList\",\"@id\":\"https:\\\/\\\/journalismcourses.org\\\/es\\\/eventos\\\/#breadcrumb\",\"itemListElement\":[{\"@type\":\"ListItem\",\"position\":1,\"name\":\"Home\",\"item\":\"https:\\\/\\\/journalismcourses.org\\\/es\\\/\"},{\"@type\":\"ListItem\",\"position\":2,\"name\":\"Eventos\"}]},{\"@type\":\"WebSite\",\"@id\":\"https:\\\/\\\/journalismcourses.org\\\/es\\\/#website\",\"url\":\"https:\\\/\\\/journalismcourses.org\\\/es\\\/\",\"name\":\"Journalism Courses by Knight Center\",\"description\":\"Online courses for journalists\",\"potentialAction\":[{\"@type\":\"SearchAction\",\"target\":{\"@type\":\"EntryPoint\",\"urlTemplate\":\"https:\\\/\\\/journalismcourses.org\\\/es\\\/?s={search_term_string}\"},\"query-input\":{\"@type\":\"PropertyValueSpecification\",\"valueRequired\":true,\"valueName\":\"search_term_string\"}}],\"inLanguage\":\"es\"}]}<\/script>\n<!-- \/ Yoast SEO Premium plugin. -->","yoast_head_json":{"title":"Eventos - Journalism Courses by Knight Center","robots":{"index":"index","follow":"follow","max-snippet":"max-snippet:-1","max-image-preview":"max-image-preview:large","max-video-preview":"max-video-preview:-1"},"canonical":"https:\/\/journalismcourses.org\/es\/eventos\/","og_locale":"es_ES","og_type":"article","og_title":"Eventos","og_description":"El Centro Knight anuncia Segunda Conferencia Latinoamericana sobre Diversidad en el Periodismo, un evento virtual a celebrarse el 9 y 10 de septiembre Para darle continuidad a\u00a0 sus iniciativas para ayudar a los periodistas interesados en promover diversidad, equidad e inclusi\u00f3n (DEI) en las salas de redacci\u00f3n y en el periodismo en Am\u00e9rica Latina, el [&hellip;]","og_url":"https:\/\/journalismcourses.org\/es\/eventos\/","og_site_name":"Journalism Courses by Knight Center","article_modified_time":"2022-09-12T17:09:15+00:00","og_image":[{"url":"https:\/\/dev-journalismcourses.pantheonsite.io\/wp-content\/uploads\/2022\/08\/UT-Knight-Center-Event-Opening-Slide.ai_-300x169.png","type":"","width":"","height":""}],"twitter_card":"summary_large_image","twitter_misc":{"Est. reading time":"3 minutos"},"schema":{"@context":"https:\/\/schema.org","@graph":[{"@type":"WebPage","@id":"https:\/\/journalismcourses.org\/es\/eventos\/","url":"https:\/\/journalismcourses.org\/es\/eventos\/","name":"Eventos - Journalism Courses by Knight Center","isPartOf":{"@id":"https:\/\/journalismcourses.org\/es\/#website"},"primaryImageOfPage":{"@id":"https:\/\/journalismcourses.org\/es\/eventos\/#primaryimage"},"image":{"@id":"https:\/\/journalismcourses.org\/es\/eventos\/#primaryimage"},"thumbnailUrl":"https:\/\/dev-journalismcourses.pantheonsite.io\/wp-content\/uploads\/2022\/08\/UT-Knight-Center-Event-Opening-Slide.ai_-300x169.png","datePublished":"2021-03-08T16:15:01+00:00","dateModified":"2022-09-12T17:09:15+00:00","breadcrumb":{"@id":"https:\/\/journalismcourses.org\/es\/eventos\/#breadcrumb"},"inLanguage":"es","potentialAction":[{"@type":"ReadAction","target":["https:\/\/journalismcourses.org\/es\/eventos\/"]}]},{"@type":"ImageObject","inLanguage":"es","@id":"https:\/\/journalismcourses.org\/es\/eventos\/#primaryimage","url":"https:\/\/dev-journalismcourses.pantheonsite.io\/wp-content\/uploads\/2022\/08\/UT-Knight-Center-Event-Opening-Slide.ai_-300x169.png","contentUrl":"https:\/\/dev-journalismcourses.pantheonsite.io\/wp-content\/uploads\/2022\/08\/UT-Knight-Center-Event-Opening-Slide.ai_-300x169.png"},{"@type":"BreadcrumbList","@id":"https:\/\/journalismcourses.org\/es\/eventos\/#breadcrumb","itemListElement":[{"@type":"ListItem","position":1,"name":"Home","item":"https:\/\/journalismcourses.org\/es\/"},{"@type":"ListItem","position":2,"name":"Eventos"}]},{"@type":"WebSite","@id":"https:\/\/journalismcourses.org\/es\/#website","url":"https:\/\/journalismcourses.org\/es\/","name":"Journalism Courses by Knight Center","description":"Online courses for journalists","potentialAction":[{"@type":"SearchAction","target":{"@type":"EntryPoint","urlTemplate":"https:\/\/journalismcourses.org\/es\/?s={search_term_string}"},"query-input":{"@type":"PropertyValueSpecification","valueRequired":true,"valueName":"search_term_string"}}],"inLanguage":"es"}]}},"_links":{"self":[{"href":"https:\/\/journalismcourses.org\/es\/wp-json\/wp\/v2\/pages\/9461","targetHints":{"allow":["GET"]}}],"collection":[{"href":"https:\/\/journalismcourses.org\/es\/wp-json\/wp\/v2\/pages"}],"about":[{"href":"https:\/\/journalismcourses.org\/es\/wp-json\/wp\/v2\/types\/page"}],"author":[{"embeddable":true,"href":"https:\/\/journalismcourses.org\/es\/wp-json\/wp\/v2\/users\/1"}],"replies":[{"embeddable":true,"href":"https:\/\/journalismcourses.org\/es\/wp-json\/wp\/v2\/comments?post=9461"}],"version-history":[{"count":31,"href":"https:\/\/journalismcourses.org\/es\/wp-json\/wp\/v2\/pages\/9461\/revisions"}],"predecessor-version":[{"id":16742,"href":"https:\/\/journalismcourses.org\/es\/wp-json\/wp\/v2\/pages\/9461\/revisions\/16742"}],"wp:attachment":[{"href":"https:\/\/journalismcourses.org\/es\/wp-json\/wp\/v2\/media?parent=9461"}],"wp:term":[{"taxonomy":"wf_page_folders","embeddable":true,"href":"https:\/\/journalismcourses.org\/es\/wp-json\/wp\/v2\/wf_page_folders?post=9461"}],"curies":[{"name":"wp","href":"https:\/\/api.w.org\/{rel}","templated":true}]}}