{"id":9188,"date":"2021-02-15T10:35:53","date_gmt":"2021-02-15T16:35:53","guid":{"rendered":"https:\/\/dev-journalismcourses.pantheonsite.io\/?page_id=9188"},"modified":"2021-03-12T16:19:52","modified_gmt":"2021-03-12T22:19:52","slug":"spcovering-covid-19-webinar-recordings","status":"publish","type":"page","link":"https:\/\/journalismcourses.org\/es\/spcovering-covid-19-webinar-recordings\/","title":{"rendered":"Cobertura de la vacuna COVID-19 &#8211; Grabaciones del webinar"},"content":{"rendered":"<p>Este seminario web multiling\u00fce, \u00abCobertura sobre la vacuna de la COVID-19: lo que los periodistas deben saber\u201d ofrece las mejores pr\u00e1cticas para los periodistas que cubren las vacunas, particularmente con respecto a la distribuci\u00f3n y la ciencia detr\u00e1s de las vacunas. Fue organizado por el Centro Knight para el Periodismo en las Am\u00e9ricas de la Universidad de Texas en Austin, en colaboraci\u00f3n con la UNESCO y la Organizaci\u00f3n Mundial de la Salud y con financiamiento de la Uni\u00f3n Europea. La grabaci\u00f3n del seminario web ahora est\u00e1 disponible en \u00e1rabe, chino, espa\u00f1ol, franc\u00e9s, ingl\u00e9s, portugu\u00e9s, hindi y ruso.<\/p>\n<p>&nbsp;<\/p>\n<p><a href=\"https:\/\/dev-journalismcourses.pantheonsite.io\/webinar-covering-the-covid-19-vaccine-what-journalists-need-to-know-ar\/\" target=\"_blank\" rel=\"noopener\"><img fetchpriority=\"high\" decoding=\"async\" class=\"wp-image-9101 size-medium alignleft\" src=\"https:\/\/dev-journalismcourses.pantheonsite.io\/wp-content\/uploads\/2021\/02\/MOOC-vaccines_flyer_AR-300x133.jpg\" alt=\"vaccine_ar\" width=\"450\" height=\"200\" srcset=\"https:\/\/journalismcourses.org\/wp-content\/uploads\/2021\/02\/MOOC-vaccines_flyer_AR-300x133.jpg 300w, https:\/\/journalismcourses.org\/wp-content\/uploads\/2021\/02\/MOOC-vaccines_flyer_AR-768x341.jpg 768w, https:\/\/journalismcourses.org\/wp-content\/uploads\/2021\/02\/MOOC-vaccines_flyer_AR.jpg 900w\" sizes=\"(max-width: 450px) 100vw, 450px\" \/><\/a><strong>[Arabic]<\/strong> \u0627\u0646 \u0647\u0630\u0647 \u0627\u0644\u0646\u062f\u0648\u0629 \u0639\u0628\u0631 \u0627\u0644\u0625\u0646\u062a\u0631\u0646\u062a \u062a\u062d\u062a \u0639\u0646\u0648\u0627\u0646 \u00ab\u0627\u0644\u062a\u063a\u0637\u064a\u0629 \u0627\u0644\u0625\u0639\u0644\u0627\u0645\u064a\u0629 \u062d\u0648\u0644 \u0644\u0642\u0627\u062d\u0627\u062a :COVID-19 \u0645\u0627 \u064a\u062d\u062a\u0627\u062c \u0627\u0644\u0635\u062d\u0641\u064a\u0648\u0646 \u0645\u0639\u0631\u0641\u062a\u0647\u00bb\u060c \u062a\u0642\u062f\u0645 \u0623\u0641\u0636\u0644 \u0627\u0644\u0645\u0645\u0627\u0631\u0633\u0627\u062a \u0644\u0644\u0635\u062d\u0641\u064a\u064a\u0646 \u0627\u0644\u0630\u064a\u0646 \u064a\u0642\u0648\u0645\u0648\u0646 \u0628\u062a\u063a\u0637\u064a\u0629 \u0645\u0648\u0636\u0648\u0639 \u0627\u0644\u0644\u0642\u0627\u062d\u0627\u062a\u060c \u0644\u0627 \u0633\u064a\u0645\u0627 \u0641\u064a\u0645\u0627 \u064a\u062a\u0639\u0644\u0642 \u0628\u062a\u0648\u0632\u064a\u0639 \u0627\u0644\u0644\u0642\u0627\u062d\u0627\u062a \u0648\u0627\u0644\u0639\u0644\u0645 \u0627\u0644\u0643\u0627\u0645\u0646 \u0648\u0631\u0627\u0621\u0647\u0627. \u0648\u0644\u0642\u062f \u062a\u0645 \u062a\u0646\u0638\u064a\u0645 \u0647\u0630\u0647 \u0627\u0644\u0646\u062f\u0648\u0629 \u0645\u062a\u0639\u062f\u062f\u0629 \u0627\u0644\u0644\u063a\u0627\u062a \u0645\u0646 \u0642\u0628\u0644 \u0645\u0631\u0643\u0632 \u0646\u0627\u064a\u062a \u0644\u0644\u0635\u062d\u0627\u0641\u0629 \u0641\u064a \u0627\u0644\u0623\u0645\u0631\u064a\u0643\u064a\u062a\u064a\u0646 \u0641\u064a \u062c\u0627\u0645\u0639\u0629 \u062a\u0643\u0633\u0627\u0633 \u0641\u064a \u0623\u0648\u0633\u062a\u0646\u060c \u0628\u0627\u0644\u0634\u0631\u0627\u0643\u0629 \u0645\u0639 \u0627\u0644\u064a\u0648\u0646\u0633\u0643\u0648 \u0648\u0645\u0646\u0638\u0645\u0629 \u0627\u0644\u0635\u062d\u0629 \u0627\u0644\u0639\u0627\u0644\u0645\u064a\u0629 \u0648\u0628\u062a\u0645\u0648\u064a\u0644 \u0645\u0646 \u0627\u0644\u0627\u062a\u062d\u0627\u062f \u0627\u0644\u0623\u0648\u0631\u0648\u0628\u064a <a href=\"https:\/\/dev-journalismcourses.pantheonsite.io\/webinar-covering-the-covid-19-vaccine-what-journalists-need-to-know-ar\/\" target=\"_blank\" rel=\"noopener\">&#8230;<\/a><\/p>\n<p>&nbsp;<\/p>\n<p>&nbsp;<\/p>\n<p>&nbsp;<\/p>\n<p><strong>[Chinese]<\/strong> <a href=\"https:\/\/dev-journalismcourses.pantheonsite.io\/vaccinewebinar_ch\/\" target=\"_blank\" rel=\"noopener\"><img decoding=\"async\" class=\"wp-image-9245 size-medium alignleft\" src=\"https:\/\/dev-journalismcourses.pantheonsite.io\/wp-content\/uploads\/2021\/02\/MOOC-vaccines-COVID-flyer_zh_alternative-2-300x133.jpg\" alt=\"v_ch\" width=\"450\" height=\"200\" srcset=\"https:\/\/journalismcourses.org\/wp-content\/uploads\/2021\/02\/MOOC-vaccines-COVID-flyer_zh_alternative-2-300x133.jpg 300w, https:\/\/journalismcourses.org\/wp-content\/uploads\/2021\/02\/MOOC-vaccines-COVID-flyer_zh_alternative-2-768x341.jpg 768w, https:\/\/journalismcourses.org\/wp-content\/uploads\/2021\/02\/MOOC-vaccines-COVID-flyer_zh_alternative-2.jpg 900w\" sizes=\"(max-width: 450px) 100vw, 450px\" \/><\/a>\u6b64\u6b21\u591a\u8bed\u79cd\u7f51\u7edc\u7814\u8ba8\u4f1a\u201c\u62a5\u90532019\u51a0\u72b6\u75c5\u6bd2\u75c5\u75ab\u82d7\uff1a\u8bb0\u8005\u987b\u77e5\u201d\u4e3a\u8bb0\u8005\u62a5\u9053\u75ab\u82d7\u63d0\u4f9b\u4e86\u6700\u4f73\u5b9e\u8df5\uff0c\u5e76\u7279\u522b\u5173\u6ce8\u75ab\u82d7\u5206\u914d\u76f8\u5173\u95ee\u9898\u548c\u75ab\u82d7\u80cc\u540e\u7684\u79d1\u5b66\u77e5\u8bc6\u3002\u6b64\u6b21\u7814\u8ba8\u4f1a\u7531\u5fb7\u514b\u8428\u65af\u5927\u5b66\u5965\u65af\u6c40\u5206\u6821\u7f8e\u6d32\u5948\u7279\u65b0\u95fb\u4e2d\u5fc3\u4e0e\u8054\u5408\u56fd\u6559\u79d1\u6587\u7ec4\u7ec7\u4ee5\u53ca\u4e16\u754c\u536b\u751f\u7ec4\u7ec7\u5408\u4f5c\u3001\u7531\u6b27\u76df\u8d44\u52a9\u4e3e\u529e\u3002<a href=\"https:\/\/dev-journalismcourses.pantheonsite.io\/vaccinewebinar_ch\/\" target=\"_blank\" rel=\"noopener\">&#8230;<\/a><\/p>\n<p>&nbsp;<\/p>\n<p>&nbsp;<\/p>\n<p>&nbsp;<\/p>\n<p><a href=\"https:\/\/dev-journalismcourses.pantheonsite.io\/webinar-covering-the-covid-19-vaccine-what-journalists-need-to-know\/\" target=\"_blank\" rel=\"noopener\"><img decoding=\"async\" class=\"wp-image-9098 size-medium alignleft\" src=\"https:\/\/dev-journalismcourses.pantheonsite.io\/wp-content\/uploads\/2021\/02\/MOOC-vaccines_flyer_EN-300x133.jpg\" alt=\"vaccine_en\" width=\"450\" height=\"200\" srcset=\"https:\/\/journalismcourses.org\/wp-content\/uploads\/2021\/02\/MOOC-vaccines_flyer_EN-300x133.jpg 300w, https:\/\/journalismcourses.org\/wp-content\/uploads\/2021\/02\/MOOC-vaccines_flyer_EN-768x341.jpg 768w, https:\/\/journalismcourses.org\/wp-content\/uploads\/2021\/02\/MOOC-vaccines_flyer_EN.jpg 900w\" sizes=\"(max-width: 450px) 100vw, 450px\" \/><\/a><strong>[English] <\/strong>This multilingual webinar, \u00abCovering the COVID-19 Vaccines: What Journalists Need to Know\u00bb offers up best practices for journalists covering the vaccines, particularly with regard to vaccine distribution and the science behind the vaccines.<a href=\"https:\/\/dev-journalismcourses.pantheonsite.io\/webinar-covering-the-covid-19-vaccine-what-journalists-need-to-know\/\" target=\"_blank\" rel=\"noopener\">&#8230;<\/a><\/p>\n<p>&nbsp;<\/p>\n<p>&nbsp;<\/p>\n<p>&nbsp;<\/p>\n<p><a href=\"https:\/\/dev-journalismcourses.pantheonsite.io\/couverture-du-vaccin-contre-le-covid-19-ce-que-les-journalistes-doivent-savoir\/\" target=\"_blank\" rel=\"noopener\"><img loading=\"lazy\" decoding=\"async\" class=\"alignleft wp-image-9210 size-medium alignleft\" src=\"https:\/\/dev-journalismcourses.pantheonsite.io\/wp-content\/uploads\/2021\/02\/MOOC-vaccines_flyer_FR-1-300x133.jpg\" alt=\"v_fr\" width=\"450\" height=\"200\" srcset=\"https:\/\/journalismcourses.org\/wp-content\/uploads\/2021\/02\/MOOC-vaccines_flyer_FR-1-300x133.jpg 300w, https:\/\/journalismcourses.org\/wp-content\/uploads\/2021\/02\/MOOC-vaccines_flyer_FR-1-768x341.jpg 768w, https:\/\/journalismcourses.org\/wp-content\/uploads\/2021\/02\/MOOC-vaccines_flyer_FR-1.jpg 900w\" sizes=\"(max-width: 450px) 100vw, 450px\" \/><\/a><strong>[French] <\/strong>Ce webinaire, \u00abCouvrir les vaccins contre le COVID-19 : ce que les journalistes doivent savoir\u00bb aborde les bonnes pratiques pour les journalistes couvrant les vaccins, s&#8217;int\u00e9ressant notamment \u00e0 leur distribution, ainsi qu&#8217;\u00e0 la science sur laquelle ils reposent.<a href=\"https:\/\/dev-journalismcourses.pantheonsite.io\/couverture-du-vaccin-contre-le-covid-19-ce-que-les-journalistes-doivent-savoir\/\" target=\"_blank\" rel=\"noopener\">&#8230;<\/a><\/p>\n<p>&nbsp;<\/p>\n<p>&nbsp;<\/p>\n<p>&nbsp;<\/p>\n<p><a href=\"https:\/\/dev-journalismcourses.pantheonsite.io\/covid-19-webinar_hindi\/\" target=\"_blank\" rel=\"noopener\"><img loading=\"lazy\" decoding=\"async\" class=\"wp-image-9620 size-medium alignleft\" src=\"https:\/\/dev-journalismcourses.pantheonsite.io\/wp-content\/uploads\/2021\/03\/MOOC-vaccines_final_HI-300x133.jpg\" alt=\"vaccine_hindi\" width=\"450\" height=\"200\" srcset=\"https:\/\/journalismcourses.org\/wp-content\/uploads\/2021\/03\/MOOC-vaccines_final_HI-300x133.jpg 300w, https:\/\/journalismcourses.org\/wp-content\/uploads\/2021\/03\/MOOC-vaccines_final_HI-768x341.jpg 768w, https:\/\/journalismcourses.org\/wp-content\/uploads\/2021\/03\/MOOC-vaccines_final_HI.jpg 900w\" sizes=\"(max-width: 450px) 100vw, 450px\" \/><\/a><strong>[Hindi] <\/strong>\u092f\u0939 \u092c\u0939\u0941\u092d\u093e\u0937\u0940 \u0935\u0947\u092c\u093f\u0928\u093e\u0930, \u00abCOVID-19 \u0915\u0947 \u091f\u0940\u0915\u093e\u0915\u0930\u0923 \u092a\u0930 \u0930\u093f\u092a\u094b\u0930\u094d\u091f\u093f\u0902\u0917 : \u092a\u0924\u094d\u0930\u0915\u093e\u0930\u094b\u0902 \u0915\u094b \u0915\u094d\u092f\u093e \u091c\u093e\u0928\u0928\u093e \u091a\u093e\u0939\u093f\u090f\u00bb \u091f\u0940\u0915\u0947 \u0915\u094b \u0915\u0935\u0930 \u0915\u0930\u0928\u0947 \u0935\u093e\u0932\u0947 \u092a\u0924\u094d\u0930\u0915\u093e\u0930\u094b\u0902 \u0915\u0947 \u0932\u093f\u090f \u0935\u093f\u0936\u0947\u0937 \u0930\u0942\u092a \u0938\u0947 \u0935\u093f\u0924\u0930\u0923 \u0914\u0930 \u091f\u0940\u0915\u0947 \u0915\u0947 \u092a\u0940\u091b\u0947 \u0915\u0947 \u0935\u093f\u091c\u094d\u091e\u093e\u0928 \u0915\u0947 \u0938\u0902\u092c\u0902\u0927 \u092e\u0947\u0902 \u0938\u0930\u094d\u0935\u094b\u0924\u094d\u0924\u092e \u092a\u094d\u0930\u0925\u093e\u0913\u0902 \u0915\u0940 \u092a\u0947\u0936\u0915\u0936 \u0915\u0930\u0924\u093e \u0939\u0948\u0964 \u092f\u0939 \u0935\u0947\u092c\u093f\u0928\u093e\u0930 \u0928\u093e\u0907\u091f \u0938\u0947\u0902\u091f\u0930 \u092b\u0949\u0930 \u091c\u0930\u094d\u0928\u0932\u093f\u091c\u094d\u092e \u0905\u092e\u0947\u0930\u093f\u0915\u093e, \u091f\u0947\u0915\u094d\u0938\u093e\u0938 \u0935\u093f\u0936\u094d\u0935\u0935\u093f\u0926\u094d\u092f\u093e\u0932\u092f, \u0911\u0938\u094d\u091f\u093f\u0928 \u0915\u0947 \u0926\u094d\u0935\u093e\u0930\u093e UNESCO \u0914\u0930 \u0935\u093f\u0936\u094d\u0935 \u0938\u094d\u0935\u093e\u0938\u094d\u0925\u094d\u092f \u0938\u0902\u0917\u0920\u0928 (WHO )<a href=\"https:\/\/dev-journalismcourses.pantheonsite.io\/covid-19-webinar_hindi\/\" target=\"_blank\" rel=\"noopener\">&#8230;<\/a><\/p>\n<p>&nbsp;<\/p>\n<p>&nbsp;<\/p>\n<p><a href=\"https:\/\/dev-journalismcourses.pantheonsite.io\/cobertura-da-vacina-covid-19-o-que-os-jornalistas-precisam-de-saber\/\" target=\"_blank\" rel=\"noopener\"><img loading=\"lazy\" decoding=\"async\" class=\"wp-image-9104 size-medium alignleft\" src=\"https:\/\/dev-journalismcourses.pantheonsite.io\/wp-content\/uploads\/2021\/02\/MOOC-vaccines_flyer_PO-300x133.jpg\" alt=\"vaccine_po\" width=\"450\" height=\"200\" srcset=\"https:\/\/journalismcourses.org\/wp-content\/uploads\/2021\/02\/MOOC-vaccines_flyer_PO-300x133.jpg 300w, https:\/\/journalismcourses.org\/wp-content\/uploads\/2021\/02\/MOOC-vaccines_flyer_PO-768x341.jpg 768w, https:\/\/journalismcourses.org\/wp-content\/uploads\/2021\/02\/MOOC-vaccines_flyer_PO.jpg 900w\" sizes=\"(max-width: 450px) 100vw, 450px\" \/><\/a><strong>[Portuguese] <\/strong>Este webinar multil\u00edngue, \u00abCobertura da vacina COVID-19: O que os jornalistas precisam de saber\u00bb, oferece as melhores pr\u00e1ticas para jornalistas que cobrem as vacinas, especialmente no que diz respeito \u00e0 distribui\u00e7\u00e3o e \u00e0 ci\u00eancia por tr\u00e1s das vacinas.<a href=\"https:\/\/dev-journalismcourses.pantheonsite.io\/cobertura-da-vacina-covid-19-o-que-os-jornalistas-precisam-de-saber\/\" target=\"_blank\" rel=\"noopener\">&#8230;<\/a><\/p>\n<p>&nbsp;<\/p>\n<p>&nbsp;<\/p>\n<p>&nbsp;<\/p>\n<p><a href=\"https:\/\/dev-journalismcourses.pantheonsite.io\/%d0%be%d1%81%d0%b2%d0%b5%d1%89%d0%b5%d0%bd%d0%b8%d0%b5-%d0%b2%d0%b0%d0%ba%d1%86%d0%b8%d0%bd-%d0%bf%d1%80%d0%be%d1%82%d0%b8%d0%b2-covid-19-%d1%87%d1%82%d0%be-%d0%bd%d1%83%d0%b6%d0%bd%d0%be-%d0%b7\/\" target=\"_blank\" rel=\"noopener\"><img loading=\"lazy\" decoding=\"async\" class=\"wp-image-9242 size-medium leftalign alignleft\" src=\"https:\/\/dev-journalismcourses.pantheonsite.io\/wp-content\/uploads\/2021\/02\/MOOC-vaccines-COVID-flyer_ru_for-use-after-event-300x133.jpg\" alt=\"v_ru\" width=\"450\" height=\"200\" srcset=\"https:\/\/journalismcourses.org\/wp-content\/uploads\/2021\/02\/MOOC-vaccines-COVID-flyer_ru_for-use-after-event-300x133.jpg 300w, https:\/\/journalismcourses.org\/wp-content\/uploads\/2021\/02\/MOOC-vaccines-COVID-flyer_ru_for-use-after-event-768x341.jpg 768w, https:\/\/journalismcourses.org\/wp-content\/uploads\/2021\/02\/MOOC-vaccines-COVID-flyer_ru_for-use-after-event.jpg 900w\" sizes=\"(max-width: 450px) 100vw, 450px\" \/><\/a><strong>[Russian] <\/strong>\u042d\u0442\u043e\u0442 \u043c\u043d\u043e\u0433\u043e\u044f\u0437\u044b\u0447\u043d\u044b\u0439 \u0432\u0435\u0431\u0438\u043d\u0430\u0440 \u043f\u043e\u0434 \u043d\u0430\u0437\u0432\u0430\u043d\u0438\u0435\u043c \u00ab\u041e\u0441\u0432\u0435\u0449\u0435\u043d\u0438\u0435 \u0432\u0430\u043a\u0446\u0438\u043d \u043f\u0440\u043e\u0442\u0438\u0432 COVID-19: \u0447\u0442\u043e \u043d\u0443\u0436\u043d\u043e \u0437\u043d\u0430\u0442\u044c \u0436\u0443\u0440\u043d\u0430\u043b\u0438\u0441\u0442\u0430\u043c\u00bb \u0434\u0435\u043b\u0438\u0442\u0441\u044f \u043f\u0435\u0440\u0435\u0434\u043e\u0432\u044b\u043c \u043e\u043f\u044b\u0442\u043e\u043c \u0441 \u0436\u0443\u0440\u043d\u0430\u043b\u0438\u0441\u0442\u0430\u043c\u0438, \u043e\u0441\u0432\u0435\u0449\u0430\u044e\u0449\u0438\u043c\u0438 \u0432\u0430\u043a\u0446\u0438\u043d\u044b, \u043e\u0441\u043e\u0431\u0435\u043d\u043d\u043e \u0432 \u0442\u043e\u043c, \u0447\u0442\u043e \u043a\u0430\u0441\u0430\u0435\u0442\u0441\u044f \u0440\u0430\u0437\u0434\u0430\u0447\u0438 \u0432\u0430\u043a\u0446\u0438\u043d \u0438 \u043d\u0430\u0443\u043a\u0438, \u043b\u0435\u0436\u0430\u0449\u0435\u0439 \u0432 \u0438\u0445 \u043e\u0441\u043d\u043e\u0432\u0435.<a href=\"https:\/\/dev-journalismcourses.pantheonsite.io\/%d0%be%d1%81%d0%b2%d0%b5%d1%89%d0%b5%d0%bd%d0%b8%d0%b5-%d0%b2%d0%b0%d0%ba%d1%86%d0%b8%d0%bd-%d0%bf%d1%80%d0%be%d1%82%d0%b8%d0%b2-covid-19-%d1%87%d1%82%d0%be-%d0%bd%d1%83%d0%b6%d0%bd%d0%be-%d0%b7\/\" target=\"_blank\" rel=\"noopener\">&#8230;<\/a><\/p>\n<p>&nbsp;<\/p>\n<p>&nbsp;<\/p>\n<p>&nbsp;<\/p>\n<p><a href=\"https:\/\/dev-journalismcourses.pantheonsite.io\/cobertura-sobre-la-vacuna-de-la-covid-19-lo-que-los-periodistas-deben-saber\/\" target=\"_blank\" rel=\"noopener\"><img loading=\"lazy\" decoding=\"async\" class=\"wp-image-9095 size-medium alignleft\" src=\"https:\/\/dev-journalismcourses.pantheonsite.io\/wp-content\/uploads\/2021\/02\/MOOC-vaccines_flyer_ES-300x133.jpg\" alt=\"vaccine_es\" width=\"450\" height=\"200\" srcset=\"https:\/\/journalismcourses.org\/wp-content\/uploads\/2021\/02\/MOOC-vaccines_flyer_ES-300x133.jpg 300w, https:\/\/journalismcourses.org\/wp-content\/uploads\/2021\/02\/MOOC-vaccines_flyer_ES-768x341.jpg 768w, https:\/\/journalismcourses.org\/wp-content\/uploads\/2021\/02\/MOOC-vaccines_flyer_ES.jpg 900w\" sizes=\"(max-width: 450px) 100vw, 450px\" \/><\/a><strong>[Spanish] <\/strong>Este seminario web multiling\u00fce, \u00abCobertura sobre la vacuna de la COVID-19: lo que los periodistas deben saber\u201d ofrece las mejores pr\u00e1cticas para los periodistas que cubren las vacunas, particularmente con respecto a la distribuci\u00f3n y la ciencia detr\u00e1s de las vacunas.<a href=\"https:\/\/dev-journalismcourses.pantheonsite.io\/cobertura-sobre-la-vacuna-de-la-covid-19-lo-que-los-periodistas-deben-saber\/\" target=\"_blank\" rel=\"noopener\">&#8230;<\/a><\/p>\n<p>&nbsp;<\/p>\n<p>&nbsp;<\/p>\n<p>&nbsp;<\/p>\n","protected":false},"excerpt":{"rendered":"<p>Este seminario web multiling\u00fce, \u00abCobertura sobre la vacuna de la COVID-19: lo que los periodistas deben saber\u201d ofrece las mejores pr\u00e1cticas para los periodistas que cubren las vacunas, particularmente con respecto a la distribuci\u00f3n y la ciencia detr\u00e1s de las vacunas. Fue organizado por el Centro Knight para el Periodismo en las Am\u00e9ricas de la [&hellip;]<\/p>\n","protected":false},"author":1,"featured_media":9098,"parent":0,"menu_order":0,"comment_status":"closed","ping_status":"closed","template":"","meta":{"_acf_changed":false,"productId":0,"courseId":0,"footnotes":""},"wf_page_folders":[],"class_list":["post-9188","page","type-page","status-publish","has-post-thumbnail","hentry"],"acf":[],"yoast_head":"<!-- This site is optimized with the Yoast SEO Premium plugin v22.9 (Yoast SEO v27.2) - https:\/\/yoast.com\/product\/yoast-seo-premium-wordpress\/ -->\n<title>Cobertura de la vacuna COVID-19 - Grabaciones del webinar - Journalism Courses by Knight Center<\/title>\n<meta name=\"robots\" content=\"index, follow, max-snippet:-1, max-image-preview:large, max-video-preview:-1\" \/>\n<link rel=\"canonical\" href=\"https:\/\/journalismcourses.org\/es\/spcovering-covid-19-webinar-recordings\/\" \/>\n<meta property=\"og:locale\" content=\"es_ES\" \/>\n<meta property=\"og:type\" content=\"article\" \/>\n<meta property=\"og:title\" content=\"Cobertura de la vacuna COVID-19 - Grabaciones del webinar\" \/>\n<meta property=\"og:description\" content=\"Este seminario web multiling\u00fce, \u00abCobertura sobre la vacuna de la COVID-19: lo que los periodistas deben saber\u201d ofrece las mejores pr\u00e1cticas para los periodistas que cubren las vacunas, particularmente con respecto a la distribuci\u00f3n y la ciencia detr\u00e1s de las vacunas. Fue organizado por el Centro Knight para el Periodismo en las Am\u00e9ricas de la [&hellip;]\" \/>\n<meta property=\"og:url\" content=\"https:\/\/journalismcourses.org\/es\/spcovering-covid-19-webinar-recordings\/\" \/>\n<meta property=\"og:site_name\" content=\"Journalism Courses by Knight Center\" \/>\n<meta property=\"article:modified_time\" content=\"2021-03-12T22:19:52+00:00\" \/>\n<meta property=\"og:image\" content=\"http:\/\/journalismcourses.org\/wp-content\/uploads\/2021\/02\/MOOC-vaccines_flyer_EN.jpg\" \/>\n\t<meta property=\"og:image:width\" content=\"900\" \/>\n\t<meta property=\"og:image:height\" content=\"400\" \/>\n\t<meta property=\"og:image:type\" content=\"image\/jpeg\" \/>\n<meta name=\"twitter:card\" content=\"summary_large_image\" \/>\n<meta name=\"twitter:label1\" content=\"Est. reading time\" \/>\n\t<meta name=\"twitter:data1\" content=\"2 minutos\" \/>\n<script type=\"application\/ld+json\" class=\"yoast-schema-graph\">{\"@context\":\"https:\/\/schema.org\",\"@graph\":[{\"@type\":\"WebPage\",\"@id\":\"https:\/\/journalismcourses.org\/es\/spcovering-covid-19-webinar-recordings\/\",\"url\":\"https:\/\/journalismcourses.org\/es\/spcovering-covid-19-webinar-recordings\/\",\"name\":\"Cobertura de la vacuna COVID-19 - Grabaciones del webinar - Journalism Courses by Knight Center\",\"isPartOf\":{\"@id\":\"https:\/\/journalismcourses.org\/es\/#website\"},\"primaryImageOfPage\":{\"@id\":\"https:\/\/journalismcourses.org\/es\/spcovering-covid-19-webinar-recordings\/#primaryimage\"},\"image\":{\"@id\":\"https:\/\/journalismcourses.org\/es\/spcovering-covid-19-webinar-recordings\/#primaryimage\"},\"thumbnailUrl\":\"https:\/\/journalismcourses.org\/wp-content\/uploads\/2021\/02\/MOOC-vaccines_flyer_EN.jpg\",\"datePublished\":\"2021-02-15T16:35:53+00:00\",\"dateModified\":\"2021-03-12T22:19:52+00:00\",\"breadcrumb\":{\"@id\":\"https:\/\/journalismcourses.org\/es\/spcovering-covid-19-webinar-recordings\/#breadcrumb\"},\"inLanguage\":\"es\",\"potentialAction\":[{\"@type\":\"ReadAction\",\"target\":[\"https:\/\/journalismcourses.org\/es\/spcovering-covid-19-webinar-recordings\/\"]}]},{\"@type\":\"ImageObject\",\"inLanguage\":\"es\",\"@id\":\"https:\/\/journalismcourses.org\/es\/spcovering-covid-19-webinar-recordings\/#primaryimage\",\"url\":\"https:\/\/journalismcourses.org\/wp-content\/uploads\/2021\/02\/MOOC-vaccines_flyer_EN.jpg\",\"contentUrl\":\"https:\/\/journalismcourses.org\/wp-content\/uploads\/2021\/02\/MOOC-vaccines_flyer_EN.jpg\",\"width\":900,\"height\":400,\"caption\":\"vaccine_en\"},{\"@type\":\"BreadcrumbList\",\"@id\":\"https:\/\/journalismcourses.org\/es\/spcovering-covid-19-webinar-recordings\/#breadcrumb\",\"itemListElement\":[{\"@type\":\"ListItem\",\"position\":1,\"name\":\"Home\",\"item\":\"https:\/\/journalismcourses.org\/es\/\"},{\"@type\":\"ListItem\",\"position\":2,\"name\":\"Cobertura de la vacuna COVID-19 &#8211; Grabaciones del webinar\"}]},{\"@type\":\"WebSite\",\"@id\":\"https:\/\/journalismcourses.org\/es\/#website\",\"url\":\"https:\/\/journalismcourses.org\/es\/\",\"name\":\"Journalism Courses by Knight Center\",\"description\":\"Online courses for journalists\",\"potentialAction\":[{\"@type\":\"SearchAction\",\"target\":{\"@type\":\"EntryPoint\",\"urlTemplate\":\"https:\/\/journalismcourses.org\/es\/?s={search_term_string}\"},\"query-input\":{\"@type\":\"PropertyValueSpecification\",\"valueRequired\":true,\"valueName\":\"search_term_string\"}}],\"inLanguage\":\"es\"}]}<\/script>\n<!-- \/ Yoast SEO Premium plugin. -->","yoast_head_json":{"title":"Cobertura de la vacuna COVID-19 - Grabaciones del webinar - Journalism Courses by Knight Center","robots":{"index":"index","follow":"follow","max-snippet":"max-snippet:-1","max-image-preview":"max-image-preview:large","max-video-preview":"max-video-preview:-1"},"canonical":"https:\/\/journalismcourses.org\/es\/spcovering-covid-19-webinar-recordings\/","og_locale":"es_ES","og_type":"article","og_title":"Cobertura de la vacuna COVID-19 - Grabaciones del webinar","og_description":"Este seminario web multiling\u00fce, \u00abCobertura sobre la vacuna de la COVID-19: lo que los periodistas deben saber\u201d ofrece las mejores pr\u00e1cticas para los periodistas que cubren las vacunas, particularmente con respecto a la distribuci\u00f3n y la ciencia detr\u00e1s de las vacunas. Fue organizado por el Centro Knight para el Periodismo en las Am\u00e9ricas de la [&hellip;]","og_url":"https:\/\/journalismcourses.org\/es\/spcovering-covid-19-webinar-recordings\/","og_site_name":"Journalism Courses by Knight Center","article_modified_time":"2021-03-12T22:19:52+00:00","og_image":[{"width":900,"height":400,"url":"http:\/\/journalismcourses.org\/wp-content\/uploads\/2021\/02\/MOOC-vaccines_flyer_EN.jpg","type":"image\/jpeg"}],"twitter_card":"summary_large_image","twitter_misc":{"Est. reading time":"2 minutos"},"schema":{"@context":"https:\/\/schema.org","@graph":[{"@type":"WebPage","@id":"https:\/\/journalismcourses.org\/es\/spcovering-covid-19-webinar-recordings\/","url":"https:\/\/journalismcourses.org\/es\/spcovering-covid-19-webinar-recordings\/","name":"Cobertura de la vacuna COVID-19 - Grabaciones del webinar - Journalism Courses by Knight Center","isPartOf":{"@id":"https:\/\/journalismcourses.org\/es\/#website"},"primaryImageOfPage":{"@id":"https:\/\/journalismcourses.org\/es\/spcovering-covid-19-webinar-recordings\/#primaryimage"},"image":{"@id":"https:\/\/journalismcourses.org\/es\/spcovering-covid-19-webinar-recordings\/#primaryimage"},"thumbnailUrl":"https:\/\/journalismcourses.org\/wp-content\/uploads\/2021\/02\/MOOC-vaccines_flyer_EN.jpg","datePublished":"2021-02-15T16:35:53+00:00","dateModified":"2021-03-12T22:19:52+00:00","breadcrumb":{"@id":"https:\/\/journalismcourses.org\/es\/spcovering-covid-19-webinar-recordings\/#breadcrumb"},"inLanguage":"es","potentialAction":[{"@type":"ReadAction","target":["https:\/\/journalismcourses.org\/es\/spcovering-covid-19-webinar-recordings\/"]}]},{"@type":"ImageObject","inLanguage":"es","@id":"https:\/\/journalismcourses.org\/es\/spcovering-covid-19-webinar-recordings\/#primaryimage","url":"https:\/\/journalismcourses.org\/wp-content\/uploads\/2021\/02\/MOOC-vaccines_flyer_EN.jpg","contentUrl":"https:\/\/journalismcourses.org\/wp-content\/uploads\/2021\/02\/MOOC-vaccines_flyer_EN.jpg","width":900,"height":400,"caption":"vaccine_en"},{"@type":"BreadcrumbList","@id":"https:\/\/journalismcourses.org\/es\/spcovering-covid-19-webinar-recordings\/#breadcrumb","itemListElement":[{"@type":"ListItem","position":1,"name":"Home","item":"https:\/\/journalismcourses.org\/es\/"},{"@type":"ListItem","position":2,"name":"Cobertura de la vacuna COVID-19 &#8211; Grabaciones del webinar"}]},{"@type":"WebSite","@id":"https:\/\/journalismcourses.org\/es\/#website","url":"https:\/\/journalismcourses.org\/es\/","name":"Journalism Courses by Knight Center","description":"Online courses for journalists","potentialAction":[{"@type":"SearchAction","target":{"@type":"EntryPoint","urlTemplate":"https:\/\/journalismcourses.org\/es\/?s={search_term_string}"},"query-input":{"@type":"PropertyValueSpecification","valueRequired":true,"valueName":"search_term_string"}}],"inLanguage":"es"}]}},"_links":{"self":[{"href":"https:\/\/journalismcourses.org\/es\/wp-json\/wp\/v2\/pages\/9188","targetHints":{"allow":["GET"]}}],"collection":[{"href":"https:\/\/journalismcourses.org\/es\/wp-json\/wp\/v2\/pages"}],"about":[{"href":"https:\/\/journalismcourses.org\/es\/wp-json\/wp\/v2\/types\/page"}],"author":[{"embeddable":true,"href":"https:\/\/journalismcourses.org\/es\/wp-json\/wp\/v2\/users\/1"}],"replies":[{"embeddable":true,"href":"https:\/\/journalismcourses.org\/es\/wp-json\/wp\/v2\/comments?post=9188"}],"version-history":[{"count":5,"href":"https:\/\/journalismcourses.org\/es\/wp-json\/wp\/v2\/pages\/9188\/revisions"}],"predecessor-version":[{"id":9634,"href":"https:\/\/journalismcourses.org\/es\/wp-json\/wp\/v2\/pages\/9188\/revisions\/9634"}],"wp:featuredmedia":[{"embeddable":true,"href":"https:\/\/journalismcourses.org\/es\/wp-json\/wp\/v2\/media\/9098"}],"wp:attachment":[{"href":"https:\/\/journalismcourses.org\/es\/wp-json\/wp\/v2\/media?parent=9188"}],"wp:term":[{"taxonomy":"wf_page_folders","embeddable":true,"href":"https:\/\/journalismcourses.org\/es\/wp-json\/wp\/v2\/wf_page_folders?post=9188"}],"curies":[{"name":"wp","href":"https:\/\/api.w.org\/{rel}","templated":true}]}}