{"id":843,"date":"2020-02-05T07:20:02","date_gmt":"2020-02-05T07:20:02","guid":{"rendered":"https:\/\/live-journalismcourses.pantheonsite.io\/home\/"},"modified":"2023-10-24T10:02:16","modified_gmt":"2023-10-24T15:02:16","slug":"home","status":"publish","type":"page","link":"https:\/\/journalismcourses.org\/es\/home\/","title":{"rendered":"Home"},"content":{"rendered":"<p>Bienvenido a Journalism Courses (cursos de periodismo), un programa de aprendizaje a distancia triling\u00fce del Centro Knight para el Periodismo en las Am\u00e9ricas en el Moody College of Communication School of Journalism (la facultad de Comunicaciones de Periodismo de Moody) de la Universidad de Texas en Austin. Aqu\u00ed encontrar\u00e1 una variedad de oportunidades de capacitaci\u00f3n, desde cursos en l\u00ednea a libros electr\u00f3nicos y otros gu\u00edas que puedan ayudar a los periodistas mejorar sus habilidades y adaptarse a un nuevo ecosistema de los medios que fue creado por la revoluci\u00f3n digital. El Centro Knight es el l\u00edder global en los cursos masivos en l\u00ednea y abierto en ingl\u00e9s, portugu\u00e9s y espa\u00f1ol. Hemos llegado a m\u00e1s de 300.000 estudiantes con nuestros cursos masivos en l\u00ednea desde 2012, y nuestro programa pionero de aprendizaje a distancia comenz\u00f3 en 2003. Lea m\u00e1s sobre nosotros <a href=\"https:\/\/live-journalismcourses.pantheonsite.io\/es\/sobre\/\">aqu\u00ed<\/a>.<\/p>\n<p><span style=\"color: #ffffff;\">BLANK<\/span><\/p>\n","protected":false},"excerpt":{"rendered":"<p>Bienvenido a Journalism Courses (cursos de periodismo), un programa de aprendizaje a distancia triling\u00fce del Centro Knight para el Periodismo en las Am\u00e9ricas en el Moody College of Communication School of Journalism (la facultad de Comunicaciones de Periodismo de Moody) de la Universidad de Texas en Austin. Aqu\u00ed encontrar\u00e1 una variedad de oportunidades de capacitaci\u00f3n, [&hellip;]<\/p>\n","protected":false},"author":2,"featured_media":0,"parent":0,"menu_order":121,"comment_status":"closed","ping_status":"closed","template":"elementor_header_footer","meta":{"_acf_changed":false,"productId":0,"courseId":0,"footnotes":""},"wf_page_folders":[],"class_list":["post-843","page","type-page","status-publish","hentry"],"acf":[],"yoast_head":"<!-- This site is optimized with the Yoast SEO Premium plugin v22.9 (Yoast SEO v27.3) - https:\/\/yoast.com\/product\/yoast-seo-premium-wordpress\/ -->\n<title>Home - Journalism Courses<\/title>\n<meta name=\"description\" content=\"This is an online training platform of the Knight Center for Journalism in the Americas at the University of Texas at Austin.\" \/>\n<meta name=\"robots\" content=\"index, follow, max-snippet:-1, max-image-preview:large, max-video-preview:-1\" \/>\n<link rel=\"canonical\" href=\"https:\/\/journalismcourses.org\/es\/home\/\" \/>\n<meta property=\"og:locale\" content=\"es_ES\" \/>\n<meta property=\"og:type\" content=\"article\" \/>\n<meta property=\"og:title\" content=\"Home\" \/>\n<meta property=\"og:description\" content=\"This is an online training platform of the Knight Center for Journalism in the Americas at the University of Texas at Austin.\" \/>\n<meta property=\"og:url\" content=\"https:\/\/journalismcourses.org\/es\/home\/\" \/>\n<meta property=\"og:site_name\" content=\"Journalism Courses by Knight Center\" \/>\n<meta property=\"article:modified_time\" content=\"2023-10-24T15:02:16+00:00\" \/>\n<meta name=\"twitter:card\" content=\"summary_large_image\" \/>\n<meta name=\"twitter:label1\" content=\"Est. reading time\" \/>\n\t<meta name=\"twitter:data1\" content=\"1 minuto\" \/>\n<script type=\"application\/ld+json\" class=\"yoast-schema-graph\">{\"@context\":\"https:\\\/\\\/schema.org\",\"@graph\":[{\"@type\":\"WebPage\",\"@id\":\"https:\\\/\\\/journalismcourses.org\\\/es\\\/home\\\/\",\"url\":\"https:\\\/\\\/journalismcourses.org\\\/es\\\/home\\\/\",\"name\":\"Home - Journalism Courses\",\"isPartOf\":{\"@id\":\"https:\\\/\\\/journalismcourses.org\\\/es\\\/#website\"},\"datePublished\":\"2020-02-05T07:20:02+00:00\",\"dateModified\":\"2023-10-24T15:02:16+00:00\",\"description\":\"This is an online training platform of the Knight Center for Journalism in the Americas at the University of Texas at Austin.\",\"breadcrumb\":{\"@id\":\"https:\\\/\\\/journalismcourses.org\\\/es\\\/home\\\/#breadcrumb\"},\"inLanguage\":\"es\",\"potentialAction\":[{\"@type\":\"ReadAction\",\"target\":[\"https:\\\/\\\/journalismcourses.org\\\/es\\\/home\\\/\"]}]},{\"@type\":\"BreadcrumbList\",\"@id\":\"https:\\\/\\\/journalismcourses.org\\\/es\\\/home\\\/#breadcrumb\",\"itemListElement\":[{\"@type\":\"ListItem\",\"position\":1,\"name\":\"Home\",\"item\":\"https:\\\/\\\/journalismcourses.org\\\/es\\\/\"},{\"@type\":\"ListItem\",\"position\":2,\"name\":\"Home\"}]},{\"@type\":\"WebSite\",\"@id\":\"https:\\\/\\\/journalismcourses.org\\\/es\\\/#website\",\"url\":\"https:\\\/\\\/journalismcourses.org\\\/es\\\/\",\"name\":\"Journalism Courses by Knight Center\",\"description\":\"Online courses for journalists\",\"potentialAction\":[{\"@type\":\"SearchAction\",\"target\":{\"@type\":\"EntryPoint\",\"urlTemplate\":\"https:\\\/\\\/journalismcourses.org\\\/es\\\/?s={search_term_string}\"},\"query-input\":{\"@type\":\"PropertyValueSpecification\",\"valueRequired\":true,\"valueName\":\"search_term_string\"}}],\"inLanguage\":\"es\"}]}<\/script>\n<!-- \/ Yoast SEO Premium plugin. -->","yoast_head_json":{"title":"Home - Journalism Courses","description":"This is an online training platform of the Knight Center for Journalism in the Americas at the University of Texas at Austin.","robots":{"index":"index","follow":"follow","max-snippet":"max-snippet:-1","max-image-preview":"max-image-preview:large","max-video-preview":"max-video-preview:-1"},"canonical":"https:\/\/journalismcourses.org\/es\/home\/","og_locale":"es_ES","og_type":"article","og_title":"Home","og_description":"This is an online training platform of the Knight Center for Journalism in the Americas at the University of Texas at Austin.","og_url":"https:\/\/journalismcourses.org\/es\/home\/","og_site_name":"Journalism Courses by Knight Center","article_modified_time":"2023-10-24T15:02:16+00:00","twitter_card":"summary_large_image","twitter_misc":{"Est. reading time":"1 minuto"},"schema":{"@context":"https:\/\/schema.org","@graph":[{"@type":"WebPage","@id":"https:\/\/journalismcourses.org\/es\/home\/","url":"https:\/\/journalismcourses.org\/es\/home\/","name":"Home - Journalism Courses","isPartOf":{"@id":"https:\/\/journalismcourses.org\/es\/#website"},"datePublished":"2020-02-05T07:20:02+00:00","dateModified":"2023-10-24T15:02:16+00:00","description":"This is an online training platform of the Knight Center for Journalism in the Americas at the University of Texas at Austin.","breadcrumb":{"@id":"https:\/\/journalismcourses.org\/es\/home\/#breadcrumb"},"inLanguage":"es","potentialAction":[{"@type":"ReadAction","target":["https:\/\/journalismcourses.org\/es\/home\/"]}]},{"@type":"BreadcrumbList","@id":"https:\/\/journalismcourses.org\/es\/home\/#breadcrumb","itemListElement":[{"@type":"ListItem","position":1,"name":"Home","item":"https:\/\/journalismcourses.org\/es\/"},{"@type":"ListItem","position":2,"name":"Home"}]},{"@type":"WebSite","@id":"https:\/\/journalismcourses.org\/es\/#website","url":"https:\/\/journalismcourses.org\/es\/","name":"Journalism Courses by Knight Center","description":"Online courses for journalists","potentialAction":[{"@type":"SearchAction","target":{"@type":"EntryPoint","urlTemplate":"https:\/\/journalismcourses.org\/es\/?s={search_term_string}"},"query-input":{"@type":"PropertyValueSpecification","valueRequired":true,"valueName":"search_term_string"}}],"inLanguage":"es"}]}},"_links":{"self":[{"href":"https:\/\/journalismcourses.org\/es\/wp-json\/wp\/v2\/pages\/843","targetHints":{"allow":["GET"]}}],"collection":[{"href":"https:\/\/journalismcourses.org\/es\/wp-json\/wp\/v2\/pages"}],"about":[{"href":"https:\/\/journalismcourses.org\/es\/wp-json\/wp\/v2\/types\/page"}],"author":[{"embeddable":true,"href":"https:\/\/journalismcourses.org\/es\/wp-json\/wp\/v2\/users\/2"}],"replies":[{"embeddable":true,"href":"https:\/\/journalismcourses.org\/es\/wp-json\/wp\/v2\/comments?post=843"}],"version-history":[{"count":187,"href":"https:\/\/journalismcourses.org\/es\/wp-json\/wp\/v2\/pages\/843\/revisions"}],"predecessor-version":[{"id":19701,"href":"https:\/\/journalismcourses.org\/es\/wp-json\/wp\/v2\/pages\/843\/revisions\/19701"}],"wp:attachment":[{"href":"https:\/\/journalismcourses.org\/es\/wp-json\/wp\/v2\/media?parent=843"}],"wp:term":[{"taxonomy":"wf_page_folders","embeddable":true,"href":"https:\/\/journalismcourses.org\/es\/wp-json\/wp\/v2\/wf_page_folders?post=843"}],"curies":[{"name":"wp","href":"https:\/\/api.w.org\/{rel}","templated":true}]}}