{"id":637,"date":"2020-03-24T12:12:25","date_gmt":"2020-03-24T12:12:25","guid":{"rendered":"https:\/\/live-journalismcourses.pantheonsite.io\/?page_id=637"},"modified":"2024-02-13T11:52:58","modified_gmt":"2024-02-13T17:52:58","slug":"sobre","status":"publish","type":"page","link":"https:\/\/journalismcourses.org\/es\/sobre\/","title":{"rendered":"Sobre nosotros"},"content":{"rendered":"\t\t<div data-elementor-type=\"wp-page\" data-elementor-id=\"637\" class=\"elementor elementor-637 elementor-296\" data-elementor-post-type=\"page\">\n\t\t\t\t<div class=\"elementor-element elementor-element-6bdb7f22 e-flex e-con-boxed e-con e-parent\" data-id=\"6bdb7f22\" data-element_type=\"container\" data-e-type=\"container\">\n\t\t\t\t\t<div class=\"e-con-inner\">\n\t\t\t\t<div class=\"elementor-element elementor-element-157c8cd0 elementor-widget elementor-widget-text-editor\" data-id=\"157c8cd0\" data-element_type=\"widget\" data-e-type=\"widget\" data-widget_type=\"text-editor.default\">\n\t\t\t\t<div class=\"elementor-widget-container\">\n\t\t\t\t\t\t\t\t\t<p>El Centro Knight ofrece cursos en l\u00ednea desde el 2003 y comenz\u00f3 a expandir su programa de aprendizaje a distancia con el lanzamiento de su primer curso en l\u00ednea masivo y abierto (MOOC, por sus siglas en ingl\u00e9s) en octubre de 2012. Desde entonces, los MOOC del Centro han llegado a m\u00e1s de 310.000 estudiantes de 200 pa\u00edses y territorios. Inicialmente, el programa se enfoca en impartir clases en l\u00ednea para peque\u00f1os grupos de periodistas, principalmente de Am\u00e9rica Latina y el Caribe. Con el tiempo, el Centro Knight empez\u00f3 a ofrecer Cursos Online Masivos Abiertos desarrollando el primer programa de MOOC del mundo que se especializaba en formaci\u00f3n period\u00edstica. Los MOOCs son gratuitos y los participantes pueden recibir un certificado de finalizaci\u00f3n por un precio nominal. El Centro Knight tambi\u00e9n ofrece cursos en l\u00ednea m\u00e1s avanzados a un bajo costo para grupos m\u00e1s peque\u00f1os de estudiantes. Nosotros nos esforzamos para mantener las cuotas lo m\u00e1s bajas posibles para que nuestros cursos est\u00e9n al alcance del mayor n\u00famero de personas posibles.&nbsp;<\/p>\n<p>Nuestros cursos cubren una gran variedad de temas, incluyendo t\u00e9cnicas de periodismo digital, la verificaci\u00f3n de datos, reportajes asistidos por computadora para encontrar datos, visualizaci\u00f3n de datos y mucho m\u00e1s. Nuestros MOOCs y cursos para grupos peque\u00f1os duran entre cuatro y cinco semanas. Los cursos se llevan a cabo completamente en l\u00ednea y son dirigidos por algunos de los periodistas e instructores en periodismo m\u00e1s respetados y experimentados del mundo. Los cursos toman provecho del uso de multimedia; cuentan con clases en v\u00eddeo, foros de discusi\u00f3n, presentaciones de diapositivas con audio, ex\u00e1menes que se pueden tomar cuando dese\u00e9, y otras tecnolog\u00edas de aprendizaje colaborativas. Nuestros instructores expertos ofrecen una experiencia de aprendizaje de calidad a los periodistas que buscan mejorar sus habilidades y a los ciudadanos que desean involucrarse m\u00e1s con el periodismo y la democracia.<\/p>\n<p>Los cursos ofrecidos en la plataforma de JournalismCourses.org son as\u00edncronos, por lo que los participantes pueden conectarse en los d\u00edas y horas que les resulten m\u00e1s convenientes. Cada curso, sin embargo, est\u00e1 abierto durante un periodo en espec\u00edfico y el acceso a \u00e9l est\u00e1 restringido a estudiantes inscritos.<\/p>\n<div class=\"mainbody\">\n<p>El Centro Knight ofrece cursos el l\u00ednea en ingl\u00e9s, espa\u00f1ol y portugu\u00e9s. Por favor regrese a menudo a este sitio para ver nuestros \u00faltimos recursos y cursos.<\/p>\n<p>Para m\u00e1s informaci\u00f3n sobre el Distance Learning Program (programa de aprendizaje a distancia) del Centro Knight, haga clic <a href=\"https:\/\/knightcenter.utexas.edu\/es\/distancelearning\">aqu\u00ed<\/a>. Para m\u00e1s informaci\u00f3n sobre los MOOCs de Centro Knight y sobre c\u00f3mo funcionan, vea nuestra p\u00e1gina de <a href=\"https:\/\/knightcenter.utexas.edu\/mooc\/faq_es.html\">Preguntas Frecuentes.<\/a><\/p>\n<\/div>\n<p>&nbsp;<\/p>\t\t\t\t\t\t\t\t<\/div>\n\t\t\t\t<\/div>\n\t\t\t\t\t<\/div>\n\t\t\t\t<\/div>\n\t\t\t\t<\/div>\n\t\t","protected":false},"excerpt":{"rendered":"<p>El Centro Knight ofrece cursos en l\u00ednea desde el 2003 y comenz\u00f3 a expandir su programa de aprendizaje a distancia con el lanzamiento de su primer curso en l\u00ednea masivo y abierto (MOOC, por sus siglas en ingl\u00e9s) en octubre de 2012. Desde entonces, los MOOC del Centro han llegado a m\u00e1s de 310.000 estudiantes [&hellip;]<\/p>\n","protected":false},"author":2,"featured_media":0,"parent":0,"menu_order":112,"comment_status":"closed","ping_status":"closed","template":"elementor_header_footer","meta":{"_acf_changed":false,"productId":0,"courseId":0,"footnotes":""},"wf_page_folders":[],"class_list":["post-637","page","type-page","status-publish","hentry"],"acf":[],"yoast_head":"<!-- This site is optimized with the Yoast SEO Premium plugin v22.9 (Yoast SEO v27.3) - https:\/\/yoast.com\/product\/yoast-seo-premium-wordpress\/ -->\n<title>Sobre nosotros - Journalism Courses by Knight Center<\/title>\n<meta name=\"robots\" content=\"index, follow, max-snippet:-1, max-image-preview:large, max-video-preview:-1\" \/>\n<link rel=\"canonical\" href=\"https:\/\/journalismcourses.org\/es\/sobre\/\" \/>\n<meta property=\"og:locale\" content=\"es_ES\" \/>\n<meta property=\"og:type\" content=\"article\" \/>\n<meta property=\"og:title\" content=\"Sobre nosotros\" \/>\n<meta property=\"og:description\" content=\"El Centro Knight ofrece cursos en l\u00ednea desde el 2003 y comenz\u00f3 a expandir su programa de aprendizaje a distancia con el lanzamiento de su primer curso en l\u00ednea masivo y abierto (MOOC, por sus siglas en ingl\u00e9s) en octubre de 2012. Desde entonces, los MOOC del Centro han llegado a m\u00e1s de 310.000 estudiantes [&hellip;]\" \/>\n<meta property=\"og:url\" content=\"https:\/\/journalismcourses.org\/es\/sobre\/\" \/>\n<meta property=\"og:site_name\" content=\"Journalism Courses by Knight Center\" \/>\n<meta property=\"article:modified_time\" content=\"2024-02-13T17:52:58+00:00\" \/>\n<meta name=\"twitter:card\" content=\"summary_large_image\" \/>\n<meta name=\"twitter:label1\" content=\"Est. reading time\" \/>\n\t<meta name=\"twitter:data1\" content=\"2 minutos\" \/>\n<script type=\"application\/ld+json\" class=\"yoast-schema-graph\">{\"@context\":\"https:\\\/\\\/schema.org\",\"@graph\":[{\"@type\":\"WebPage\",\"@id\":\"https:\\\/\\\/journalismcourses.org\\\/es\\\/sobre\\\/\",\"url\":\"https:\\\/\\\/journalismcourses.org\\\/es\\\/sobre\\\/\",\"name\":\"Sobre nosotros - Journalism Courses by Knight Center\",\"isPartOf\":{\"@id\":\"https:\\\/\\\/journalismcourses.org\\\/es\\\/#website\"},\"datePublished\":\"2020-03-24T12:12:25+00:00\",\"dateModified\":\"2024-02-13T17:52:58+00:00\",\"breadcrumb\":{\"@id\":\"https:\\\/\\\/journalismcourses.org\\\/es\\\/sobre\\\/#breadcrumb\"},\"inLanguage\":\"es\",\"potentialAction\":[{\"@type\":\"ReadAction\",\"target\":[\"https:\\\/\\\/journalismcourses.org\\\/es\\\/sobre\\\/\"]}]},{\"@type\":\"BreadcrumbList\",\"@id\":\"https:\\\/\\\/journalismcourses.org\\\/es\\\/sobre\\\/#breadcrumb\",\"itemListElement\":[{\"@type\":\"ListItem\",\"position\":1,\"name\":\"Home\",\"item\":\"https:\\\/\\\/journalismcourses.org\\\/es\\\/\"},{\"@type\":\"ListItem\",\"position\":2,\"name\":\"Sobre nosotros\"}]},{\"@type\":\"WebSite\",\"@id\":\"https:\\\/\\\/journalismcourses.org\\\/es\\\/#website\",\"url\":\"https:\\\/\\\/journalismcourses.org\\\/es\\\/\",\"name\":\"Journalism Courses by Knight Center\",\"description\":\"Online courses for journalists\",\"potentialAction\":[{\"@type\":\"SearchAction\",\"target\":{\"@type\":\"EntryPoint\",\"urlTemplate\":\"https:\\\/\\\/journalismcourses.org\\\/es\\\/?s={search_term_string}\"},\"query-input\":{\"@type\":\"PropertyValueSpecification\",\"valueRequired\":true,\"valueName\":\"search_term_string\"}}],\"inLanguage\":\"es\"}]}<\/script>\n<!-- \/ Yoast SEO Premium plugin. -->","yoast_head_json":{"title":"Sobre nosotros - Journalism Courses by Knight Center","robots":{"index":"index","follow":"follow","max-snippet":"max-snippet:-1","max-image-preview":"max-image-preview:large","max-video-preview":"max-video-preview:-1"},"canonical":"https:\/\/journalismcourses.org\/es\/sobre\/","og_locale":"es_ES","og_type":"article","og_title":"Sobre nosotros","og_description":"El Centro Knight ofrece cursos en l\u00ednea desde el 2003 y comenz\u00f3 a expandir su programa de aprendizaje a distancia con el lanzamiento de su primer curso en l\u00ednea masivo y abierto (MOOC, por sus siglas en ingl\u00e9s) en octubre de 2012. Desde entonces, los MOOC del Centro han llegado a m\u00e1s de 310.000 estudiantes [&hellip;]","og_url":"https:\/\/journalismcourses.org\/es\/sobre\/","og_site_name":"Journalism Courses by Knight Center","article_modified_time":"2024-02-13T17:52:58+00:00","twitter_card":"summary_large_image","twitter_misc":{"Est. reading time":"2 minutos"},"schema":{"@context":"https:\/\/schema.org","@graph":[{"@type":"WebPage","@id":"https:\/\/journalismcourses.org\/es\/sobre\/","url":"https:\/\/journalismcourses.org\/es\/sobre\/","name":"Sobre nosotros - Journalism Courses by Knight Center","isPartOf":{"@id":"https:\/\/journalismcourses.org\/es\/#website"},"datePublished":"2020-03-24T12:12:25+00:00","dateModified":"2024-02-13T17:52:58+00:00","breadcrumb":{"@id":"https:\/\/journalismcourses.org\/es\/sobre\/#breadcrumb"},"inLanguage":"es","potentialAction":[{"@type":"ReadAction","target":["https:\/\/journalismcourses.org\/es\/sobre\/"]}]},{"@type":"BreadcrumbList","@id":"https:\/\/journalismcourses.org\/es\/sobre\/#breadcrumb","itemListElement":[{"@type":"ListItem","position":1,"name":"Home","item":"https:\/\/journalismcourses.org\/es\/"},{"@type":"ListItem","position":2,"name":"Sobre nosotros"}]},{"@type":"WebSite","@id":"https:\/\/journalismcourses.org\/es\/#website","url":"https:\/\/journalismcourses.org\/es\/","name":"Journalism Courses by Knight Center","description":"Online courses for journalists","potentialAction":[{"@type":"SearchAction","target":{"@type":"EntryPoint","urlTemplate":"https:\/\/journalismcourses.org\/es\/?s={search_term_string}"},"query-input":{"@type":"PropertyValueSpecification","valueRequired":true,"valueName":"search_term_string"}}],"inLanguage":"es"}]}},"_links":{"self":[{"href":"https:\/\/journalismcourses.org\/es\/wp-json\/wp\/v2\/pages\/637","targetHints":{"allow":["GET"]}}],"collection":[{"href":"https:\/\/journalismcourses.org\/es\/wp-json\/wp\/v2\/pages"}],"about":[{"href":"https:\/\/journalismcourses.org\/es\/wp-json\/wp\/v2\/types\/page"}],"author":[{"embeddable":true,"href":"https:\/\/journalismcourses.org\/es\/wp-json\/wp\/v2\/users\/2"}],"replies":[{"embeddable":true,"href":"https:\/\/journalismcourses.org\/es\/wp-json\/wp\/v2\/comments?post=637"}],"version-history":[{"count":11,"href":"https:\/\/journalismcourses.org\/es\/wp-json\/wp\/v2\/pages\/637\/revisions"}],"predecessor-version":[{"id":2488,"href":"https:\/\/journalismcourses.org\/es\/wp-json\/wp\/v2\/pages\/637\/revisions\/2488"}],"wp:attachment":[{"href":"https:\/\/journalismcourses.org\/es\/wp-json\/wp\/v2\/media?parent=637"}],"wp:term":[{"taxonomy":"wf_page_folders","embeddable":true,"href":"https:\/\/journalismcourses.org\/es\/wp-json\/wp\/v2\/wf_page_folders?post=637"}],"curies":[{"name":"wp","href":"https:\/\/api.w.org\/{rel}","templated":true}]}}