{"id":633,"date":"2020-03-24T12:11:52","date_gmt":"2020-03-24T12:11:52","guid":{"rendered":"https:\/\/live-journalismcourses.pantheonsite.io\/?page_id=633"},"modified":"2020-09-14T09:41:28","modified_gmt":"2020-09-14T14:41:28","slug":"donate","status":"publish","type":"page","link":"https:\/\/journalismcourses.org\/es\/donate\/","title":{"rendered":"Donar"},"content":{"rendered":"<p>Gracias por apoyar al Centro Knight para el Periodismo en las Am\u00e9ricas.<\/p>\n<p>Su donaci\u00f3n nos ayuda a continuar capacitando a periodistas en todo el mundo para que se mantengan al d\u00eda con la revoluci\u00f3n digital. Tambi\u00e9n nos ayuda a monitorear e informar sobre periodismo y libertad de prensa en Am\u00e9rica Latina y el Caribe, as\u00ed como a ofrecer conferencias y eventos sobre la profesi\u00f3n.<\/p>\n<p>Por favor, visite nuestra\u00a0<strong><a href=\"https:\/\/utdirect.utexas.edu\/apps\/utgiving\/online\/nlogon\/?menu=COKN\">p\u00e1gina de donaciones<\/a><\/strong>\u00a0de la Universidad de Texas para hacer su contribuci\u00f3n. \u00a1Gracias! Thank you! Obrigado!<\/p>\n","protected":false},"excerpt":{"rendered":"<p>Gracias por apoyar al Centro Knight para el Periodismo en las Am\u00e9ricas. Su donaci\u00f3n nos ayuda a continuar capacitando a periodistas en todo el mundo para que se mantengan al d\u00eda con la revoluci\u00f3n digital. Tambi\u00e9n nos ayuda a monitorear e informar sobre periodismo y libertad de prensa en Am\u00e9rica Latina y el Caribe, as\u00ed [&hellip;]<\/p>\n","protected":false},"author":2,"featured_media":0,"parent":0,"menu_order":100,"comment_status":"closed","ping_status":"closed","template":"","meta":{"_acf_changed":false,"productId":0,"courseId":0,"footnotes":""},"wf_page_folders":[],"class_list":["post-633","page","type-page","status-publish","hentry"],"acf":[],"yoast_head":"<!-- This site is optimized with the Yoast SEO Premium plugin v22.9 (Yoast SEO v27.3) - https:\/\/yoast.com\/product\/yoast-seo-premium-wordpress\/ -->\n<title>Donar - Journalism Courses by Knight Center<\/title>\n<meta name=\"robots\" content=\"index, follow, max-snippet:-1, max-image-preview:large, max-video-preview:-1\" \/>\n<link rel=\"canonical\" href=\"https:\/\/journalismcourses.org\/es\/donate\/\" \/>\n<meta property=\"og:locale\" content=\"es_ES\" \/>\n<meta property=\"og:type\" content=\"article\" \/>\n<meta property=\"og:title\" content=\"Donar\" \/>\n<meta property=\"og:description\" content=\"Gracias por apoyar al Centro Knight para el Periodismo en las Am\u00e9ricas. Su donaci\u00f3n nos ayuda a continuar capacitando a periodistas en todo el mundo para que se mantengan al d\u00eda con la revoluci\u00f3n digital. Tambi\u00e9n nos ayuda a monitorear e informar sobre periodismo y libertad de prensa en Am\u00e9rica Latina y el Caribe, as\u00ed [&hellip;]\" \/>\n<meta property=\"og:url\" content=\"https:\/\/journalismcourses.org\/es\/donate\/\" \/>\n<meta property=\"og:site_name\" content=\"Journalism Courses by Knight Center\" \/>\n<meta property=\"article:modified_time\" content=\"2020-09-14T14:41:28+00:00\" \/>\n<meta name=\"twitter:card\" content=\"summary_large_image\" \/>\n<script type=\"application\/ld+json\" class=\"yoast-schema-graph\">{\"@context\":\"https:\\\/\\\/schema.org\",\"@graph\":[{\"@type\":\"WebPage\",\"@id\":\"https:\\\/\\\/journalismcourses.org\\\/es\\\/donate\\\/\",\"url\":\"https:\\\/\\\/journalismcourses.org\\\/es\\\/donate\\\/\",\"name\":\"Donar - Journalism Courses by Knight Center\",\"isPartOf\":{\"@id\":\"https:\\\/\\\/journalismcourses.org\\\/es\\\/#website\"},\"datePublished\":\"2020-03-24T12:11:52+00:00\",\"dateModified\":\"2020-09-14T14:41:28+00:00\",\"breadcrumb\":{\"@id\":\"https:\\\/\\\/journalismcourses.org\\\/es\\\/donate\\\/#breadcrumb\"},\"inLanguage\":\"es\",\"potentialAction\":[{\"@type\":\"ReadAction\",\"target\":[\"https:\\\/\\\/journalismcourses.org\\\/es\\\/donate\\\/\"]}]},{\"@type\":\"BreadcrumbList\",\"@id\":\"https:\\\/\\\/journalismcourses.org\\\/es\\\/donate\\\/#breadcrumb\",\"itemListElement\":[{\"@type\":\"ListItem\",\"position\":1,\"name\":\"Home\",\"item\":\"https:\\\/\\\/journalismcourses.org\\\/es\\\/\"},{\"@type\":\"ListItem\",\"position\":2,\"name\":\"Donar\"}]},{\"@type\":\"WebSite\",\"@id\":\"https:\\\/\\\/journalismcourses.org\\\/es\\\/#website\",\"url\":\"https:\\\/\\\/journalismcourses.org\\\/es\\\/\",\"name\":\"Journalism Courses by Knight Center\",\"description\":\"Online courses for journalists\",\"potentialAction\":[{\"@type\":\"SearchAction\",\"target\":{\"@type\":\"EntryPoint\",\"urlTemplate\":\"https:\\\/\\\/journalismcourses.org\\\/es\\\/?s={search_term_string}\"},\"query-input\":{\"@type\":\"PropertyValueSpecification\",\"valueRequired\":true,\"valueName\":\"search_term_string\"}}],\"inLanguage\":\"es\"}]}<\/script>\n<!-- \/ Yoast SEO Premium plugin. -->","yoast_head_json":{"title":"Donar - Journalism Courses by Knight Center","robots":{"index":"index","follow":"follow","max-snippet":"max-snippet:-1","max-image-preview":"max-image-preview:large","max-video-preview":"max-video-preview:-1"},"canonical":"https:\/\/journalismcourses.org\/es\/donate\/","og_locale":"es_ES","og_type":"article","og_title":"Donar","og_description":"Gracias por apoyar al Centro Knight para el Periodismo en las Am\u00e9ricas. Su donaci\u00f3n nos ayuda a continuar capacitando a periodistas en todo el mundo para que se mantengan al d\u00eda con la revoluci\u00f3n digital. Tambi\u00e9n nos ayuda a monitorear e informar sobre periodismo y libertad de prensa en Am\u00e9rica Latina y el Caribe, as\u00ed [&hellip;]","og_url":"https:\/\/journalismcourses.org\/es\/donate\/","og_site_name":"Journalism Courses by Knight Center","article_modified_time":"2020-09-14T14:41:28+00:00","twitter_card":"summary_large_image","schema":{"@context":"https:\/\/schema.org","@graph":[{"@type":"WebPage","@id":"https:\/\/journalismcourses.org\/es\/donate\/","url":"https:\/\/journalismcourses.org\/es\/donate\/","name":"Donar - Journalism Courses by Knight Center","isPartOf":{"@id":"https:\/\/journalismcourses.org\/es\/#website"},"datePublished":"2020-03-24T12:11:52+00:00","dateModified":"2020-09-14T14:41:28+00:00","breadcrumb":{"@id":"https:\/\/journalismcourses.org\/es\/donate\/#breadcrumb"},"inLanguage":"es","potentialAction":[{"@type":"ReadAction","target":["https:\/\/journalismcourses.org\/es\/donate\/"]}]},{"@type":"BreadcrumbList","@id":"https:\/\/journalismcourses.org\/es\/donate\/#breadcrumb","itemListElement":[{"@type":"ListItem","position":1,"name":"Home","item":"https:\/\/journalismcourses.org\/es\/"},{"@type":"ListItem","position":2,"name":"Donar"}]},{"@type":"WebSite","@id":"https:\/\/journalismcourses.org\/es\/#website","url":"https:\/\/journalismcourses.org\/es\/","name":"Journalism Courses by Knight Center","description":"Online courses for journalists","potentialAction":[{"@type":"SearchAction","target":{"@type":"EntryPoint","urlTemplate":"https:\/\/journalismcourses.org\/es\/?s={search_term_string}"},"query-input":{"@type":"PropertyValueSpecification","valueRequired":true,"valueName":"search_term_string"}}],"inLanguage":"es"}]}},"_links":{"self":[{"href":"https:\/\/journalismcourses.org\/es\/wp-json\/wp\/v2\/pages\/633","targetHints":{"allow":["GET"]}}],"collection":[{"href":"https:\/\/journalismcourses.org\/es\/wp-json\/wp\/v2\/pages"}],"about":[{"href":"https:\/\/journalismcourses.org\/es\/wp-json\/wp\/v2\/types\/page"}],"author":[{"embeddable":true,"href":"https:\/\/journalismcourses.org\/es\/wp-json\/wp\/v2\/users\/2"}],"replies":[{"embeddable":true,"href":"https:\/\/journalismcourses.org\/es\/wp-json\/wp\/v2\/comments?post=633"}],"version-history":[{"count":4,"href":"https:\/\/journalismcourses.org\/es\/wp-json\/wp\/v2\/pages\/633\/revisions"}],"predecessor-version":[{"id":5407,"href":"https:\/\/journalismcourses.org\/es\/wp-json\/wp\/v2\/pages\/633\/revisions\/5407"}],"wp:attachment":[{"href":"https:\/\/journalismcourses.org\/es\/wp-json\/wp\/v2\/media?parent=633"}],"wp:term":[{"taxonomy":"wf_page_folders","embeddable":true,"href":"https:\/\/journalismcourses.org\/es\/wp-json\/wp\/v2\/wf_page_folders?post=633"}],"curies":[{"name":"wp","href":"https:\/\/api.w.org\/{rel}","templated":true}]}}