{"id":629,"date":"2020-03-24T12:11:21","date_gmt":"2020-03-24T12:11:21","guid":{"rendered":"https:\/\/live-journalismcourses.pantheonsite.io\/?page_id=629"},"modified":"2022-06-10T10:46:45","modified_gmt":"2022-06-10T15:46:45","slug":"subscribe","status":"publish","type":"page","link":"https:\/\/journalismcourses.org\/es\/subscribe\/","title":{"rendered":"Suscr\u00edbete"},"content":{"rendered":"<p><strong><a href=\"https:\/\/knightcenter.activehosted.com\/f\/2173\">Reg\u00edstrate<\/a><\/strong> para recibir noticias sobre pr\u00f3ximos cursos, seminarios web, eventos especiales o publicaciones.<\/p>\n","protected":false},"excerpt":{"rendered":"<p>Reg\u00edstrate para recibir noticias sobre pr\u00f3ximos cursos, seminarios web, eventos especiales o publicaciones.<\/p>\n","protected":false},"author":2,"featured_media":0,"parent":0,"menu_order":106,"comment_status":"closed","ping_status":"closed","template":"","meta":{"_acf_changed":false,"productId":0,"courseId":0,"footnotes":""},"wf_page_folders":[],"class_list":["post-629","page","type-page","status-publish","hentry"],"acf":[],"yoast_head":"<!-- This site is optimized with the Yoast SEO Premium plugin v22.9 (Yoast SEO v27.3) - https:\/\/yoast.com\/product\/yoast-seo-premium-wordpress\/ -->\n<title>Suscr\u00edbete - Journalism Courses by Knight Center<\/title>\n<meta name=\"robots\" content=\"index, follow, max-snippet:-1, max-image-preview:large, max-video-preview:-1\" \/>\n<link rel=\"canonical\" href=\"https:\/\/journalismcourses.org\/es\/subscribe\/\" \/>\n<meta property=\"og:locale\" content=\"es_ES\" \/>\n<meta property=\"og:type\" content=\"article\" \/>\n<meta property=\"og:title\" content=\"Suscr\u00edbete\" \/>\n<meta property=\"og:description\" content=\"Reg\u00edstrate para recibir noticias sobre pr\u00f3ximos cursos, seminarios web, eventos especiales o publicaciones.\" \/>\n<meta property=\"og:url\" content=\"https:\/\/journalismcourses.org\/es\/subscribe\/\" \/>\n<meta property=\"og:site_name\" content=\"Journalism Courses by Knight Center\" \/>\n<meta property=\"article:modified_time\" content=\"2022-06-10T15:46:45+00:00\" \/>\n<meta name=\"twitter:card\" content=\"summary_large_image\" \/>\n<script type=\"application\/ld+json\" class=\"yoast-schema-graph\">{\"@context\":\"https:\\\/\\\/schema.org\",\"@graph\":[{\"@type\":\"WebPage\",\"@id\":\"https:\\\/\\\/journalismcourses.org\\\/es\\\/subscribe\\\/\",\"url\":\"https:\\\/\\\/journalismcourses.org\\\/es\\\/subscribe\\\/\",\"name\":\"Suscr\u00edbete - Journalism Courses by Knight Center\",\"isPartOf\":{\"@id\":\"https:\\\/\\\/journalismcourses.org\\\/es\\\/#website\"},\"datePublished\":\"2020-03-24T12:11:21+00:00\",\"dateModified\":\"2022-06-10T15:46:45+00:00\",\"breadcrumb\":{\"@id\":\"https:\\\/\\\/journalismcourses.org\\\/es\\\/subscribe\\\/#breadcrumb\"},\"inLanguage\":\"es\",\"potentialAction\":[{\"@type\":\"ReadAction\",\"target\":[\"https:\\\/\\\/journalismcourses.org\\\/es\\\/subscribe\\\/\"]}]},{\"@type\":\"BreadcrumbList\",\"@id\":\"https:\\\/\\\/journalismcourses.org\\\/es\\\/subscribe\\\/#breadcrumb\",\"itemListElement\":[{\"@type\":\"ListItem\",\"position\":1,\"name\":\"Home\",\"item\":\"https:\\\/\\\/journalismcourses.org\\\/es\\\/\"},{\"@type\":\"ListItem\",\"position\":2,\"name\":\"Suscr\u00edbete\"}]},{\"@type\":\"WebSite\",\"@id\":\"https:\\\/\\\/journalismcourses.org\\\/es\\\/#website\",\"url\":\"https:\\\/\\\/journalismcourses.org\\\/es\\\/\",\"name\":\"Journalism Courses by Knight Center\",\"description\":\"Online courses for journalists\",\"potentialAction\":[{\"@type\":\"SearchAction\",\"target\":{\"@type\":\"EntryPoint\",\"urlTemplate\":\"https:\\\/\\\/journalismcourses.org\\\/es\\\/?s={search_term_string}\"},\"query-input\":{\"@type\":\"PropertyValueSpecification\",\"valueRequired\":true,\"valueName\":\"search_term_string\"}}],\"inLanguage\":\"es\"}]}<\/script>\n<!-- \/ Yoast SEO Premium plugin. -->","yoast_head_json":{"title":"Suscr\u00edbete - Journalism Courses by Knight Center","robots":{"index":"index","follow":"follow","max-snippet":"max-snippet:-1","max-image-preview":"max-image-preview:large","max-video-preview":"max-video-preview:-1"},"canonical":"https:\/\/journalismcourses.org\/es\/subscribe\/","og_locale":"es_ES","og_type":"article","og_title":"Suscr\u00edbete","og_description":"Reg\u00edstrate para recibir noticias sobre pr\u00f3ximos cursos, seminarios web, eventos especiales o publicaciones.","og_url":"https:\/\/journalismcourses.org\/es\/subscribe\/","og_site_name":"Journalism Courses by Knight Center","article_modified_time":"2022-06-10T15:46:45+00:00","twitter_card":"summary_large_image","schema":{"@context":"https:\/\/schema.org","@graph":[{"@type":"WebPage","@id":"https:\/\/journalismcourses.org\/es\/subscribe\/","url":"https:\/\/journalismcourses.org\/es\/subscribe\/","name":"Suscr\u00edbete - Journalism Courses by Knight Center","isPartOf":{"@id":"https:\/\/journalismcourses.org\/es\/#website"},"datePublished":"2020-03-24T12:11:21+00:00","dateModified":"2022-06-10T15:46:45+00:00","breadcrumb":{"@id":"https:\/\/journalismcourses.org\/es\/subscribe\/#breadcrumb"},"inLanguage":"es","potentialAction":[{"@type":"ReadAction","target":["https:\/\/journalismcourses.org\/es\/subscribe\/"]}]},{"@type":"BreadcrumbList","@id":"https:\/\/journalismcourses.org\/es\/subscribe\/#breadcrumb","itemListElement":[{"@type":"ListItem","position":1,"name":"Home","item":"https:\/\/journalismcourses.org\/es\/"},{"@type":"ListItem","position":2,"name":"Suscr\u00edbete"}]},{"@type":"WebSite","@id":"https:\/\/journalismcourses.org\/es\/#website","url":"https:\/\/journalismcourses.org\/es\/","name":"Journalism Courses by Knight Center","description":"Online courses for journalists","potentialAction":[{"@type":"SearchAction","target":{"@type":"EntryPoint","urlTemplate":"https:\/\/journalismcourses.org\/es\/?s={search_term_string}"},"query-input":{"@type":"PropertyValueSpecification","valueRequired":true,"valueName":"search_term_string"}}],"inLanguage":"es"}]}},"_links":{"self":[{"href":"https:\/\/journalismcourses.org\/es\/wp-json\/wp\/v2\/pages\/629","targetHints":{"allow":["GET"]}}],"collection":[{"href":"https:\/\/journalismcourses.org\/es\/wp-json\/wp\/v2\/pages"}],"about":[{"href":"https:\/\/journalismcourses.org\/es\/wp-json\/wp\/v2\/types\/page"}],"author":[{"embeddable":true,"href":"https:\/\/journalismcourses.org\/es\/wp-json\/wp\/v2\/users\/2"}],"replies":[{"embeddable":true,"href":"https:\/\/journalismcourses.org\/es\/wp-json\/wp\/v2\/comments?post=629"}],"version-history":[{"count":3,"href":"https:\/\/journalismcourses.org\/es\/wp-json\/wp\/v2\/pages\/629\/revisions"}],"predecessor-version":[{"id":15813,"href":"https:\/\/journalismcourses.org\/es\/wp-json\/wp\/v2\/pages\/629\/revisions\/15813"}],"wp:attachment":[{"href":"https:\/\/journalismcourses.org\/es\/wp-json\/wp\/v2\/media?parent=629"}],"wp:term":[{"taxonomy":"wf_page_folders","embeddable":true,"href":"https:\/\/journalismcourses.org\/es\/wp-json\/wp\/v2\/wf_page_folders?post=629"}],"curies":[{"name":"wp","href":"https:\/\/api.w.org\/{rel}","templated":true}]}}