{"id":18438,"date":"2023-03-31T14:07:30","date_gmt":"2023-03-31T19:07:30","guid":{"rendered":"https:\/\/dev-journalismcourses.pantheonsite.io\/?page_id=18438"},"modified":"2023-03-31T14:11:21","modified_gmt":"2023-03-31T19:11:21","slug":"periodismo-de-datos-2-0-productivo","status":"publish","type":"page","link":"https:\/\/journalismcourses.org\/es\/periodismo-de-datos-2-0-productivo\/","title":{"rendered":"Periodismo de datos 2.0: C\u00f3mo crear y manejar un equipo de datos din\u00e1mico y productivo"},"content":{"rendered":"<h2 style=\"text-align: center;\"><strong>Preguntas m\u00e1s frecuentes<\/strong><\/h2>\n<p><img fetchpriority=\"high\" decoding=\"async\" class=\"aligncenter wp-image-18222 size-full\" src=\"https:\/\/dev-journalismcourses.pantheonsite.io\/wp-content\/uploads\/2023\/03\/BANNER-2.png\" alt=\"\" width=\"2070\" height=\"780\" srcset=\"https:\/\/journalismcourses.org\/wp-content\/uploads\/2023\/03\/BANNER-2.png 2070w, https:\/\/journalismcourses.org\/wp-content\/uploads\/2023\/03\/BANNER-2-300x113.png 300w, https:\/\/journalismcourses.org\/wp-content\/uploads\/2023\/03\/BANNER-2-1024x386.png 1024w, https:\/\/journalismcourses.org\/wp-content\/uploads\/2023\/03\/BANNER-2-768x289.png 768w, https:\/\/journalismcourses.org\/wp-content\/uploads\/2023\/03\/BANNER-2-1536x579.png 1536w, https:\/\/journalismcourses.org\/wp-content\/uploads\/2023\/03\/BANNER-2-2048x772.png 2048w\" sizes=\"(max-width: 2070px) 100vw, 2070px\" \/><\/p>\n<p><strong>Me inscrib\u00ed, pero no estoy recibiendo mensajes del curso<\/strong><\/p>\n<ul>\n<li>Primero, revisa tus carpetas de correo no deseado y\/o spam. Si los mensajes del curso est\u00e1n llegando a tu carpeta de correo basura, necesitas a\u00f1adir <a href=\"mailto:Journalismcourses@austin.utexas.edu\">journalismcourses@austin.utexas.edu<\/a> a tus contactos. Debes agregar tambi\u00e9n el correo de la asistente del curso, Filipa Rodrigues, <a href=\"mailto:filipa.rodrigues@utexas.edu\">filipa.rodrigues@utexas.edu<\/a>.<\/li>\n<\/ul>\n<p><strong>\u00bfQu\u00e9 hago si no recuerdo mi contrase\u00f1a o nombre de usuario?<\/strong><\/p>\n<ul>\n<li>Ingresa a <a href=\"http:\/\/kccourses.org\">kccourses.org<\/a> y da clic en \u201c\u00bfHa extraviado la contrase\u00f1a?\u201d y sigue las instrucciones para obtener la informaci\u00f3n. Necesitar\u00e1s recordar tu nombre de usuario o la direcci\u00f3n de correo electr\u00f3nico que registraste en nuestro sistema cuando creaste tu cuenta. Si a\u00fan as\u00ed no puedes recuperar la informaci\u00f3n, por favor env\u00eda un correo electr\u00f3nico a la asistente del curso, a\u00a0<a href=\"mailto:filipa.rodrigues@utexas.edu\">filipa.rodrigues@utexas.edu<\/a>.<\/li>\n<\/ul>\n<p><strong>\u00bfCu\u00e1ndo se re\u00fanen los estudiantes para este curso?<\/strong><\/p>\n<ul>\n<li>Nunca. No hay clases en vivo ni ning\u00fan componente en tiempo real. Este es un curso asincr\u00f3nico (no se llevan a cabo actividades en vivo). Cada estudiante puede tomar el curso a su propio ritmo. El curso est\u00e1 dividido en secciones semanales. Cada semana tiene fechas l\u00edmites sugeridas para los cuestionarios y la participaci\u00f3n en los foros.<\/li>\n<\/ul>\n<p><strong>\u00bfQu\u00e9 debo hacer en cada m\u00f3dulo?<\/strong><\/p>\n<ul>\n<li>Para cada m\u00f3dulo habr\u00e1 un mensaje de orientaci\u00f3n publicado por la instructora. El mensaje de orientaci\u00f3n de cada semana te dar\u00e1 la bienvenida al m\u00f3dulo y detallar\u00e1 lo que debes hacer. Sin embargo, esta es una lista \u00fatil de lo que debes hacer cada m\u00f3dulo:<\/li>\n<\/ul>\n<ol>\n<li>Leer el mensaje de orientaci\u00f3n del m\u00f3dulo.<\/li>\n<li>Estudiar las video clases.<\/li>\n<li>Leer los art\u00edculos\/links\/material.<\/li>\n<li>Participar en al menos un foro de discusi\u00f3n cada semana antes de la fecha l\u00edmite.<\/li>\n<li>Responder el cuestionario (<em>quiz<\/em>) del m\u00f3dulo. Cada m\u00f3dulo contiene un cuestionario. Tendr\u00e1s UNA HORA para resolverlo. Lo puedes responder tantas veces como sea necesario. S\u00f3lo se tomar\u00e1 en cuenta tu puntuaci\u00f3n m\u00e1s alta.<\/li>\n<\/ol>\n<p><strong>\u00bfPor cu\u00e1nto tiempo permanecer\u00e1n disponibles los materiales del curso para los estudiantes?<\/strong><\/p>\n<ul>\n<li>Los materiales del curso estar\u00e1n disponibles hasta que el curso se cierre. El curso se cierra un par de semanas despu\u00e9s de terminado. Una vez que el curso est\u00e9 cerrado, ning\u00fan material estar\u00e1 disponible. Debes copiar los links y descargar los materiales lo m\u00e1s pronto posible. Una vez que el curso se cierra, no vuelve a abrirse.<\/li>\n<\/ul>\n<p><strong>\u00bfC\u00f3mo puedo navegar en el sitio del curso?<\/strong><\/p>\n<ul>\n<li>La navegaci\u00f3n en nuestro sitio es muy simple. Hay una p\u00e1gina de inicio donde puedes ver el \u00e1rea de Introducci\u00f3n y los cuatro m\u00f3dulos. Puedes hacer clic en Introducci\u00f3n o en cualquiera de los m\u00f3dulos (1-4) para visitar esas secciones. Una vez dentro de esas secciones, puedes navegar desde el men\u00fa \u201cSalta a&#8230;\u201d en la parte de abajo de la p\u00e1gina, o usando las flechas hacia las secciones siguientes o anteriores. Tambi\u00e9n contamos con navegaci\u00f3n tipo \u201cmiga de pan\u201d en la parte superior izquierda de la p\u00e1gina. Puedes usar esa parte para ir hacia atr\u00e1s hasta la p\u00e1gina de inicio.<\/li>\n<\/ul>\n<p><strong>\u00bfC\u00f3mo s\u00e9 en qu\u00e9 he participado?<\/strong><\/p>\n<ul>\n<li>Paso a paso detallado de c\u00f3mo hacer para ver tu actividad en el curso:<\/li>\n<\/ul>\n<ol>\n<li>Primero aseg\u00farate de estar en la p\u00e1gina del curso y no en la plataforma general. Para asegurarte de esto, despu\u00e9s de que inicies sesi\u00f3n ve a la p\u00e1gina del curso y ver\u00e1s los m\u00f3dulos del curso.<\/li>\n<li>Haz clic en \u201cVer perfil\u201d debajo de tu nombre ubicado en la parte superior derecha de la p\u00e1gina principal del curso.<\/li>\n<li>Elige la pesta\u00f1a \u201cCurso\u201d. Haz clic en el nombre del curso del que quieres ver la informaci\u00f3n.<\/li>\n<li>Elige luego la pesta\u00f1a \u201cM\u00e1s\u201d. Para ver las publicaciones o los detalles del foro, haz clic en Mensajes en foros o Foros de discusi\u00f3n.<\/li>\n<li>Para ver detalles de los cuestionarios, haz clic en Calificaci\u00f3n bajo el t\u00edtulo del bloque\u201cInformes\u201d.<\/li>\n<li>Otra forma de hacer un seguimiento de tu progreso es buscar la marca de verificaci\u00f3n (un visto) que aparece junto a la actividad cuando cumples con este criterio. El criterio puede ser realizar un examen y recibir una puntuaci\u00f3n determinada o participar en un foro de discusi\u00f3n.<\/li>\n<\/ol>\n<p><strong>\u00bfC\u00f3mo me puedo dar de baja del curso?<\/strong><\/p>\n<ul>\n<li>Para darte de baja, haz clic\u00a0<a href=\"https:\/\/forms.gle\/NssGLDYXB8Zn8UR89\" target=\"_blank\" rel=\"noopener noreferrer\">aqu\u00ed<\/a> y llena el formulario que aparece. Te daremos de baja de este curso despu\u00e9s de unos d\u00edas. Si tienes alg\u00fan problema, por favor escribe a Filipa Rodrigues, <a href=\"mailto:filipa.rodrigues@utexas.edu\">filipa.rodrigues@utexas.edu<\/a>.<\/li>\n<\/ul>\n<p><strong>Requisitos del curso para el certificado de finalizaci\u00f3n<\/strong><\/p>\n<ul>\n<li>Para ser elegible para el certificado de finalizaci\u00f3n, cada persona debe:<\/li>\n<\/ul>\n<ol>\n<li>Escuchar las video clases semanales y realizar las lecturas semanales.<\/li>\n<li>Completar los cuestionarios (<em>quizzes<\/em>) semanales con una puntuaci\u00f3n m\u00ednima del 70%. (Se puede volver a realizar los cuestionarios tantas veces como sea necesario. S\u00f3lo se registrar\u00e1 la puntuaci\u00f3n m\u00e1s alta).<\/li>\n<li>Crear O responder al menos a un foro de discusi\u00f3n cada semana.<\/li>\n<\/ol>\n<p><strong>Proceso de verificaci\u00f3n<\/strong><\/p>\n<ul>\n<li>El proceso de verificaci\u00f3n no es inmediato. Puede tomarnos unos d\u00edas procesar las verificaciones, pero te informaremos lo antes posible si has cumplido con los requisitos del curso y si calificas para el certificado.<\/li>\n<\/ul>\n<p><strong>Pagar el certificado<\/strong><\/p>\n<ul>\n<li>Despu\u00e9s de la confirmaci\u00f3n de los requisitos del curso, el Centro Knight enviar\u00e1 un mensaje con la confirmaci\u00f3n de que cumpliste con los requisitos del curso y calificas para el certificado. (Ten en cuenta que solo enviamos un mensaje a los estudiantes que hayan cumplido los requisitos. Si no cumpliste con los requisitos, no recibir\u00e1s ning\u00fan mensaje).<\/li>\n<\/ul>\n<p><strong>Descargar el certificado<\/strong><\/p>\n<ul>\n<li>Una vez que hayas pagado el certificado, tomar\u00e1 de tres a cinco d\u00edas h\u00e1biles procesar tu pago. Una vez que se haya confirmado tu pago, recibir\u00e1s un correo electr\u00f3nico con instrucciones para descargar el certificado. <strong>El Centro Knight no env\u00eda certificados<\/strong>. Cada persona es responsable de descargar el certificado una vez que se haya procesado el pago.<\/li>\n<\/ul>\n<p><strong>\u00bfQu\u00e9 hago si me atraso en el curso?<\/strong><\/p>\n<ul>\n<li>Siempre puedes ponerte al d\u00eda. Nuestras fechas l\u00edmite son flexibles. Lo mejor es que las cumplas tanto como sea posible para que no te quedes atr\u00e1s, pero si esto sucede, NO HAY CASTIGO por trabajo retrasado. Completa las actividades de los m\u00f3dulos cuando puedas. Por favor, lee los mensajes de orientaci\u00f3n de los m\u00f3dulos para saber lo que tienes que hacer en cada m\u00f3dulo.<\/li>\n<\/ul>\n<p><strong>Comunicaci\u00f3n con la asistente del curso<\/strong><\/p>\n<ul>\n<li>La asistente del curso har\u00e1 su mejor esfuerzo para responder tus correos y preguntas en los foros de ayuda disponibles dentro del curso en un plazo de 24 a 48 horas, pero puede tomar un poco m\u00e1s de tiempo durante los fines de semana. Si tienes dudas despu\u00e9s de leer esta p\u00e1gina de Preguntas Frecuentes, por favor publica tus preguntas en el foro de<a href=\"https:\/\/www.kccourses.org\/mod\/forum\/view.php?id=17476\" target=\"_blank\" rel=\"noopener\"> Preguntas sobre la plataforma del curso<\/a>. Si necesitas hacer una pregunta directa, por favor env\u00eda un correo electr\u00f3nico a la asistente del curso, Filipa Rodrigues, <a href=\"mailto:filipa.rodrigues@utexas.edu\">filipa.rodrigues@utexas.edu<\/a>.<\/li>\n<li>Aseg\u00farate de agregarnos a tu lista de contactos para que nuestros correos electr\u00f3nicos no caigan en tu carpeta de correo basura: <a href=\"mailto:filipa.rodrigues@utexas.edu\">filipa.rodrigues@utexas.edu<\/a><a href=\"mailto:filipa.rodrigues@utexas.edu\" target=\"_blank\" rel=\"noopener noreferrer\">\u00a0<\/a>y\u00a0<a href=\"mailto:Journalismcourses@austin.utexas.edu\">journalismcourses@austin.utexas.edu<\/a><\/li>\n<li>Haz lo posible por publicar tus preguntas en los foros designados porque quiz\u00e1 no eres la \u00fanica persona con esa pregunta. Para los asistentes de cursos, esta es la mejor manera de compartir las respuestas con todas las personas participantes.<\/li>\n<\/ul>\n<p>&nbsp;<\/p>\n","protected":false},"excerpt":{"rendered":"<p>Preguntas m\u00e1s frecuentes Me inscrib\u00ed, pero no estoy recibiendo mensajes del curso Primero, revisa tus carpetas de correo no deseado y\/o spam. Si los mensajes del curso est\u00e1n llegando a tu carpeta de correo basura, necesitas a\u00f1adir journalismcourses@austin.utexas.edu a tus contactos. Debes agregar tambi\u00e9n el correo de la asistente del curso, Filipa Rodrigues, filipa.rodrigues@utexas.edu. \u00bfQu\u00e9 [&hellip;]<\/p>\n","protected":false},"author":35,"featured_media":18222,"parent":0,"menu_order":54,"comment_status":"closed","ping_status":"closed","template":"","meta":{"_acf_changed":false,"productId":0,"courseId":0,"footnotes":""},"wf_page_folders":[],"class_list":["post-18438","page","type-page","status-publish","has-post-thumbnail","hentry"],"acf":[],"yoast_head":"<!-- This site is optimized with the Yoast SEO Premium plugin v22.9 (Yoast SEO v27.3) - https:\/\/yoast.com\/product\/yoast-seo-premium-wordpress\/ -->\n<title>Periodismo de datos 2.0: C\u00f3mo crear y manejar un equipo de datos din\u00e1mico y productivo - Journalism Courses by Knight Center<\/title>\n<meta name=\"robots\" content=\"index, follow, max-snippet:-1, max-image-preview:large, max-video-preview:-1\" \/>\n<link rel=\"canonical\" href=\"https:\/\/journalismcourses.org\/es\/periodismo-de-datos-2-0-productivo\/\" \/>\n<meta property=\"og:locale\" content=\"es_ES\" \/>\n<meta property=\"og:type\" content=\"article\" \/>\n<meta property=\"og:title\" content=\"Periodismo de datos 2.0: C\u00f3mo crear y manejar un equipo de datos din\u00e1mico y productivo\" \/>\n<meta property=\"og:description\" content=\"Preguntas m\u00e1s frecuentes Me inscrib\u00ed, pero no estoy recibiendo mensajes del curso Primero, revisa tus carpetas de correo no deseado y\/o spam. Si los mensajes del curso est\u00e1n llegando a tu carpeta de correo basura, necesitas a\u00f1adir journalismcourses@austin.utexas.edu a tus contactos. Debes agregar tambi\u00e9n el correo de la asistente del curso, Filipa Rodrigues, filipa.rodrigues@utexas.edu. \u00bfQu\u00e9 [&hellip;]\" \/>\n<meta property=\"og:url\" content=\"https:\/\/journalismcourses.org\/es\/periodismo-de-datos-2-0-productivo\/\" \/>\n<meta property=\"og:site_name\" content=\"Journalism Courses by Knight Center\" \/>\n<meta property=\"article:modified_time\" content=\"2023-03-31T19:11:21+00:00\" \/>\n<meta property=\"og:image\" content=\"https:\/\/live-journalismcourses.pantheonsite.io\/wp-content\/uploads\/2023\/03\/BANNER-2.png\" \/>\n\t<meta property=\"og:image:width\" content=\"2070\" \/>\n\t<meta property=\"og:image:height\" content=\"780\" \/>\n\t<meta property=\"og:image:type\" content=\"image\/png\" \/>\n<meta name=\"twitter:card\" content=\"summary_large_image\" \/>\n<meta name=\"twitter:label1\" content=\"Est. reading time\" \/>\n\t<meta name=\"twitter:data1\" content=\"7 minutos\" \/>\n<script type=\"application\/ld+json\" class=\"yoast-schema-graph\">{\"@context\":\"https:\\\/\\\/schema.org\",\"@graph\":[{\"@type\":\"WebPage\",\"@id\":\"https:\\\/\\\/journalismcourses.org\\\/es\\\/periodismo-de-datos-2-0-productivo\\\/\",\"url\":\"https:\\\/\\\/journalismcourses.org\\\/es\\\/periodismo-de-datos-2-0-productivo\\\/\",\"name\":\"Periodismo de datos 2.0: C\u00f3mo crear y manejar un equipo de datos din\u00e1mico y productivo - Journalism Courses by Knight Center\",\"isPartOf\":{\"@id\":\"https:\\\/\\\/journalismcourses.org\\\/es\\\/#website\"},\"primaryImageOfPage\":{\"@id\":\"https:\\\/\\\/journalismcourses.org\\\/es\\\/periodismo-de-datos-2-0-productivo\\\/#primaryimage\"},\"image\":{\"@id\":\"https:\\\/\\\/journalismcourses.org\\\/es\\\/periodismo-de-datos-2-0-productivo\\\/#primaryimage\"},\"thumbnailUrl\":\"https:\\\/\\\/journalismcourses.org\\\/wp-content\\\/uploads\\\/2023\\\/03\\\/BANNER-2.png\",\"datePublished\":\"2023-03-31T19:07:30+00:00\",\"dateModified\":\"2023-03-31T19:11:21+00:00\",\"breadcrumb\":{\"@id\":\"https:\\\/\\\/journalismcourses.org\\\/es\\\/periodismo-de-datos-2-0-productivo\\\/#breadcrumb\"},\"inLanguage\":\"es\",\"potentialAction\":[{\"@type\":\"ReadAction\",\"target\":[\"https:\\\/\\\/journalismcourses.org\\\/es\\\/periodismo-de-datos-2-0-productivo\\\/\"]}]},{\"@type\":\"ImageObject\",\"inLanguage\":\"es\",\"@id\":\"https:\\\/\\\/journalismcourses.org\\\/es\\\/periodismo-de-datos-2-0-productivo\\\/#primaryimage\",\"url\":\"https:\\\/\\\/journalismcourses.org\\\/wp-content\\\/uploads\\\/2023\\\/03\\\/BANNER-2.png\",\"contentUrl\":\"https:\\\/\\\/journalismcourses.org\\\/wp-content\\\/uploads\\\/2023\\\/03\\\/BANNER-2.png\",\"width\":2070,\"height\":780},{\"@type\":\"BreadcrumbList\",\"@id\":\"https:\\\/\\\/journalismcourses.org\\\/es\\\/periodismo-de-datos-2-0-productivo\\\/#breadcrumb\",\"itemListElement\":[{\"@type\":\"ListItem\",\"position\":1,\"name\":\"Home\",\"item\":\"https:\\\/\\\/journalismcourses.org\\\/es\\\/\"},{\"@type\":\"ListItem\",\"position\":2,\"name\":\"Periodismo de datos 2.0: C\u00f3mo crear y manejar un equipo de datos din\u00e1mico y productivo\"}]},{\"@type\":\"WebSite\",\"@id\":\"https:\\\/\\\/journalismcourses.org\\\/es\\\/#website\",\"url\":\"https:\\\/\\\/journalismcourses.org\\\/es\\\/\",\"name\":\"Journalism Courses by Knight Center\",\"description\":\"Online courses for journalists\",\"potentialAction\":[{\"@type\":\"SearchAction\",\"target\":{\"@type\":\"EntryPoint\",\"urlTemplate\":\"https:\\\/\\\/journalismcourses.org\\\/es\\\/?s={search_term_string}\"},\"query-input\":{\"@type\":\"PropertyValueSpecification\",\"valueRequired\":true,\"valueName\":\"search_term_string\"}}],\"inLanguage\":\"es\"}]}<\/script>\n<!-- \/ Yoast SEO Premium plugin. -->","yoast_head_json":{"title":"Periodismo de datos 2.0: C\u00f3mo crear y manejar un equipo de datos din\u00e1mico y productivo - Journalism Courses by Knight Center","robots":{"index":"index","follow":"follow","max-snippet":"max-snippet:-1","max-image-preview":"max-image-preview:large","max-video-preview":"max-video-preview:-1"},"canonical":"https:\/\/journalismcourses.org\/es\/periodismo-de-datos-2-0-productivo\/","og_locale":"es_ES","og_type":"article","og_title":"Periodismo de datos 2.0: C\u00f3mo crear y manejar un equipo de datos din\u00e1mico y productivo","og_description":"Preguntas m\u00e1s frecuentes Me inscrib\u00ed, pero no estoy recibiendo mensajes del curso Primero, revisa tus carpetas de correo no deseado y\/o spam. Si los mensajes del curso est\u00e1n llegando a tu carpeta de correo basura, necesitas a\u00f1adir journalismcourses@austin.utexas.edu a tus contactos. Debes agregar tambi\u00e9n el correo de la asistente del curso, Filipa Rodrigues, filipa.rodrigues@utexas.edu. \u00bfQu\u00e9 [&hellip;]","og_url":"https:\/\/journalismcourses.org\/es\/periodismo-de-datos-2-0-productivo\/","og_site_name":"Journalism Courses by Knight Center","article_modified_time":"2023-03-31T19:11:21+00:00","og_image":[{"width":2070,"height":780,"url":"https:\/\/live-journalismcourses.pantheonsite.io\/wp-content\/uploads\/2023\/03\/BANNER-2.png","type":"image\/png"}],"twitter_card":"summary_large_image","twitter_misc":{"Est. reading time":"7 minutos"},"schema":{"@context":"https:\/\/schema.org","@graph":[{"@type":"WebPage","@id":"https:\/\/journalismcourses.org\/es\/periodismo-de-datos-2-0-productivo\/","url":"https:\/\/journalismcourses.org\/es\/periodismo-de-datos-2-0-productivo\/","name":"Periodismo de datos 2.0: C\u00f3mo crear y manejar un equipo de datos din\u00e1mico y productivo - Journalism Courses by Knight Center","isPartOf":{"@id":"https:\/\/journalismcourses.org\/es\/#website"},"primaryImageOfPage":{"@id":"https:\/\/journalismcourses.org\/es\/periodismo-de-datos-2-0-productivo\/#primaryimage"},"image":{"@id":"https:\/\/journalismcourses.org\/es\/periodismo-de-datos-2-0-productivo\/#primaryimage"},"thumbnailUrl":"https:\/\/journalismcourses.org\/wp-content\/uploads\/2023\/03\/BANNER-2.png","datePublished":"2023-03-31T19:07:30+00:00","dateModified":"2023-03-31T19:11:21+00:00","breadcrumb":{"@id":"https:\/\/journalismcourses.org\/es\/periodismo-de-datos-2-0-productivo\/#breadcrumb"},"inLanguage":"es","potentialAction":[{"@type":"ReadAction","target":["https:\/\/journalismcourses.org\/es\/periodismo-de-datos-2-0-productivo\/"]}]},{"@type":"ImageObject","inLanguage":"es","@id":"https:\/\/journalismcourses.org\/es\/periodismo-de-datos-2-0-productivo\/#primaryimage","url":"https:\/\/journalismcourses.org\/wp-content\/uploads\/2023\/03\/BANNER-2.png","contentUrl":"https:\/\/journalismcourses.org\/wp-content\/uploads\/2023\/03\/BANNER-2.png","width":2070,"height":780},{"@type":"BreadcrumbList","@id":"https:\/\/journalismcourses.org\/es\/periodismo-de-datos-2-0-productivo\/#breadcrumb","itemListElement":[{"@type":"ListItem","position":1,"name":"Home","item":"https:\/\/journalismcourses.org\/es\/"},{"@type":"ListItem","position":2,"name":"Periodismo de datos 2.0: C\u00f3mo crear y manejar un equipo de datos din\u00e1mico y productivo"}]},{"@type":"WebSite","@id":"https:\/\/journalismcourses.org\/es\/#website","url":"https:\/\/journalismcourses.org\/es\/","name":"Journalism Courses by Knight Center","description":"Online courses for journalists","potentialAction":[{"@type":"SearchAction","target":{"@type":"EntryPoint","urlTemplate":"https:\/\/journalismcourses.org\/es\/?s={search_term_string}"},"query-input":{"@type":"PropertyValueSpecification","valueRequired":true,"valueName":"search_term_string"}}],"inLanguage":"es"}]}},"_links":{"self":[{"href":"https:\/\/journalismcourses.org\/es\/wp-json\/wp\/v2\/pages\/18438","targetHints":{"allow":["GET"]}}],"collection":[{"href":"https:\/\/journalismcourses.org\/es\/wp-json\/wp\/v2\/pages"}],"about":[{"href":"https:\/\/journalismcourses.org\/es\/wp-json\/wp\/v2\/types\/page"}],"author":[{"embeddable":true,"href":"https:\/\/journalismcourses.org\/es\/wp-json\/wp\/v2\/users\/35"}],"replies":[{"embeddable":true,"href":"https:\/\/journalismcourses.org\/es\/wp-json\/wp\/v2\/comments?post=18438"}],"version-history":[{"count":2,"href":"https:\/\/journalismcourses.org\/es\/wp-json\/wp\/v2\/pages\/18438\/revisions"}],"predecessor-version":[{"id":18444,"href":"https:\/\/journalismcourses.org\/es\/wp-json\/wp\/v2\/pages\/18438\/revisions\/18444"}],"wp:featuredmedia":[{"embeddable":true,"href":"https:\/\/journalismcourses.org\/es\/wp-json\/wp\/v2\/media\/18222"}],"wp:attachment":[{"href":"https:\/\/journalismcourses.org\/es\/wp-json\/wp\/v2\/media?parent=18438"}],"wp:term":[{"taxonomy":"wf_page_folders","embeddable":true,"href":"https:\/\/journalismcourses.org\/es\/wp-json\/wp\/v2\/wf_page_folders?post=18438"}],"curies":[{"name":"wp","href":"https:\/\/api.w.org\/{rel}","templated":true}]}}