{"id":16532,"date":"2022-09-02T16:55:28","date_gmt":"2022-09-02T21:55:28","guid":{"rendered":"https:\/\/dev-journalismcourses.pantheonsite.io\/?page_id=16532"},"modified":"2022-09-12T12:13:40","modified_gmt":"2022-09-12T17:13:40","slug":"programa","status":"publish","type":"page","link":"https:\/\/journalismcourses.org\/es\/conferencia\/programa\/","title":{"rendered":"Programa"},"content":{"rendered":"<p><a href=\"https:\/\/dev-journalismcourses.pantheonsite.io\/es\/conferencia\/\"><img fetchpriority=\"high\" decoding=\"async\" class=\"aligncenter wp-image-16627\" src=\"https:\/\/dev-journalismcourses.pantheonsite.io\/wp-content\/uploads\/2022\/08\/UT-Knight-Center-Event-Opening-Slide.ai_-300x169.png\" alt=\"UT Knight Center Conferencia Latinoamericana sobre Diversidad en el Periodismo\" width=\"700\" height=\"394\" srcset=\"https:\/\/journalismcourses.org\/wp-content\/uploads\/2022\/08\/UT-Knight-Center-Event-Opening-Slide.ai_-300x169.png 300w, https:\/\/journalismcourses.org\/wp-content\/uploads\/2022\/08\/UT-Knight-Center-Event-Opening-Slide.ai_-1024x576.png 1024w, https:\/\/journalismcourses.org\/wp-content\/uploads\/2022\/08\/UT-Knight-Center-Event-Opening-Slide.ai_-768x432.png 768w, https:\/\/journalismcourses.org\/wp-content\/uploads\/2022\/08\/UT-Knight-Center-Event-Opening-Slide.ai_.png 1536w\" sizes=\"(max-width: 700px) 100vw, 700px\" \/><br \/>\n<\/a><\/p>\n<p>&nbsp;<\/p>\n<hr \/>\n<h3><span style=\"font-size: 18pt;\"><b><i>Viernes, 09 de septiembre de 2022<\/i><\/b><\/span><\/h3>\n<p><span style=\"font-size: 14pt;\"><span style=\"font-size: 16px;\">(*) El programa muestra la hora de Austin, Texas (hora central de EE.UU.).<\/span><\/span><\/p>\n<hr \/>\n<p><em>Programa matutino:<\/em><\/p>\n<p><strong>9:30 &#8211;\u00a0 9:40:<\/strong><span style=\"font-weight: 400;\"><strong> Sesi\u00f3n de apertura (<a href=\"https:\/\/youtu.be\/6oEIRfsApwA?t=125\">Ve el video<\/a>)<\/strong><\/span><\/p>\n<p>Palabras de bienvenida:<\/p>\n<ul>\n<li><span style=\"font-weight: 400;\"><a href=\"https:\/\/dev-journalismcourses.pantheonsite.io\/es\/conferencia\/oradores-diversidad\/#rosental\"><strong>Rosental Alves<\/strong><\/a>, director del <a href=\"https:\/\/knightcenter.utexas.edu\/es\/\" target=\"_blank\" rel=\"noopener\">Centro Knight para el Periodismo en las Am\u00e9ricas<\/a><\/span><\/li>\n<li><span style=\"font-weight: 400;\"><a href=\"https:\/\/dev-journalismcourses.pantheonsite.io\/es\/conferencia\/oradores-diversidad\/#juanmanuel\"><strong>Juan Manuel Lucero<\/strong><\/a>, l\u00edder de Hispanoam\u00e9rica para <a href=\"https:\/\/newsinitiative.withgoogle.com\/google-news-lab\/\" target=\"_blank\" rel=\"noopener\">Google News Lab<\/a>\u00a0<\/span><\/li>\n<li><span style=\"font-weight: 400;\"><a href=\"https:\/\/dev-journalismcourses.pantheonsite.io\/es\/conferencia\/oradores-diversidad\/#mariana\"><strong>Mariana Alvarado<\/strong><\/a>, coordinadora de la Conferencia Latinoamericana sobre Diversidad en el Periodismo<\/span><\/li>\n<\/ul>\n<p>&nbsp;<\/p>\n<p><strong>9:40 &#8211; 9:55: Sesi\u00f3n Invitado Especial (<a href=\"https:\/\/youtu.be\/6oEIRfsApwA?t=853\">Ve el video<\/a>)<\/strong><\/p>\n<ul>\n<li><strong><a href=\"https:\/\/dev-journalismcourses.pantheonsite.io\/es\/conferencia\/oradores-diversidad\/#ana\">Ana Fornaro<\/a>, <\/strong>Agencia Presentes (Argentina)<\/li>\n<\/ul>\n<p>&nbsp;<\/p>\n<p><strong>10:00 &#8211; 11:15:<\/strong> <strong>Primer panel: Pueblos Ind\u00edgenas y poblaciones Afrodescendientes y Negras en Latinoam\u00e9rica (<a href=\"https:\/\/youtu.be\/6oEIRfsApwA?t=1925\">Ve el video<\/a>)<\/strong><\/p>\n<p><span style=\"font-weight: 400;\">Moderadora<\/span><span style=\"font-weight: 400;\"><b>: <a href=\"https:\/\/dev-journalismcourses.pantheonsite.io\/es\/conferencia\/oradores-diversidad\/#mariateresa\">Mar\u00eda Teresa Ju\u00e1rez<\/a><\/b>, guionista y periodista (M\u00e9xico)<\/span><\/p>\n<p><span style=\"font-weight: 400;\">\u00a0<\/span><span style=\"font-weight: 400;\">Panelistas:<\/span><\/p>\n<ul>\n<li><strong><a href=\"https:\/\/dev-journalismcourses.pantheonsite.io\/es\/conferencia\/oradores-diversidad\/#diana\">Diana Manzo<\/a>,\u00a0<\/strong>periodista zapoteca, colaboradora en <a href=\"http:\/\/www.istmopress.com.mx\/\">Istmo Press, Agencia de Noticias<\/a> (M\u00e9xico)<\/li>\n<li><strong><a href=\"https:\/\/dev-journalismcourses.pantheonsite.io\/es\/conferencia\/oradores-diversidad\/#indhira\">Indhira Suero<\/a>,<\/strong> de <a href=\"https:\/\/negritacomecoco.com\/\">Negrita Como Coco<\/a> (Rep\u00fablica Dominicana)<\/li>\n<li><b><a href=\"https:\/\/dev-journalismcourses.pantheonsite.io\/es\/conferencia\/oradores-diversidad\/#edilma\">Edilma Prada C\u00e9spedes<\/a>,\u00a0<\/b>editora, investigadora y foto-reportera, para <a href=\"https:\/\/www.agendapropia.co\/\">Agenda Propia<\/a> (Colombia)<\/li>\n<\/ul>\n<p>&nbsp;<\/p>\n<p><em>Programa Vespertino<\/em><\/p>\n<p><strong>14:00 &#8211; 15:15: <\/strong><span style=\"font-weight: 400;\"><b>Segundo panel: Diversidad Sexual (<a href=\"https:\/\/youtu.be\/Pb3ZdZxIKbE?t=125\">Ve el video<\/a>)<\/b><\/span><\/p>\n<p><span style=\"font-weight: 400;\">Moderador: <\/span><span style=\"font-weight: 400;\"><b><a href=\"https:\/\/dev-journalismcourses.pantheonsite.io\/es\/conferencia\/oradores-diversidad\/#esteban\">Esteban Hern\u00e1ndez<\/a>,\u00a0<\/b>periodista, presentador para <a href=\"https:\/\/www.bluradio.com\/\">Blu Radio<\/a> (Colombia)<\/span><\/p>\n<p><span style=\"font-weight: 400;\">Panelistas:<\/span><\/p>\n<ul>\n<li><strong><a href=\"https:\/\/dev-journalismcourses.pantheonsite.io\/es\/conferencia\/oradores-diversidad\/#geo\">Geo Gonz\u00e1lez<\/a>,\u00a0<\/strong>periodista y persona trans. Colabora para <a href=\"https:\/\/agenciapresentes.org\/\">Agencia Presentes<\/a> (M\u00e9xico)<\/li>\n<li aria-level=\"1\"><a href=\"https:\/\/dev-journalismcourses.pantheonsite.io\/es\/conferencia\/oradores-diversidad\/#carolina\"><strong>Carolina Vila-Nova<\/strong><\/a>, periodista de <a href=\"https:\/\/www.folha.uol.com.br\/\">Folha de S.Paulo<\/a> (Brasil)<\/li>\n<li><b><a href=\"https:\/\/dev-journalismcourses.pantheonsite.io\/es\/conferencia\/oradores-diversidad\/#daniel\">Daniel Villatoro Garc\u00eda,<\/a>\u00a0<\/b>coordinador de aprendizaje de la iniciativa latinoamericana sobre personas LGBTI en <a href=\"https:\/\/www.iwmf.org\/\">IWMF<\/a> (Guatemala)<\/li>\n<\/ul>\n<p>&nbsp;<\/p>\n<hr \/>\n<h3><span style=\"font-size: 18pt;\"><b><i>S\u00e1bado, 10 de septiembre de 2021<\/i><\/b><\/span><\/h3>\n<p><span style=\"font-size: 14pt;\"><span style=\"font-size: 16px;\">(*) El programa muestra la hora de Austin, Texas (hora central de EE.UU.).<\/span><\/span><\/p>\n<hr \/>\n<p><em>Programa Matutino<\/em><\/p>\n<p><span style=\"font-weight: 400;\"><strong>10:00 &#8211; 11:15: Tercer panel: Migraci\u00f3n (<a href=\"https:\/\/youtu.be\/mtV3pzNwCQA?t=217\">Ve el video<\/a>)<\/strong><\/span><\/p>\n<p><span style=\"font-weight: 400;\">Moderadora: <strong><a href=\"https:\/\/dev-journalismcourses.pantheonsite.io\/es\/conferencia\/oradores-diversidad\/#freya\">Freya Le\u00f3n<\/a>,<\/strong> entrenadora en <a href=\"https:\/\/puentesdecomunicacion.org\/\">Puentes de Comunicaci\u00f3n<\/a> y editora de <a href=\"https:\/\/efectococuyo.com\">Efecto Cocuyo<\/a>\u00a0<\/span><\/p>\n<p><span style=\"font-weight: 400;\">Panelistas:<\/span><\/p>\n<ul>\n<li aria-level=\"1\"><a href=\"https:\/\/dev-journalismcourses.pantheonsite.io\/es\/conferencia\/oradores-diversidad\/#hector\"><strong>H\u00e9ctor Villa Le\u00f3n<\/strong><\/a>, co-fundador de <a href=\"https:\/\/twitter.com\/capsulamigrante\">C\u00e1psula Migrante<\/a> (Venezuela y Per\u00fa)<\/li>\n<li aria-level=\"1\"><span style=\"font-weight: 400;\"><b><a href=\"https:\/\/dev-journalismcourses.pantheonsite.io\/es\/conferencia\/oradores-diversidad\/#patricia\">Patricia Mercado<\/a>,\u00a0<\/b>directora y fundadora de <a href=\"https:\/\/conexionmigrante.com\/\">Conexi\u00f3n Migrante<\/a> (M\u00e9xico)<\/span><\/li>\n<li aria-level=\"1\"><strong><a href=\"https:\/\/dev-journalismcourses.pantheonsite.io\/es\/conferencia\/oradores-diversidad\/#angeles\">Angeles Mariscal<\/a>,\u00a0<\/strong>periodista, colabora para <a href=\"https:\/\/www.chiapasparalelo.com\/\">Chiapas Paralelo<\/a> y Aristegui Noticias (M\u00e9xico)<\/li>\n<\/ul>\n<p>&nbsp;<\/p>\n<p><em>Programa Vespertino<\/em><\/p>\n<p><span style=\"font-weight: 400;\"><strong>13:00-14:15: Cuarto Panel: Nuevas narrativas, productos e iniciativas que impulsan DEI en el periodismo latinoamericano (<a href=\"https:\/\/youtu.be\/LwBjnzSF8wQ?t=175\">Ve el video<\/a>)<\/strong><\/span><\/p>\n<p><span style=\"font-weight: 400;\">Moderadora: <\/span><span style=\"font-weight: 400;\"><b><a href=\"https:\/\/dev-journalismcourses.pantheonsite.io\/es\/conferencia\/oradores-diversidad\/#lucia\">Lucia Solis<\/a>,\u00a0<\/b>periodista y comunicadora feminista (Per\u00fa)<\/span><\/p>\n<p><span style=\"font-weight: 400;\">Panelistas:<\/span><\/p>\n<ul>\n<li style=\"font-weight: 400;\" aria-level=\"1\"><b><a href=\"https:\/\/dev-journalismcourses.pantheonsite.io\/es\/conferencia\/oradores-diversidad\/#pilar\">Pilar Cuartas<\/a>,\u00a0<\/b>periodista y creadora de La <a href=\"https:\/\/twitter.com\/ladisidencia_\">Disidencia<\/a> y <a href=\"https:\/\/twitter.com\/LasIgualadas\">Las Igualadas<\/a>, en <a href=\"https:\/\/www.elespectador.com\/\">El Espectador<\/a> (Colombia)<\/li>\n<li aria-level=\"1\"><strong><a href=\"https:\/\/dev-journalismcourses.pantheonsite.io\/es\/conferencia\/oradores-diversidad\/#florencia\">Florencia Aza<\/a>,\u00a0<\/strong>responsable del programa METIS para mujeres fundadoras de medios de <a href=\"https:\/\/www.sembramedia.org\/\">SembraMedia<\/a> (Latinoam\u00e9rica)<\/li>\n<li aria-level=\"1\"><strong><a href=\"https:\/\/dev-journalismcourses.pantheonsite.io\/es\/conferencia\/oradores-diversidad\/#david\">David Adri\u00e1n Garc\u00eda<\/a>,<\/strong> directore de <a href=\"https:\/\/altavoz.lgbt\/\">Altavoz LGBT<\/a>+ (M\u00e9xico)<\/li>\n<li><strong><a href=\"https:\/\/dev-journalismcourses.pantheonsite.io\/es\/conferencia\/oradores-diversidad\/#isabela\">Isabela Ponce<\/a>, <\/strong>directora editorial, GK (Ecuador)<\/li>\n<li aria-level=\"1\"><strong><a href=\"https:\/\/dev-journalismcourses.pantheonsite.io\/es\/conferencia\/oradores-diversidad\/#majo\">Majo Muller<\/a>,<\/strong> programa <a href=\"https:\/\/www.fopea.org\/mas-miradas\/\">MIRADAS<\/a> de FOPEA (Argentina)<\/li>\n<\/ul>\n<p>&nbsp;<\/p>\n<p><strong>14:15 &#8211; 14:40: Sesi\u00f3n de cierre: \u00bfY ahora qu\u00e9 sigue? Algunas ideas para impulsar la diversidad (<a href=\"https:\/\/youtu.be\/LwBjnzSF8wQ?t=5183\">Ve el video<\/a>)<\/strong><\/p>\n<p>Participan:<\/p>\n<ul>\n<li><b><a href=\"https:\/\/dev-journalismcourses.pantheonsite.io\/es\/conferencia\/oradores-diversidad\/#andrea\">Andrea Medina<\/a>,\u00a0<\/b>periodista y realizadora en <a href=\"http:\/\/www.integradoschile.cl\/\">Integrados Chile<\/a><\/li>\n<li><a href=\"https:\/\/dev-journalismcourses.pantheonsite.io\/es\/conferencia\/oradores-diversidad\/#rosental\"><strong>Rosental Alves,<\/strong><\/a> director del <a href=\"https:\/\/knightcenter.utexas.edu\/es\/\">Centro Knight para el Periodismo en las Am\u00e9ricas<\/a><\/li>\n<li><strong><a href=\"https:\/\/dev-journalismcourses.pantheonsite.io\/es\/conferencia\/oradores-diversidad\/#mariana\">Mariana Alvarado<\/a>,\u00a0<\/strong>coordinadora de la Conferencia Latinoamericana sobre Diversidad en el Periodismo<\/li>\n<li><strong><a href=\"https:\/\/dev-journalismcourses.pantheonsite.io\/es\/conferencia\/oradores-diversidad\/#pilar\">Pilar Cuartas<\/a><\/strong>, periodista y creadora de La Disidencia y Las Igualdadas<\/li>\n<li><strong><a href=\"https:\/\/dev-journalismcourses.pantheonsite.io\/es\/conferencia\/oradores-diversidad\/#mariateresa\">Mar\u00eda Teresa Ju\u00e1rez<\/a><\/strong>, guionista y periodista, creadora de podcast<\/li>\n<li><strong><a href=\"https:\/\/dev-journalismcourses.pantheonsite.io\/es\/conferencia\/oradores-diversidad\/#lucia\">Lucia Solis<\/a><\/strong>, periodista y comunicadora feminista<\/li>\n<\/ul>\n","protected":false},"excerpt":{"rendered":"<p>&nbsp; Viernes, 09 de septiembre de 2022 (*) El programa muestra la hora de Austin, Texas (hora central de EE.UU.). Programa matutino: 9:30 &#8211;\u00a0 9:40: Sesi\u00f3n de apertura (Ve el video) Palabras de bienvenida: Rosental Alves, director del Centro Knight para el Periodismo en las Am\u00e9ricas Juan Manuel Lucero, l\u00edder de Hispanoam\u00e9rica para Google News [&hellip;]<\/p>\n","protected":false},"author":3,"featured_media":0,"parent":16358,"menu_order":0,"comment_status":"closed","ping_status":"closed","template":"","meta":{"_acf_changed":false,"productId":0,"courseId":0,"footnotes":""},"wf_page_folders":[],"class_list":["post-16532","page","type-page","status-publish","hentry"],"acf":[],"yoast_head":"<!-- This site is optimized with the Yoast SEO Premium plugin v22.9 (Yoast SEO v27.3) - https:\/\/yoast.com\/product\/yoast-seo-premium-wordpress\/ -->\n<title>Programa - Journalism Courses by Knight Center<\/title>\n<meta name=\"robots\" content=\"index, follow, max-snippet:-1, max-image-preview:large, max-video-preview:-1\" \/>\n<link rel=\"canonical\" href=\"https:\/\/journalismcourses.org\/es\/conferencia\/programa\/\" \/>\n<meta property=\"og:locale\" content=\"es_ES\" \/>\n<meta property=\"og:type\" content=\"article\" \/>\n<meta property=\"og:title\" content=\"Programa\" \/>\n<meta property=\"og:description\" content=\"&nbsp; Viernes, 09 de septiembre de 2022 (*) El programa muestra la hora de Austin, Texas (hora central de EE.UU.). Programa matutino: 9:30 &#8211;\u00a0 9:40: Sesi\u00f3n de apertura (Ve el video) Palabras de bienvenida: Rosental Alves, director del Centro Knight para el Periodismo en las Am\u00e9ricas Juan Manuel Lucero, l\u00edder de Hispanoam\u00e9rica para Google News [&hellip;]\" \/>\n<meta property=\"og:url\" content=\"https:\/\/journalismcourses.org\/es\/conferencia\/programa\/\" \/>\n<meta property=\"og:site_name\" content=\"Journalism Courses by Knight Center\" \/>\n<meta property=\"article:modified_time\" content=\"2022-09-12T17:13:40+00:00\" \/>\n<meta property=\"og:image\" content=\"https:\/\/dev-journalismcourses.pantheonsite.io\/wp-content\/uploads\/2022\/08\/UT-Knight-Center-Event-Opening-Slide.ai_-300x169.png\" \/>\n<meta name=\"twitter:card\" content=\"summary_large_image\" \/>\n<meta name=\"twitter:label1\" content=\"Est. reading time\" \/>\n\t<meta name=\"twitter:data1\" content=\"2 minutos\" \/>\n<script type=\"application\/ld+json\" class=\"yoast-schema-graph\">{\"@context\":\"https:\\\/\\\/schema.org\",\"@graph\":[{\"@type\":\"WebPage\",\"@id\":\"https:\\\/\\\/journalismcourses.org\\\/es\\\/conferencia\\\/programa\\\/\",\"url\":\"https:\\\/\\\/journalismcourses.org\\\/es\\\/conferencia\\\/programa\\\/\",\"name\":\"Programa - Journalism Courses by Knight Center\",\"isPartOf\":{\"@id\":\"https:\\\/\\\/journalismcourses.org\\\/es\\\/#website\"},\"primaryImageOfPage\":{\"@id\":\"https:\\\/\\\/journalismcourses.org\\\/es\\\/conferencia\\\/programa\\\/#primaryimage\"},\"image\":{\"@id\":\"https:\\\/\\\/journalismcourses.org\\\/es\\\/conferencia\\\/programa\\\/#primaryimage\"},\"thumbnailUrl\":\"https:\\\/\\\/dev-journalismcourses.pantheonsite.io\\\/wp-content\\\/uploads\\\/2022\\\/08\\\/UT-Knight-Center-Event-Opening-Slide.ai_-300x169.png\",\"datePublished\":\"2022-09-02T21:55:28+00:00\",\"dateModified\":\"2022-09-12T17:13:40+00:00\",\"breadcrumb\":{\"@id\":\"https:\\\/\\\/journalismcourses.org\\\/es\\\/conferencia\\\/programa\\\/#breadcrumb\"},\"inLanguage\":\"es\",\"potentialAction\":[{\"@type\":\"ReadAction\",\"target\":[\"https:\\\/\\\/journalismcourses.org\\\/es\\\/conferencia\\\/programa\\\/\"]}]},{\"@type\":\"ImageObject\",\"inLanguage\":\"es\",\"@id\":\"https:\\\/\\\/journalismcourses.org\\\/es\\\/conferencia\\\/programa\\\/#primaryimage\",\"url\":\"https:\\\/\\\/dev-journalismcourses.pantheonsite.io\\\/wp-content\\\/uploads\\\/2022\\\/08\\\/UT-Knight-Center-Event-Opening-Slide.ai_-300x169.png\",\"contentUrl\":\"https:\\\/\\\/dev-journalismcourses.pantheonsite.io\\\/wp-content\\\/uploads\\\/2022\\\/08\\\/UT-Knight-Center-Event-Opening-Slide.ai_-300x169.png\"},{\"@type\":\"BreadcrumbList\",\"@id\":\"https:\\\/\\\/journalismcourses.org\\\/es\\\/conferencia\\\/programa\\\/#breadcrumb\",\"itemListElement\":[{\"@type\":\"ListItem\",\"position\":1,\"name\":\"Home\",\"item\":\"https:\\\/\\\/journalismcourses.org\\\/es\\\/\"},{\"@type\":\"ListItem\",\"position\":2,\"name\":\"CONFERENCIA\",\"item\":\"https:\\\/\\\/journalismcourses.org\\\/es\\\/conferencia\\\/\"},{\"@type\":\"ListItem\",\"position\":3,\"name\":\"Programa\"}]},{\"@type\":\"WebSite\",\"@id\":\"https:\\\/\\\/journalismcourses.org\\\/es\\\/#website\",\"url\":\"https:\\\/\\\/journalismcourses.org\\\/es\\\/\",\"name\":\"Journalism Courses by Knight Center\",\"description\":\"Online courses for journalists\",\"potentialAction\":[{\"@type\":\"SearchAction\",\"target\":{\"@type\":\"EntryPoint\",\"urlTemplate\":\"https:\\\/\\\/journalismcourses.org\\\/es\\\/?s={search_term_string}\"},\"query-input\":{\"@type\":\"PropertyValueSpecification\",\"valueRequired\":true,\"valueName\":\"search_term_string\"}}],\"inLanguage\":\"es\"}]}<\/script>\n<!-- \/ Yoast SEO Premium plugin. -->","yoast_head_json":{"title":"Programa - Journalism Courses by Knight Center","robots":{"index":"index","follow":"follow","max-snippet":"max-snippet:-1","max-image-preview":"max-image-preview:large","max-video-preview":"max-video-preview:-1"},"canonical":"https:\/\/journalismcourses.org\/es\/conferencia\/programa\/","og_locale":"es_ES","og_type":"article","og_title":"Programa","og_description":"&nbsp; Viernes, 09 de septiembre de 2022 (*) El programa muestra la hora de Austin, Texas (hora central de EE.UU.). Programa matutino: 9:30 &#8211;\u00a0 9:40: Sesi\u00f3n de apertura (Ve el video) Palabras de bienvenida: Rosental Alves, director del Centro Knight para el Periodismo en las Am\u00e9ricas Juan Manuel Lucero, l\u00edder de Hispanoam\u00e9rica para Google News [&hellip;]","og_url":"https:\/\/journalismcourses.org\/es\/conferencia\/programa\/","og_site_name":"Journalism Courses by Knight Center","article_modified_time":"2022-09-12T17:13:40+00:00","og_image":[{"url":"https:\/\/dev-journalismcourses.pantheonsite.io\/wp-content\/uploads\/2022\/08\/UT-Knight-Center-Event-Opening-Slide.ai_-300x169.png","type":"","width":"","height":""}],"twitter_card":"summary_large_image","twitter_misc":{"Est. reading time":"2 minutos"},"schema":{"@context":"https:\/\/schema.org","@graph":[{"@type":"WebPage","@id":"https:\/\/journalismcourses.org\/es\/conferencia\/programa\/","url":"https:\/\/journalismcourses.org\/es\/conferencia\/programa\/","name":"Programa - Journalism Courses by Knight Center","isPartOf":{"@id":"https:\/\/journalismcourses.org\/es\/#website"},"primaryImageOfPage":{"@id":"https:\/\/journalismcourses.org\/es\/conferencia\/programa\/#primaryimage"},"image":{"@id":"https:\/\/journalismcourses.org\/es\/conferencia\/programa\/#primaryimage"},"thumbnailUrl":"https:\/\/dev-journalismcourses.pantheonsite.io\/wp-content\/uploads\/2022\/08\/UT-Knight-Center-Event-Opening-Slide.ai_-300x169.png","datePublished":"2022-09-02T21:55:28+00:00","dateModified":"2022-09-12T17:13:40+00:00","breadcrumb":{"@id":"https:\/\/journalismcourses.org\/es\/conferencia\/programa\/#breadcrumb"},"inLanguage":"es","potentialAction":[{"@type":"ReadAction","target":["https:\/\/journalismcourses.org\/es\/conferencia\/programa\/"]}]},{"@type":"ImageObject","inLanguage":"es","@id":"https:\/\/journalismcourses.org\/es\/conferencia\/programa\/#primaryimage","url":"https:\/\/dev-journalismcourses.pantheonsite.io\/wp-content\/uploads\/2022\/08\/UT-Knight-Center-Event-Opening-Slide.ai_-300x169.png","contentUrl":"https:\/\/dev-journalismcourses.pantheonsite.io\/wp-content\/uploads\/2022\/08\/UT-Knight-Center-Event-Opening-Slide.ai_-300x169.png"},{"@type":"BreadcrumbList","@id":"https:\/\/journalismcourses.org\/es\/conferencia\/programa\/#breadcrumb","itemListElement":[{"@type":"ListItem","position":1,"name":"Home","item":"https:\/\/journalismcourses.org\/es\/"},{"@type":"ListItem","position":2,"name":"CONFERENCIA","item":"https:\/\/journalismcourses.org\/es\/conferencia\/"},{"@type":"ListItem","position":3,"name":"Programa"}]},{"@type":"WebSite","@id":"https:\/\/journalismcourses.org\/es\/#website","url":"https:\/\/journalismcourses.org\/es\/","name":"Journalism Courses by Knight Center","description":"Online courses for journalists","potentialAction":[{"@type":"SearchAction","target":{"@type":"EntryPoint","urlTemplate":"https:\/\/journalismcourses.org\/es\/?s={search_term_string}"},"query-input":{"@type":"PropertyValueSpecification","valueRequired":true,"valueName":"search_term_string"}}],"inLanguage":"es"}]}},"_links":{"self":[{"href":"https:\/\/journalismcourses.org\/es\/wp-json\/wp\/v2\/pages\/16532","targetHints":{"allow":["GET"]}}],"collection":[{"href":"https:\/\/journalismcourses.org\/es\/wp-json\/wp\/v2\/pages"}],"about":[{"href":"https:\/\/journalismcourses.org\/es\/wp-json\/wp\/v2\/types\/page"}],"author":[{"embeddable":true,"href":"https:\/\/journalismcourses.org\/es\/wp-json\/wp\/v2\/users\/3"}],"replies":[{"embeddable":true,"href":"https:\/\/journalismcourses.org\/es\/wp-json\/wp\/v2\/comments?post=16532"}],"version-history":[{"count":34,"href":"https:\/\/journalismcourses.org\/es\/wp-json\/wp\/v2\/pages\/16532\/revisions"}],"predecessor-version":[{"id":16748,"href":"https:\/\/journalismcourses.org\/es\/wp-json\/wp\/v2\/pages\/16532\/revisions\/16748"}],"up":[{"embeddable":true,"href":"https:\/\/journalismcourses.org\/es\/wp-json\/wp\/v2\/pages\/16358"}],"wp:attachment":[{"href":"https:\/\/journalismcourses.org\/es\/wp-json\/wp\/v2\/media?parent=16532"}],"wp:term":[{"taxonomy":"wf_page_folders","embeddable":true,"href":"https:\/\/journalismcourses.org\/es\/wp-json\/wp\/v2\/wf_page_folders?post=16532"}],"curies":[{"name":"wp","href":"https:\/\/api.w.org\/{rel}","templated":true}]}}