{"id":16358,"date":"2022-08-26T13:31:32","date_gmt":"2022-08-26T18:31:32","guid":{"rendered":"https:\/\/dev-journalismcourses.pantheonsite.io\/?page_id=16358"},"modified":"2022-09-10T15:41:03","modified_gmt":"2022-09-10T20:41:03","slug":"conferencia","status":"publish","type":"page","link":"https:\/\/journalismcourses.org\/es\/conferencia\/","title":{"rendered":"CONFERENCIA"},"content":{"rendered":"<p><img fetchpriority=\"high\" decoding=\"async\" class=\"aligncenter wp-image-16627 size-large\" src=\"https:\/\/dev-journalismcourses.pantheonsite.io\/wp-content\/uploads\/2022\/08\/UT-Knight-Center-Event-Opening-Slide.ai_-1024x576.png\" alt=\"UT Knight Center Conferencia Latinoamericana sobre Diversidad en el Periodismo\" width=\"1024\" height=\"576\" srcset=\"https:\/\/journalismcourses.org\/wp-content\/uploads\/2022\/08\/UT-Knight-Center-Event-Opening-Slide.ai_-1024x576.png 1024w, https:\/\/journalismcourses.org\/wp-content\/uploads\/2022\/08\/UT-Knight-Center-Event-Opening-Slide.ai_-300x169.png 300w, https:\/\/journalismcourses.org\/wp-content\/uploads\/2022\/08\/UT-Knight-Center-Event-Opening-Slide.ai_-768x432.png 768w, https:\/\/journalismcourses.org\/wp-content\/uploads\/2022\/08\/UT-Knight-Center-Event-Opening-Slide.ai_.png 1536w\" sizes=\"(max-width: 1024px) 100vw, 1024px\" \/><\/p>\n<p style=\"text-align: center;\"><a href=\"https:\/\/dev-journalismcourses.pantheonsite.io\/es\/news\/el-centro-knight-anuncia-segunda-conferencia-latinoamericana-sobre-diversidad-en-el-periodismo-como-un-evento-virtual-a-celebrarse-el-9-y-10-de-septiembre\/\"><em>Lea el anuncio de la conferencia<\/em><\/a><\/p>\n<p style=\"text-align: center;\"><strong><a href=\"https:\/\/youtube.com\/playlist?list=PL0tDk-f4v1ujcrOhYu6JYsplesNXK7mf-\">Ver los videos de la conferencia en YouTube<\/a><\/strong><\/p>\n<div class=\"su-row\">\n<div class=\"su-column su-column-size-1-2\"><div class=\"su-column-inner su-u-clearfix su-u-trim\"><div class=\"su-button-center\"><a href=\"https:\/\/dev-journalismcourses.pantheonsite.io\/es\/conferencia\/programa\/\" class=\"su-button su-button-style-default test\" style=\"color:#ffffff;background-color:#676DB8;border-color:#535894;border-radius:5px\" target=\"_self\"><span style=\"color:#ffffff;padding:0px 24px;font-size:18px;line-height:36px;border-color:#9599ce;border-radius:5px;text-shadow:none\"> Programa<\/span><\/a><\/div><\/div><\/div>\n<div class=\"su-column su-column-size-1-2\"><div class=\"su-column-inner su-u-clearfix su-u-trim\"><div class=\"su-button-center\"><a href=\"https:\/\/dev-journalismcourses.pantheonsite.io\/es\/conferencia\/oradores-diversidad\/\" class=\"su-button su-button-style-default test\" style=\"color:#ffffff;background-color:#676DB8;border-color:#535894;border-radius:5px\" target=\"_self\"><span style=\"color:#ffffff;padding:0px 24px;font-size:18px;line-height:36px;border-color:#9599ce;border-radius:5px;text-shadow:none\"> Oradores<\/span><\/a><\/div><\/div><\/div>\n<\/div>\n<h3><\/h3>\n<p><span style=\"font-weight: 400;\">El Centro Knight para el Periodismo en las Am\u00e9ricas te da la m\u00e1s cordial bienvenida a la Segunda Conferencia Latinoamericana sobre Diversidad en el Periodismo, organizada gracias al apoyo de Google News Initiative los d\u00edas 9 y 10 de septiembre de 2022.<\/span><\/p>\n<p><span style=\"font-weight: 400;\">En esta Segunda Conferencia, contaremos tambi\u00e9n con 4 paneles con temas espec\u00edficos:<\/span><\/p>\n<ul>\n<li>Poblaciones Ind\u00edgenas y Afrodescendientes en Latinoam\u00e9rica<\/li>\n<li>Diversidad Sexual<\/li>\n<li>Migraci\u00f3n<\/li>\n<li>Nuevas narrativas, medios e iniciativas que impulsan DEI en el periodismo latinoamericano<\/li>\n<\/ul>\n<p><span style=\"font-weight: 400;\">En 2021, el 26 y 27 de marzo, el Centro Knight realiz\u00f3 la <a href=\"https:\/\/dev-journalismcourses.pantheonsite.io\/conferencia\/\">Primera Conferencia Latinoamericana sobre Diversidad en el Periodismo<\/a>, y a la que se conectaron m\u00e1s de 2 mil periodistas de Latinoam\u00e9rica. <\/span><span style=\"font-weight: 400;\">Dicha conferencia trat\u00f3 el tema de la diversidad en el periodismo latinoamericano a trav\u00e9s de cuatro t\u00f3picos generales: perspectiva, orientaci\u00f3n sexual, asuntos raciales y \u00e9tnicos y discapacidad. <\/span><span style=\"font-weight: 400;\">En la sesi\u00f3n de apertura, hubo dos cortas presentaciones especiales, como referencia general al tema de diversidad. La primera estuvo dedicada a una visi\u00f3n muy especial sobre la diversidad en el periodismo de los Estados Unidos. Y la segunda sobre un programa para promover la diversidad en el periodismo de Brasil.<\/span><\/p>\n","protected":false},"excerpt":{"rendered":"<p>Lea el anuncio de la conferencia Ver los videos de la conferencia en YouTube El Centro Knight para el Periodismo en las Am\u00e9ricas te da la m\u00e1s cordial bienvenida a la Segunda Conferencia Latinoamericana sobre Diversidad en el Periodismo, organizada gracias al apoyo de Google News Initiative los d\u00edas 9 y 10 de septiembre de [&hellip;]<\/p>\n","protected":false},"author":3,"featured_media":0,"parent":0,"menu_order":0,"comment_status":"closed","ping_status":"closed","template":"","meta":{"_acf_changed":false,"productId":0,"courseId":0,"footnotes":""},"wf_page_folders":[],"class_list":["post-16358","page","type-page","status-publish","hentry"],"acf":[],"yoast_head":"<!-- This site is optimized with the Yoast SEO Premium plugin v22.9 (Yoast SEO v27.3) - https:\/\/yoast.com\/product\/yoast-seo-premium-wordpress\/ -->\n<title>CONFERENCIA - Journalism Courses by Knight Center<\/title>\n<meta name=\"robots\" content=\"index, follow, max-snippet:-1, max-image-preview:large, max-video-preview:-1\" \/>\n<link rel=\"canonical\" href=\"https:\/\/journalismcourses.org\/es\/conferencia\/\" \/>\n<meta property=\"og:locale\" content=\"es_ES\" \/>\n<meta property=\"og:type\" content=\"article\" \/>\n<meta property=\"og:title\" content=\"CONFERENCIA\" \/>\n<meta property=\"og:description\" content=\"Lea el anuncio de la conferencia Ver los videos de la conferencia en YouTube El Centro Knight para el Periodismo en las Am\u00e9ricas te da la m\u00e1s cordial bienvenida a la Segunda Conferencia Latinoamericana sobre Diversidad en el Periodismo, organizada gracias al apoyo de Google News Initiative los d\u00edas 9 y 10 de septiembre de [&hellip;]\" \/>\n<meta property=\"og:url\" content=\"https:\/\/journalismcourses.org\/es\/conferencia\/\" \/>\n<meta property=\"og:site_name\" content=\"Journalism Courses by Knight Center\" \/>\n<meta property=\"article:modified_time\" content=\"2022-09-10T20:41:03+00:00\" \/>\n<meta property=\"og:image\" content=\"https:\/\/dev-journalismcourses.pantheonsite.io\/wp-content\/uploads\/2022\/08\/UT-Knight-Center-Event-Opening-Slide.ai_-1024x576.png\" \/>\n<meta name=\"twitter:card\" content=\"summary_large_image\" \/>\n<meta name=\"twitter:label1\" content=\"Est. reading time\" \/>\n\t<meta name=\"twitter:data1\" content=\"1 minuto\" \/>\n<script type=\"application\/ld+json\" class=\"yoast-schema-graph\">{\"@context\":\"https:\\\/\\\/schema.org\",\"@graph\":[{\"@type\":\"WebPage\",\"@id\":\"https:\\\/\\\/journalismcourses.org\\\/es\\\/conferencia\\\/\",\"url\":\"https:\\\/\\\/journalismcourses.org\\\/es\\\/conferencia\\\/\",\"name\":\"CONFERENCIA - Journalism Courses by Knight Center\",\"isPartOf\":{\"@id\":\"https:\\\/\\\/journalismcourses.org\\\/es\\\/#website\"},\"primaryImageOfPage\":{\"@id\":\"https:\\\/\\\/journalismcourses.org\\\/es\\\/conferencia\\\/#primaryimage\"},\"image\":{\"@id\":\"https:\\\/\\\/journalismcourses.org\\\/es\\\/conferencia\\\/#primaryimage\"},\"thumbnailUrl\":\"https:\\\/\\\/dev-journalismcourses.pantheonsite.io\\\/wp-content\\\/uploads\\\/2022\\\/08\\\/UT-Knight-Center-Event-Opening-Slide.ai_-1024x576.png\",\"datePublished\":\"2022-08-26T18:31:32+00:00\",\"dateModified\":\"2022-09-10T20:41:03+00:00\",\"breadcrumb\":{\"@id\":\"https:\\\/\\\/journalismcourses.org\\\/es\\\/conferencia\\\/#breadcrumb\"},\"inLanguage\":\"es\",\"potentialAction\":[{\"@type\":\"ReadAction\",\"target\":[\"https:\\\/\\\/journalismcourses.org\\\/es\\\/conferencia\\\/\"]}]},{\"@type\":\"ImageObject\",\"inLanguage\":\"es\",\"@id\":\"https:\\\/\\\/journalismcourses.org\\\/es\\\/conferencia\\\/#primaryimage\",\"url\":\"https:\\\/\\\/dev-journalismcourses.pantheonsite.io\\\/wp-content\\\/uploads\\\/2022\\\/08\\\/UT-Knight-Center-Event-Opening-Slide.ai_-1024x576.png\",\"contentUrl\":\"https:\\\/\\\/dev-journalismcourses.pantheonsite.io\\\/wp-content\\\/uploads\\\/2022\\\/08\\\/UT-Knight-Center-Event-Opening-Slide.ai_-1024x576.png\"},{\"@type\":\"BreadcrumbList\",\"@id\":\"https:\\\/\\\/journalismcourses.org\\\/es\\\/conferencia\\\/#breadcrumb\",\"itemListElement\":[{\"@type\":\"ListItem\",\"position\":1,\"name\":\"Home\",\"item\":\"https:\\\/\\\/journalismcourses.org\\\/es\\\/\"},{\"@type\":\"ListItem\",\"position\":2,\"name\":\"CONFERENCIA\"}]},{\"@type\":\"WebSite\",\"@id\":\"https:\\\/\\\/journalismcourses.org\\\/es\\\/#website\",\"url\":\"https:\\\/\\\/journalismcourses.org\\\/es\\\/\",\"name\":\"Journalism Courses by Knight Center\",\"description\":\"Online courses for journalists\",\"potentialAction\":[{\"@type\":\"SearchAction\",\"target\":{\"@type\":\"EntryPoint\",\"urlTemplate\":\"https:\\\/\\\/journalismcourses.org\\\/es\\\/?s={search_term_string}\"},\"query-input\":{\"@type\":\"PropertyValueSpecification\",\"valueRequired\":true,\"valueName\":\"search_term_string\"}}],\"inLanguage\":\"es\"}]}<\/script>\n<!-- \/ Yoast SEO Premium plugin. -->","yoast_head_json":{"title":"CONFERENCIA - Journalism Courses by Knight Center","robots":{"index":"index","follow":"follow","max-snippet":"max-snippet:-1","max-image-preview":"max-image-preview:large","max-video-preview":"max-video-preview:-1"},"canonical":"https:\/\/journalismcourses.org\/es\/conferencia\/","og_locale":"es_ES","og_type":"article","og_title":"CONFERENCIA","og_description":"Lea el anuncio de la conferencia Ver los videos de la conferencia en YouTube El Centro Knight para el Periodismo en las Am\u00e9ricas te da la m\u00e1s cordial bienvenida a la Segunda Conferencia Latinoamericana sobre Diversidad en el Periodismo, organizada gracias al apoyo de Google News Initiative los d\u00edas 9 y 10 de septiembre de [&hellip;]","og_url":"https:\/\/journalismcourses.org\/es\/conferencia\/","og_site_name":"Journalism Courses by Knight Center","article_modified_time":"2022-09-10T20:41:03+00:00","og_image":[{"url":"https:\/\/dev-journalismcourses.pantheonsite.io\/wp-content\/uploads\/2022\/08\/UT-Knight-Center-Event-Opening-Slide.ai_-1024x576.png","type":"","width":"","height":""}],"twitter_card":"summary_large_image","twitter_misc":{"Est. reading time":"1 minuto"},"schema":{"@context":"https:\/\/schema.org","@graph":[{"@type":"WebPage","@id":"https:\/\/journalismcourses.org\/es\/conferencia\/","url":"https:\/\/journalismcourses.org\/es\/conferencia\/","name":"CONFERENCIA - Journalism Courses by Knight Center","isPartOf":{"@id":"https:\/\/journalismcourses.org\/es\/#website"},"primaryImageOfPage":{"@id":"https:\/\/journalismcourses.org\/es\/conferencia\/#primaryimage"},"image":{"@id":"https:\/\/journalismcourses.org\/es\/conferencia\/#primaryimage"},"thumbnailUrl":"https:\/\/dev-journalismcourses.pantheonsite.io\/wp-content\/uploads\/2022\/08\/UT-Knight-Center-Event-Opening-Slide.ai_-1024x576.png","datePublished":"2022-08-26T18:31:32+00:00","dateModified":"2022-09-10T20:41:03+00:00","breadcrumb":{"@id":"https:\/\/journalismcourses.org\/es\/conferencia\/#breadcrumb"},"inLanguage":"es","potentialAction":[{"@type":"ReadAction","target":["https:\/\/journalismcourses.org\/es\/conferencia\/"]}]},{"@type":"ImageObject","inLanguage":"es","@id":"https:\/\/journalismcourses.org\/es\/conferencia\/#primaryimage","url":"https:\/\/dev-journalismcourses.pantheonsite.io\/wp-content\/uploads\/2022\/08\/UT-Knight-Center-Event-Opening-Slide.ai_-1024x576.png","contentUrl":"https:\/\/dev-journalismcourses.pantheonsite.io\/wp-content\/uploads\/2022\/08\/UT-Knight-Center-Event-Opening-Slide.ai_-1024x576.png"},{"@type":"BreadcrumbList","@id":"https:\/\/journalismcourses.org\/es\/conferencia\/#breadcrumb","itemListElement":[{"@type":"ListItem","position":1,"name":"Home","item":"https:\/\/journalismcourses.org\/es\/"},{"@type":"ListItem","position":2,"name":"CONFERENCIA"}]},{"@type":"WebSite","@id":"https:\/\/journalismcourses.org\/es\/#website","url":"https:\/\/journalismcourses.org\/es\/","name":"Journalism Courses by Knight Center","description":"Online courses for journalists","potentialAction":[{"@type":"SearchAction","target":{"@type":"EntryPoint","urlTemplate":"https:\/\/journalismcourses.org\/es\/?s={search_term_string}"},"query-input":{"@type":"PropertyValueSpecification","valueRequired":true,"valueName":"search_term_string"}}],"inLanguage":"es"}]}},"_links":{"self":[{"href":"https:\/\/journalismcourses.org\/es\/wp-json\/wp\/v2\/pages\/16358","targetHints":{"allow":["GET"]}}],"collection":[{"href":"https:\/\/journalismcourses.org\/es\/wp-json\/wp\/v2\/pages"}],"about":[{"href":"https:\/\/journalismcourses.org\/es\/wp-json\/wp\/v2\/types\/page"}],"author":[{"embeddable":true,"href":"https:\/\/journalismcourses.org\/es\/wp-json\/wp\/v2\/users\/3"}],"replies":[{"embeddable":true,"href":"https:\/\/journalismcourses.org\/es\/wp-json\/wp\/v2\/comments?post=16358"}],"version-history":[{"count":20,"href":"https:\/\/journalismcourses.org\/es\/wp-json\/wp\/v2\/pages\/16358\/revisions"}],"predecessor-version":[{"id":16719,"href":"https:\/\/journalismcourses.org\/es\/wp-json\/wp\/v2\/pages\/16358\/revisions\/16719"}],"wp:attachment":[{"href":"https:\/\/journalismcourses.org\/es\/wp-json\/wp\/v2\/media?parent=16358"}],"wp:term":[{"taxonomy":"wf_page_folders","embeddable":true,"href":"https:\/\/journalismcourses.org\/es\/wp-json\/wp\/v2\/wf_page_folders?post=16358"}],"curies":[{"name":"wp","href":"https:\/\/api.w.org\/{rel}","templated":true}]}}