{"id":14493,"date":"2022-02-14T13:54:00","date_gmt":"2022-02-14T19:54:00","guid":{"rendered":"https:\/\/dev-journalismcourses.pantheonsite.io\/?page_id=14493"},"modified":"2022-05-04T12:40:51","modified_gmt":"2022-05-04T17:40:51","slug":"informes-covid-19-desde-sur-global","status":"publish","type":"page","link":"https:\/\/journalismcourses.org\/es\/informes-covid-19-desde-sur-global\/","title":{"rendered":"Informes sobre el COVID-19 desde el Sur Global"},"content":{"rendered":"<p style=\"text-align: left;\"><span style=\"font-weight: 400;\">El programa Journalism Courses del Centro Knight para el Periodismo en las Am\u00e9ricas public\u00f3 una serie de informes escritos por periodistas de ciencia y salud que han compartido mejores pr\u00e1cticas e ideas sobre la cobertura de COVID-19 en cinco diferentes regiones del Sur Global: Am\u00e9rica Latina y el Caribe, los Pa\u00edses \u00c1rabes, \u00c1frica Occidental, \u00c1frica Oriental y \u00c1frica del Sur.<\/span><\/p>\n<p style=\"text-align: left;\"><span style=\"font-weight: 400;\">Los informes, disponibles en varios idiomas, tienen por objetivo ayudar a periodistas (particularmente a aquellos que son nuevos cubriendo salud y ciencia) a navegar en los \u00faltimos desaf\u00edos al cubrir la pandemia, entre ellos el de combatir la desinformaci\u00f3n.<\/span><\/p>\n<p style=\"text-align: left;\"><span style=\"font-weight: 400;\">Los informes han sido publicados como parte de una iniciativa del Centro Knight en alianza con la UNESCO y financiados por la Organizaci\u00f3n Mundial de la Salud.<\/span><\/p>\n<p><img fetchpriority=\"high\" decoding=\"async\" class=\"aligncenter wp-image-13285 size-full\" src=\"https:\/\/dev-journalismcourses.pantheonsite.io\/wp-content\/uploads\/2021\/12\/Covering-Covid-2-e1643223497478.png\" alt=\"Covering COVID-19 in the Global South\" width=\"507\" height=\"369\" \/><\/p>\n<p><strong>Art\u00edculo de presentaci\u00f3n<\/strong><\/p>\n<ul>\n<li><a href=\"https:\/\/dev-journalismcourses.pantheonsite.io\/news\/science-journalists-from-the-global-south-offer-tips-to-improve-the-coverage-of-covid-19-and-fight-misinformation\/\">Science journalists from the Global South offer tips to improve the coverage of COVID-19 and fight misinformation<\/a>\u00a0<span style=\"color: #333333; font-size: 11pt;\">(Mallary Tenore | ingl\u00e9s)<\/span><\/li>\n<\/ul>\n<ul>\n<li><a href=\"https:\/\/dev-journalismcourses.pantheonsite.io\/es\/news\/periodistas-cientificos-del-sur-global-ofrecen-consejos-para-mejorar-la-cobertura-sobre-covid-19-y-combatir-la-desinformacion\/\">Periodistas cient\u00edficos del Sur Global ofrecen consejos para mejorar la cobertura sobre COVID-19 y combatir la desinformaci\u00f3n<\/a><span style=\"color: #333333;\">\u00a0<span style=\"font-size: 11pt;\">(Mallary Tenore | <span style=\"font-size: 11pt; color: #333333;\">espa\u00f1ol<\/span>)<\/span><\/span><\/li>\n<li>\n<p class=\"single-title\"><a href=\"https:\/\/dev-journalismcourses.pantheonsite.io\/pt-br\/news\/jornalistas-cientificos-do-sul-global-oferecem-dicas-para-melhorar-a-cobertura-da-covid-19-e-combater-a-desinformacao\/\">Jornalistas cient\u00edficos do Sul global oferecem dicas para melhorar a cobertura da COVID-19 e combater a desinforma\u00e7\u00e3o<\/a> <span style=\"color: #333333; font-size: 11pt;\">(Mallary Tenore | portugu\u00e9s)<\/span><\/p>\n<\/li>\n<li>\n<p class=\"single-title\"><a href=\"https:\/\/dev-journalismcourses.pantheonsite.io\/news\/des-journalistes-du-sud-partagent-leurs-conseils-pour-mieux-couvrir-le-covid-19-et-combattre-la-desinformation\/\">Des journalistes du Sud partagent leurs conseils pour mieux couvrir le COVID-19 et combattre la d\u00e9sinformation<\/a><span style=\"color: #333333; font-size: 11pt;\"> (Mallary Tenore | franc\u00e9s)<\/span><\/p>\n<\/li>\n<li>\n<p class=\"single-title\"><a href=\"https:\/\/dev-journalismcourses.pantheonsite.io\/news\/covid-briefing-overview-arabic\/\">\u0635\u062d\u0641\u064a\u0648 \u0627\u0644\u0639\u0644\u0648\u0645 \u0645\u0646 \u062c\u0646\u0648\u0628 \u0627\u0644\u0639\u0627\u0644\u0645 \u064a\u0642\u062f\u0645\u0648\u0646 \u0646\u0635\u0627\u0626\u062d \u0639\u0645\u0644\u064a\u0629 \u0644\u062a\u063a\u0637\u064a\u0629 \u0643\u0648\u0641\u064a\u062f-19 \u0648\u0645\u0643\u0627\u0641\u062d\u0629 \u0627\u0644\u0645\u0639\u0644\u0648\u0645\u0627\u062a \u0627\u0644\u0645\u0636\u0644\u0644\u0629<\/a> <span style=\"color: #333333; font-size: 11pt;\">(Mallary Tenore | \u00e1rabe)<\/span><\/p>\n<\/li>\n<\/ul>\n<p><strong>Am\u00e9rica Latina y el Caribe<\/strong><\/p>\n<ul>\n<li>\n<p class=\"single-title\"><a href=\"https:\/\/dev-journalismcourses.pantheonsite.io\/news\/how-journalists-can-avoid-the-hype-when-covering-covid-19-developments-in-latin-america\/\">How journalists can avoid &#8216;the hype&#8217; when covering COVID-19 developments in Latin America<\/a><span style=\"color: #333333; font-size: 11pt;\"> (Federico Kukso | ingl\u00e9s)<\/span><\/p>\n<\/li>\n<li>\n<p class=\"single-title\"><a href=\"https:\/\/dev-journalismcourses.pantheonsite.io\/es\/news\/como-los-periodistas-pueden-evitar-el-hype-al-cubrir-los-desarrollos-de-covid-19-en-america-latina\/\">C\u00f3mo los periodistas pueden evitar &#8216;el hype&#8217; al cubrir los desarrollos de COVID-19 en Am\u00e9rica Latina<\/a> <span style=\"color: #333333; font-size: 11pt;\">(Federico Kukso | <span style=\"color: #333333;\"><span style=\"font-size: 11pt;\">espa\u00f1ol<\/span><\/span>)<\/span><\/p>\n<\/li>\n<li>\n<p class=\"single-title\"><a href=\"https:\/\/dev-journalismcourses.pantheonsite.io\/pt-br\/news\/como-jornalistas-podem-evitar-o-hype-na-cobertura-da-covid-19-na-america-latina\/\">Como jornalistas podem evitar o &#8216;hype&#8217; na cobertura da COVID-19 na Am\u00e9rica Latina<\/a><span style=\"color: #333333; font-size: 11pt;\"> (Federico Kukso | portugu\u00e9s)<\/span><\/p>\n<\/li>\n<\/ul>\n<p><strong>\u00c1frica Oriental<\/strong><\/p>\n<ul>\n<li><a href=\"https:\/\/dev-journalismcourses.pantheonsite.io\/news\/reporting-on-vaccination-developments-and-low-vaccination-rates-in-eastern-africa\/\">Reporting on vaccination developments and low vaccination rates in Eastern Africa<\/a><span style=\"font-size: 11pt;\"> (Rosalia Omungo | ingl\u00e9s)<\/span><\/li>\n<li>\n<p class=\"single-title\"><a href=\"https:\/\/dev-journalismcourses.pantheonsite.io\/es\/news\/cubrir-los-desarrollos-en-vacunacion-y-la-baja-tasa-de-inmunizacion-en-africa-oriental\/\">C\u00f3mo cubrir los desarrollos en vacunaci\u00f3n y la baja tasa de inmunizaci\u00f3n en \u00c1frica Oriental<\/a> <span style=\"font-size: 11pt; color: #333333;\">(Rosalia Omungo | <span style=\"color: #333333;\"><span style=\"font-size: 11pt;\">espa\u00f1ol<\/span><\/span>)<\/span><\/p>\n<\/li>\n<li>\n<p class=\"single-title\"><a href=\"https:\/\/test-journalismcourses.pantheonsite.io\/pt-br\/news\/como-fazer-reportagens-sobre-evolucao-da-imunizacao-e-baixas-taxas-de-vacinacao-na-africa-oriental\/\">Reportando sobre evolu\u00e7\u00e3o da imuniza\u00e7\u00e3o e baixas taxas de vacina\u00e7\u00e3o na \u00c1frica Oriental<\/a> <span style=\"font-size: 11pt; color: #333333;\">(Rosalia Omungo | portugu\u00e9s)<\/span><\/p>\n<\/li>\n<\/ul>\n<p class=\"single-title\"><strong>\u00c1frica del Norte y Medio Oriente<\/strong><\/p>\n<ul>\n<li>\n<p class=\"single-title\"><a href=\"https:\/\/dev-journalismcourses.pantheonsite.io\/news\/tips-for-covering-covid-19-developments-in-north-africa-and-the-middle-east\/\">Tips for covering COVID-19 developments in North Africa and the Middle East<\/a><span style=\"font-size: 11pt; color: #333333;\"> (Khalid Bencherif | ingl\u00e9s)<\/span><\/p>\n<\/li>\n<li>\n<p class=\"single-title\"><a href=\"https:\/\/dev-journalismcourses.pantheonsite.io\/news\/arabic-covid-19-briefing\/\">\u0625\u0631\u0634\u0627\u062f\u0627\u062a \u0645\u0647\u0645\u0629 \u0644\u062a\u063a\u0637\u064a\u0629 \u062a\u0637\u0648\u0631\u0627\u062a \u062c\u0627\u0626\u062d\u0629 \u0643\u0648\u0631\u0648\u0646\u0627 \u0641\u064a \u0634\u0645\u0627\u0644 \u0625\u0641\u0631\u064a\u0642\u064a\u0627 \u0648\u0627\u0644\u0634\u0631\u0642 \u0627\u0644\u0623\u0648\u0633\u0637<\/a><span style=\"font-size: 11pt; color: #333333;\"> (Khalid Bencherif | \u00e1rabe)<\/span><\/p>\n<\/li>\n<li><a href=\"https:\/\/dev-journalismcourses.pantheonsite.io\/news\/conseils-pour-couvrir-les-developpements-de-covid-19-en-afrique-du-nord-et-au-moyen-orient\/\">Conseils pour couvrir les d\u00e9veloppements de COVID-19 en Afrique du Nord et au Moyen-Orient<\/a><span style=\"font-size: 11pt; color: #333333;\"> (Khalid Bencherif | franc\u00e9s)<\/span><\/li>\n<li>\n<p class=\"single-title\"><a href=\"https:\/\/dev-journalismcourses.pantheonsite.io\/es\/news\/consejos-para-cubrir-los-desarrollos-de-covid-19-en-el-norte-de-africa-y-medio-oriente\/\">Consejos para cubrir los desarrollos de COVID-19 en el Norte de \u00c1frica y Medio Oriente<\/a> <span style=\"font-size: 11pt; color: #333333;\">(Khalid Bencherif | <span style=\"color: #333333;\"><span style=\"font-size: 11pt;\">espa\u00f1ol<\/span><\/span>)<\/span><\/p>\n<\/li>\n<li>\n<p class=\"single-title\"><a href=\"https:\/\/dev-journalismcourses.pantheonsite.io\/pt-br\/news\/dicas-para-cobrir-a-covid-19-no-norte-da-africa-e-no-oriente-medio\/\">Dicas para cobrir a COVID-19 no Norte da \u00c1frica e no Oriente M\u00e9dio<\/a> <span style=\"font-size: 11pt; color: #333333;\">(Khalid Bencherif | portugu\u00e9s)<\/span><\/p>\n<\/li>\n<\/ul>\n<p><strong>\u00c1frica del Sur<\/strong><\/p>\n<ul>\n<li><a href=\"https:\/\/dev-journalismcourses.pantheonsite.io\/news\/need-and-greed-reporting-on-covid-19-in-southern-africa\/\">Need and greed: Reporting on COVID-19 in Southern Africa<\/a><span style=\"color: #333333; font-size: 11pt;\"> (Mandi Smallhorne | ingl\u00e9s)<\/span><\/li>\n<li>\n<p class=\"single-title\"><a href=\"https:\/\/dev-journalismcourses.pantheonsite.io\/news\/le-besoin-et-la-cupidite-rapport-sur-le-covid-19-en-afrique-austral\/\">Le besoin et la cupidit\u00e9: Rapport sur le COVID-19 en Afrique austral<\/a> <span style=\"color: #333333; font-size: 11pt;\">(Mandi Smallhorne | franc\u00e9s)<\/span><\/p>\n<\/li>\n<li>\n<p class=\"single-title\"><a href=\"https:\/\/www.journalismcourses.org\/es\/news\/need-and-greed-reporting-on-covid-19-in-southern-africa\/\">Necesidad y codicia: informes especiales sobre COVID-19 en \u00c1frica del Sur<\/a> <span style=\"color: #333333; font-size: 11pt;\">(Mandi Smallhorne | <span style=\"color: #333333;\"><span style=\"font-size: 11pt;\">espa\u00f1ol<\/span><\/span>)<\/span><\/p>\n<\/li>\n<li>\n<p class=\"single-title\"><a href=\"https:\/\/dev-journalismcourses.pantheonsite.io\/pt-br\/news\/necessidade-e-ganancia-cobrindo-a-covid-19-no-sul-da-africa\/\">Necessidade e gan\u00e2ncia: Cobrindo a COVID-19 no Sul da \u00c1frica<\/a><span style=\"color: #333333; font-size: 11pt;\"> (Mandi Smallhorne | portugu\u00e9s)<\/span><\/p>\n<\/li>\n<\/ul>\n<p><strong>\u00c1frica Occidental<\/strong><\/p>\n<ul>\n<li>\n<p class=\"single-title\"><a href=\"https:\/\/dev-journalismcourses.pantheonsite.io\/news\/pitfalls-to-avoid-when-covering-covid-19-press-conferences-in-west-africa\/\">Pitfalls to avoid when covering COVID-19 press conferences in West Africa<\/a> <span style=\"font-size: 11pt; color: #333333;\">(Kossi Balao | ingl\u00e9s)<\/span><\/p>\n<\/li>\n<li>\n<p class=\"single-title\"><a href=\"https:\/\/dev-journalismcourses.pantheonsite.io\/news\/les-pieges-a-eviter-lors-dune-conference-de-presse-sur-le-covid-19\/\">Les pi\u00e8ges \u00e0 \u00e9viter lors d\u2019une conf\u00e9rence de presse sur le COVID-19<\/a> <span style=\"font-size: 11pt; color: #333333;\">(Kossi Balao | franc\u00e9s)<\/span><\/p>\n<\/li>\n<li>\n<p class=\"single-title\"><a href=\"https:\/\/dev-journalismcourses.pantheonsite.io\/es\/news\/como-evitar-errores-al-cubrir-ruedas-de-prensa-sobre-covid-19-en-africa-occidental\/\">C\u00f3mo evitar errores al cubrir ruedas de prensa sobre COVID-19 en \u00c1frica Occidental<\/a> <span style=\"font-size: 11pt; color: #333333;\">(Kossi Balao | <span style=\"color: #333333;\"><span style=\"font-size: 11pt;\">espa\u00f1ol<\/span><\/span>)<\/span><\/p>\n<\/li>\n<li>\n<p class=\"single-title\"><a href=\"https:\/\/dev-journalismcourses.pantheonsite.io\/pt-br\/news\/como-evitar-erros-ao-cobrir-covid-africa-ocidental\/\">Como evitar erros ao cobrir coletivas de imprensa sobre COVID-19 na \u00c1frica Ocidental<\/a> <span style=\"font-size: 11pt; color: #333333;\">(Kossi Balao | portugu\u00e9s)<\/span><\/p>\n<\/li>\n<\/ul>\n","protected":false},"excerpt":{"rendered":"<p>El programa Journalism Courses del Centro Knight para el Periodismo en las Am\u00e9ricas public\u00f3 una serie de informes escritos por periodistas de ciencia y salud que han compartido mejores pr\u00e1cticas e ideas sobre la cobertura de COVID-19 en cinco diferentes regiones del Sur Global: Am\u00e9rica Latina y el Caribe, los Pa\u00edses \u00c1rabes, \u00c1frica Occidental, \u00c1frica [&hellip;]<\/p>\n","protected":false},"author":3,"featured_media":0,"parent":0,"menu_order":0,"comment_status":"closed","ping_status":"closed","template":"","meta":{"_acf_changed":false,"productId":0,"courseId":0,"footnotes":""},"wf_page_folders":[],"class_list":["post-14493","page","type-page","status-publish","hentry"],"acf":[],"yoast_head":"<!-- This site is optimized with the Yoast SEO Premium plugin v22.9 (Yoast SEO v27.2) - https:\/\/yoast.com\/product\/yoast-seo-premium-wordpress\/ -->\n<title>Informes sobre el COVID-19 desde el Sur Global - Journalism Courses by Knight Center<\/title>\n<meta name=\"robots\" content=\"index, follow, max-snippet:-1, max-image-preview:large, max-video-preview:-1\" \/>\n<link rel=\"canonical\" href=\"https:\/\/journalismcourses.org\/es\/informes-covid-19-desde-sur-global\/\" \/>\n<meta property=\"og:locale\" content=\"es_ES\" \/>\n<meta property=\"og:type\" content=\"article\" \/>\n<meta property=\"og:title\" content=\"Informes sobre el COVID-19 desde el Sur Global\" \/>\n<meta property=\"og:description\" content=\"El programa Journalism Courses del Centro Knight para el Periodismo en las Am\u00e9ricas public\u00f3 una serie de informes escritos por periodistas de ciencia y salud que han compartido mejores pr\u00e1cticas e ideas sobre la cobertura de COVID-19 en cinco diferentes regiones del Sur Global: Am\u00e9rica Latina y el Caribe, los Pa\u00edses \u00c1rabes, \u00c1frica Occidental, \u00c1frica [&hellip;]\" \/>\n<meta property=\"og:url\" content=\"https:\/\/journalismcourses.org\/es\/informes-covid-19-desde-sur-global\/\" \/>\n<meta property=\"og:site_name\" content=\"Journalism Courses by Knight Center\" \/>\n<meta property=\"article:modified_time\" content=\"2022-05-04T17:40:51+00:00\" \/>\n<meta property=\"og:image\" content=\"https:\/\/dev-journalismcourses.pantheonsite.io\/wp-content\/uploads\/2021\/12\/Covering-Covid-2-e1643223497478.png\" \/>\n<meta name=\"twitter:card\" content=\"summary_large_image\" \/>\n<meta name=\"twitter:label1\" content=\"Est. reading time\" \/>\n\t<meta name=\"twitter:data1\" content=\"3 minutos\" \/>\n<script type=\"application\/ld+json\" class=\"yoast-schema-graph\">{\"@context\":\"https:\/\/schema.org\",\"@graph\":[{\"@type\":\"WebPage\",\"@id\":\"https:\/\/journalismcourses.org\/es\/informes-covid-19-desde-sur-global\/\",\"url\":\"https:\/\/journalismcourses.org\/es\/informes-covid-19-desde-sur-global\/\",\"name\":\"Informes sobre el COVID-19 desde el Sur Global - Journalism Courses by Knight Center\",\"isPartOf\":{\"@id\":\"https:\/\/journalismcourses.org\/es\/#website\"},\"primaryImageOfPage\":{\"@id\":\"https:\/\/journalismcourses.org\/es\/informes-covid-19-desde-sur-global\/#primaryimage\"},\"image\":{\"@id\":\"https:\/\/journalismcourses.org\/es\/informes-covid-19-desde-sur-global\/#primaryimage\"},\"thumbnailUrl\":\"https:\/\/dev-journalismcourses.pantheonsite.io\/wp-content\/uploads\/2021\/12\/Covering-Covid-2-e1643223497478.png\",\"datePublished\":\"2022-02-14T19:54:00+00:00\",\"dateModified\":\"2022-05-04T17:40:51+00:00\",\"breadcrumb\":{\"@id\":\"https:\/\/journalismcourses.org\/es\/informes-covid-19-desde-sur-global\/#breadcrumb\"},\"inLanguage\":\"es\",\"potentialAction\":[{\"@type\":\"ReadAction\",\"target\":[\"https:\/\/journalismcourses.org\/es\/informes-covid-19-desde-sur-global\/\"]}]},{\"@type\":\"ImageObject\",\"inLanguage\":\"es\",\"@id\":\"https:\/\/journalismcourses.org\/es\/informes-covid-19-desde-sur-global\/#primaryimage\",\"url\":\"https:\/\/dev-journalismcourses.pantheonsite.io\/wp-content\/uploads\/2021\/12\/Covering-Covid-2-e1643223497478.png\",\"contentUrl\":\"https:\/\/dev-journalismcourses.pantheonsite.io\/wp-content\/uploads\/2021\/12\/Covering-Covid-2-e1643223497478.png\"},{\"@type\":\"BreadcrumbList\",\"@id\":\"https:\/\/journalismcourses.org\/es\/informes-covid-19-desde-sur-global\/#breadcrumb\",\"itemListElement\":[{\"@type\":\"ListItem\",\"position\":1,\"name\":\"Home\",\"item\":\"https:\/\/journalismcourses.org\/es\/\"},{\"@type\":\"ListItem\",\"position\":2,\"name\":\"Informes sobre el COVID-19 desde el Sur Global\"}]},{\"@type\":\"WebSite\",\"@id\":\"https:\/\/journalismcourses.org\/es\/#website\",\"url\":\"https:\/\/journalismcourses.org\/es\/\",\"name\":\"Journalism Courses by Knight Center\",\"description\":\"Online courses for journalists\",\"potentialAction\":[{\"@type\":\"SearchAction\",\"target\":{\"@type\":\"EntryPoint\",\"urlTemplate\":\"https:\/\/journalismcourses.org\/es\/?s={search_term_string}\"},\"query-input\":{\"@type\":\"PropertyValueSpecification\",\"valueRequired\":true,\"valueName\":\"search_term_string\"}}],\"inLanguage\":\"es\"}]}<\/script>\n<!-- \/ Yoast SEO Premium plugin. -->","yoast_head_json":{"title":"Informes sobre el COVID-19 desde el Sur Global - Journalism Courses by Knight Center","robots":{"index":"index","follow":"follow","max-snippet":"max-snippet:-1","max-image-preview":"max-image-preview:large","max-video-preview":"max-video-preview:-1"},"canonical":"https:\/\/journalismcourses.org\/es\/informes-covid-19-desde-sur-global\/","og_locale":"es_ES","og_type":"article","og_title":"Informes sobre el COVID-19 desde el Sur Global","og_description":"El programa Journalism Courses del Centro Knight para el Periodismo en las Am\u00e9ricas public\u00f3 una serie de informes escritos por periodistas de ciencia y salud que han compartido mejores pr\u00e1cticas e ideas sobre la cobertura de COVID-19 en cinco diferentes regiones del Sur Global: Am\u00e9rica Latina y el Caribe, los Pa\u00edses \u00c1rabes, \u00c1frica Occidental, \u00c1frica [&hellip;]","og_url":"https:\/\/journalismcourses.org\/es\/informes-covid-19-desde-sur-global\/","og_site_name":"Journalism Courses by Knight Center","article_modified_time":"2022-05-04T17:40:51+00:00","og_image":[{"url":"https:\/\/dev-journalismcourses.pantheonsite.io\/wp-content\/uploads\/2021\/12\/Covering-Covid-2-e1643223497478.png","type":"","width":"","height":""}],"twitter_card":"summary_large_image","twitter_misc":{"Est. reading time":"3 minutos"},"schema":{"@context":"https:\/\/schema.org","@graph":[{"@type":"WebPage","@id":"https:\/\/journalismcourses.org\/es\/informes-covid-19-desde-sur-global\/","url":"https:\/\/journalismcourses.org\/es\/informes-covid-19-desde-sur-global\/","name":"Informes sobre el COVID-19 desde el Sur Global - Journalism Courses by Knight Center","isPartOf":{"@id":"https:\/\/journalismcourses.org\/es\/#website"},"primaryImageOfPage":{"@id":"https:\/\/journalismcourses.org\/es\/informes-covid-19-desde-sur-global\/#primaryimage"},"image":{"@id":"https:\/\/journalismcourses.org\/es\/informes-covid-19-desde-sur-global\/#primaryimage"},"thumbnailUrl":"https:\/\/dev-journalismcourses.pantheonsite.io\/wp-content\/uploads\/2021\/12\/Covering-Covid-2-e1643223497478.png","datePublished":"2022-02-14T19:54:00+00:00","dateModified":"2022-05-04T17:40:51+00:00","breadcrumb":{"@id":"https:\/\/journalismcourses.org\/es\/informes-covid-19-desde-sur-global\/#breadcrumb"},"inLanguage":"es","potentialAction":[{"@type":"ReadAction","target":["https:\/\/journalismcourses.org\/es\/informes-covid-19-desde-sur-global\/"]}]},{"@type":"ImageObject","inLanguage":"es","@id":"https:\/\/journalismcourses.org\/es\/informes-covid-19-desde-sur-global\/#primaryimage","url":"https:\/\/dev-journalismcourses.pantheonsite.io\/wp-content\/uploads\/2021\/12\/Covering-Covid-2-e1643223497478.png","contentUrl":"https:\/\/dev-journalismcourses.pantheonsite.io\/wp-content\/uploads\/2021\/12\/Covering-Covid-2-e1643223497478.png"},{"@type":"BreadcrumbList","@id":"https:\/\/journalismcourses.org\/es\/informes-covid-19-desde-sur-global\/#breadcrumb","itemListElement":[{"@type":"ListItem","position":1,"name":"Home","item":"https:\/\/journalismcourses.org\/es\/"},{"@type":"ListItem","position":2,"name":"Informes sobre el COVID-19 desde el Sur Global"}]},{"@type":"WebSite","@id":"https:\/\/journalismcourses.org\/es\/#website","url":"https:\/\/journalismcourses.org\/es\/","name":"Journalism Courses by Knight Center","description":"Online courses for journalists","potentialAction":[{"@type":"SearchAction","target":{"@type":"EntryPoint","urlTemplate":"https:\/\/journalismcourses.org\/es\/?s={search_term_string}"},"query-input":{"@type":"PropertyValueSpecification","valueRequired":true,"valueName":"search_term_string"}}],"inLanguage":"es"}]}},"_links":{"self":[{"href":"https:\/\/journalismcourses.org\/es\/wp-json\/wp\/v2\/pages\/14493","targetHints":{"allow":["GET"]}}],"collection":[{"href":"https:\/\/journalismcourses.org\/es\/wp-json\/wp\/v2\/pages"}],"about":[{"href":"https:\/\/journalismcourses.org\/es\/wp-json\/wp\/v2\/types\/page"}],"author":[{"embeddable":true,"href":"https:\/\/journalismcourses.org\/es\/wp-json\/wp\/v2\/users\/3"}],"replies":[{"embeddable":true,"href":"https:\/\/journalismcourses.org\/es\/wp-json\/wp\/v2\/comments?post=14493"}],"version-history":[{"count":5,"href":"https:\/\/journalismcourses.org\/es\/wp-json\/wp\/v2\/pages\/14493\/revisions"}],"predecessor-version":[{"id":15197,"href":"https:\/\/journalismcourses.org\/es\/wp-json\/wp\/v2\/pages\/14493\/revisions\/15197"}],"wp:attachment":[{"href":"https:\/\/journalismcourses.org\/es\/wp-json\/wp\/v2\/media?parent=14493"}],"wp:term":[{"taxonomy":"wf_page_folders","embeddable":true,"href":"https:\/\/journalismcourses.org\/es\/wp-json\/wp\/v2\/wf_page_folders?post=14493"}],"curies":[{"name":"wp","href":"https:\/\/api.w.org\/{rel}","templated":true}]}}