{"id":14356,"date":"2022-02-14T11:58:03","date_gmt":"2022-02-14T17:58:03","guid":{"rendered":"https:\/\/dev-journalismcourses.pantheonsite.io\/?page_id=14356"},"modified":"2022-05-20T11:36:07","modified_gmt":"2022-05-20T16:36:07","slug":"cursos-recursos-covid-19","status":"publish","type":"page","link":"https:\/\/journalismcourses.org\/es\/cursos-recursos-covid-19\/","title":{"rendered":"Cursos y Recursos sobre COVID-19"},"content":{"rendered":"<p style=\"text-align: center;\"><span style=\"font-weight: 400;\">Bienvenido a nuestra secci\u00f3n especial para ayudar a periodistas de todo el mundo a mejorar su cobertura de la pandemia de COVID-19. Aqu\u00ed puede encontrar una variedad de recursos, incluidos informes regionales, cursos en l\u00ednea autodirigidos y grabaciones de seminarios web en varios idiomas. Este hub en l\u00ednea de cursos y recursos es parte de un esfuerzo para ayudar a los periodistas que comenz\u00f3 en 2020, inmediatamente despu\u00e9s de la declaraci\u00f3n de la pandemia. El programa de Journalism Courses del Centro Knight ha trabajado con agencias de la ONU, espec\u00edficamente la UNESCO, el Programa de las Naciones Unidas para el Desarrollo y la Organizaci\u00f3n Mundial de la Salud, para producir recursos sobre el COVID-19 para periodistas, incluidos cursos masivos abiertos en l\u00ednea, cursos autodirigidos y seminarios web en varios idiomas. El programa ya ha beneficiado a miles de periodistas en todo el mundo.<\/span><\/p>\n<p style=\"text-align: center;\"><strong>Este es un espacio multiling\u00fce, por lo tanto, en la secci\u00f3n a continuaci\u00f3n, use la opci\u00f3n de b\u00fasqueda y los filtros para encontrar cursos y seminarios web en su idioma. En esta p\u00e1gina tambi\u00e9n puede encontrar una serie de informes especiales escritos por periodistas de ciencia y salud sobre la cobertura de COVID-19 en el Sur Global. Los enlaces a las sesiones informativas se encuentran debajo de los cursos y seminarios web.<\/strong><\/p>\n<p>&nbsp;<\/p>\n<div class=\"su-row\">\n<div class=\"su-column su-column-size-1-3\"><div class=\"su-column-inner su-u-clearfix su-u-trim\">\n<div class=\"su-button-center\"><a href=\"#hub-middle-section\" class=\"su-button su-button-style-default\" style=\"color:#FFFFFF;background-color:#ef742d;border-color:#c05d24;border-radius:7px\" target=\"_self\"><span style=\"color:#FFFFFF;padding:0px 20px;font-size:16px;line-height:32px;border-color:#f49e6c;border-radius:7px;text-shadow:none\"> Cursos y Seminarios Web<\/span><\/a><\/div>\n<\/div><\/div>\n<div class=\"su-column su-column-size-1-3\"><div class=\"su-column-inner su-u-clearfix su-u-trim\">\n<div class=\"su-button-center\"><a href=\"#brief-section\" class=\"su-button su-button-style-default\" style=\"color:#FFFFFF;background-color:#ef742d;border-color:#c05d24;border-radius:7px\" target=\"_self\"><span style=\"color:#FFFFFF;padding:0px 20px;font-size:16px;line-height:32px;border-color:#f49e6c;border-radius:7px;text-shadow:none\"> Informes<\/span><\/a><\/div>\n<\/div><\/div>\n<div class=\"su-column su-column-size-1-3\"><div class=\"su-column-inner su-u-clearfix su-u-trim\">\n<div class=\"su-button-center\"><a href=\"#hub-bottom-content-section\" class=\"su-button su-button-style-default\" style=\"color:#FFFFFF;background-color:#ef742d;border-color:#c05d24;border-radius:7px\" target=\"_self\"><span style=\"color:#FFFFFF;padding:0px 20px;font-size:16px;line-height:32px;border-color:#f49e6c;border-radius:7px;text-shadow:none\"> Otros Recursos<\/span><\/a><\/div>\n<\/div><\/div>\n<\/div>\n","protected":false},"excerpt":{"rendered":"<p>Bienvenido a nuestra secci\u00f3n especial para ayudar a periodistas de todo el mundo a mejorar su cobertura de la pandemia de COVID-19. Aqu\u00ed puede encontrar una variedad de recursos, incluidos informes regionales, cursos en l\u00ednea autodirigidos y grabaciones de seminarios web en varios idiomas. Este hub en l\u00ednea de cursos y recursos es parte de [&hellip;]<\/p>\n","protected":false},"author":2,"featured_media":0,"parent":0,"menu_order":1,"comment_status":"closed","ping_status":"closed","template":"","meta":{"_acf_changed":false,"productId":0,"courseId":0,"footnotes":""},"wf_page_folders":[],"class_list":["post-14356","page","type-page","status-publish","hentry"],"acf":[],"yoast_head":"<!-- This site is optimized with the Yoast SEO Premium plugin v22.9 (Yoast SEO v27.3) - https:\/\/yoast.com\/product\/yoast-seo-premium-wordpress\/ -->\n<title>Cursos y Recursos sobre COVID-19 - Journalism Courses by Knight Center<\/title>\n<meta name=\"robots\" content=\"index, follow, max-snippet:-1, max-image-preview:large, max-video-preview:-1\" \/>\n<link rel=\"canonical\" href=\"https:\/\/journalismcourses.org\/es\/cursos-recursos-covid-19\/\" \/>\n<meta property=\"og:locale\" content=\"es_ES\" \/>\n<meta property=\"og:type\" content=\"article\" \/>\n<meta property=\"og:title\" content=\"Cursos y Recursos sobre COVID-19\" \/>\n<meta property=\"og:description\" content=\"Bienvenido a nuestra secci\u00f3n especial para ayudar a periodistas de todo el mundo a mejorar su cobertura de la pandemia de COVID-19. Aqu\u00ed puede encontrar una variedad de recursos, incluidos informes regionales, cursos en l\u00ednea autodirigidos y grabaciones de seminarios web en varios idiomas. Este hub en l\u00ednea de cursos y recursos es parte de [&hellip;]\" \/>\n<meta property=\"og:url\" content=\"https:\/\/journalismcourses.org\/es\/cursos-recursos-covid-19\/\" \/>\n<meta property=\"og:site_name\" content=\"Journalism Courses by Knight Center\" \/>\n<meta property=\"article:modified_time\" content=\"2022-05-20T16:36:07+00:00\" \/>\n<meta name=\"twitter:card\" content=\"summary_large_image\" \/>\n<meta name=\"twitter:label1\" content=\"Est. reading time\" \/>\n\t<meta name=\"twitter:data1\" content=\"1 minuto\" \/>\n<script type=\"application\/ld+json\" class=\"yoast-schema-graph\">{\"@context\":\"https:\\\/\\\/schema.org\",\"@graph\":[{\"@type\":\"WebPage\",\"@id\":\"https:\\\/\\\/journalismcourses.org\\\/es\\\/cursos-recursos-covid-19\\\/\",\"url\":\"https:\\\/\\\/journalismcourses.org\\\/es\\\/cursos-recursos-covid-19\\\/\",\"name\":\"Cursos y Recursos sobre COVID-19 - Journalism Courses by Knight Center\",\"isPartOf\":{\"@id\":\"https:\\\/\\\/journalismcourses.org\\\/es\\\/#website\"},\"datePublished\":\"2022-02-14T17:58:03+00:00\",\"dateModified\":\"2022-05-20T16:36:07+00:00\",\"breadcrumb\":{\"@id\":\"https:\\\/\\\/journalismcourses.org\\\/es\\\/cursos-recursos-covid-19\\\/#breadcrumb\"},\"inLanguage\":\"es\",\"potentialAction\":[{\"@type\":\"ReadAction\",\"target\":[\"https:\\\/\\\/journalismcourses.org\\\/es\\\/cursos-recursos-covid-19\\\/\"]}]},{\"@type\":\"BreadcrumbList\",\"@id\":\"https:\\\/\\\/journalismcourses.org\\\/es\\\/cursos-recursos-covid-19\\\/#breadcrumb\",\"itemListElement\":[{\"@type\":\"ListItem\",\"position\":1,\"name\":\"Home\",\"item\":\"https:\\\/\\\/journalismcourses.org\\\/es\\\/\"},{\"@type\":\"ListItem\",\"position\":2,\"name\":\"Cursos y Recursos sobre COVID-19\"}]},{\"@type\":\"WebSite\",\"@id\":\"https:\\\/\\\/journalismcourses.org\\\/es\\\/#website\",\"url\":\"https:\\\/\\\/journalismcourses.org\\\/es\\\/\",\"name\":\"Journalism Courses by Knight Center\",\"description\":\"Online courses for journalists\",\"potentialAction\":[{\"@type\":\"SearchAction\",\"target\":{\"@type\":\"EntryPoint\",\"urlTemplate\":\"https:\\\/\\\/journalismcourses.org\\\/es\\\/?s={search_term_string}\"},\"query-input\":{\"@type\":\"PropertyValueSpecification\",\"valueRequired\":true,\"valueName\":\"search_term_string\"}}],\"inLanguage\":\"es\"}]}<\/script>\n<!-- \/ Yoast SEO Premium plugin. -->","yoast_head_json":{"title":"Cursos y Recursos sobre COVID-19 - Journalism Courses by Knight Center","robots":{"index":"index","follow":"follow","max-snippet":"max-snippet:-1","max-image-preview":"max-image-preview:large","max-video-preview":"max-video-preview:-1"},"canonical":"https:\/\/journalismcourses.org\/es\/cursos-recursos-covid-19\/","og_locale":"es_ES","og_type":"article","og_title":"Cursos y Recursos sobre COVID-19","og_description":"Bienvenido a nuestra secci\u00f3n especial para ayudar a periodistas de todo el mundo a mejorar su cobertura de la pandemia de COVID-19. Aqu\u00ed puede encontrar una variedad de recursos, incluidos informes regionales, cursos en l\u00ednea autodirigidos y grabaciones de seminarios web en varios idiomas. Este hub en l\u00ednea de cursos y recursos es parte de [&hellip;]","og_url":"https:\/\/journalismcourses.org\/es\/cursos-recursos-covid-19\/","og_site_name":"Journalism Courses by Knight Center","article_modified_time":"2022-05-20T16:36:07+00:00","twitter_card":"summary_large_image","twitter_misc":{"Est. reading time":"1 minuto"},"schema":{"@context":"https:\/\/schema.org","@graph":[{"@type":"WebPage","@id":"https:\/\/journalismcourses.org\/es\/cursos-recursos-covid-19\/","url":"https:\/\/journalismcourses.org\/es\/cursos-recursos-covid-19\/","name":"Cursos y Recursos sobre COVID-19 - Journalism Courses by Knight Center","isPartOf":{"@id":"https:\/\/journalismcourses.org\/es\/#website"},"datePublished":"2022-02-14T17:58:03+00:00","dateModified":"2022-05-20T16:36:07+00:00","breadcrumb":{"@id":"https:\/\/journalismcourses.org\/es\/cursos-recursos-covid-19\/#breadcrumb"},"inLanguage":"es","potentialAction":[{"@type":"ReadAction","target":["https:\/\/journalismcourses.org\/es\/cursos-recursos-covid-19\/"]}]},{"@type":"BreadcrumbList","@id":"https:\/\/journalismcourses.org\/es\/cursos-recursos-covid-19\/#breadcrumb","itemListElement":[{"@type":"ListItem","position":1,"name":"Home","item":"https:\/\/journalismcourses.org\/es\/"},{"@type":"ListItem","position":2,"name":"Cursos y Recursos sobre COVID-19"}]},{"@type":"WebSite","@id":"https:\/\/journalismcourses.org\/es\/#website","url":"https:\/\/journalismcourses.org\/es\/","name":"Journalism Courses by Knight Center","description":"Online courses for journalists","potentialAction":[{"@type":"SearchAction","target":{"@type":"EntryPoint","urlTemplate":"https:\/\/journalismcourses.org\/es\/?s={search_term_string}"},"query-input":{"@type":"PropertyValueSpecification","valueRequired":true,"valueName":"search_term_string"}}],"inLanguage":"es"}]}},"_links":{"self":[{"href":"https:\/\/journalismcourses.org\/es\/wp-json\/wp\/v2\/pages\/14356","targetHints":{"allow":["GET"]}}],"collection":[{"href":"https:\/\/journalismcourses.org\/es\/wp-json\/wp\/v2\/pages"}],"about":[{"href":"https:\/\/journalismcourses.org\/es\/wp-json\/wp\/v2\/types\/page"}],"author":[{"embeddable":true,"href":"https:\/\/journalismcourses.org\/es\/wp-json\/wp\/v2\/users\/2"}],"replies":[{"embeddable":true,"href":"https:\/\/journalismcourses.org\/es\/wp-json\/wp\/v2\/comments?post=14356"}],"version-history":[{"count":27,"href":"https:\/\/journalismcourses.org\/es\/wp-json\/wp\/v2\/pages\/14356\/revisions"}],"predecessor-version":[{"id":15386,"href":"https:\/\/journalismcourses.org\/es\/wp-json\/wp\/v2\/pages\/14356\/revisions\/15386"}],"wp:attachment":[{"href":"https:\/\/journalismcourses.org\/es\/wp-json\/wp\/v2\/media?parent=14356"}],"wp:term":[{"taxonomy":"wf_page_folders","embeddable":true,"href":"https:\/\/journalismcourses.org\/es\/wp-json\/wp\/v2\/wf_page_folders?post=14356"}],"curies":[{"name":"wp","href":"https:\/\/api.w.org\/{rel}","templated":true}]}}