{"id":12088,"date":"2021-10-14T17:38:28","date_gmt":"2021-10-14T22:38:28","guid":{"rendered":"https:\/\/dev-journalismcourses.pantheonsite.io\/?page_id=12088"},"modified":"2021-11-19T10:57:29","modified_gmt":"2021-11-19T16:57:29","slug":"webinar-polarizacion-desinformacion-america-latina","status":"publish","type":"page","link":"https:\/\/journalismcourses.org\/es\/eventos\/webinar-polarizacion-desinformacion-america-latina\/","title":{"rendered":"Webinar LLILAS Knight Center &#8211; Programa"},"content":{"rendered":"<p><img fetchpriority=\"high\" decoding=\"async\" class=\"aligncenter wp-image-12692 size-full\" src=\"https:\/\/test-journalismcourses.pantheonsite.io\/wp-content\/uploads\/2021\/11\/Spanish-Web-Banner-2.png\" alt=\"Spanish Web Banner-2\" width=\"1024\" height=\"576\" srcset=\"https:\/\/journalismcourses.org\/wp-content\/uploads\/2021\/11\/Spanish-Web-Banner-2.png 1024w, https:\/\/journalismcourses.org\/wp-content\/uploads\/2021\/11\/Spanish-Web-Banner-2-300x169.png 300w, https:\/\/journalismcourses.org\/wp-content\/uploads\/2021\/11\/Spanish-Web-Banner-2-768x432.png 768w\" sizes=\"(max-width: 1024px) 100vw, 1024px\" \/><\/p>\n<p>&nbsp;<\/p>\n<div class=\"su-row\">\n<div class=\"su-column su-column-size-1-3\"><div class=\"su-column-inner su-u-clearfix su-u-trim\"><div class=\"su-button-center\"><a href=\"https:\/\/test-journalismcourses.pantheonsite.io\/es\/eventos\/webinar-polarizacion-desinformacion-america-latina-programa\/#programa\" class=\"su-button su-button-style-default test\" style=\"color:#ffffff;background-color:#c36637;border-color:#9c522c;border-radius:5px\" target=\"_self\"><span style=\"color:#ffffff;padding:0px 24px;font-size:18px;line-height:36px;border-color:#d59473;border-radius:5px;text-shadow:none\"> Programa<\/span><\/a><\/div><\/div><\/div>\n<div class=\"su-column su-column-size-1-3\"><div class=\"su-column-inner su-u-clearfix su-u-trim\"><div class=\"su-button-center\"><a href=\"https:\/\/test-journalismcourses.pantheonsite.io\/es\/eventos\/webinar-polarizacion-desinformacion-america-latina\/oradores\/\" class=\"su-button su-button-style-default test\" style=\"color:#ffffff;background-color:#c36637;border-color:#9c522c;border-radius:5px\" target=\"__blank\"><span style=\"color:#ffffff;padding:0px 24px;font-size:18px;line-height:36px;border-color:#d59473;border-radius:5px;text-shadow:none\"> Oradores<\/span><\/a><\/div><\/div><\/div>\n<div class=\"su-column su-column-size-1-3\"><div class=\"su-column-inner su-u-clearfix su-u-trim\"><div class=\"su-button-center\"><a href=\"https:\/\/utexas.zoom.us\/webinar\/register\/WN_imNFvQf2SyuxJmTeQ892_Q\" class=\"su-button su-button-style-default test\" style=\"color:#ffffff;background-color:#c36637;border-color:#9c522c;border-radius:5px\" target=\"__blank\"><span style=\"color:#ffffff;padding:0px 24px;font-size:18px;line-height:36px;border-color:#d59473;border-radius:5px;text-shadow:none\"> Registro<\/span><\/a><\/div><\/div><\/div>\n<\/div>\n<p>&nbsp;<\/p>\n<h1 style=\"text-align: center;\"><span style=\"color: #333333;\">Periodismo en tiempos de polarizaci\u00f3n y desinformaci\u00f3n en Am\u00e9rica Latina<\/span><\/h1>\n<h2 style=\"text-align: center;\"><strong>el 9 de noviembre, <a href=\"https:\/\/www.timeanddate.com\/worldclock\/converter.html?iso=20211109T200000&amp;p1=24\">14:00 a 17:00 <\/a><\/strong><strong><a href=\"https:\/\/www.timeanddate.com\/worldclock\/converter.html?iso=20211109T200000&amp;p1=24\">(hora central de EE.UU.)\u00a0<\/a><\/strong><\/h2>\n<p>&nbsp;<\/p>\n<p style=\"text-align: center;\">Las grabaciones en video del seminario web est\u00e1n disponibles en <a href=\"https:\/\/youtu.be\/BoqS7ZsJxyY\">espa\u00f1ol<\/a> y <a href=\"https:\/\/youtu.be\/a5bD8ap2Uig\">portugu\u00e9s.<\/a><\/p>\n<p>&nbsp;<\/p>\n<p style=\"text-align: center;\"><span style=\"font-weight: 400;\">El <\/span><a href=\"https:\/\/knightcenter.utexas.edu\/es\/\"><span style=\"font-weight: 400;\">Centro Knight para el Periodismo en las Am\u00e9ricas<\/span><\/a><span style=\"font-weight: 400;\"> y <\/span><a href=\"https:\/\/llilasbenson.utexas.edu\/\"><span style=\"font-weight: 400;\">LLILAS BENSON Colecciones y Estudios Latinoamericanos<\/span><\/a><span style=\"font-weight: 400;\"> de la Universidad de Texas en Austin presentan la Serie de Conferencias Harte 2021, \u00abPeriodismo en tiempos de polarizaci\u00f3n y desinformaci\u00f3n en Am\u00e9rica Latina\u00bb.<\/span><\/p>\n<p style=\"text-align: center;\"><span style=\"font-weight: 400;\">Le invitamos a acompa\u00f1arnos el 9 de noviembre de 2021 a la conversaci\u00f3n entre periodistas y acad\u00e9micos de toda Am\u00e9rica Latina sobre polarizaci\u00f3n, desinformaci\u00f3n y el rol de la prensa en la defensa de la democracia y la libertad de expresi\u00f3n en la regi\u00f3n.<\/span><\/p>\n<p style=\"text-align: center;\"><span style=\"font-weight: 400;\">Consulte el programa del webinar a continuaci\u00f3n para m\u00e1s informaci\u00f3n sobre moderadores y panelistas de cada sesi\u00f3n. El evento se realizar\u00e1 en l\u00ednea y contar\u00e1 con interpretaci\u00f3n simult\u00e1nea al ingl\u00e9s, espa\u00f1ol y portugu\u00e9s. El certificado de participaci\u00f3n estar\u00e1 disponible de forma gratuita para aquellos que se inscriban y asistan a la mayor parte del evento.<\/span><\/p>\n<p>&nbsp;<\/p>\n<h3 style=\"text-align: center;\"><a id=\"programa\"><\/a>PROGRAMA<\/h3>\n<p>&nbsp;<\/p>\n<p><em>(*) El programa muestra la hora de Austin, Texas (hora central de EE.UU.).<\/em><\/p>\n<p><b>14:00 &#8211; 14:10 SESI\u00d3N DE BIENVENIDA<\/b><\/p>\n<ul>\n<li><a href=\"https:\/\/test-journalismcourses.pantheonsite.io\/es\/eventos\/webinar-polarizacion-desinformacion-america-latina\/oradores\/#adela\"><strong>Adela Pineda Franco<\/strong><\/a><span style=\"font-weight: 400;\"><strong>,<\/strong> directora, Instituto Teresa Lozano Long para Estudios de Am\u00e9rica Latina &#8211; LLILAS\u00a0<\/span><\/li>\n<li><a href=\"https:\/\/test-journalismcourses.pantheonsite.io\/es\/eventos\/webinar-polarizacion-desinformacion-america-latina\/oradores\/#rosental\"><strong>Rosental Alves<\/strong><\/a><strong>,<\/strong> director, Centro Knight para el Periodismo en las Am\u00e9ricas<\/li>\n<\/ul>\n<p>&nbsp;<\/p>\n<p><b>14:10 &#8211; 15:00\u00a0<\/b><strong><em>Polarizaci\u00f3n: Los desaf\u00edos de periodistas que se convierten en objetivos en sociedades polarizadas<\/em><\/strong><\/p>\n<p><span style=\"font-weight: 400;\">Moderadora: <strong><a href=\"https:\/\/test-journalismcourses.pantheonsite.io\/es\/eventos\/webinar-polarizacion-desinformacion-america-latina\/oradores\/#wendy\">Wendy Hunter<\/a>, <\/strong>profesora, University of Texas at Austin\u00a0<\/span><\/p>\n<p><span style=\"font-weight: 400;\">Panelistas: <\/span><\/p>\n<ul>\n<li><strong><a href=\"https:\/\/test-journalismcourses.pantheonsite.io\/es\/eventos\/webinar-polarizacion-desinformacion-america-latina\/oradores\/#isabel\">Isabel Mercado<\/a>,\u00a0<\/strong>periodista<span style=\"font-weight: 400;\">\u00a0y autora (Bolivia)<\/span><\/li>\n<li><a href=\"https:\/\/test-journalismcourses.pantheonsite.io\/es\/eventos\/webinar-polarizacion-desinformacion-america-latina\/oradores\/#romina\"><strong>Romina Mella<\/strong><\/a><span style=\"font-weight: 400;\"><strong>,<\/strong>\u00a0jefa de redacci\u00f3n y periodista de investigaci\u00f3n, IDL-Reporteros (Per\u00fa)<\/span><\/li>\n<li><a href=\"https:\/\/test-journalismcourses.pantheonsite.io\/es\/eventos\/webinar-polarizacion-desinformacion-america-latina\/oradores\/#maria teresa\"><strong>Mar\u00eda Teresa Ronderos<\/strong>,<\/a> directora, Centro Latinoamericano de Investigaci\u00f3n Period\u00edstica &#8211; CLIP (Colombia)<\/li>\n<\/ul>\n<p>&nbsp;<\/p>\n<p><b>15:00 &#8211; 16:00\u00a0<\/b><em><strong>Desinformaci\u00f3n: \u00a0C\u00f3mo el periodismo ha reaccionado a las olas de desinformaci\u00f3n<\/strong><\/em><\/p>\n<p>Moderadora:<b>\u00a0<\/b><strong><a href=\"https:\/\/test-journalismcourses.pantheonsite.io\/es\/eventos\/webinar-polarizacion-desinformacion-america-latina\/oradores\/#summer\">Summer Harlow<\/a>,<\/strong><span style=\"font-weight: 400;\">\u00a0profesora, University of Houston\u00a0<\/span><\/p>\n<p>Panelistas:<\/p>\n<ul>\n<li><strong><a href=\"https:\/\/test-journalismcourses.pantheonsite.io\/es\/eventos\/webinar-polarizacion-desinformacion-america-latina\/oradores\/#tania\">Tania Montalvo<\/a>,<span style=\"font-weight: 400;\">\u00a0subdirectora editorial, Editorial Animal<\/span><\/strong> <span style=\"font-weight: 400;\">(M\u00e9xico)<\/span><\/li>\n<li><strong><a href=\"https:\/\/test-journalismcourses.pantheonsite.io\/es\/eventos\/webinar-polarizacion-desinformacion-america-latina\/oradores\/#tai\">Tai Nalon<\/a>,\u00a0<\/strong>directora ejecutiva y co-fundadora,\u00a0<span style=\"font-weight: 400;\">Aos Fatos (Brasil)<\/span><\/li>\n<li><strong><a href=\"https:\/\/test-journalismcourses.pantheonsite.io\/es\/eventos\/webinar-polarizacion-desinformacion-america-latina\/oradores\/#laura\">Laura Zommer<\/a>, <\/strong>d<strong><span style=\"font-weight: 400;\">irectora ejecutiva y period\u00edstica,\u00a0<\/span><\/strong><span style=\"font-weight: 400;\">Chequeado (Argentina)<\/span><\/li>\n<\/ul>\n<p>&nbsp;<\/p>\n<p><b>16:00 &#8211; 17:00\u00a0<\/b><strong><em>Democracia y libertad de prensa:\u00a0El rol de prensa en la defensa de la democracia y la libertad de expresi\u00f3n<\/em><\/strong><\/p>\n<p>Moderadora:<b><a href=\"https:\/\/test-journalismcourses.pantheonsite.io\/es\/eventos\/webinar-polarizacion-desinformacion-america-latina\/oradores\/#teresa\"> Teresa Correa<\/a>, <\/b>profesora, UDP Chile (Chile)<\/p>\n<p>Panelistas:<\/p>\n<ul>\n<li><strong><a href=\"https:\/\/test-journalismcourses.pantheonsite.io\/es\/eventos\/webinar-polarizacion-desinformacion-america-latina\/oradores\/#jennifer\">Jennifer \u00c1vila<\/a>,<\/strong> cofundadora, Contracorriente (Honduras)<\/li>\n<li><strong><a href=\"https:\/\/test-journalismcourses.pantheonsite.io\/es\/eventos\/webinar-polarizacion-desinformacion-america-latina\/oradores\/#cesar\">C\u00e9sar Fagoaga<\/a>, <\/strong>gerente general, Revista Fact\u00fam y presidente, Asociaci\u00f3n de Periodistas de El Salvador &#8211; APES (El Salvador)<\/li>\n<li><strong><a href=\"https:\/\/test-journalismcourses.pantheonsite.io\/es\/eventos\/webinar-polarizacion-desinformacion-america-latina\/oradores\/#cindy\">Cindy Regidor<\/a>, <\/strong>periodista y presentadora, Confidencial (Nicaragua)<\/li>\n<li><strong><a href=\"https:\/\/test-journalismcourses.pantheonsite.io\/es\/eventos\/webinar-polarizacion-desinformacion-america-latina\/oradores\/#ewald\">Ewald Scharfenberg<\/a>, <\/strong>coeditor, Armando.info (Venezuela)<\/li>\n<\/ul>\n","protected":false},"excerpt":{"rendered":"<p>&nbsp; &nbsp; Periodismo en tiempos de polarizaci\u00f3n y desinformaci\u00f3n en Am\u00e9rica Latina el 9 de noviembre, 14:00 a 17:00 (hora central de EE.UU.)\u00a0 &nbsp; Las grabaciones en video del seminario web est\u00e1n disponibles en espa\u00f1ol y portugu\u00e9s. &nbsp; El Centro Knight para el Periodismo en las Am\u00e9ricas y LLILAS BENSON Colecciones y Estudios Latinoamericanos de [&hellip;]<\/p>\n","protected":false},"author":3,"featured_media":0,"parent":9461,"menu_order":36,"comment_status":"closed","ping_status":"closed","template":"","meta":{"_acf_changed":false,"productId":0,"courseId":0,"footnotes":""},"wf_page_folders":[],"class_list":["post-12088","page","type-page","status-publish","hentry"],"acf":[],"yoast_head":"<!-- This site is optimized with the Yoast SEO Premium plugin v22.9 (Yoast SEO v27.3) - https:\/\/yoast.com\/product\/yoast-seo-premium-wordpress\/ -->\n<title>Webinar LLILAS Knight Center - Programa - Journalism Courses by Knight Center<\/title>\n<meta name=\"robots\" content=\"index, follow, max-snippet:-1, max-image-preview:large, max-video-preview:-1\" \/>\n<link rel=\"canonical\" href=\"https:\/\/journalismcourses.org\/es\/eventos\/webinar-polarizacion-desinformacion-america-latina\/\" \/>\n<meta property=\"og:locale\" content=\"es_ES\" \/>\n<meta property=\"og:type\" content=\"article\" \/>\n<meta property=\"og:title\" content=\"Webinar LLILAS Knight Center - Programa\" \/>\n<meta property=\"og:description\" content=\"&nbsp; &nbsp; Periodismo en tiempos de polarizaci\u00f3n y desinformaci\u00f3n en Am\u00e9rica Latina el 9 de noviembre, 14:00 a 17:00 (hora central de EE.UU.)\u00a0 &nbsp; Las grabaciones en video del seminario web est\u00e1n disponibles en espa\u00f1ol y portugu\u00e9s. &nbsp; El Centro Knight para el Periodismo en las Am\u00e9ricas y LLILAS BENSON Colecciones y Estudios Latinoamericanos de [&hellip;]\" \/>\n<meta property=\"og:url\" content=\"https:\/\/journalismcourses.org\/es\/eventos\/webinar-polarizacion-desinformacion-america-latina\/\" \/>\n<meta property=\"og:site_name\" content=\"Journalism Courses by Knight Center\" \/>\n<meta property=\"article:modified_time\" content=\"2021-11-19T16:57:29+00:00\" \/>\n<meta property=\"og:image\" content=\"https:\/\/test-journalismcourses.pantheonsite.io\/wp-content\/uploads\/2021\/11\/Spanish-Web-Banner-2.png\" \/>\n<meta name=\"twitter:card\" content=\"summary_large_image\" \/>\n<meta name=\"twitter:label1\" content=\"Est. reading time\" \/>\n\t<meta name=\"twitter:data1\" content=\"3 minutos\" \/>\n<script type=\"application\/ld+json\" class=\"yoast-schema-graph\">{\"@context\":\"https:\\\/\\\/schema.org\",\"@graph\":[{\"@type\":\"WebPage\",\"@id\":\"https:\\\/\\\/journalismcourses.org\\\/es\\\/eventos\\\/webinar-polarizacion-desinformacion-america-latina\\\/\",\"url\":\"https:\\\/\\\/journalismcourses.org\\\/es\\\/eventos\\\/webinar-polarizacion-desinformacion-america-latina\\\/\",\"name\":\"Webinar LLILAS Knight Center - Programa - Journalism Courses by Knight Center\",\"isPartOf\":{\"@id\":\"https:\\\/\\\/journalismcourses.org\\\/es\\\/#website\"},\"primaryImageOfPage\":{\"@id\":\"https:\\\/\\\/journalismcourses.org\\\/es\\\/eventos\\\/webinar-polarizacion-desinformacion-america-latina\\\/#primaryimage\"},\"image\":{\"@id\":\"https:\\\/\\\/journalismcourses.org\\\/es\\\/eventos\\\/webinar-polarizacion-desinformacion-america-latina\\\/#primaryimage\"},\"thumbnailUrl\":\"https:\\\/\\\/test-journalismcourses.pantheonsite.io\\\/wp-content\\\/uploads\\\/2021\\\/11\\\/Spanish-Web-Banner-2.png\",\"datePublished\":\"2021-10-14T22:38:28+00:00\",\"dateModified\":\"2021-11-19T16:57:29+00:00\",\"breadcrumb\":{\"@id\":\"https:\\\/\\\/journalismcourses.org\\\/es\\\/eventos\\\/webinar-polarizacion-desinformacion-america-latina\\\/#breadcrumb\"},\"inLanguage\":\"es\",\"potentialAction\":[{\"@type\":\"ReadAction\",\"target\":[\"https:\\\/\\\/journalismcourses.org\\\/es\\\/eventos\\\/webinar-polarizacion-desinformacion-america-latina\\\/\"]}]},{\"@type\":\"ImageObject\",\"inLanguage\":\"es\",\"@id\":\"https:\\\/\\\/journalismcourses.org\\\/es\\\/eventos\\\/webinar-polarizacion-desinformacion-america-latina\\\/#primaryimage\",\"url\":\"https:\\\/\\\/test-journalismcourses.pantheonsite.io\\\/wp-content\\\/uploads\\\/2021\\\/11\\\/Spanish-Web-Banner-2.png\",\"contentUrl\":\"https:\\\/\\\/test-journalismcourses.pantheonsite.io\\\/wp-content\\\/uploads\\\/2021\\\/11\\\/Spanish-Web-Banner-2.png\"},{\"@type\":\"BreadcrumbList\",\"@id\":\"https:\\\/\\\/journalismcourses.org\\\/es\\\/eventos\\\/webinar-polarizacion-desinformacion-america-latina\\\/#breadcrumb\",\"itemListElement\":[{\"@type\":\"ListItem\",\"position\":1,\"name\":\"Home\",\"item\":\"https:\\\/\\\/journalismcourses.org\\\/es\\\/\"},{\"@type\":\"ListItem\",\"position\":2,\"name\":\"Eventos\",\"item\":\"https:\\\/\\\/journalismcourses.org\\\/es\\\/eventos\\\/\"},{\"@type\":\"ListItem\",\"position\":3,\"name\":\"Webinar LLILAS Knight Center &#8211; Programa\"}]},{\"@type\":\"WebSite\",\"@id\":\"https:\\\/\\\/journalismcourses.org\\\/es\\\/#website\",\"url\":\"https:\\\/\\\/journalismcourses.org\\\/es\\\/\",\"name\":\"Journalism Courses by Knight Center\",\"description\":\"Online courses for journalists\",\"potentialAction\":[{\"@type\":\"SearchAction\",\"target\":{\"@type\":\"EntryPoint\",\"urlTemplate\":\"https:\\\/\\\/journalismcourses.org\\\/es\\\/?s={search_term_string}\"},\"query-input\":{\"@type\":\"PropertyValueSpecification\",\"valueRequired\":true,\"valueName\":\"search_term_string\"}}],\"inLanguage\":\"es\"}]}<\/script>\n<!-- \/ Yoast SEO Premium plugin. -->","yoast_head_json":{"title":"Webinar LLILAS Knight Center - Programa - Journalism Courses by Knight Center","robots":{"index":"index","follow":"follow","max-snippet":"max-snippet:-1","max-image-preview":"max-image-preview:large","max-video-preview":"max-video-preview:-1"},"canonical":"https:\/\/journalismcourses.org\/es\/eventos\/webinar-polarizacion-desinformacion-america-latina\/","og_locale":"es_ES","og_type":"article","og_title":"Webinar LLILAS Knight Center - Programa","og_description":"&nbsp; &nbsp; Periodismo en tiempos de polarizaci\u00f3n y desinformaci\u00f3n en Am\u00e9rica Latina el 9 de noviembre, 14:00 a 17:00 (hora central de EE.UU.)\u00a0 &nbsp; Las grabaciones en video del seminario web est\u00e1n disponibles en espa\u00f1ol y portugu\u00e9s. &nbsp; El Centro Knight para el Periodismo en las Am\u00e9ricas y LLILAS BENSON Colecciones y Estudios Latinoamericanos de [&hellip;]","og_url":"https:\/\/journalismcourses.org\/es\/eventos\/webinar-polarizacion-desinformacion-america-latina\/","og_site_name":"Journalism Courses by Knight Center","article_modified_time":"2021-11-19T16:57:29+00:00","og_image":[{"url":"https:\/\/test-journalismcourses.pantheonsite.io\/wp-content\/uploads\/2021\/11\/Spanish-Web-Banner-2.png","type":"","width":"","height":""}],"twitter_card":"summary_large_image","twitter_misc":{"Est. reading time":"3 minutos"},"schema":{"@context":"https:\/\/schema.org","@graph":[{"@type":"WebPage","@id":"https:\/\/journalismcourses.org\/es\/eventos\/webinar-polarizacion-desinformacion-america-latina\/","url":"https:\/\/journalismcourses.org\/es\/eventos\/webinar-polarizacion-desinformacion-america-latina\/","name":"Webinar LLILAS Knight Center - Programa - Journalism Courses by Knight Center","isPartOf":{"@id":"https:\/\/journalismcourses.org\/es\/#website"},"primaryImageOfPage":{"@id":"https:\/\/journalismcourses.org\/es\/eventos\/webinar-polarizacion-desinformacion-america-latina\/#primaryimage"},"image":{"@id":"https:\/\/journalismcourses.org\/es\/eventos\/webinar-polarizacion-desinformacion-america-latina\/#primaryimage"},"thumbnailUrl":"https:\/\/test-journalismcourses.pantheonsite.io\/wp-content\/uploads\/2021\/11\/Spanish-Web-Banner-2.png","datePublished":"2021-10-14T22:38:28+00:00","dateModified":"2021-11-19T16:57:29+00:00","breadcrumb":{"@id":"https:\/\/journalismcourses.org\/es\/eventos\/webinar-polarizacion-desinformacion-america-latina\/#breadcrumb"},"inLanguage":"es","potentialAction":[{"@type":"ReadAction","target":["https:\/\/journalismcourses.org\/es\/eventos\/webinar-polarizacion-desinformacion-america-latina\/"]}]},{"@type":"ImageObject","inLanguage":"es","@id":"https:\/\/journalismcourses.org\/es\/eventos\/webinar-polarizacion-desinformacion-america-latina\/#primaryimage","url":"https:\/\/test-journalismcourses.pantheonsite.io\/wp-content\/uploads\/2021\/11\/Spanish-Web-Banner-2.png","contentUrl":"https:\/\/test-journalismcourses.pantheonsite.io\/wp-content\/uploads\/2021\/11\/Spanish-Web-Banner-2.png"},{"@type":"BreadcrumbList","@id":"https:\/\/journalismcourses.org\/es\/eventos\/webinar-polarizacion-desinformacion-america-latina\/#breadcrumb","itemListElement":[{"@type":"ListItem","position":1,"name":"Home","item":"https:\/\/journalismcourses.org\/es\/"},{"@type":"ListItem","position":2,"name":"Eventos","item":"https:\/\/journalismcourses.org\/es\/eventos\/"},{"@type":"ListItem","position":3,"name":"Webinar LLILAS Knight Center &#8211; Programa"}]},{"@type":"WebSite","@id":"https:\/\/journalismcourses.org\/es\/#website","url":"https:\/\/journalismcourses.org\/es\/","name":"Journalism Courses by Knight Center","description":"Online courses for journalists","potentialAction":[{"@type":"SearchAction","target":{"@type":"EntryPoint","urlTemplate":"https:\/\/journalismcourses.org\/es\/?s={search_term_string}"},"query-input":{"@type":"PropertyValueSpecification","valueRequired":true,"valueName":"search_term_string"}}],"inLanguage":"es"}]}},"_links":{"self":[{"href":"https:\/\/journalismcourses.org\/es\/wp-json\/wp\/v2\/pages\/12088","targetHints":{"allow":["GET"]}}],"collection":[{"href":"https:\/\/journalismcourses.org\/es\/wp-json\/wp\/v2\/pages"}],"about":[{"href":"https:\/\/journalismcourses.org\/es\/wp-json\/wp\/v2\/types\/page"}],"author":[{"embeddable":true,"href":"https:\/\/journalismcourses.org\/es\/wp-json\/wp\/v2\/users\/3"}],"replies":[{"embeddable":true,"href":"https:\/\/journalismcourses.org\/es\/wp-json\/wp\/v2\/comments?post=12088"}],"version-history":[{"count":27,"href":"https:\/\/journalismcourses.org\/es\/wp-json\/wp\/v2\/pages\/12088\/revisions"}],"predecessor-version":[{"id":12919,"href":"https:\/\/journalismcourses.org\/es\/wp-json\/wp\/v2\/pages\/12088\/revisions\/12919"}],"up":[{"embeddable":true,"href":"https:\/\/journalismcourses.org\/es\/wp-json\/wp\/v2\/pages\/9461"}],"wp:attachment":[{"href":"https:\/\/journalismcourses.org\/es\/wp-json\/wp\/v2\/media?parent=12088"}],"wp:term":[{"taxonomy":"wf_page_folders","embeddable":true,"href":"https:\/\/journalismcourses.org\/es\/wp-json\/wp\/v2\/wf_page_folders?post=12088"}],"curies":[{"name":"wp","href":"https:\/\/api.w.org\/{rel}","templated":true}]}}